{"id":558,"date":"2016-01-13T17:48:37","date_gmt":"2016-01-13T17:48:37","guid":{"rendered":"http:\/\/consulting.stylemixthemes.com\/demo\/?page_id=558"},"modified":"2024-07-26T11:12:42","modified_gmt":"2024-07-26T08:12:42","slug":"hizmetlerimiz","status":"publish","type":"page","link":"https:\/\/cozengumruk.net\/de\/unsere-dienstleistungen\/","title":{"rendered":"Unsere Dienstleistungen"},"content":{"rendered":"<div data-elementor-type=\"wp-page\" data-elementor-id=\"558\" class=\"elementor elementor-558\" data-elementor-post-type=\"page\">\n\t\t\t\t\t\t<section class=\"elementor-section elementor-top-section elementor-element elementor-element-4921e9d elementor-section-boxed elementor-section-height-default elementor-section-height-default\" data-id=\"4921e9d\" data-element_type=\"section\" data-settings=\"{&quot;background_background&quot;:&quot;classic&quot;}\">\n\t\t\t\t\t\t<div class=\"elementor-container elementor-column-gap-default\">\n\t\t\t\t\t<div class=\"elementor-column elementor-col-33 elementor-top-column elementor-element elementor-element-f0a1b08\" data-id=\"f0a1b08\" data-element_type=\"column\">\n\t\t\t<div class=\"elementor-widget-wrap elementor-element-populated\">\n\t\t\t\t\t\t<div class=\"elementor-element elementor-element-a0fdd02 elementor-widget elementor-widget-stm_info_box\" data-id=\"a0fdd02\" data-element_type=\"widget\" data-widget_type=\"stm_info_box.default\">\n\t\t\t\t<div class=\"elementor-widget-container\">\n\t\t\t<div class=\"info_box elementor-consulting-info-box style_4\">\n\t\t\t\t\t\t<div class=\"info_box_image\">\n\t\t\t\t<img fetchpriority=\"high\" decoding=\"async\" width=\"350\" height=\"204\" src=\"https:\/\/cozengumruk.net\/wp-content\/uploads\/2024\/07\/gumruk3-350x204.jpg\" class=\"attachment-consulting-image-350x204-croped size-consulting-image-350x204-croped\" alt=\"\" \/>\t\t\t<\/div>\n\t\t\t\n\t\t\t<a href=\"https:\/\/cozengumruk.net\/de\/zollabfertigungsdienste\/\" class=\"info_box_link\">\n\t\t\t<div class=\"title\">\n\t\t\t\t<h4 class=\"no_stripe\">Zollabfertigungsdienste<\/h4>\n\t\t\t<\/div>\n\t\t<\/a>\n\t<p>\u00c7\u00f6zen Customs Consultancy bietet schnelle und zuverl\u00e4ssige Zollabfertigungsdienste f\u00fcr Ihre Import- und Exportgesch\u00e4fte.<\/p>\n<\/div>\n\t\t<\/div>\n\t\t\t\t<\/div>\n\t\t\t\t\t<\/div>\n\t\t<\/div>\n\t\t\t\t<div class=\"elementor-column elementor-col-33 elementor-top-column elementor-element elementor-element-7276183\" data-id=\"7276183\" data-element_type=\"column\">\n\t\t\t<div class=\"elementor-widget-wrap elementor-element-populated\">\n\t\t\t\t\t\t<div class=\"elementor-element elementor-element-e02e8a9 elementor-widget elementor-widget-stm_info_box\" data-id=\"e02e8a9\" data-element_type=\"widget\" data-widget_type=\"stm_info_box.default\">\n\t\t\t\t<div class=\"elementor-widget-container\">\n\t\t\t<div class=\"info_box elementor-consulting-info-box style_4\">\n\t\t\t\t\t\t<div class=\"info_box_image\">\n\t\t\t\t<img decoding=\"async\" width=\"350\" height=\"204\" src=\"https:\/\/cozengumruk.net\/wp-content\/uploads\/2024\/07\/mevzuat-yo-350x204.jpeg\" class=\"attachment-consulting-image-350x204-croped size-consulting-image-350x204-croped\" alt=\"\" \/>\t\t\t<\/div>\n\t\t\t\n\t\t\t<a href=\"https:\/\/cozengumruk.net\/de\/gesetzgebungsdienste\/\" class=\"info_box_link\">\n\t\t\t<div class=\"title\">\n\t\t\t\t<h4 class=\"no_stripe\">Beratung zur Gesetzgebung<\/h4>\n\t\t\t<\/div>\n\t\t<\/a>\n\t<p>\u00c7\u00f6zen Customs Consultancy bietet Ihnen fachkundige Beratung zur Einhaltung der Handelsgesetze.<\/p>\n<\/div>\n\t\t<\/div>\n\t\t\t\t<\/div>\n\t\t\t\t\t<\/div>\n\t\t<\/div>\n\t\t\t\t<div class=\"elementor-column elementor-col-33 elementor-top-column elementor-element elementor-element-95e0b59\" data-id=\"95e0b59\" data-element_type=\"column\">\n\t\t\t<div class=\"elementor-widget-wrap elementor-element-populated\">\n\t\t\t\t\t\t<div class=\"elementor-element elementor-element-3dc099f elementor-widget elementor-widget-stm_info_box\" data-id=\"3dc099f\" data-element_type=\"widget\" data-widget_type=\"stm_info_box.default\">\n\t\t\t\t<div class=\"elementor-widget-container\">\n\t\t\t<div class=\"info_box elementor-consulting-info-box style_4\">\n\t\t\t\t\t\t<div class=\"info_box_image\">\n\t\t\t\t<img decoding=\"async\" width=\"350\" height=\"204\" src=\"https:\/\/cozengumruk.net\/wp-content\/uploads\/2024\/07\/yys-mevzu-350x204.jpg\" class=\"attachment-consulting-image-350x204-croped size-consulting-image-350x204-croped\" alt=\"\" \/>\t\t\t<\/div>\n\t\t\t\n\t\t\t<a href=\"https:\/\/cozengumruk.net\/de\/yys-aeo-services\/\" class=\"info_box_link\">\n\t\t\t<div class=\"title\">\n\t\t\t\t<h4 class=\"no_stripe\">YYS | AEO-Beratungsdienste<\/h4>\n\t\t\t<\/div>\n\t\t<\/a>\n\t<p>\u00c7\u00f6zen Customs Consultancy bietet professionelle Beratungsdienste bei der Beschaffung von (YYS) und (AEO) Zertifikaten.<\/p>\n<\/div>\n\t\t<\/div>\n\t\t\t\t<\/div>\n\t\t\t\t\t<\/div>\n\t\t<\/div>\n\t\t\t\t\t<\/div>\n\t\t<\/section>\n\t\t\t\t<section class=\"elementor-section elementor-top-section elementor-element elementor-element-1c72f17 elementor-section-boxed elementor-section-height-default elementor-section-height-default\" data-id=\"1c72f17\" data-element_type=\"section\" data-settings=\"{&quot;background_background&quot;:&quot;classic&quot;}\">\n\t\t\t\t\t\t<div class=\"elementor-container elementor-column-gap-default\">\n\t\t\t\t\t<div class=\"elementor-column elementor-col-33 elementor-top-column elementor-element elementor-element-d28e26e\" data-id=\"d28e26e\" data-element_type=\"column\">\n\t\t\t<div class=\"elementor-widget-wrap elementor-element-populated\">\n\t\t\t\t\t\t<div class=\"elementor-element elementor-element-f146c05 elementor-widget elementor-widget-stm_info_box\" data-id=\"f146c05\" data-element_type=\"widget\" data-widget_type=\"stm_info_box.default\">\n\t\t\t\t<div class=\"elementor-widget-container\">\n\t\t\t<div class=\"info_box elementor-consulting-info-box style_4\">\n\t\t\t\t\t\t<div class=\"info_box_image\">\n\t\t\t\t<img loading=\"lazy\" decoding=\"async\" width=\"350\" height=\"204\" src=\"https:\/\/cozengumruk.net\/wp-content\/uploads\/2024\/07\/gumruk-denetim-cozen-350x204.jpg\" class=\"attachment-consulting-image-350x204-croped size-consulting-image-350x204-croped\" alt=\"\" \/>\t\t\t<\/div>\n\t\t\t\n\t\t\t<a href=\"https:\/\/cozengumruk.net\/de\/vorbereitung-von-zollprufungen\/\" class=\"info_box_link\">\n\t\t\t<div class=\"title\">\n\t\t\t\t<h4 class=\"no_stripe\">Vorbereitungsdienste f\u00fcr Zollinspektionen<\/h4>\n\t\t\t<\/div>\n\t\t<\/a>\n\t<p>\u00c7\u00f6zen Customs Consultancy bietet Ihnen umfassende Unterst\u00fctzung bei der Vorbereitung auf Zollkontrollen.<\/p>\n<\/div>\n\t\t<\/div>\n\t\t\t\t<\/div>\n\t\t\t\t\t<\/div>\n\t\t<\/div>\n\t\t\t\t<div class=\"elementor-column elementor-col-33 elementor-top-column elementor-element elementor-element-aedef2a\" data-id=\"aedef2a\" data-element_type=\"column\">\n\t\t\t<div class=\"elementor-widget-wrap elementor-element-populated\">\n\t\t\t\t\t\t<div class=\"elementor-element elementor-element-8f6ed1a elementor-widget elementor-widget-stm_info_box\" data-id=\"8f6ed1a\" data-element_type=\"widget\" data-widget_type=\"stm_info_box.default\">\n\t\t\t\t<div class=\"elementor-widget-container\">\n\t\t\t<div class=\"info_box elementor-consulting-info-box style_4\">\n\t\t\t\t\t\t<div class=\"info_box_image\">\n\t\t\t\t<img loading=\"lazy\" decoding=\"async\" width=\"350\" height=\"204\" src=\"https:\/\/cozengumruk.net\/wp-content\/uploads\/2024\/07\/hukuki-cozen-350x204.jpg\" class=\"attachment-consulting-image-350x204-croped size-consulting-image-350x204-croped\" alt=\"\" \/>\t\t\t<\/div>\n\t\t\t\n\t\t\t<a href=\"https:\/\/cozengumruk.net\/de\/juristische-unterstutzungsdienste\/\" class=\"info_box_link\">\n\t\t\t<div class=\"title\">\n\t\t\t\t<h4 class=\"no_stripe\">Juristische Unterst\u00fctzungsdienste<\/h4>\n\t\t\t<\/div>\n\t\t<\/a>\n\t<p>\u00c7\u00f6zen Customs Consultancy bietet fachkundige Unterst\u00fctzung bei rechtlichen Verfahren im Zusammenhang mit dem Handel.<\/p>\n<\/div>\n\t\t<\/div>\n\t\t\t\t<\/div>\n\t\t\t\t\t<\/div>\n\t\t<\/div>\n\t\t\t\t<div class=\"elementor-column elementor-col-33 elementor-top-column elementor-element elementor-element-30b8552\" data-id=\"30b8552\" data-element_type=\"column\">\n\t\t\t<div class=\"elementor-widget-wrap elementor-element-populated\">\n\t\t\t\t\t\t<div class=\"elementor-element elementor-element-4dd1a6a elementor-widget elementor-widget-stm_info_box\" data-id=\"4dd1a6a\" data-element_type=\"widget\" data-widget_type=\"stm_info_box.default\">\n\t\t\t\t<div class=\"elementor-widget-container\">\n\t\t\t<div class=\"info_box elementor-consulting-info-box style_4\">\n\t\t\t\t\t\t<div class=\"info_box_image\">\n\t\t\t\t<img loading=\"lazy\" decoding=\"async\" width=\"350\" height=\"204\" src=\"https:\/\/cozengumruk.net\/wp-content\/uploads\/2024\/07\/serbest-cozen-1-350x204.jpg\" class=\"attachment-consulting-image-350x204-croped size-consulting-image-350x204-croped\" alt=\"\" \/>\t\t\t<\/div>\n\t\t\t\n\t\t\t<a href=\"https:\/\/cozengumruk.net\/de\/beratungsdienste-fur-freizonen\/\" class=\"info_box_link\">\n\t\t\t<div class=\"title\">\n\t\t\t\t<h4 class=\"no_stripe\">Beratungsdienste f\u00fcr Freizonen<\/h4>\n\t\t\t<\/div>\n\t\t<\/a>\n\t<p>\u00c7\u00f6zen Customs Consultancy bietet professionelle Beratung f\u00fcr Ihre Freizonengesch\u00e4fte.<\/p>\n<\/div>\n\t\t<\/div>\n\t\t\t\t<\/div>\n\t\t\t\t\t<\/div>\n\t\t<\/div>\n\t\t\t\t\t<\/div>\n\t\t<\/section>\n\t\t\t\t<section class=\"elementor-section elementor-top-section elementor-element elementor-element-f26cbf2 elementor-section-boxed elementor-section-height-default elementor-section-height-default\" data-id=\"f26cbf2\" data-element_type=\"section\" data-settings=\"{&quot;background_background&quot;:&quot;classic&quot;}\">\n\t\t\t\t\t\t<div class=\"elementor-container elementor-column-gap-default\">\n\t\t\t\t\t<div class=\"elementor-column elementor-col-33 elementor-top-column elementor-element elementor-element-dd20f63\" data-id=\"dd20f63\" data-element_type=\"column\">\n\t\t\t<div class=\"elementor-widget-wrap elementor-element-populated\">\n\t\t\t\t\t\t<div class=\"elementor-element elementor-element-5fe1da5 elementor-widget elementor-widget-stm_info_box\" data-id=\"5fe1da5\" data-element_type=\"widget\" data-widget_type=\"stm_info_box.default\">\n\t\t\t\t<div class=\"elementor-widget-container\">\n\t\t\t<div class=\"info_box elementor-consulting-info-box style_4\">\n\t\t\t\t\t\t<div class=\"info_box_image\">\n\t\t\t\t<img loading=\"lazy\" decoding=\"async\" width=\"350\" height=\"204\" src=\"https:\/\/cozengumruk.net\/wp-content\/uploads\/2024\/07\/interaktif-cozen-350x204.jpg\" class=\"attachment-consulting-image-350x204-croped size-consulting-image-350x204-croped\" alt=\"\" \/>\t\t\t<\/div>\n\t\t\t\n\t\t\t<a href=\"https:\/\/cozengumruk.net\/de\/interaktive-zolldienste\/\" class=\"info_box_link\">\n\t\t\t<div class=\"title\">\n\t\t\t\t<h4 class=\"no_stripe\">Interaktive Zolldienste<\/h4>\n\t\t\t<\/div>\n\t\t<\/a>\n\t<p>\u00c7\u00f6zen Customs Consultancy bietet schnelle und effektive Zolldienstleistungen \u00fcber digitale Plattformen.<\/p>\n<\/div>\n\t\t<\/div>\n\t\t\t\t<\/div>\n\t\t\t\t\t<\/div>\n\t\t<\/div>\n\t\t\t\t<div class=\"elementor-column elementor-col-33 elementor-top-column elementor-element elementor-element-21512de\" data-id=\"21512de\" data-element_type=\"column\">\n\t\t\t<div class=\"elementor-widget-wrap elementor-element-populated\">\n\t\t\t\t\t\t<div class=\"elementor-element elementor-element-102e015 elementor-widget elementor-widget-stm_info_box\" data-id=\"102e015\" data-element_type=\"widget\" data-widget_type=\"stm_info_box.default\">\n\t\t\t\t<div class=\"elementor-widget-container\">\n\t\t\t<div class=\"info_box elementor-consulting-info-box style_4\">\n\t\t\t\t\t\t<div class=\"info_box_image\">\n\t\t\t\t<img loading=\"lazy\" decoding=\"async\" width=\"350\" height=\"204\" src=\"https:\/\/cozengumruk.net\/wp-content\/uploads\/2024\/07\/egitim-cozen-350x204.jpg\" class=\"attachment-consulting-image-350x204-croped size-consulting-image-350x204-croped\" alt=\"\" \/>\t\t\t<\/div>\n\t\t\t\n\t\t\t<a href=\"https:\/\/cozengumruk.net\/de\/bildungsdienstleistungen\/\" class=\"info_box_link\">\n\t\t\t<div class=\"title\">\n\t\t\t\t<h4 class=\"no_stripe\">Bildungsdienstleistungen<\/h4>\n\t\t\t<\/div>\n\t\t<\/a>\n\t<p>\u00c7\u00f6zen Customs Consultancy bietet Ihnen umfassende Schulungen zur Spezialisierung in Zoll- und Au\u00dfenhandelsfragen.<\/p>\n<\/div>\n\t\t<\/div>\n\t\t\t\t<\/div>\n\t\t\t\t\t<\/div>\n\t\t<\/div>\n\t\t\t\t<div class=\"elementor-column elementor-col-33 elementor-top-column elementor-element elementor-element-dab00cb\" data-id=\"dab00cb\" data-element_type=\"column\">\n\t\t\t<div class=\"elementor-widget-wrap elementor-element-populated\">\n\t\t\t\t\t\t<div class=\"elementor-element elementor-element-6ca7bb5 elementor-widget elementor-widget-stm_info_box\" data-id=\"6ca7bb5\" data-element_type=\"widget\" data-widget_type=\"stm_info_box.default\">\n\t\t\t\t<div class=\"elementor-widget-container\">\n\t\t\t<div class=\"info_box elementor-consulting-info-box style_4\">\n\t\t\t\t\t\t<div class=\"info_box_image\">\n\t\t\t\t<img loading=\"lazy\" decoding=\"async\" width=\"350\" height=\"204\" src=\"https:\/\/cozengumruk.net\/wp-content\/uploads\/2024\/07\/gumruk-czen-350x204.jpg\" class=\"attachment-consulting-image-350x204-croped size-consulting-image-350x204-croped\" alt=\"\" \/>\t\t\t<\/div>\n\t\t\t\n\t\t\t<a href=\"https:\/\/cozengumruk.net\/de\/andere-zolldienste\/\" class=\"info_box_link\">\n\t\t\t<div class=\"title\">\n\t\t\t\t<h4 class=\"no_stripe\">Andere Dienstleistungen<\/h4>\n\t\t\t<\/div>\n\t\t<\/a>\n\t<p>\u00c7\u00f6zen Customs Consultancy bietet verschiedene zus\u00e4tzliche Dienstleistungen an, die speziell auf Ihre Bed\u00fcrfnisse im Bereich Zoll und Au\u00dfenhandel zugeschnitten sind.<\/p>\n<div class=\"notranslate\" style=\"all: initial;\">\u00a0<\/div>\n<\/div>\n\t\t<\/div>\n\t\t\t\t<\/div>\n\t\t\t\t\t<\/div>\n\t\t<\/div>\n\t\t\t\t\t<\/div>\n\t\t<\/section>\n\t\t<div class=\"elementor-element elementor-element-836ff17 e-flex e-con-boxed e-con e-parent\" data-id=\"836ff17\" data-element_type=\"container\">\n\t\t\t\t\t<div class=\"e-con-inner\">\n\t\t\t\t<div class=\"elementor-element elementor-element-7a347b4 elementor-hidden-mobile elementor-widget elementor-widget-stm_info_box\" data-id=\"7a347b4\" data-element_type=\"widget\" data-widget_type=\"stm_info_box.default\">\n\t\t\t\t<div class=\"elementor-widget-container\">\n\t\t\t<div class=\"info_box elementor-consulting-info-box style_4\">\n\t\t\t\t\t\t\t\t\t<div class=\"info_box_image\">\n\t\t\t\t<img src='https:\/\/cozengumruk.net\/wp-content\/uploads\/2024\/07\/1.jpg' alt='' \/>\t\t\t<\/div>\n\t\t\t\n\t\t\t<a href=\"https:\/\/cozengumruk.net\/de\/logistikdienstleistungen\/\" class=\"info_box_link\">\n\t\t\t<div class=\"title\">\n\t\t\t\t<h4 class=\"no_stripe\">Logistische Dienstleistungen<\/h4>\n\t\t\t<\/div>\n\t\t<\/a>\n\t<p>\u00c7\u00f6zen Customs Consultancy verwaltet alle Ihre Logistikprozesse effektiv und effizient. Sie beschleunigt und erleichtert Ihr Gesch\u00e4ft mit Transport-, Lager- und Vertriebsl\u00f6sungen.<\/p>\n<\/div>\n\t\t<\/div>\n\t\t\t\t<\/div>\n\t\t\t\t<div class=\"elementor-element elementor-element-3279209 elementor-hidden-desktop elementor-hidden-tablet elementor-widget elementor-widget-stm_info_box\" data-id=\"3279209\" data-element_type=\"widget\" data-widget_type=\"stm_info_box.default\">\n\t\t\t\t<div class=\"elementor-widget-container\">\n\t\t\t<div class=\"info_box elementor-consulting-info-box style_4\">\n\t\t\t\t\t\t<div class=\"info_box_image\">\n\t\t\t\t<img loading=\"lazy\" decoding=\"async\" width=\"350\" height=\"204\" src=\"https:\/\/cozengumruk.net\/wp-content\/uploads\/2024\/07\/1-350x204.jpg\" class=\"attachment-consulting-image-350x204-croped size-consulting-image-350x204-croped\" alt=\"\" \/>\t\t\t<\/div>\n\t\t\t\n\t\t\t<a href=\"https:\/\/cozengumruk.net\/de\/logistikdienstleistungen\/\" class=\"info_box_link\">\n\t\t\t<div class=\"title\">\n\t\t\t\t<h4 class=\"no_stripe\">Logistische Dienstleistungen<\/h4>\n\t\t\t<\/div>\n\t\t<\/a>\n\t<p>\u00c7\u00f6zen Customs Consultancy verwaltet alle Ihre Logistikprozesse effektiv und effizient. Sie beschleunigt und erleichtert Ihr Gesch\u00e4ft mit Transport-, Lager- und Vertriebsl\u00f6sungen.<\/p>\n<\/div>\n\t\t<\/div>\n\t\t\t\t<\/div>\n\t\t\t\t\t<\/div>\n\t\t\t\t<\/div>\n\t\t\t\t<\/div>","protected":false},"excerpt":{"rendered":"<p>G\u00fcmr\u00fckleme Hizmetleri \u00c7\u00f6zen G\u00fcmr\u00fck M\u00fc\u015favirli\u011fi, ithalat ve ihracat i\u015flemlerinizde h\u0131zl\u0131 ve g\u00fcvenilir g\u00fcmr\u00fckleme hizmetleri sunar. Mevzuat Dan\u0131\u015fmanl\u0131\u011f\u0131 Hizmetleri \u00c7\u00f6zen G\u00fcmr\u00fck M\u00fc\u015favirli\u011fi, ticaret mevzuat\u0131na uyum sa\u011flaman\u0131z i\u00e7in uzman dan\u0131\u015fmanl\u0131k hizmetleri sunar. YYS | AEO Dan\u0131\u015fmanl\u0131k Hizmetleri \u00c7\u00f6zen G\u00fcmr\u00fck M\u00fc\u015favirli\u011fi, (YYS) ve (AEO) sertifikas\u0131 al\u0131m s\u00fcre\u00e7lerinde profesyonel dan\u0131\u015fmanl\u0131k hizmetleri sunar. G\u00fcmr\u00fck Denetimlerine Haz\u0131rl\u0131k Hizmetleri \u00c7\u00f6zen G\u00fcmr\u00fck M\u00fc\u015favirli\u011fi,<\/p>","protected":false},"author":1,"featured_media":7274,"parent":0,"menu_order":0,"comment_status":"closed","ping_status":"closed","template":"","meta":{"footnotes":""},"class_list":["post-558","page","type-page","status-publish","has-post-thumbnail","hentry"],"_links":{"self":[{"href":"https:\/\/cozengumruk.net\/de\/wp-json\/wp\/v2\/pages\/558","targetHints":{"allow":["GET"]}}],"collection":[{"href":"https:\/\/cozengumruk.net\/de\/wp-json\/wp\/v2\/pages"}],"about":[{"href":"https:\/\/cozengumruk.net\/de\/wp-json\/wp\/v2\/types\/page"}],"author":[{"embeddable":true,"href":"https:\/\/cozengumruk.net\/de\/wp-json\/wp\/v2\/users\/1"}],"replies":[{"embeddable":true,"href":"https:\/\/cozengumruk.net\/de\/wp-json\/wp\/v2\/comments?post=558"}],"version-history":[{"count":11,"href":"https:\/\/cozengumruk.net\/de\/wp-json\/wp\/v2\/pages\/558\/revisions"}],"predecessor-version":[{"id":7645,"href":"https:\/\/cozengumruk.net\/de\/wp-json\/wp\/v2\/pages\/558\/revisions\/7645"}],"wp:featuredmedia":[{"embeddable":true,"href":"https:\/\/cozengumruk.net\/de\/wp-json\/wp\/v2\/media\/7274"}],"wp:attachment":[{"href":"https:\/\/cozengumruk.net\/de\/wp-json\/wp\/v2\/media?parent=558"}],"curies":[{"name":"wp","href":"https:\/\/api.w.org\/{rel}","templated":true}]}}