{"id":6352,"date":"2015-12-15T07:37:33","date_gmt":"2015-12-15T07:37:33","guid":{"rendered":"http:\/\/consulting.stylemixthemes.com\/demo\/?page_id=9"},"modified":"2024-07-26T12:25:09","modified_gmt":"2024-07-26T09:25:09","slug":"hakkimizda","status":"publish","type":"page","link":"https:\/\/cozengumruk.net\/de\/uber-uns\/","title":{"rendered":"\u00dcber uns"},"content":{"rendered":"<div data-elementor-type=\"wp-page\" data-elementor-id=\"6352\" class=\"elementor elementor-6352\" data-elementor-post-type=\"page\">\n\t\t\t\t\t\t<section class=\"elementor-section elementor-top-section elementor-element elementor-element-e235908 elementor-section-boxed elementor-section-height-default elementor-section-height-default\" data-id=\"e235908\" data-element_type=\"section\" data-settings=\"{&quot;background_background&quot;:&quot;classic&quot;}\">\n\t\t\t\t\t\t<div class=\"elementor-container elementor-column-gap-default\">\n\t\t\t\t\t<div class=\"elementor-column elementor-col-100 elementor-top-column elementor-element elementor-element-e235e4c\" data-id=\"e235e4c\" data-element_type=\"column\">\n\t\t\t<div class=\"elementor-widget-wrap elementor-element-populated\">\n\t\t\t\t\t\t<div class=\"elementor-element elementor-element-c57835e elementor-widget elementor-widget-image\" data-id=\"c57835e\" data-element_type=\"widget\" data-widget_type=\"image.default\">\n\t\t\t\t<div class=\"elementor-widget-container\">\n\t\t\t\t\t\t\t\t\t\t\t\t\t<img fetchpriority=\"high\" decoding=\"async\" width=\"834\" height=\"412\" src=\"https:\/\/cozengumruk.net\/wp-content\/uploads\/2024\/07\/Cozen-Gumruk.jpg\" class=\"attachment-full size-full wp-image-7695\" alt=\"\" srcset=\"https:\/\/cozengumruk.net\/wp-content\/uploads\/2024\/07\/Cozen-Gumruk.jpg 834w, https:\/\/cozengumruk.net\/wp-content\/uploads\/2024\/07\/Cozen-Gumruk-300x148.jpg 300w, https:\/\/cozengumruk.net\/wp-content\/uploads\/2024\/07\/Cozen-Gumruk-768x379.jpg 768w, https:\/\/cozengumruk.net\/wp-content\/uploads\/2024\/07\/Cozen-Gumruk-18x9.jpg 18w\" sizes=\"(max-width: 834px) 100vw, 834px\" \/>\t\t\t\t\t\t\t\t\t\t\t\t\t<\/div>\n\t\t\t\t<\/div>\n\t\t\t\t<div class=\"elementor-element elementor-element-e2363dc elementor-widget elementor-widget-text-editor\" data-id=\"e2363dc\" data-element_type=\"widget\" data-widget_type=\"text-editor.default\">\n\t\t\t\t<div class=\"elementor-widget-container\">\n\t\t\t\t\t\t\t<p><strong>\u00c7\u00f6zen Customs Consultancy<\/strong> arbeiten wir akribisch daran, unseren Kunden die bestm\u00f6gliche professionelle Unterst\u00fctzung bei der Zollabwicklung zu bieten. Mit unserer langj\u00e4hrigen Erfahrung, unserem umfassenden Know-how und unseren erfahrenen Mitarbeitern, die Experten auf ihrem Gebiet sind, wickeln wir Import-, Export-, Umschlag- und Transitvorg\u00e4nge an Zollstellen in der ganzen T\u00fcrkei schnell, reibungslos und effektiv ab.<\/p>\n<p>Wir verfolgen jeden Schritt in den Gesch\u00e4ftsprozessen unserer Kunden genau und helfen ihnen, etwaige Hindernisse so schnell wie m\u00f6glich zu \u00fcberwinden. Dank dieser Kompetenzen f\u00fchren wir nicht nur Zollverfahren durch, sondern bieten auch ma\u00dfgeschneiderte L\u00f6sungen an, die f\u00fcr alle betrieblichen Anforderungen unserer Kunden geeignet sind. So tragen wir zum nachhaltigen Erfolg unserer Gesch\u00e4ftspartner bei, indem wir ihre Wettbewerbsf\u00e4higkeit auf dem globalen Markt steigern. Mit unserem auf Kundenzufriedenheit ausgerichteten Ansatz und unserem \u00fcberlegenen Dienstleistungskonzept wollen wir f\u00fchrend im Bereich der Zollabwicklung sein.<\/p>\n<h4>Unsere Vision<\/h4>\n<p>\u00c7\u00f6zen Customs Consultancy ist bestrebt, die Kundenzufriedenheit auf h\u00f6chstem Niveau zu halten. Wir verbessern unsere Dienstleistungen kontinuierlich, indem wir die Technologie genau verfolgen und unseren Kunden innovative L\u00f6sungen anbieten. Unser Ziel ist es, das zuverl\u00e4ssigste und bevorzugte Unternehmen in diesem Sektor zu sein, indem wir eine f\u00fchrende Rolle bei den Zollverfahren spielen.<\/p>\n<h4>Unser Auftrag<\/h4>\n<p>Erleichterung der Gesch\u00e4ftsabl\u00e4ufe unserer Kunden durch die Bereitstellung schneller, zuverl\u00e4ssiger und transparenter Dienstleistungen in allen Zollverfahren. Indem wir die \u00c4nderungen in der Zollgesetzgebung aufmerksam verfolgen, informieren wir unsere Kunden gleichzeitig und stellen sicher, dass sie \u00fcber aktuelle Informationen verf\u00fcgen. Wir bieten den f\u00fcr die Bed\u00fcrfnisse unserer Kunden am besten geeigneten Service, indem wir f\u00fcr jeden Kunden spezielle L\u00f6sungen erarbeiten.<\/p>\n<h4>Unsere Werte<\/h4>\n<ul>\n<li><strong>Verl\u00e4sslichkeit<\/strong>: Das Vertrauen unserer Kunden hat f\u00fcr uns immer Vorrang.<\/li>\n<li><strong>Geschwindigkeit<\/strong>: Wir kennen den Wert der Zeit und schlie\u00dfen die Transaktionen so schnell wie m\u00f6glich ab.<\/li>\n<li><strong>Fachwissen<\/strong>: Mit unserem Fachpersonal stellen wir immer die genauesten und aktuellsten Informationen zur Verf\u00fcgung.<\/li>\n<li><strong>Kundenorientierung<\/strong>: Wir stehen jedem unserer Kunden zur Seite, indem wir spezielle L\u00f6sungen f\u00fcr seine Bed\u00fcrfnisse entwickeln.<\/li>\n<li><strong>Transparenz<\/strong>: Wir f\u00fchren alle unsere Gesch\u00e4fte transparent durch und informieren unsere Kunden.<\/li>\n<\/ul>\n<h4>Warum Solen Customs Consultancy?<\/h4>\n<ul>\n<li><strong>Schneller und zuverl\u00e4ssiger Service<\/strong>: Wir bieten schnelle und zuverl\u00e4ssige L\u00f6sungen f\u00fcr Ihre Zollverfahren.<\/li>\n<li><strong>Fachpersonal<\/strong>: Wir stehen Ihnen jederzeit mit unserem Fachpersonal zur Seite.<\/li>\n<li><strong>Ma\u00dfgeschneiderte L\u00f6sungen<\/strong>: Ma\u00dfgeschneiderte Boutique-L\u00f6sungen f\u00fcr Ihren Gesch\u00e4ftsbedarf.<\/li>\n<li><strong>Ununterbrochene Unterst\u00fctzung<\/strong>: Wir sind immer mit Ihnen mit 7\/24 Service Verst\u00e4ndnis.<\/li>\n<\/ul>\n<h4>Unsere Vision f\u00fcr die Zukunft<\/h4>\n<p>Als \u00c7\u00f6zen Customs Consultancy wollen wir unseren Kunden zur Seite stehen und zu ihrem Erfolg in der Zukunft beitragen. Wir bem\u00fchen uns, unseren Kunden den besten Service zu bieten, indem wir uns schnell an die sich st\u00e4ndig \u00e4ndernde Zollgesetzgebung anpassen und innovative L\u00f6sungen anbieten.<\/p>\n<p>Kontaktieren Sie uns f\u00fcr weitere Informationen \u00fcber unsere Dienstleistungen und eine Zusammenarbeit. Als \u00c7\u00f6zen Customs Consultancy stehen wir Ihnen bei allen Ihren Zollverfahren zur Seite.<\/p>\n\t\t\t\t\t\t<\/div>\n\t\t\t\t<\/div>\n\t\t\t\t\t<\/div>\n\t\t<\/div>\n\t\t\t\t<div class=\"elementor-column elementor-col-25 elementor-top-column elementor-element elementor-element-e2383ad elementor-hidden-tablet elementor-hidden-phone\" data-id=\"e2383ad\" data-element_type=\"column\">\n\t\t\t<div class=\"elementor-widget-wrap elementor-element-populated\">\n\t\t\t\t\t\t<div class=\"elementor-element elementor-element-e238832 elementor-widget elementor-widget-stm_sidebar\" data-id=\"e238832\" data-element_type=\"widget\" data-widget_type=\"stm_sidebar.default\">\n\t\t\t\t<div class=\"elementor-widget-container\">\n\t\t\t\n<div class=\"stm_sidebar consulting_elementor_sidebar\">\n\n            \t\t<div data-elementor-type=\"wp-post\" data-elementor-id=\"311\" class=\"elementor elementor-311\" data-elementor-post-type=\"stm_vc_sidebar\">\n\t\t\t\t\t\t<section class=\"elementor-section elementor-top-section elementor-element elementor-element-d75f04d third_bg_color elementor-section-boxed elementor-section-height-default elementor-section-height-default\" data-id=\"d75f04d\" data-element_type=\"section\" data-settings=\"{&quot;background_background&quot;:&quot;classic&quot;}\">\n\t\t\t\t\t\t<div class=\"elementor-container elementor-column-gap-default\">\n\t\t\t\t\t<div class=\"elementor-column elementor-col-100 elementor-top-column elementor-element elementor-element-d75f502\" data-id=\"d75f502\" data-element_type=\"column\" data-settings=\"{&quot;background_background&quot;:&quot;classic&quot;}\">\n\t\t\t<div class=\"elementor-widget-wrap elementor-element-populated\">\n\t\t\t\t\t\t<div class=\"elementor-element elementor-element-d75f8fa elementor-widget elementor-widget-vc_custom_heading\" data-id=\"d75f8fa\" data-element_type=\"widget\" data-widget_type=\"vc_custom_heading.default\">\n\t\t\t\t<div class=\"elementor-widget-container\">\n\t\t\t<div class=\"vc_custom_heading  consulting_heading_font  text_align_left\" ><div style=\"font-size: 16px;color: #222222;text-align: left;font-weight:700\" class=\"consulting-custom-title\">Wir sind f\u00fcr Sie da!\n<\/div><\/div>\t\t<\/div>\n\t\t\t\t<\/div>\n\t\t\t\t<div class=\"elementor-element elementor-element-d75fbf9 elementor-widget elementor-widget-text-editor\" data-id=\"d75fbf9\" data-element_type=\"widget\" data-widget_type=\"text-editor.default\">\n\t\t\t\t<div class=\"elementor-widget-container\">\n\t\t\t\t\t\t\t<p>Mit unserem Expertenteam sind wir daf\u00fcr da, Ihre Gesch\u00e4ftsprozesse effizienter und reibungsloser zu gestalten.<\/p>\n\t\t\t\t\t\t<\/div>\n\t\t\t\t<\/div>\n\t\t\t\t<div class=\"elementor-element elementor-element-d760053 elementor-widget__width-auto elementor-widget elementor-widget-button\" data-id=\"d760053\" data-element_type=\"widget\" data-widget_type=\"button.default\">\n\t\t\t\t<div class=\"elementor-widget-container\">\n\t\t\t\t\t\t\t<div class=\"elementor-button-wrapper icon_align_\">\n\t\t\t\t\t<a class=\"elementor-button elementor-button-link elementor-size-sm\" href=\"https:\/\/cozengumruk.net\/de\/kommunikation\/\">\n\t\t\t\t\t\t<span class=\"elementor-button-content-wrapper\">\n\t\t\t\t\t\t<span class=\"elementor-button-icon\">\n\t\t\t\t<i aria-hidden=\"true\" class=\"stm-online-phone-call\"><\/i>\t\t\t<\/span>\n\t\t\t\t\t\t\t\t\t<span class=\"elementor-button-text\">Kontakt<\/span>\n\t\t\t\t\t<\/span>\n\t\t\t\t\t<\/a>\n\t\t\t\t<\/div>\n\t\t\t\t\t\t<\/div>\n\t\t\t\t<\/div>\n\t\t\t\t\t<\/div>\n\t\t<\/div>\n\t\t\t\t\t<\/div>\n\t\t<\/section>\n\t\t\t\t<\/div>\n\t\t    \n<\/div>\t\t<\/div>\n\t\t\t\t<\/div>\n\t\t\t\t\t<\/div>\n\t\t<\/div>\n\t\t\t\t\t<\/div>\n\t\t<\/section>\n\t\t\t\t<\/div>","protected":false},"excerpt":{"rendered":"<p>\u00c7\u00f6zen G\u00fcmr\u00fck M\u00fc\u015favirli\u011fi olarak, m\u00fc\u015fterilerimizin g\u00fcmr\u00fck i\u015flemlerinde ihtiya\u00e7 duydu\u011fu profesyonel deste\u011fi en \u00fcst d\u00fczeyde sunmak i\u00e7in titizlikle \u00e7al\u0131\u015f\u0131yoruz. Uzun y\u0131llara dayanan tecr\u00fcbemiz, geni\u015f bilgi birikimimiz ve alan\u0131nda uzman, deneyimli kadromuzla, T\u00fcrkiye&#8217;nin d\u00f6rt bir yan\u0131ndaki g\u00fcmr\u00fck noktalar\u0131nda ger\u00e7ekle\u015ftirilen ithalat, ihracat, aktarma ve transit i\u015flemlerini h\u0131zl\u0131, sorunsuz ve etkin bir \u015fekilde y\u00f6netiyoruz. M\u00fc\u015fterilerimizin i\u015f s\u00fcre\u00e7lerindeki her bir<\/p>","protected":false},"author":1,"featured_media":7274,"parent":0,"menu_order":0,"comment_status":"closed","ping_status":"closed","template":"","meta":{"footnotes":""},"class_list":["post-6352","page","type-page","status-publish","has-post-thumbnail","hentry"],"_links":{"self":[{"href":"https:\/\/cozengumruk.net\/de\/wp-json\/wp\/v2\/pages\/6352","targetHints":{"allow":["GET"]}}],"collection":[{"href":"https:\/\/cozengumruk.net\/de\/wp-json\/wp\/v2\/pages"}],"about":[{"href":"https:\/\/cozengumruk.net\/de\/wp-json\/wp\/v2\/types\/page"}],"author":[{"embeddable":true,"href":"https:\/\/cozengumruk.net\/de\/wp-json\/wp\/v2\/users\/1"}],"replies":[{"embeddable":true,"href":"https:\/\/cozengumruk.net\/de\/wp-json\/wp\/v2\/comments?post=6352"}],"version-history":[{"count":14,"href":"https:\/\/cozengumruk.net\/de\/wp-json\/wp\/v2\/pages\/6352\/revisions"}],"predecessor-version":[{"id":7699,"href":"https:\/\/cozengumruk.net\/de\/wp-json\/wp\/v2\/pages\/6352\/revisions\/7699"}],"wp:featuredmedia":[{"embeddable":true,"href":"https:\/\/cozengumruk.net\/de\/wp-json\/wp\/v2\/media\/7274"}],"wp:attachment":[{"href":"https:\/\/cozengumruk.net\/de\/wp-json\/wp\/v2\/media?parent=6352"}],"curies":[{"name":"wp","href":"https:\/\/api.w.org\/{rel}","templated":true}]}}