{"id":7612,"date":"2024-07-26T10:56:10","date_gmt":"2024-07-26T07:56:10","guid":{"rendered":"https:\/\/cozengumruk.net\/?page_id=7612"},"modified":"2024-07-26T12:08:48","modified_gmt":"2024-07-26T09:08:48","slug":"gumruk-denetim-hazirlik-hizmetleri","status":"publish","type":"page","link":"https:\/\/cozengumruk.net\/de\/vorbereitung-von-zollprufungen\/","title":{"rendered":"Vorbereitungsdienste f\u00fcr Zollinspektionen"},"content":{"rendered":"<div data-elementor-type=\"wp-page\" data-elementor-id=\"7612\" class=\"elementor elementor-7612\" data-elementor-post-type=\"page\">\n\t\t\t\t<div class=\"elementor-element elementor-element-a269fe7 e-flex e-con-boxed e-con e-parent\" data-id=\"a269fe7\" data-element_type=\"container\">\n\t\t\t\t\t<div class=\"e-con-inner\">\n\t\t\t\t<div class=\"elementor-element elementor-element-274460c elementor-widget elementor-widget-text-editor\" data-id=\"274460c\" data-element_type=\"widget\" data-widget_type=\"text-editor.default\">\n\t\t\t\t<div class=\"elementor-widget-container\">\n\t\t\t\t\t\t\t<div class=\"description\">\n<p>Bekanntlich handelt es sich bei der \"Nachkontrolle\" gem\u00e4\u00df Artikel 73 des Zollgesetzes Nr. 4458 um die Pr\u00fcfung der Einfuhr- oder Ausfuhrgesch\u00e4fte der Verpflichteten oder der Gesch\u00e4ftsunterlagen und Daten im Zusammenhang mit den nachfolgenden Handelsgesch\u00e4ften durch die Zollinspektoren an ihren eigenen Orten, um die Richtigkeit der Angaben festzustellen, die der Zollverwaltung nach der Lieferung der Waren gemeldet wurden. Diese Kontrollen werden durchgef\u00fchrt, um festzustellen, ob die nat\u00fcrlichen und juristischen Personen ihre in den Zollvorschriften und anderen einschl\u00e4gigen Rechtsvorschriften festgelegten Verpflichtungen erf\u00fcllen. Ein Unternehmen, das einer Nachkontrolle unterliegt, wird nicht nur hinsichtlich der Zollabgaben, sondern auch hinsichtlich der Ursprungsgesch\u00e4fte, der Zoll- und Wertangaben, aller Arten von Genehmigungen, der Buchf\u00fchrung, der Ursprungsdokumente, der Produktionsverfahren und der Einhaltung der in den Regelungen festgelegten Bedingungen gepr\u00fcft und kontrolliert.<\/p>\n<p>F\u00fcr Au\u00dfenhandelsunternehmen ist es sehr wertvoll, eine erfahrene und fachkundige Organisation mit der Durchf\u00fchrung von Pre-Post Control Audit Services zu beauftragen, die sie auf die Nachkontrollen vorbereitet, um nicht mit irreparablen Sch\u00e4den oder strafrechtlichen Sanktionen infolge von Fehlern und M\u00e4ngeln konfrontiert zu werden, die bei den anschlie\u00dfenden Kontrollen durch die Zollinspektoren aufgedeckt werden. In diesem Sinne sollten Au\u00dfenhandelsunternehmen den Details der Zoll- und Au\u00dfenhandelsgesetze und -praktiken gro\u00dfe Aufmerksamkeit schenken und sich auf Nachkontrollen durch ein fachkundiges und erfahrenes Unternehmen vorbereiten, da sie andernfalls mit sehr schwer zu kompensierenden Strafen, Zeit- und Prestigeverlusten sowie Zollschmuggelgeb\u00fchren rechnen m\u00fcssen.<\/p>\n<p>Unsere Konzerngesellschaften <a href=\"https:\/\/cozengumruk.net\/de\/\"><strong>\u00c7\u00f6zen Customs Consultancy<\/strong><\/a><u><\/u>\u00a0 ist eine Organisation mit einem hohen Ma\u00df an Erfahrung und Know-how, die ihre Kunden umfassend auf diese Pr\u00fcfungen vorbereitet und sich in der Branche durch die Dienstleistungen auszeichnet, die sie zu den Fragen anbietet, die vor den von den Zollinspektoren durchzuf\u00fchrenden Nachkontrollen zu ber\u00fccksichtigen sind, und zu den Fragen, die eingehalten werden m\u00fcssen.<\/p>\n<p>\u00c7\u00f6zen Customs Consultancy bietet seinen gesch\u00e4tzten Kunden, die sich im Vorfeld auf die von den Zollinspektoren durchzuf\u00fchrenden Zollkontrollen vorbereiten wollen, detaillierte Informationen und Anleitungen, kontrolliert und pr\u00fcft die Gesch\u00e4ftsprozesse im Vorfeld und sorgt durch regelm\u00e4\u00dfige Berichterstattung der Ergebnisse f\u00fcr eine reibungslose Abwicklung der Zollverfahren.\u00a0<\/p>\n<p>Einige der zu ber\u00fccksichtigenden Details sind im Folgenden aufgef\u00fchrt.<\/p>\n<ul>\n<li>Die gesamte Korrespondenz im Zusammenhang mit dem Au\u00dfenhandel sollte in der Akte aufbewahrt werden, und es sollte darauf geachtet werden, dass die in den Vertr\u00e4gen enthaltenen Lizenz- und Kommissionsgeb\u00fchren zum Warenwert hinzugerechnet werden, und dass eine Beziehung zum Exporteurunternehmen besteht,<\/li>\n<li>Bei jedem Einfuhrgesch\u00e4ft muss ein Ursprungszeugnis (Ursprungszeugnis, Formblatt A, EUR 1) beim Lieferanten beantragt werden,<\/li>\n<li>Obwohl sie beim Zoll angemeldet werden sollte, was nicht in den Bereich der Freigrenzen f\u00e4llt, sollte der Zollagent kontaktiert werden, um die per Schnellkurier an Sie gelieferten Waren beim Zollamt anzumelden, ohne die an Sie gelieferten Waren zu erhalten,<\/li>\n<li>Es ist zu beachten, dass es nicht ausreicht, die mit dem Reisenden mitgef\u00fchrten und beim Zoll nicht angemeldeten Waren (in der Regel ausl\u00e4ndische G\u00e4ste) nur mit der MwSt-Erkl\u00e4rung Nr. 2 anzumelden, sondern dass diese bei der Zollverwaltung eingereicht werden m\u00fcssen,<\/li>\n<li>Kopien der internationalen Dokumente wie Konnossement, CMR, Carnet TIR, Carnet ATA f\u00fcr die Waren, die Gegenstand der Anmeldung sind, sollten aufbewahrt werden,<\/li>\n<li>Handelsrechnung, Wertdeklarationsformular, TSE-Konformit\u00e4tszertifikat, Kontrollzertifikat, Ursprungszeugnis, A.TR, Formblatt A, EUR.1 usw., die der Erkl\u00e4rung beigef\u00fcgt und in der 44 nummerierten Stelle der Erkl\u00e4rung angegeben sind. Original oder Kopien der Dokumente sollten aufbewahrt werden,<\/li>\n<li>Rechnungen und Quittungen f\u00fcr den internationalen und nationalen Warentransport, Versicherungspolicen f\u00fcr die Waren, Bankbelege, Quittungen usw. f\u00fcr die Bezahlung der Waren und KKDF-Quittungen sollten aufbewahrt werden,<\/li>\n<li>Wird f\u00fcr die Beh\u00e4ltnisse und Verpackungen der eingef\u00fchrten Waren ein gesondertes Entgelt gezahlt, so ist dieser Betrag in der Wertangabe anzugeben und die Besteuerung in diesem Formular vorzunehmen,<\/li>\n<li>Die Belege f\u00fcr alle Zahlungen, Preiserh\u00f6hungen, Vorsch\u00fcsse, Ausgaben, Erstattungen oder Preisanpassungen, die im Zusammenhang mit den eingef\u00fchrten Waren geleistet wurden, sollten in jeder Einfuhrdatei aufbewahrt werden,<\/li>\n<li>Wenn Provisionen und Zinsen im Zusammenhang mit der Zahlung des Preises der eingef\u00fchrten Waren gezahlt werden oder wenn der Verk\u00e4ufer einen Rabatt gew\u00e4hrt, m\u00fcssen sie in den Wert einbezogen und besteuert werden.<\/li>\n<li>Die Rechnungsbetr\u00e4ge sollten mit der korrekten Fremdw\u00e4hrungsart und dem korrekten Wechselkurs angegeben werden und nicht mit der Fremdw\u00e4hrungsart, die dem niedrigen Wechselkurs entspricht, der nicht die Realit\u00e4t widerspiegelt und nicht dazu f\u00fchren sollte, dass der CIF-Wert niedrig angegeben wird,\u00a0<\/li>\n<li>Die GTIPs sollten sehr vorsichtig sein, Produkte mit denselben Produktcodes sollten nicht mit unterschiedlichen GTIPs angegeben werden,<\/li>\n<li>Die K\u00e4ufer-Verk\u00e4ufer-Beziehung muss korrekt angegeben werden,<\/li>\n<li>Die der Erkl\u00e4rung beigef\u00fcgten Unterlagen sind zu beachten,<\/li>\n<li>Die Mehrwertsteuers\u00e4tze sollten korrekt angegeben werden, dieselben Waren sollten nicht mit unterschiedlichen Mehrwertsteuers\u00e4tzen angemeldet werden,<\/li>\n<li>Preis, Gewicht und Mengenverh\u00e4ltnis sollten in den Rechnungen ber\u00fccksichtigt werden,<\/li>\n<li>Achten Sie genau auf die Angabe der Versandart (die Fracht wird vom K\u00e4ufer\/Versandunternehmen bezahlt)<\/li>\n<li>Es sollte auf den Inhalt und die Deklaration der inl\u00e4ndischen Ausgabenposten geachtet werden,<\/li>\n<li>AT.R, Es sollte auf die G\u00fcltigkeitsdauer der Ursprungszeugnisse und deren korrekte Deklaration geachtet werden,\u00a0<\/li>\n<\/ul>\n<\/div>\n\t\t\t\t\t\t<\/div>\n\t\t\t\t<\/div>\n\t\t\t\t\t<\/div>\n\t\t\t\t<\/div>\n\t\t\t\t<section class=\"elementor-section elementor-top-section elementor-element elementor-element-fa0a35b elementor-section-boxed elementor-section-height-default elementor-section-height-default\" data-id=\"fa0a35b\" data-element_type=\"section\" data-settings=\"{&quot;background_background&quot;:&quot;classic&quot;}\">\n\t\t\t\t\t\t<div class=\"elementor-container elementor-column-gap-default\">\n\t\t\t\t\t<div class=\"elementor-column elementor-col-100 elementor-top-column elementor-element elementor-element-3962fda\" data-id=\"3962fda\" data-element_type=\"column\">\n\t\t\t<div class=\"elementor-widget-wrap elementor-element-populated\">\n\t\t\t\t\t\t<section class=\"elementor-section elementor-top-section elementor-element elementor-element-957b8b0 elementor-section-boxed elementor-section-height-default elementor-section-height-default\" data-id=\"957b8b0\" data-element_type=\"section\">\n\t\t\t\t\t\t<div class=\"elementor-container elementor-column-gap-default\">\n\t\t\t\t\t<div class=\"elementor-column elementor-col-100 elementor-top-column elementor-element elementor-element-adf2ee9\" data-id=\"adf2ee9\" data-element_type=\"column\">\n\t\t\t<div class=\"elementor-widget-wrap elementor-element-populated\">\n\t\t\t\t\t\t<div class=\"elementor-element elementor-element-ac7c14f elementor-widget elementor-widget-vc_custom_heading\" data-id=\"ac7c14f\" data-element_type=\"widget\" data-widget_type=\"vc_custom_heading.default\">\n\t\t\t\t<div class=\"elementor-widget-container\">\n\t\t\t<div class=\"vc_custom_heading no_stripe consulting_heading_font  text_align_center has_subtitle\" ><h4 style=\"font-size: 35px;color: #000000;text-align: center;line-height: 45px;font-weight:700\" class=\"consulting-custom-title\">Wir sind an Ihrer Seite, um die f\u00fcr Sie am besten geeigneten L\u00f6sungen zu entwickeln\n<span class=\"subtitle\" style=\"color:#2A2A2A\"><br>Um die Bed\u00fcrfnisse unserer gesch\u00e4tzten Kunden bestm\u00f6glich zu erf\u00fcllen, sind wir bereit, Ihren Erwartungen und Anforderungen aufmerksam zuzuh\u00f6ren. <br>Gemeinsam ermitteln wir die f\u00fcr Sie am besten geeigneten Strategien mit unseren Innovationen und ma\u00dfgeschneiderten L\u00f6sungen.<\/span><\/h4><\/div>\t\t<\/div>\n\t\t\t\t<\/div>\n\t\t\t\t<div class=\"elementor-element elementor-element-4965518 elementor-align-center elementor-widget elementor-widget-button\" data-id=\"4965518\" data-element_type=\"widget\" data-widget_type=\"button.default\">\n\t\t\t\t<div class=\"elementor-widget-container\">\n\t\t\t\t\t\t\t<div class=\"elementor-button-wrapper icon_align_row-reverse\">\n\t\t\t\t\t<a class=\"elementor-button elementor-button-link elementor-size-sm\" href=\"https:\/\/cozengumruk.net\/de\/kommunikation\/\">\n\t\t\t\t\t\t<span class=\"elementor-button-content-wrapper\">\n\t\t\t\t\t\t<span class=\"elementor-button-icon\">\n\t\t\t\t<i aria-hidden=\"true\" class=\"stm-lnr-arrow-right\"><\/i>\t\t\t<\/span>\n\t\t\t\t\t\t\t\t\t<span class=\"elementor-button-text\">Treffen mit Solving Customs<\/span>\n\t\t\t\t\t<\/span>\n\t\t\t\t\t<\/a>\n\t\t\t\t<\/div>\n\t\t\t\t\t\t<\/div>\n\t\t\t\t<\/div>\n\t\t\t\t\t<\/div>\n\t\t<\/div>\n\t\t\t\t\t<\/div>\n\t\t<\/section>\n\t\t\t\t\t<\/div>\n\t\t<\/div>\n\t\t\t\t\t<\/div>\n\t\t<\/section>\n\t\t<div class=\"elementor-element elementor-element-ac0cac5 e-flex e-con-boxed e-con e-parent\" data-id=\"ac0cac5\" data-element_type=\"container\">\n\t\t\t\t\t<div class=\"e-con-inner\">\n\t\t\t\t<div class=\"elementor-element elementor-element-249c735 elementor-widget elementor-widget-heading\" data-id=\"249c735\" data-element_type=\"widget\" data-widget_type=\"heading.default\">\n\t\t\t\t<div class=\"elementor-widget-container\">\n\t\t\t<h2 class=\"elementor-heading-title elementor-size-default\">Unsere Dienstleistungen<\/h2>\t\t<\/div>\n\t\t\t\t<\/div>\n\t\t\t\t\t<\/div>\n\t\t\t\t<\/div>\n\t\t\t\t<section class=\"elementor-section elementor-top-section elementor-element elementor-element-4ae2e49 elementor-section-boxed elementor-section-height-default elementor-section-height-default\" data-id=\"4ae2e49\" data-element_type=\"section\" data-settings=\"{&quot;background_background&quot;:&quot;classic&quot;}\">\n\t\t\t\t\t\t<div class=\"elementor-container elementor-column-gap-default\">\n\t\t\t\t\t<div class=\"elementor-column elementor-col-33 elementor-top-column elementor-element elementor-element-21aa754\" data-id=\"21aa754\" data-element_type=\"column\">\n\t\t\t<div class=\"elementor-widget-wrap elementor-element-populated\">\n\t\t\t\t\t\t<div class=\"elementor-element elementor-element-93aea43 elementor-widget elementor-widget-stm_info_box\" data-id=\"93aea43\" data-element_type=\"widget\" data-widget_type=\"stm_info_box.default\">\n\t\t\t\t<div class=\"elementor-widget-container\">\n\t\t\t<div class=\"info_box elementor-consulting-info-box style_10\">\n\t<div class=\"icon\">\n\t\t<i class=\"fas fa-asterisk\"><\/i>\n\t<\/div>\n\t\t\t<div class=\"title\">\n\t\t\t<h4 class=\"no_stripe\">Zollabfertigungsdienste<\/h4>\n\t\t<\/div>\n\t\t<p>\u00c7\u00f6zen Customs Consultancy bietet schnelle und zuverl\u00e4ssige Zollabfertigungsdienste f\u00fcr Ihre Import- und Exportgesch\u00e4fte.<\/p>\n<a class=\"read_more\" target=\"_self\" href=\"https:\/\/cozengumruk.net\/de\/zollabfertigungsdienste\/\"><span>mehr lesen<\/span><span class=\"stm_icon\"><i class=\"fa fa-chevron-right\"><\/i><\/span><\/a><\/div>\n\t\t<\/div>\n\t\t\t\t<\/div>\n\t\t\t\t\t<\/div>\n\t\t<\/div>\n\t\t\t\t<div class=\"elementor-column elementor-col-33 elementor-top-column elementor-element elementor-element-16876e4\" data-id=\"16876e4\" data-element_type=\"column\">\n\t\t\t<div class=\"elementor-widget-wrap elementor-element-populated\">\n\t\t\t\t\t\t<div class=\"elementor-element elementor-element-8e5fc76 elementor-widget elementor-widget-stm_info_box\" data-id=\"8e5fc76\" data-element_type=\"widget\" data-widget_type=\"stm_info_box.default\">\n\t\t\t\t<div class=\"elementor-widget-container\">\n\t\t\t<div class=\"info_box elementor-consulting-info-box style_10\">\n\t<div class=\"icon\">\n\t\t<i class=\"stm-chart-refresh\"><\/i>\n\t<\/div>\n\t\t\t<div class=\"title\">\n\t\t\t<h4 class=\"no_stripe\">Beratung zur Gesetzgebung<\/h4>\n\t\t<\/div>\n\t\t<p>\u00c7\u00f6zen Customs Consultancy bietet Ihnen fachkundige Beratung zur Einhaltung der Handelsgesetze.<\/p>\n<a class=\"read_more\" target=\"_self\" href=\"https:\/\/cozengumruk.net\/de\/gesetzgebungsdienste\/\"><span>mehr lesen<\/span><span class=\"stm_icon\"><i class=\"fa fa-chevron-right\"><\/i><\/span><\/a><\/div>\n\t\t<\/div>\n\t\t\t\t<\/div>\n\t\t\t\t\t<\/div>\n\t\t<\/div>\n\t\t\t\t<div class=\"elementor-column elementor-col-33 elementor-top-column elementor-element elementor-element-9b1e741\" data-id=\"9b1e741\" data-element_type=\"column\">\n\t\t\t<div class=\"elementor-widget-wrap elementor-element-populated\">\n\t\t\t\t\t\t<div class=\"elementor-element elementor-element-a2b021c elementor-widget elementor-widget-stm_info_box\" data-id=\"a2b021c\" data-element_type=\"widget\" data-widget_type=\"stm_info_box.default\">\n\t\t\t\t<div class=\"elementor-widget-container\">\n\t\t\t<div class=\"info_box elementor-consulting-info-box style_10\">\n\t<div class=\"icon\">\n\t\t<i class=\"fas fa-compress\"><\/i>\n\t<\/div>\n\t\t\t<div class=\"title\">\n\t\t\t<h4 class=\"no_stripe\">YYS | AEO-Beratungsdienste<\/h4>\n\t\t<\/div>\n\t\t<p>\u00c7\u00f6zen Customs Consultancy bietet professionelle Beratungsdienste bei der Beschaffung von (YYS) und (AEO) Zertifikaten.<\/p>\n<a class=\"read_more\" target=\"_self\" href=\"https:\/\/cozengumruk.net\/de\/yys-aeo-services\/\"><span>mehr lesen<\/span><span class=\"stm_icon\"><i class=\"fa fa-chevron-right\"><\/i><\/span><\/a><\/div>\n\t\t<\/div>\n\t\t\t\t<\/div>\n\t\t\t\t\t<\/div>\n\t\t<\/div>\n\t\t\t\t\t<\/div>\n\t\t<\/section>\n\t\t\t\t<section class=\"elementor-section elementor-top-section elementor-element elementor-element-82e826f elementor-section-boxed elementor-section-height-default elementor-section-height-default\" data-id=\"82e826f\" data-element_type=\"section\" data-settings=\"{&quot;background_background&quot;:&quot;classic&quot;}\">\n\t\t\t\t\t\t<div class=\"elementor-container elementor-column-gap-default\">\n\t\t\t\t\t<div class=\"elementor-column elementor-col-33 elementor-top-column elementor-element elementor-element-7a0df89\" data-id=\"7a0df89\" data-element_type=\"column\">\n\t\t\t<div class=\"elementor-widget-wrap elementor-element-populated\">\n\t\t\t\t\t\t<div class=\"elementor-element elementor-element-8e8d91d elementor-widget elementor-widget-stm_info_box\" data-id=\"8e8d91d\" data-element_type=\"widget\" data-widget_type=\"stm_info_box.default\">\n\t\t\t\t<div class=\"elementor-widget-container\">\n\t\t\t<div class=\"info_box elementor-consulting-info-box style_10\">\n\t<div class=\"icon\">\n\t\t<i class=\"stm-ankara-search\"><\/i>\n\t<\/div>\n\t\t\t<div class=\"title\">\n\t\t\t<h4 class=\"no_stripe\">Vorbereitungsdienste f\u00fcr Zollinspektionen<\/h4>\n\t\t<\/div>\n\t\t<p>\u00c7\u00f6zen Customs Consultancy bietet Ihnen umfassende Unterst\u00fctzung bei der Vorbereitung auf Zollkontrollen.<\/p>\n<a class=\"read_more\" target=\"_self\" href=\"https:\/\/cozengumruk.net\/de\/vorbereitung-von-zollprufungen\/\"><span>mehr lesen<\/span><span class=\"stm_icon\"><i class=\"fa fa-chevron-right\"><\/i><\/span><\/a><\/div>\n\t\t<\/div>\n\t\t\t\t<\/div>\n\t\t\t\t\t<\/div>\n\t\t<\/div>\n\t\t\t\t<div class=\"elementor-column elementor-col-33 elementor-top-column elementor-element elementor-element-6525e30\" data-id=\"6525e30\" data-element_type=\"column\">\n\t\t\t<div class=\"elementor-widget-wrap elementor-element-populated\">\n\t\t\t\t\t\t<div class=\"elementor-element elementor-element-a20985d elementor-widget elementor-widget-stm_info_box\" data-id=\"a20985d\" data-element_type=\"widget\" data-widget_type=\"stm_info_box.default\">\n\t\t\t\t<div class=\"elementor-widget-container\">\n\t\t\t<div class=\"info_box elementor-consulting-info-box style_10\">\n\t<div class=\"icon\">\n\t\t<i class=\"fas fa-balance-scale\"><\/i>\n\t<\/div>\n\t\t\t<div class=\"title\">\n\t\t\t<h4 class=\"no_stripe\">Juristische Unterst\u00fctzungsdienste<\/h4>\n\t\t<\/div>\n\t\t<p>\u00c7\u00f6zen Customs Consultancy bietet fachkundige Unterst\u00fctzung bei rechtlichen Verfahren im Zusammenhang mit dem Handel.<\/p>\n<a class=\"read_more\" target=\"_self\" href=\"https:\/\/cozengumruk.net\/de\/juristische-unterstutzungsdienste\/\"><span>mehr lesen<\/span><span class=\"stm_icon\"><i class=\"fa fa-chevron-right\"><\/i><\/span><\/a><\/div>\n\t\t<\/div>\n\t\t\t\t<\/div>\n\t\t\t\t\t<\/div>\n\t\t<\/div>\n\t\t\t\t<div class=\"elementor-column elementor-col-33 elementor-top-column elementor-element elementor-element-c214c1f\" data-id=\"c214c1f\" data-element_type=\"column\">\n\t\t\t<div class=\"elementor-widget-wrap elementor-element-populated\">\n\t\t\t\t\t\t<div class=\"elementor-element elementor-element-2c57f99 elementor-widget elementor-widget-stm_info_box\" data-id=\"2c57f99\" data-element_type=\"widget\" data-widget_type=\"stm_info_box.default\">\n\t\t\t\t<div class=\"elementor-widget-container\">\n\t\t\t<div class=\"info_box elementor-consulting-info-box style_10\">\n\t<div class=\"icon\">\n\t\t<i class=\"stm-earth\"><\/i>\n\t<\/div>\n\t\t\t<div class=\"title\">\n\t\t\t<h4 class=\"no_stripe\">Beratungsdienste f\u00fcr Freizonen<\/h4>\n\t\t<\/div>\n\t\t<p>\u00c7\u00f6zen Customs Consultancy bietet professionelle Beratung f\u00fcr Ihre Freizonengesch\u00e4fte.<\/p>\n<a class=\"read_more\" target=\"_self\" href=\"https:\/\/cozengumruk.net\/de\/beratungsdienste-fur-freizonen\/\"><span>mehr lesen<\/span><span class=\"stm_icon\"><i class=\"fa fa-chevron-right\"><\/i><\/span><\/a><\/div>\n\t\t<\/div>\n\t\t\t\t<\/div>\n\t\t\t\t\t<\/div>\n\t\t<\/div>\n\t\t\t\t\t<\/div>\n\t\t<\/section>\n\t\t\t\t<section class=\"elementor-section elementor-top-section elementor-element elementor-element-031e7dd elementor-section-boxed elementor-section-height-default elementor-section-height-default\" data-id=\"031e7dd\" data-element_type=\"section\">\n\t\t\t\t\t\t<div class=\"elementor-container elementor-column-gap-default\">\n\t\t\t\t\t<div class=\"elementor-column elementor-col-33 elementor-top-column elementor-element elementor-element-00ca6d6\" data-id=\"00ca6d6\" data-element_type=\"column\">\n\t\t\t<div class=\"elementor-widget-wrap elementor-element-populated\">\n\t\t\t\t\t\t<div class=\"elementor-element elementor-element-252689d elementor-widget elementor-widget-stm_info_box\" data-id=\"252689d\" data-element_type=\"widget\" data-widget_type=\"stm_info_box.default\">\n\t\t\t\t<div class=\"elementor-widget-container\">\n\t\t\t<div class=\"info_box elementor-consulting-info-box style_10\">\n\t<div class=\"icon\">\n\t\t<i class=\"fas fa-parachute-box\"><\/i>\n\t<\/div>\n\t\t\t<div class=\"title\">\n\t\t\t<h4 class=\"no_stripe\">Interaktive Zolldienste<\/h4>\n\t\t<\/div>\n\t\t<p>\u00c7\u00f6zen Customs Consultancy bietet schnelle und effektive Zolldienstleistungen \u00fcber digitale Plattformen.<\/p>\n<a class=\"read_more\" target=\"_self\" href=\"https:\/\/cozengumruk.net\/de\/interaktive-zolldienste\/\"><span>mehr lesen<\/span><span class=\"stm_icon\"><i class=\"fa fa-chevron-right\"><\/i><\/span><\/a><\/div>\n\t\t<\/div>\n\t\t\t\t<\/div>\n\t\t\t\t\t<\/div>\n\t\t<\/div>\n\t\t\t\t<div class=\"elementor-column elementor-col-33 elementor-top-column elementor-element elementor-element-4ec204a\" data-id=\"4ec204a\" data-element_type=\"column\">\n\t\t\t<div class=\"elementor-widget-wrap elementor-element-populated\">\n\t\t\t\t\t\t<div class=\"elementor-element elementor-element-3d34fcd elementor-widget elementor-widget-stm_info_box\" data-id=\"3d34fcd\" data-element_type=\"widget\" data-widget_type=\"stm_info_box.default\">\n\t\t\t\t<div class=\"elementor-widget-container\">\n\t\t\t<div class=\"info_box elementor-consulting-info-box style_10\">\n\t<div class=\"icon\">\n\t\t<i class=\"fas fa-pencil-alt\"><\/i>\n\t<\/div>\n\t\t\t<div class=\"title\">\n\t\t\t<h4 class=\"no_stripe\">Bildungsdienstleistungen<\/h4>\n\t\t<\/div>\n\t\t<p>\u00c7\u00f6zen Customs Consultancy bietet Ihnen umfassende Schulungen zur Spezialisierung in Zoll- und Au\u00dfenhandelsfragen.<\/p>\n<a class=\"read_more\" target=\"_self\" href=\"https:\/\/cozengumruk.net\/de\/bildungsdienstleistungen\/\"><span>mehr lesen<\/span><span class=\"stm_icon\"><i class=\"fa fa-chevron-right\"><\/i><\/span><\/a><\/div>\n\t\t<\/div>\n\t\t\t\t<\/div>\n\t\t\t\t\t<\/div>\n\t\t<\/div>\n\t\t\t\t<div class=\"elementor-column elementor-col-33 elementor-top-column elementor-element elementor-element-a053bd8\" data-id=\"a053bd8\" data-element_type=\"column\">\n\t\t\t<div class=\"elementor-widget-wrap elementor-element-populated\">\n\t\t\t\t\t\t<div class=\"elementor-element elementor-element-fbe54ce elementor-widget elementor-widget-stm_info_box\" data-id=\"fbe54ce\" data-element_type=\"widget\" data-widget_type=\"stm_info_box.default\">\n\t\t\t\t<div class=\"elementor-widget-container\">\n\t\t\t<div class=\"info_box elementor-consulting-info-box style_10\">\n\t<div class=\"icon\">\n\t\t<i class=\"fas fa-grip-horizontal\"><\/i>\n\t<\/div>\n\t\t\t<div class=\"title\">\n\t\t\t<h4 class=\"no_stripe\">Andere Dienstleistungen<\/h4>\n\t\t<\/div>\n\t\t<p>\u00c7\u00f6zen Customs Consultancy bietet verschiedene zus\u00e4tzliche Dienstleistungen an, die speziell auf Ihre Bed\u00fcrfnisse im Bereich Zoll und Au\u00dfenhandel zugeschnitten sind.<\/p>\n<div class=\"notranslate\" style=\"all: initial;\">\u00a0<\/div>\n<a class=\"read_more\" target=\"_self\" href=\"https:\/\/cozengumruk.net\/de\/andere-zolldienste\/\"><span>mehr lesen<\/span><span class=\"stm_icon\"><i class=\"fa fa-chevron-right\"><\/i><\/span><\/a><\/div>\n\t\t<\/div>\n\t\t\t\t<\/div>\n\t\t\t\t\t<\/div>\n\t\t<\/div>\n\t\t\t\t\t<\/div>\n\t\t<\/section>\n\t\t<div class=\"elementor-element elementor-element-bb4562a e-flex e-con-boxed e-con e-parent\" data-id=\"bb4562a\" data-element_type=\"container\">\n\t\t\t\t\t<div class=\"e-con-inner\">\n\t\t\t\t<div class=\"elementor-element elementor-element-2d5512c elementor-hidden-mobile elementor-widget elementor-widget-stm_info_box\" data-id=\"2d5512c\" data-element_type=\"widget\" data-widget_type=\"stm_info_box.default\">\n\t\t\t\t<div class=\"elementor-widget-container\">\n\t\t\t<div class=\"info_box elementor-consulting-info-box style_10\">\n\t<div class=\"icon\">\n\t\t<i class=\"stm-worldwide-shipping\"><\/i>\n\t<\/div>\n\t\t\t<div class=\"title\">\n\t\t\t<h4 class=\"no_stripe\">Logistische Dienstleistungen<\/h4>\n\t\t<\/div>\n\t\t<p>\u00c7\u00f6zen Customs Consultancy verwaltet alle Ihre Logistikprozesse effektiv und effizient. Sie beschleunigt und erleichtert Ihr Gesch\u00e4ft mit Transport-, Lager- und Vertriebsl\u00f6sungen.<\/p>\n<a class=\"read_more\" target=\"_self\" href=\"https:\/\/cozengumruk.net\/de\/logistikdienstleistungen\/\"><span>mehr lesen<\/span><span class=\"stm_icon\"><i class=\"fa fa-chevron-right\"><\/i><\/span><\/a><\/div>\n\t\t<\/div>\n\t\t\t\t<\/div>\n\t\t\t\t<div class=\"elementor-element elementor-element-c890b8c elementor-hidden-desktop elementor-hidden-tablet elementor-widget elementor-widget-stm_info_box\" data-id=\"c890b8c\" data-element_type=\"widget\" data-widget_type=\"stm_info_box.default\">\n\t\t\t\t<div class=\"elementor-widget-container\">\n\t\t\t<div class=\"info_box elementor-consulting-info-box style_10\">\n\t<div class=\"icon\">\n\t\t<i class=\"stm-worldwide-shipping\"><\/i>\n\t<\/div>\n\t\t\t<div class=\"title\">\n\t\t\t<h4 class=\"no_stripe\">Logistische Dienstleistungen<\/h4>\n\t\t<\/div>\n\t\t<p>\u00c7\u00f6zen Customs Consultancy verwaltet alle Ihre Logistikprozesse effektiv und effizient. Sie beschleunigt und erleichtert Ihr Gesch\u00e4ft mit Transport-, Lager- und Vertriebsl\u00f6sungen.<\/p>\n<a class=\"read_more\" target=\"_self\" href=\"https:\/\/cozengumruk.net\/de\/logistikdienstleistungen\/\"><span>mehr lesen<\/span><span class=\"stm_icon\"><i class=\"fa fa-chevron-right\"><\/i><\/span><\/a><\/div>\n\t\t<\/div>\n\t\t\t\t<\/div>\n\t\t\t\t\t<\/div>\n\t\t\t\t<\/div>\n\t\t\t\t<\/div>","protected":false},"excerpt":{"rendered":"<p>Bilindi\u011fi \u00fczere &#8221;Sonradan Kontrol&#8221;, 4458 say\u0131l\u0131 G\u00fcmr\u00fck Kanunu\u2019nun 73 \u00fcnc\u00fc maddesi uyar\u0131nca, e\u015fyan\u0131n tesliminden sonra g\u00fcmr\u00fck idaresine beyan edilen bilgilerin do\u011frulu\u011funu saptamak amac\u0131yla, y\u00fck\u00fcml\u00fclerin ithalat veya ihracat i\u015flemlerinin veya sonraki ticari i\u015flemlere ili\u015fkin ticari belge ve verilerinin, kendilerine ait yerlerde G\u00fcmr\u00fck M\u00fcfetti\u015fleri taraf\u0131ndan denetlenmesidir. Bu denetlemeler ger\u00e7ek ve t\u00fczel ki\u015filerin\u00a0g\u00fcmr\u00fck mevzuat\u0131 ve ilgili di\u011fer mevzuatta<\/p>","protected":false},"author":1,"featured_media":0,"parent":0,"menu_order":0,"comment_status":"closed","ping_status":"closed","template":"","meta":{"footnotes":""},"class_list":["post-7612","page","type-page","status-publish","hentry"],"_links":{"self":[{"href":"https:\/\/cozengumruk.net\/de\/wp-json\/wp\/v2\/pages\/7612","targetHints":{"allow":["GET"]}}],"collection":[{"href":"https:\/\/cozengumruk.net\/de\/wp-json\/wp\/v2\/pages"}],"about":[{"href":"https:\/\/cozengumruk.net\/de\/wp-json\/wp\/v2\/types\/page"}],"author":[{"embeddable":true,"href":"https:\/\/cozengumruk.net\/de\/wp-json\/wp\/v2\/users\/1"}],"replies":[{"embeddable":true,"href":"https:\/\/cozengumruk.net\/de\/wp-json\/wp\/v2\/comments?post=7612"}],"version-history":[{"count":7,"href":"https:\/\/cozengumruk.net\/de\/wp-json\/wp\/v2\/pages\/7612\/revisions"}],"predecessor-version":[{"id":7675,"href":"https:\/\/cozengumruk.net\/de\/wp-json\/wp\/v2\/pages\/7612\/revisions\/7675"}],"wp:attachment":[{"href":"https:\/\/cozengumruk.net\/de\/wp-json\/wp\/v2\/media?parent=7612"}],"curies":[{"name":"wp","href":"https:\/\/api.w.org\/{rel}","templated":true}]}}