{"id":7617,"date":"2024-07-26T10:57:55","date_gmt":"2024-07-26T07:57:55","guid":{"rendered":"https:\/\/cozengumruk.net\/?page_id=7617"},"modified":"2024-07-26T12:09:24","modified_gmt":"2024-07-26T09:09:24","slug":"hukuki-destek-hizmetleri","status":"publish","type":"page","link":"https:\/\/cozengumruk.net\/de\/juristische-unterstutzungsdienste\/","title":{"rendered":"Juristische Unterst\u00fctzungsdienste"},"content":{"rendered":"<div data-elementor-type=\"wp-page\" data-elementor-id=\"7617\" class=\"elementor elementor-7617\" data-elementor-post-type=\"page\">\n\t\t\t\t<div class=\"elementor-element elementor-element-a269fe7 e-flex e-con-boxed e-con e-parent\" data-id=\"a269fe7\" data-element_type=\"container\">\n\t\t\t\t\t<div class=\"e-con-inner\">\n\t\t\t\t<div class=\"elementor-element elementor-element-274460c elementor-widget elementor-widget-text-editor\" data-id=\"274460c\" data-element_type=\"widget\" data-widget_type=\"text-editor.default\">\n\t\t\t\t<div class=\"elementor-widget-container\">\n\t\t\t\t\t\t\t<div class=\"description\">\n<p>Erfolgreiche Vertretung nationaler und internationaler wertvoller Organisationen im Bereich des Au\u00dfenhandels bei Zollverwaltungen und anderen damit verbundenen \u00f6ffentlichen Einrichtungen und Organisationen <strong>SOLEN ZOLLABWICKLUNG<\/strong> und verf\u00fcgt \u00fcber ein hohes Ma\u00df an Erfahrung und Know-how bei der Einlegung von Rechtsmitteln und der L\u00f6sung\/Entscheidung von verwaltungstechnischen und rechtlichen Streitigkeiten, die zwischen diesen Organisationen und den Zollverwaltungen w\u00e4hrend oder vor\/nach der Zollabfertigung von Waren auftreten.<\/p>\n<p>\u00c7\u00d6ZEN G\u00dcMR\u00dcK M\u00dc\u015eAV\u0130RL\u0130\u011e\u0130 mit dieser Erfahrung und dem \u00fcber viele Jahre hinweg erworbenen Wissen;\u00a0\u00a0<\/p>\n<ul>\n<li>Sie analysiert die technischen, administrativen und rechtlichen Streitigkeiten mit den Zollverwaltungen mit dem von ihr eingerichteten Risikokontrolldienst, nimmt eine Konformit\u00e4tsbewertung vor und erstellt anschlie\u00dfend einen Bewertungsbericht zu diesem Thema.<\/li>\n<li>Sie wertet diesen gemeinsam mit Rechtsexperten aus dem Bereich des Zoll- und Au\u00dfenhandelsrechts, mit denen sie seit vielen Jahren als L\u00f6sungspartner zusammenarbeitet, erstellten Evaluierungsbericht aus und f\u00fchrt die notwendigen Arbeiten durch, um diese Unvereinbarkeiten und Risiken, die aus verschiedenen Gr\u00fcnden entstehen k\u00f6nnen, schnellstm\u00f6glich, effektiv und pr\u00e4zise zu beheben.<\/li>\n<li>Bei \u00c7\u00f6zen Customs Brokerage wird der Verfolgung von administrativen Einspruchs- und Prozessfristen h\u00f6chste Aufmerksamkeit gewidmet, diese Fristen und alle anderen Fragen werden in einer computerisierten Umgebung aufgezeichnet und \u00fcberwacht und alle relevanten Parteien werden sofort \u00fcber diese und \u00e4hnliche Fragen informiert. Rechtstexte, die sicherstellen, dass administrative und rechtliche Ma\u00dfnahmen rechtzeitig ergriffen werden, werden in \u00dcbereinstimmung mit dem Gesetz sorgf\u00e4ltig entworfen und vorbereitet, und die notwendigen Arbeiten f\u00fcr die Umsetzung werden mit gro\u00dfer Sorgfalt durchgef\u00fchrt.\u00a0\n<\/li>\n<\/ul>\n<p>Pr\u00e4zedenzentscheidungen - Rechtsprechung (von Zollverwaltungen und\/oder Gerichten), die die lebendigen und realen Beweise vergangener Aktivit\u00e4ten sind, die sowohl Anw\u00e4lten als auch Richtern und Staatsanw\u00e4lten, die die anderen konstituierenden Elemente des Justizwesens sind, in Bezug auf die Anwendung des Rechts Licht geben, werden sowohl in traditioneller als auch in elektronischer Umgebung sorgf\u00e4ltig archiviert, indem sie von einem einzigen Zentrum auf Unternehmensbasis in \u00c7\u00f6zen Customs Brokerage kontrolliert und verfolgt werden. Voruntersuchungen, Abstimmungen, verwaltungsrechtliche Einspr\u00fcche, verwaltungsrechtliche Rechtsbehelfe, verwaltungsrechtliche Streitigkeiten und Verfahren usw., die zwischen den Zollverwaltungen und den von uns beratenen Unternehmen entstehen, werden auf der Grundlage dieser archivierten Pr\u00e4zedenzentscheidungen (Rechtsprechung) durchgef\u00fchrt. Dar\u00fcber hinaus k\u00f6nnen unsere Kunden mit den in unserem Unternehmen entwickelten Hardware-, Software- und Infrastrukturprodukten alle juristischen Prozesse der technischen Verwaltungs- und Rechtsstreitigkeiten mit den Zollverwaltungen und anderen verwandten Institutionen und Organisationen pers\u00f6nlich verfolgen und kontrollieren.\u00a0<\/p>\n<p>Zu den rechtlichen Unterst\u00fctzungsleistungen von \u00c7\u00f6zen Customs Consultancy;<\/p>\n<ul>\n<li>Bewertung der \u00dcbereinstimmung der von den mit den Zoll- und Au\u00dfenhandelsgesetzen verbundenen Institutionen festgestellten Vorg\u00e4nge mit den Zoll-, Au\u00dfenhandels- und Devisengesetzen und Korrektur oder Aufhebung dieser Vorg\u00e4nge durch eine Verwaltungsentscheidung oder durch die Einleitung eines Verwaltungsstreits,<\/li>\n<li>Beantragung einer Berichtigung der von der Zollverwaltung geforderten Z\u00f6lle und Gelder mit der Begr\u00fcndung, dass sie bei der Einfuhr der Waren nie oder nur unvollst\u00e4ndig entrichtet wurden, Erhebung eines Widerspruchs, Einreichung einer Klage bei den Steuergerichten und Anfechtung der Gerichtsentscheidungen vor dem Staatsrat,\u00a0<\/li>\n<li>Nr. 5607 Gesetz zur Bek\u00e4mpfung des Schmuggels (Anti-Smuggling Law No. 5607), wobei wir die notwendigen Beurteilungen der Strafanzeigen vornehmen, die an unsere Kunden gerichtet werden und in denen behauptet wird, dass eine der im Gesetz zur Bek\u00e4mpfung des Schmuggels genannten Handlungen begangen wurde, und deren Verteidigung vorbereiten<\/li>\n<\/ul>\n<p>Dienstleistungen sind ebenfalls verf\u00fcgbar.<\/p>\n<p>Kurz gesagt, es gibt unz\u00e4hlige Vorteile in Bezug auf den Schutz der Rechte von Unternehmen, die Beseitigung ihrer Beschwerden und die Minimierung der Kosten, wenn sie von dem langj\u00e4hrigen Wissen und der Erfahrung von \u00c7\u00d6ZEN CUSTOMS CONSULTANCY profitieren. \u00c7\u00f6zen genie\u00dft das Privileg, seinen gesch\u00e4tzten Kunden professionelle Zollabfertigungs- und Au\u00dfenhandelsdienstleistungen zu bieten, indem es sie in allen oben genannten Prozessen korrekt anleitet.<\/p>\n<\/div>\n\t\t\t\t\t\t<\/div>\n\t\t\t\t<\/div>\n\t\t\t\t\t<\/div>\n\t\t\t\t<\/div>\n\t\t\t\t<section class=\"elementor-section elementor-top-section elementor-element elementor-element-fa0a35b elementor-section-boxed elementor-section-height-default elementor-section-height-default\" data-id=\"fa0a35b\" data-element_type=\"section\" data-settings=\"{&quot;background_background&quot;:&quot;classic&quot;}\">\n\t\t\t\t\t\t<div class=\"elementor-container elementor-column-gap-default\">\n\t\t\t\t\t<div class=\"elementor-column elementor-col-100 elementor-top-column elementor-element elementor-element-3962fda\" data-id=\"3962fda\" data-element_type=\"column\">\n\t\t\t<div class=\"elementor-widget-wrap elementor-element-populated\">\n\t\t\t\t\t\t<section class=\"elementor-section elementor-top-section elementor-element elementor-element-957b8b0 elementor-section-boxed elementor-section-height-default elementor-section-height-default\" data-id=\"957b8b0\" data-element_type=\"section\">\n\t\t\t\t\t\t<div class=\"elementor-container elementor-column-gap-default\">\n\t\t\t\t\t<div class=\"elementor-column elementor-col-100 elementor-top-column elementor-element elementor-element-adf2ee9\" data-id=\"adf2ee9\" data-element_type=\"column\">\n\t\t\t<div class=\"elementor-widget-wrap elementor-element-populated\">\n\t\t\t\t\t\t<div class=\"elementor-element elementor-element-ac7c14f elementor-widget elementor-widget-vc_custom_heading\" data-id=\"ac7c14f\" data-element_type=\"widget\" data-widget_type=\"vc_custom_heading.default\">\n\t\t\t\t<div class=\"elementor-widget-container\">\n\t\t\t<div class=\"vc_custom_heading no_stripe consulting_heading_font  text_align_center has_subtitle\" ><h4 style=\"font-size: 35px;color: #000000;text-align: center;line-height: 45px;font-weight:700\" class=\"consulting-custom-title\">Wir sind an Ihrer Seite, um die f\u00fcr Sie am besten geeigneten L\u00f6sungen zu entwickeln\n<span class=\"subtitle\" style=\"color:#2A2A2A\"><br>Um die Bed\u00fcrfnisse unserer gesch\u00e4tzten Kunden bestm\u00f6glich zu erf\u00fcllen, sind wir bereit, Ihren Erwartungen und Anforderungen aufmerksam zuzuh\u00f6ren. <br>Gemeinsam ermitteln wir die f\u00fcr Sie am besten geeigneten Strategien mit unseren Innovationen und ma\u00dfgeschneiderten L\u00f6sungen.<\/span><\/h4><\/div>\t\t<\/div>\n\t\t\t\t<\/div>\n\t\t\t\t<div class=\"elementor-element elementor-element-4965518 elementor-align-center elementor-widget elementor-widget-button\" data-id=\"4965518\" data-element_type=\"widget\" data-widget_type=\"button.default\">\n\t\t\t\t<div class=\"elementor-widget-container\">\n\t\t\t\t\t\t\t<div class=\"elementor-button-wrapper icon_align_row-reverse\">\n\t\t\t\t\t<a class=\"elementor-button elementor-button-link elementor-size-sm\" href=\"https:\/\/cozengumruk.net\/de\/kommunikation\/\">\n\t\t\t\t\t\t<span class=\"elementor-button-content-wrapper\">\n\t\t\t\t\t\t<span class=\"elementor-button-icon\">\n\t\t\t\t<i aria-hidden=\"true\" class=\"stm-lnr-arrow-right\"><\/i>\t\t\t<\/span>\n\t\t\t\t\t\t\t\t\t<span class=\"elementor-button-text\">Treffen mit Solving Customs<\/span>\n\t\t\t\t\t<\/span>\n\t\t\t\t\t<\/a>\n\t\t\t\t<\/div>\n\t\t\t\t\t\t<\/div>\n\t\t\t\t<\/div>\n\t\t\t\t\t<\/div>\n\t\t<\/div>\n\t\t\t\t\t<\/div>\n\t\t<\/section>\n\t\t\t\t\t<\/div>\n\t\t<\/div>\n\t\t\t\t\t<\/div>\n\t\t<\/section>\n\t\t<div class=\"elementor-element elementor-element-e9e23d2 e-flex e-con-boxed e-con e-parent\" data-id=\"e9e23d2\" data-element_type=\"container\">\n\t\t\t\t\t<div class=\"e-con-inner\">\n\t\t\t\t<div class=\"elementor-element elementor-element-0de50e3 elementor-widget elementor-widget-heading\" data-id=\"0de50e3\" data-element_type=\"widget\" data-widget_type=\"heading.default\">\n\t\t\t\t<div class=\"elementor-widget-container\">\n\t\t\t<h2 class=\"elementor-heading-title elementor-size-default\">Unsere Dienstleistungen<\/h2>\t\t<\/div>\n\t\t\t\t<\/div>\n\t\t\t\t\t<\/div>\n\t\t\t\t<\/div>\n\t\t\t\t<section class=\"elementor-section elementor-top-section elementor-element elementor-element-d422721 elementor-section-boxed elementor-section-height-default elementor-section-height-default\" data-id=\"d422721\" data-element_type=\"section\" data-settings=\"{&quot;background_background&quot;:&quot;classic&quot;}\">\n\t\t\t\t\t\t<div class=\"elementor-container elementor-column-gap-default\">\n\t\t\t\t\t<div class=\"elementor-column elementor-col-33 elementor-top-column elementor-element elementor-element-1200b76\" data-id=\"1200b76\" data-element_type=\"column\">\n\t\t\t<div class=\"elementor-widget-wrap elementor-element-populated\">\n\t\t\t\t\t\t<div class=\"elementor-element elementor-element-2f07a7c elementor-widget elementor-widget-stm_info_box\" data-id=\"2f07a7c\" data-element_type=\"widget\" data-widget_type=\"stm_info_box.default\">\n\t\t\t\t<div class=\"elementor-widget-container\">\n\t\t\t<div class=\"info_box elementor-consulting-info-box style_10\">\n\t<div class=\"icon\">\n\t\t<i class=\"fas fa-asterisk\"><\/i>\n\t<\/div>\n\t\t\t<div class=\"title\">\n\t\t\t<h4 class=\"no_stripe\">Zollabfertigungsdienste<\/h4>\n\t\t<\/div>\n\t\t<p>\u00c7\u00f6zen Customs Consultancy bietet schnelle und zuverl\u00e4ssige Zollabfertigungsdienste f\u00fcr Ihre Import- und Exportgesch\u00e4fte.<\/p>\n<a class=\"read_more\" target=\"_self\" href=\"https:\/\/cozengumruk.net\/de\/zollabfertigungsdienste\/\"><span>mehr lesen<\/span><span class=\"stm_icon\"><i class=\"fa fa-chevron-right\"><\/i><\/span><\/a><\/div>\n\t\t<\/div>\n\t\t\t\t<\/div>\n\t\t\t\t\t<\/div>\n\t\t<\/div>\n\t\t\t\t<div class=\"elementor-column elementor-col-33 elementor-top-column elementor-element elementor-element-5008b50\" data-id=\"5008b50\" data-element_type=\"column\">\n\t\t\t<div class=\"elementor-widget-wrap elementor-element-populated\">\n\t\t\t\t\t\t<div class=\"elementor-element elementor-element-3f6301b elementor-widget elementor-widget-stm_info_box\" data-id=\"3f6301b\" data-element_type=\"widget\" data-widget_type=\"stm_info_box.default\">\n\t\t\t\t<div class=\"elementor-widget-container\">\n\t\t\t<div class=\"info_box elementor-consulting-info-box style_10\">\n\t<div class=\"icon\">\n\t\t<i class=\"stm-chart-refresh\"><\/i>\n\t<\/div>\n\t\t\t<div class=\"title\">\n\t\t\t<h4 class=\"no_stripe\">Beratung zur Gesetzgebung<\/h4>\n\t\t<\/div>\n\t\t<p>\u00c7\u00f6zen Customs Consultancy bietet Ihnen fachkundige Beratung zur Einhaltung der Handelsgesetze.<\/p>\n<a class=\"read_more\" target=\"_self\" href=\"https:\/\/cozengumruk.net\/de\/gesetzgebungsdienste\/\"><span>mehr lesen<\/span><span class=\"stm_icon\"><i class=\"fa fa-chevron-right\"><\/i><\/span><\/a><\/div>\n\t\t<\/div>\n\t\t\t\t<\/div>\n\t\t\t\t\t<\/div>\n\t\t<\/div>\n\t\t\t\t<div class=\"elementor-column elementor-col-33 elementor-top-column elementor-element elementor-element-69a60f4\" data-id=\"69a60f4\" data-element_type=\"column\">\n\t\t\t<div class=\"elementor-widget-wrap elementor-element-populated\">\n\t\t\t\t\t\t<div class=\"elementor-element elementor-element-4cfac06 elementor-widget elementor-widget-stm_info_box\" data-id=\"4cfac06\" data-element_type=\"widget\" data-widget_type=\"stm_info_box.default\">\n\t\t\t\t<div class=\"elementor-widget-container\">\n\t\t\t<div class=\"info_box elementor-consulting-info-box style_10\">\n\t<div class=\"icon\">\n\t\t<i class=\"fas fa-compress\"><\/i>\n\t<\/div>\n\t\t\t<div class=\"title\">\n\t\t\t<h4 class=\"no_stripe\">YYS | AEO-Beratungsdienste<\/h4>\n\t\t<\/div>\n\t\t<p>\u00c7\u00f6zen Customs Consultancy bietet professionelle Beratungsdienste bei der Beschaffung von (YYS) und (AEO) Zertifikaten.<\/p>\n<a class=\"read_more\" target=\"_self\" href=\"https:\/\/cozengumruk.net\/de\/yys-aeo-services\/\"><span>mehr lesen<\/span><span class=\"stm_icon\"><i class=\"fa fa-chevron-right\"><\/i><\/span><\/a><\/div>\n\t\t<\/div>\n\t\t\t\t<\/div>\n\t\t\t\t\t<\/div>\n\t\t<\/div>\n\t\t\t\t\t<\/div>\n\t\t<\/section>\n\t\t\t\t<section class=\"elementor-section elementor-top-section elementor-element elementor-element-063a75a elementor-section-boxed elementor-section-height-default elementor-section-height-default\" data-id=\"063a75a\" data-element_type=\"section\" data-settings=\"{&quot;background_background&quot;:&quot;classic&quot;}\">\n\t\t\t\t\t\t<div class=\"elementor-container elementor-column-gap-default\">\n\t\t\t\t\t<div class=\"elementor-column elementor-col-33 elementor-top-column elementor-element elementor-element-43b2b64\" data-id=\"43b2b64\" data-element_type=\"column\">\n\t\t\t<div class=\"elementor-widget-wrap elementor-element-populated\">\n\t\t\t\t\t\t<div class=\"elementor-element elementor-element-667c0c7 elementor-widget elementor-widget-stm_info_box\" data-id=\"667c0c7\" data-element_type=\"widget\" data-widget_type=\"stm_info_box.default\">\n\t\t\t\t<div class=\"elementor-widget-container\">\n\t\t\t<div class=\"info_box elementor-consulting-info-box style_10\">\n\t<div class=\"icon\">\n\t\t<i class=\"stm-ankara-search\"><\/i>\n\t<\/div>\n\t\t\t<div class=\"title\">\n\t\t\t<h4 class=\"no_stripe\">Vorbereitungsdienste f\u00fcr Zollinspektionen<\/h4>\n\t\t<\/div>\n\t\t<p>\u00c7\u00f6zen Customs Consultancy bietet Ihnen umfassende Unterst\u00fctzung bei der Vorbereitung auf Zollkontrollen.<\/p>\n<a class=\"read_more\" target=\"_self\" href=\"https:\/\/cozengumruk.net\/de\/vorbereitung-von-zollprufungen\/\"><span>mehr lesen<\/span><span class=\"stm_icon\"><i class=\"fa fa-chevron-right\"><\/i><\/span><\/a><\/div>\n\t\t<\/div>\n\t\t\t\t<\/div>\n\t\t\t\t\t<\/div>\n\t\t<\/div>\n\t\t\t\t<div class=\"elementor-column elementor-col-33 elementor-top-column elementor-element elementor-element-3101268\" data-id=\"3101268\" data-element_type=\"column\">\n\t\t\t<div class=\"elementor-widget-wrap elementor-element-populated\">\n\t\t\t\t\t\t<div class=\"elementor-element elementor-element-0e9a8c4 elementor-widget elementor-widget-stm_info_box\" data-id=\"0e9a8c4\" data-element_type=\"widget\" data-widget_type=\"stm_info_box.default\">\n\t\t\t\t<div class=\"elementor-widget-container\">\n\t\t\t<div class=\"info_box elementor-consulting-info-box style_10\">\n\t<div class=\"icon\">\n\t\t<i class=\"fas fa-balance-scale\"><\/i>\n\t<\/div>\n\t\t\t<div class=\"title\">\n\t\t\t<h4 class=\"no_stripe\">Juristische Unterst\u00fctzungsdienste<\/h4>\n\t\t<\/div>\n\t\t<p>\u00c7\u00f6zen Customs Consultancy bietet fachkundige Unterst\u00fctzung bei rechtlichen Verfahren im Zusammenhang mit dem Handel.<\/p>\n<a class=\"read_more\" target=\"_self\" href=\"https:\/\/cozengumruk.net\/de\/juristische-unterstutzungsdienste\/\"><span>mehr lesen<\/span><span class=\"stm_icon\"><i class=\"fa fa-chevron-right\"><\/i><\/span><\/a><\/div>\n\t\t<\/div>\n\t\t\t\t<\/div>\n\t\t\t\t\t<\/div>\n\t\t<\/div>\n\t\t\t\t<div class=\"elementor-column elementor-col-33 elementor-top-column elementor-element elementor-element-2289dc5\" data-id=\"2289dc5\" data-element_type=\"column\">\n\t\t\t<div class=\"elementor-widget-wrap elementor-element-populated\">\n\t\t\t\t\t\t<div class=\"elementor-element elementor-element-2fbaf78 elementor-widget elementor-widget-stm_info_box\" data-id=\"2fbaf78\" data-element_type=\"widget\" data-widget_type=\"stm_info_box.default\">\n\t\t\t\t<div class=\"elementor-widget-container\">\n\t\t\t<div class=\"info_box elementor-consulting-info-box style_10\">\n\t<div class=\"icon\">\n\t\t<i class=\"stm-earth\"><\/i>\n\t<\/div>\n\t\t\t<div class=\"title\">\n\t\t\t<h4 class=\"no_stripe\">Beratungsdienste f\u00fcr Freizonen<\/h4>\n\t\t<\/div>\n\t\t<p>\u00c7\u00f6zen Customs Consultancy bietet professionelle Beratung f\u00fcr Ihre Freizonengesch\u00e4fte.<\/p>\n<a class=\"read_more\" target=\"_self\" href=\"https:\/\/cozengumruk.net\/de\/beratungsdienste-fur-freizonen\/\"><span>mehr lesen<\/span><span class=\"stm_icon\"><i class=\"fa fa-chevron-right\"><\/i><\/span><\/a><\/div>\n\t\t<\/div>\n\t\t\t\t<\/div>\n\t\t\t\t\t<\/div>\n\t\t<\/div>\n\t\t\t\t\t<\/div>\n\t\t<\/section>\n\t\t\t\t<section class=\"elementor-section elementor-top-section elementor-element elementor-element-ca6632e elementor-section-boxed elementor-section-height-default elementor-section-height-default\" data-id=\"ca6632e\" data-element_type=\"section\">\n\t\t\t\t\t\t<div class=\"elementor-container elementor-column-gap-default\">\n\t\t\t\t\t<div class=\"elementor-column elementor-col-33 elementor-top-column elementor-element elementor-element-09c1146\" data-id=\"09c1146\" data-element_type=\"column\">\n\t\t\t<div class=\"elementor-widget-wrap elementor-element-populated\">\n\t\t\t\t\t\t<div class=\"elementor-element elementor-element-dbf8ed4 elementor-widget elementor-widget-stm_info_box\" data-id=\"dbf8ed4\" data-element_type=\"widget\" data-widget_type=\"stm_info_box.default\">\n\t\t\t\t<div class=\"elementor-widget-container\">\n\t\t\t<div class=\"info_box elementor-consulting-info-box style_10\">\n\t<div class=\"icon\">\n\t\t<i class=\"fas fa-parachute-box\"><\/i>\n\t<\/div>\n\t\t\t<div class=\"title\">\n\t\t\t<h4 class=\"no_stripe\">Interaktive Zolldienste<\/h4>\n\t\t<\/div>\n\t\t<p>\u00c7\u00f6zen Customs Consultancy bietet schnelle und effektive Zolldienstleistungen \u00fcber digitale Plattformen.<\/p>\n<a class=\"read_more\" target=\"_self\" href=\"https:\/\/cozengumruk.net\/de\/interaktive-zolldienste\/\"><span>mehr lesen<\/span><span class=\"stm_icon\"><i class=\"fa fa-chevron-right\"><\/i><\/span><\/a><\/div>\n\t\t<\/div>\n\t\t\t\t<\/div>\n\t\t\t\t\t<\/div>\n\t\t<\/div>\n\t\t\t\t<div class=\"elementor-column elementor-col-33 elementor-top-column elementor-element elementor-element-0c5c7e1\" data-id=\"0c5c7e1\" data-element_type=\"column\">\n\t\t\t<div class=\"elementor-widget-wrap elementor-element-populated\">\n\t\t\t\t\t\t<div class=\"elementor-element elementor-element-91efa43 elementor-widget elementor-widget-stm_info_box\" data-id=\"91efa43\" data-element_type=\"widget\" data-widget_type=\"stm_info_box.default\">\n\t\t\t\t<div class=\"elementor-widget-container\">\n\t\t\t<div class=\"info_box elementor-consulting-info-box style_10\">\n\t<div class=\"icon\">\n\t\t<i class=\"fas fa-pencil-alt\"><\/i>\n\t<\/div>\n\t\t\t<div class=\"title\">\n\t\t\t<h4 class=\"no_stripe\">Bildungsdienstleistungen<\/h4>\n\t\t<\/div>\n\t\t<p>\u00c7\u00f6zen Customs Consultancy bietet Ihnen umfassende Schulungen zur Spezialisierung in Zoll- und Au\u00dfenhandelsfragen.<\/p>\n<a class=\"read_more\" target=\"_self\" href=\"https:\/\/cozengumruk.net\/de\/bildungsdienstleistungen\/\"><span>mehr lesen<\/span><span class=\"stm_icon\"><i class=\"fa fa-chevron-right\"><\/i><\/span><\/a><\/div>\n\t\t<\/div>\n\t\t\t\t<\/div>\n\t\t\t\t\t<\/div>\n\t\t<\/div>\n\t\t\t\t<div class=\"elementor-column elementor-col-33 elementor-top-column elementor-element elementor-element-5c86317\" data-id=\"5c86317\" data-element_type=\"column\">\n\t\t\t<div class=\"elementor-widget-wrap elementor-element-populated\">\n\t\t\t\t\t\t<div class=\"elementor-element elementor-element-edb760b elementor-widget elementor-widget-stm_info_box\" data-id=\"edb760b\" data-element_type=\"widget\" data-widget_type=\"stm_info_box.default\">\n\t\t\t\t<div class=\"elementor-widget-container\">\n\t\t\t<div class=\"info_box elementor-consulting-info-box style_10\">\n\t<div class=\"icon\">\n\t\t<i class=\"fas fa-grip-horizontal\"><\/i>\n\t<\/div>\n\t\t\t<div class=\"title\">\n\t\t\t<h4 class=\"no_stripe\">Andere Dienstleistungen<\/h4>\n\t\t<\/div>\n\t\t<p>\u00c7\u00f6zen Customs Consultancy bietet verschiedene zus\u00e4tzliche Dienstleistungen an, die speziell auf Ihre Bed\u00fcrfnisse im Bereich Zoll und Au\u00dfenhandel zugeschnitten sind.<\/p>\n<div class=\"notranslate\" style=\"all: initial;\">\u00a0<\/div>\n<a class=\"read_more\" target=\"_self\" href=\"https:\/\/cozengumruk.net\/de\/andere-zolldienste\/\"><span>mehr lesen<\/span><span class=\"stm_icon\"><i class=\"fa fa-chevron-right\"><\/i><\/span><\/a><\/div>\n\t\t<\/div>\n\t\t\t\t<\/div>\n\t\t\t\t\t<\/div>\n\t\t<\/div>\n\t\t\t\t\t<\/div>\n\t\t<\/section>\n\t\t<div class=\"elementor-element elementor-element-2d41ca5 e-flex e-con-boxed e-con e-parent\" data-id=\"2d41ca5\" data-element_type=\"container\">\n\t\t\t\t\t<div class=\"e-con-inner\">\n\t\t\t\t<div class=\"elementor-element elementor-element-92dff63 elementor-hidden-mobile elementor-widget elementor-widget-stm_info_box\" data-id=\"92dff63\" data-element_type=\"widget\" data-widget_type=\"stm_info_box.default\">\n\t\t\t\t<div class=\"elementor-widget-container\">\n\t\t\t<div class=\"info_box elementor-consulting-info-box style_10\">\n\t<div class=\"icon\">\n\t\t<i class=\"stm-worldwide-shipping\"><\/i>\n\t<\/div>\n\t\t\t<div class=\"title\">\n\t\t\t<h4 class=\"no_stripe\">Logistische Dienstleistungen<\/h4>\n\t\t<\/div>\n\t\t<p>\u00c7\u00f6zen Customs Consultancy verwaltet alle Ihre Logistikprozesse effektiv und effizient. Sie beschleunigt und erleichtert Ihr Gesch\u00e4ft mit Transport-, Lager- und Vertriebsl\u00f6sungen.<\/p>\n<a class=\"read_more\" target=\"_self\" href=\"https:\/\/cozengumruk.net\/de\/logistikdienstleistungen\/\"><span>mehr lesen<\/span><span class=\"stm_icon\"><i class=\"fa fa-chevron-right\"><\/i><\/span><\/a><\/div>\n\t\t<\/div>\n\t\t\t\t<\/div>\n\t\t\t\t<div class=\"elementor-element elementor-element-8d3e5fb elementor-hidden-desktop elementor-hidden-tablet elementor-widget elementor-widget-stm_info_box\" data-id=\"8d3e5fb\" data-element_type=\"widget\" data-widget_type=\"stm_info_box.default\">\n\t\t\t\t<div class=\"elementor-widget-container\">\n\t\t\t<div class=\"info_box elementor-consulting-info-box style_10\">\n\t<div class=\"icon\">\n\t\t<i class=\"stm-worldwide-shipping\"><\/i>\n\t<\/div>\n\t\t\t<div class=\"title\">\n\t\t\t<h4 class=\"no_stripe\">Logistische Dienstleistungen<\/h4>\n\t\t<\/div>\n\t\t<p>\u00c7\u00f6zen Customs Consultancy verwaltet alle Ihre Logistikprozesse effektiv und effizient. Sie beschleunigt und erleichtert Ihr Gesch\u00e4ft mit Transport-, Lager- und Vertriebsl\u00f6sungen.<\/p>\n<a class=\"read_more\" target=\"_self\" href=\"https:\/\/cozengumruk.net\/de\/logistikdienstleistungen\/\"><span>mehr lesen<\/span><span class=\"stm_icon\"><i class=\"fa fa-chevron-right\"><\/i><\/span><\/a><\/div>\n\t\t<\/div>\n\t\t\t\t<\/div>\n\t\t\t\t\t<\/div>\n\t\t\t\t<\/div>\n\t\t\t\t<\/div>","protected":false},"excerpt":{"rendered":"<p>D\u0131\u015f Ticaret ile ilgili Ulusal ve Uluslararas\u0131\u00a0 de\u011ferli\u00a0 kurulu\u015flar\u0131\u00a0 g\u00fcmr\u00fck idarelerinde ve ba\u011flant\u0131l\u0131 di\u011fer kamu kurum ve kurulu\u015flar\u0131nda\u00a0 ba\u015far\u0131yla temsil eden \u00c7\u00d6ZEN G\u00dcMR\u00dcK M\u00dc\u015eAV\u0130RL\u0130\u011e\u0130 ve bu kurulu\u015flar ile g\u00fcmr\u00fck idareleri\u00a0 aras\u0131nda e\u015fyan\u0131n g\u00fcmr\u00fck i\u015flemlerinin yerine getirilmesi s\u00fcrecinde veya\u00a0 \u00f6ncesinde\/sonras\u0131nda ortaya \u00e7\u0131kan teknik idari ve hukuki\u00a0 uyu\u015fmazl\u0131klar i\u00e7in itiraz ve bunlar\u0131n \u00e7\u00f6z\u00fcm\u00fcnde\/karara ba\u011flanmas\u0131nda\u00a0 ileri d\u00fczeyde bir<\/p>","protected":false},"author":1,"featured_media":0,"parent":0,"menu_order":0,"comment_status":"closed","ping_status":"closed","template":"","meta":{"footnotes":""},"class_list":["post-7617","page","type-page","status-publish","hentry"],"_links":{"self":[{"href":"https:\/\/cozengumruk.net\/de\/wp-json\/wp\/v2\/pages\/7617","targetHints":{"allow":["GET"]}}],"collection":[{"href":"https:\/\/cozengumruk.net\/de\/wp-json\/wp\/v2\/pages"}],"about":[{"href":"https:\/\/cozengumruk.net\/de\/wp-json\/wp\/v2\/types\/page"}],"author":[{"embeddable":true,"href":"https:\/\/cozengumruk.net\/de\/wp-json\/wp\/v2\/users\/1"}],"replies":[{"embeddable":true,"href":"https:\/\/cozengumruk.net\/de\/wp-json\/wp\/v2\/comments?post=7617"}],"version-history":[{"count":7,"href":"https:\/\/cozengumruk.net\/de\/wp-json\/wp\/v2\/pages\/7617\/revisions"}],"predecessor-version":[{"id":7678,"href":"https:\/\/cozengumruk.net\/de\/wp-json\/wp\/v2\/pages\/7617\/revisions\/7678"}],"wp:attachment":[{"href":"https:\/\/cozengumruk.net\/de\/wp-json\/wp\/v2\/media?parent=7617"}],"curies":[{"name":"wp","href":"https:\/\/api.w.org\/{rel}","templated":true}]}}