{"id":7628,"date":"2024-07-26T11:02:39","date_gmt":"2024-07-26T08:02:39","guid":{"rendered":"https:\/\/cozengumruk.net\/?page_id=7628"},"modified":"2024-07-26T12:10:19","modified_gmt":"2024-07-26T09:10:19","slug":"interaktif-gumruk-hizmetleri","status":"publish","type":"page","link":"https:\/\/cozengumruk.net\/de\/interaktive-zolldienste\/","title":{"rendered":"Interaktive Zolldienste"},"content":{"rendered":"<div data-elementor-type=\"wp-page\" data-elementor-id=\"7628\" class=\"elementor elementor-7628\" data-elementor-post-type=\"page\">\n\t\t\t\t<div class=\"elementor-element elementor-element-a269fe7 e-flex e-con-boxed e-con e-parent\" data-id=\"a269fe7\" data-element_type=\"container\">\n\t\t\t\t\t<div class=\"e-con-inner\">\n\t\t\t\t<div class=\"elementor-element elementor-element-274460c elementor-widget elementor-widget-text-editor\" data-id=\"274460c\" data-element_type=\"widget\" data-widget_type=\"text-editor.default\">\n\t\t\t\t<div class=\"elementor-widget-container\">\n\t\t\t\t\t\t\t<p><strong>\u00c7\u00f6zen Customs Consultancy<\/strong> Die digitalen und interaktiven Zolldienstleistungen, die wir anbieten, erf\u00fcllen alle Bed\u00fcrfnisse unserer Kunden mit moderner Technologie und innovativen L\u00f6sungen. Mit unseren fortschrittlichen Systemen und professionellen Mitarbeitern erleichtern und beschleunigen wir Ihre Gesch\u00e4ftsprozesse und steigern Ihre Produktivit\u00e4t. Hier sind die Dienstleistungen, die wir anbieten:<\/p>\n<h4>Digitales Archiv<\/h4>\n<p>Das digitale Archivsystem beschleunigt die Gesch\u00e4ftsprozesse, identifiziert und beseitigt Engp\u00e4sse, indem es interne Dokumentenbewegungen und Transaktionen mit Kunden elektronisch erfasst. Es erh\u00f6ht die Sicherheit von Informationen und Dokumenten, reduziert den Arbeitsaufwand sowohl f\u00fcr die Institution als auch f\u00fcr die Kunden und senkt die Kosten durch die Beschleunigung der Gesch\u00e4ftsprozesse. Die Zugriffszeit auf Dokumente wird auf ein Minimum reduziert, was Arbeit und Zeit spart. Mit diesem System kommen Dokumente ans Licht, deren Existenz Sie vergessen haben, mehrere Personen k\u00f6nnen gleichzeitig auf dasselbe Dokument zugreifen, der Informationsaustausch und die Effizienz des Unternehmens sind gew\u00e4hrleistet.<\/p>\n<h4>Elektronisches System zur Verfolgung von Erkl\u00e4rungen<\/h4>\n<p>Mit dem webbasierten Declaration Tracking System wird der Anmeldestatus unserer Kunden sofort mit Hilfe der Handheld-Computer und Mobiltelefone unserer Zollmitarbeiter erfasst. Mit den speziellen Passw\u00f6rtern und Benutzernamen, die unsere Kunden erhalten, wird der Zugang zum Declaration Tracking System \u00fcber das Internet erm\u00f6glicht und der Anmeldestatus kann sofort \u00fcberwacht werden. Mit den \u00fcber das System vorgenommenen Mitteilungen wird der Anmeldestatus automatisch gemeldet und den Kunden per E-Mail zugesandt.<\/p>\n<h4>System\u00fcbergreifende Integration<\/h4>\n<p>Mit der system\u00fcbergreifenden Integration, die wir zwischen unseren Kunden und uns herstellen, wird ein schneller Arbeitsablauf und eine schnelle Information in den Ablage- und Rechnungsstellungsprozessen gew\u00e4hrleistet. Die Integration dient der automatischen Erstellung von Erkl\u00e4rungen und der \u00dcbertragung von Finanzdaten.<\/p>\n<h4>Ma\u00dfgeschneiderte Berichterstattung<\/h4>\n<p>Die Kundenbetreuer von \u00c7\u00f6zen Customs Brokerage tauschen zu jeder Tageszeit digital Informationen mit den externen Betriebsleitern und Mitarbeitern aus, die die Transaktionsprozesse der von der internen Betriebsabteilung erstellten und an den Zoll gesendeten Anmeldungen verfolgen. In jeder Phase des Vorgangs werden Statusberichte an die Kunden gesendet. Anhand dieser Berichte, die zweimal t\u00e4glich automatisch versandt werden, k\u00f6nnen die Kunden den Status aller in Bearbeitung befindlichen, abgeschlossenen oder anh\u00e4ngigen Vorg\u00e4nge klar und deutlich erkennen.<\/p>\n<h4>Kundenw\u00fcnsche, Anregungen und Beschwerden<\/h4>\n<p>Alle Arten von R\u00fcckmeldungen wie W\u00fcnsche, Anregungen, Beschwerden und Danksagungen k\u00f6nnen online \u00fcber das Kunden-Feedback-Formular \u00fcbermittelt werden. Die Meldungen erreichen das zust\u00e4ndige Referat so schnell wie m\u00f6glich, werden ausgewertet, bearbeitet und die notwendigen Arbeiten werden eingeleitet. Die Adressaten werden \u00fcber die Entwicklungen und Ergebnisse der Arbeit informiert.<\/p>\n<h4>E-Bulletin zur Gesetzgebung<\/h4>\n<p>\u00c7\u00f6zen Customs Consultancy klassifiziert Unternehmensnachrichten, neue Produkte, \u00c4nderungen und Neuigkeiten in der Zoll- und Au\u00dfenhandelsgesetzgebung auf sektoraler und allgemeiner Basis und sendet sie durch seine fachkundigen Mitarbeiter an seine Kunden. So sind die Kunden immer auf dem neuesten Stand der Dinge und k\u00f6nnen sich Vorteile in ihren Gesch\u00e4ftsprozessen verschaffen.<\/p>\n<p><strong>\u00c7\u00f6zen Customs Consultancy<\/strong> wir wollen Ihnen mit unseren digitalen und interaktiven L\u00f6sungen den besten Service f\u00fcr Ihre Zollverfahren bieten. Mit Innovation und Effizienz optimieren wir Ihre Gesch\u00e4ftsprozesse und steigern Ihre Wettbewerbsf\u00e4higkeit. Gehen Sie mit uns sichere Schritte in Ihren Zollverfahren!<\/p>\n\t\t\t\t\t\t<\/div>\n\t\t\t\t<\/div>\n\t\t\t\t\t<\/div>\n\t\t\t\t<\/div>\n\t\t\t\t<section class=\"elementor-section elementor-top-section elementor-element elementor-element-fa0a35b elementor-section-boxed elementor-section-height-default elementor-section-height-default\" data-id=\"fa0a35b\" data-element_type=\"section\" data-settings=\"{&quot;background_background&quot;:&quot;classic&quot;}\">\n\t\t\t\t\t\t<div class=\"elementor-container elementor-column-gap-default\">\n\t\t\t\t\t<div class=\"elementor-column elementor-col-100 elementor-top-column elementor-element elementor-element-3962fda\" data-id=\"3962fda\" data-element_type=\"column\">\n\t\t\t<div class=\"elementor-widget-wrap elementor-element-populated\">\n\t\t\t\t\t\t<section class=\"elementor-section elementor-top-section elementor-element elementor-element-957b8b0 elementor-section-boxed elementor-section-height-default elementor-section-height-default\" data-id=\"957b8b0\" data-element_type=\"section\">\n\t\t\t\t\t\t<div class=\"elementor-container elementor-column-gap-default\">\n\t\t\t\t\t<div class=\"elementor-column elementor-col-100 elementor-top-column elementor-element elementor-element-adf2ee9\" data-id=\"adf2ee9\" data-element_type=\"column\">\n\t\t\t<div class=\"elementor-widget-wrap elementor-element-populated\">\n\t\t\t\t\t\t<div class=\"elementor-element elementor-element-ac7c14f elementor-widget elementor-widget-vc_custom_heading\" data-id=\"ac7c14f\" data-element_type=\"widget\" data-widget_type=\"vc_custom_heading.default\">\n\t\t\t\t<div class=\"elementor-widget-container\">\n\t\t\t<div class=\"vc_custom_heading no_stripe consulting_heading_font  text_align_center has_subtitle\" ><h4 style=\"font-size: 35px;color: #000000;text-align: center;line-height: 45px;font-weight:700\" class=\"consulting-custom-title\">Wir sind an Ihrer Seite, um die f\u00fcr Sie am besten geeigneten L\u00f6sungen zu entwickeln\n<span class=\"subtitle\" style=\"color:#2A2A2A\"><br>Um die Bed\u00fcrfnisse unserer gesch\u00e4tzten Kunden bestm\u00f6glich zu erf\u00fcllen, sind wir bereit, Ihren Erwartungen und Anforderungen aufmerksam zuzuh\u00f6ren. <br>Gemeinsam ermitteln wir die f\u00fcr Sie am besten geeigneten Strategien mit unseren Innovationen und ma\u00dfgeschneiderten L\u00f6sungen.<\/span><\/h4><\/div>\t\t<\/div>\n\t\t\t\t<\/div>\n\t\t\t\t<div class=\"elementor-element elementor-element-4965518 elementor-align-center elementor-widget elementor-widget-button\" data-id=\"4965518\" data-element_type=\"widget\" data-widget_type=\"button.default\">\n\t\t\t\t<div class=\"elementor-widget-container\">\n\t\t\t\t\t\t\t<div class=\"elementor-button-wrapper icon_align_row-reverse\">\n\t\t\t\t\t<a class=\"elementor-button elementor-button-link elementor-size-sm\" href=\"https:\/\/cozengumruk.net\/de\/kommunikation\/\">\n\t\t\t\t\t\t<span class=\"elementor-button-content-wrapper\">\n\t\t\t\t\t\t<span class=\"elementor-button-icon\">\n\t\t\t\t<i aria-hidden=\"true\" class=\"stm-lnr-arrow-right\"><\/i>\t\t\t<\/span>\n\t\t\t\t\t\t\t\t\t<span class=\"elementor-button-text\">Treffen mit Solving Customs<\/span>\n\t\t\t\t\t<\/span>\n\t\t\t\t\t<\/a>\n\t\t\t\t<\/div>\n\t\t\t\t\t\t<\/div>\n\t\t\t\t<\/div>\n\t\t\t\t\t<\/div>\n\t\t<\/div>\n\t\t\t\t\t<\/div>\n\t\t<\/section>\n\t\t\t\t\t<\/div>\n\t\t<\/div>\n\t\t\t\t\t<\/div>\n\t\t<\/section>\n\t\t<div class=\"elementor-element elementor-element-1df0c19 e-flex e-con-boxed e-con e-parent\" data-id=\"1df0c19\" data-element_type=\"container\">\n\t\t\t\t\t<div class=\"e-con-inner\">\n\t\t\t\t<div class=\"elementor-element elementor-element-fec3469 elementor-widget elementor-widget-heading\" data-id=\"fec3469\" data-element_type=\"widget\" data-widget_type=\"heading.default\">\n\t\t\t\t<div class=\"elementor-widget-container\">\n\t\t\t<h2 class=\"elementor-heading-title elementor-size-default\">Unsere Dienstleistungen<\/h2>\t\t<\/div>\n\t\t\t\t<\/div>\n\t\t\t\t\t<\/div>\n\t\t\t\t<\/div>\n\t\t\t\t<section class=\"elementor-section elementor-top-section elementor-element elementor-element-5bc75e4 elementor-section-boxed elementor-section-height-default elementor-section-height-default\" data-id=\"5bc75e4\" data-element_type=\"section\" data-settings=\"{&quot;background_background&quot;:&quot;classic&quot;}\">\n\t\t\t\t\t\t<div class=\"elementor-container elementor-column-gap-default\">\n\t\t\t\t\t<div class=\"elementor-column elementor-col-33 elementor-top-column elementor-element elementor-element-fda840c\" data-id=\"fda840c\" data-element_type=\"column\">\n\t\t\t<div class=\"elementor-widget-wrap elementor-element-populated\">\n\t\t\t\t\t\t<div class=\"elementor-element elementor-element-74f7f54 elementor-widget elementor-widget-stm_info_box\" data-id=\"74f7f54\" data-element_type=\"widget\" data-widget_type=\"stm_info_box.default\">\n\t\t\t\t<div class=\"elementor-widget-container\">\n\t\t\t<div class=\"info_box elementor-consulting-info-box style_10\">\n\t<div class=\"icon\">\n\t\t<i class=\"fas fa-asterisk\"><\/i>\n\t<\/div>\n\t\t\t<div class=\"title\">\n\t\t\t<h4 class=\"no_stripe\">Zollabfertigungsdienste<\/h4>\n\t\t<\/div>\n\t\t<p>\u00c7\u00f6zen Customs Consultancy bietet schnelle und zuverl\u00e4ssige Zollabfertigungsdienste f\u00fcr Ihre Import- und Exportgesch\u00e4fte.<\/p>\n<a class=\"read_more\" target=\"_self\" href=\"https:\/\/cozengumruk.net\/de\/zollabfertigungsdienste\/\"><span>mehr lesen<\/span><span class=\"stm_icon\"><i class=\"fa fa-chevron-right\"><\/i><\/span><\/a><\/div>\n\t\t<\/div>\n\t\t\t\t<\/div>\n\t\t\t\t\t<\/div>\n\t\t<\/div>\n\t\t\t\t<div class=\"elementor-column elementor-col-33 elementor-top-column elementor-element elementor-element-172ce00\" data-id=\"172ce00\" data-element_type=\"column\">\n\t\t\t<div class=\"elementor-widget-wrap elementor-element-populated\">\n\t\t\t\t\t\t<div class=\"elementor-element elementor-element-4287f56 elementor-widget elementor-widget-stm_info_box\" data-id=\"4287f56\" data-element_type=\"widget\" data-widget_type=\"stm_info_box.default\">\n\t\t\t\t<div class=\"elementor-widget-container\">\n\t\t\t<div class=\"info_box elementor-consulting-info-box style_10\">\n\t<div class=\"icon\">\n\t\t<i class=\"stm-chart-refresh\"><\/i>\n\t<\/div>\n\t\t\t<div class=\"title\">\n\t\t\t<h4 class=\"no_stripe\">Beratung zur Gesetzgebung<\/h4>\n\t\t<\/div>\n\t\t<p>\u00c7\u00f6zen Customs Consultancy bietet Ihnen fachkundige Beratung zur Einhaltung der Handelsgesetze.<\/p>\n<a class=\"read_more\" target=\"_self\" href=\"https:\/\/cozengumruk.net\/de\/gesetzgebungsdienste\/\"><span>mehr lesen<\/span><span class=\"stm_icon\"><i class=\"fa fa-chevron-right\"><\/i><\/span><\/a><\/div>\n\t\t<\/div>\n\t\t\t\t<\/div>\n\t\t\t\t\t<\/div>\n\t\t<\/div>\n\t\t\t\t<div class=\"elementor-column elementor-col-33 elementor-top-column elementor-element elementor-element-2a56d0a\" data-id=\"2a56d0a\" data-element_type=\"column\">\n\t\t\t<div class=\"elementor-widget-wrap elementor-element-populated\">\n\t\t\t\t\t\t<div class=\"elementor-element elementor-element-f5aca7c elementor-widget elementor-widget-stm_info_box\" data-id=\"f5aca7c\" data-element_type=\"widget\" data-widget_type=\"stm_info_box.default\">\n\t\t\t\t<div class=\"elementor-widget-container\">\n\t\t\t<div class=\"info_box elementor-consulting-info-box style_10\">\n\t<div class=\"icon\">\n\t\t<i class=\"fas fa-compress\"><\/i>\n\t<\/div>\n\t\t\t<div class=\"title\">\n\t\t\t<h4 class=\"no_stripe\">YYS | AEO-Beratungsdienste<\/h4>\n\t\t<\/div>\n\t\t<p>\u00c7\u00f6zen Customs Consultancy bietet professionelle Beratungsdienste bei der Beschaffung von (YYS) und (AEO) Zertifikaten.<\/p>\n<a class=\"read_more\" target=\"_self\" href=\"https:\/\/cozengumruk.net\/de\/yys-aeo-services\/\"><span>mehr lesen<\/span><span class=\"stm_icon\"><i class=\"fa fa-chevron-right\"><\/i><\/span><\/a><\/div>\n\t\t<\/div>\n\t\t\t\t<\/div>\n\t\t\t\t\t<\/div>\n\t\t<\/div>\n\t\t\t\t\t<\/div>\n\t\t<\/section>\n\t\t\t\t<section class=\"elementor-section elementor-top-section elementor-element elementor-element-9be5c1d elementor-section-boxed elementor-section-height-default elementor-section-height-default\" data-id=\"9be5c1d\" data-element_type=\"section\" data-settings=\"{&quot;background_background&quot;:&quot;classic&quot;}\">\n\t\t\t\t\t\t<div class=\"elementor-container elementor-column-gap-default\">\n\t\t\t\t\t<div class=\"elementor-column elementor-col-33 elementor-top-column elementor-element elementor-element-91c550d\" data-id=\"91c550d\" data-element_type=\"column\">\n\t\t\t<div class=\"elementor-widget-wrap elementor-element-populated\">\n\t\t\t\t\t\t<div class=\"elementor-element elementor-element-278a57f elementor-widget elementor-widget-stm_info_box\" data-id=\"278a57f\" data-element_type=\"widget\" data-widget_type=\"stm_info_box.default\">\n\t\t\t\t<div class=\"elementor-widget-container\">\n\t\t\t<div class=\"info_box elementor-consulting-info-box style_10\">\n\t<div class=\"icon\">\n\t\t<i class=\"stm-ankara-search\"><\/i>\n\t<\/div>\n\t\t\t<div class=\"title\">\n\t\t\t<h4 class=\"no_stripe\">Vorbereitungsdienste f\u00fcr Zollinspektionen<\/h4>\n\t\t<\/div>\n\t\t<p>\u00c7\u00f6zen Customs Consultancy bietet Ihnen umfassende Unterst\u00fctzung bei der Vorbereitung auf Zollkontrollen.<\/p>\n<a class=\"read_more\" target=\"_self\" href=\"https:\/\/cozengumruk.net\/de\/vorbereitung-von-zollprufungen\/\"><span>mehr lesen<\/span><span class=\"stm_icon\"><i class=\"fa fa-chevron-right\"><\/i><\/span><\/a><\/div>\n\t\t<\/div>\n\t\t\t\t<\/div>\n\t\t\t\t\t<\/div>\n\t\t<\/div>\n\t\t\t\t<div class=\"elementor-column elementor-col-33 elementor-top-column elementor-element elementor-element-07fb850\" data-id=\"07fb850\" data-element_type=\"column\">\n\t\t\t<div class=\"elementor-widget-wrap elementor-element-populated\">\n\t\t\t\t\t\t<div class=\"elementor-element elementor-element-e10b99f elementor-widget elementor-widget-stm_info_box\" data-id=\"e10b99f\" data-element_type=\"widget\" data-widget_type=\"stm_info_box.default\">\n\t\t\t\t<div class=\"elementor-widget-container\">\n\t\t\t<div class=\"info_box elementor-consulting-info-box style_10\">\n\t<div class=\"icon\">\n\t\t<i class=\"fas fa-balance-scale\"><\/i>\n\t<\/div>\n\t\t\t<div class=\"title\">\n\t\t\t<h4 class=\"no_stripe\">Juristische Unterst\u00fctzungsdienste<\/h4>\n\t\t<\/div>\n\t\t<p>\u00c7\u00f6zen Customs Consultancy bietet fachkundige Unterst\u00fctzung bei rechtlichen Verfahren im Zusammenhang mit dem Handel.<\/p>\n<a class=\"read_more\" target=\"_self\" href=\"https:\/\/cozengumruk.net\/de\/juristische-unterstutzungsdienste\/\"><span>mehr lesen<\/span><span class=\"stm_icon\"><i class=\"fa fa-chevron-right\"><\/i><\/span><\/a><\/div>\n\t\t<\/div>\n\t\t\t\t<\/div>\n\t\t\t\t\t<\/div>\n\t\t<\/div>\n\t\t\t\t<div class=\"elementor-column elementor-col-33 elementor-top-column elementor-element elementor-element-4f33015\" data-id=\"4f33015\" data-element_type=\"column\">\n\t\t\t<div class=\"elementor-widget-wrap elementor-element-populated\">\n\t\t\t\t\t\t<div class=\"elementor-element elementor-element-560542b elementor-widget elementor-widget-stm_info_box\" data-id=\"560542b\" data-element_type=\"widget\" data-widget_type=\"stm_info_box.default\">\n\t\t\t\t<div class=\"elementor-widget-container\">\n\t\t\t<div class=\"info_box elementor-consulting-info-box style_10\">\n\t<div class=\"icon\">\n\t\t<i class=\"stm-earth\"><\/i>\n\t<\/div>\n\t\t\t<div class=\"title\">\n\t\t\t<h4 class=\"no_stripe\">Beratungsdienste f\u00fcr Freizonen<\/h4>\n\t\t<\/div>\n\t\t<p>\u00c7\u00f6zen Customs Consultancy bietet professionelle Beratung f\u00fcr Ihre Freizonengesch\u00e4fte.<\/p>\n<a class=\"read_more\" target=\"_self\" href=\"https:\/\/cozengumruk.net\/de\/beratungsdienste-fur-freizonen\/\"><span>mehr lesen<\/span><span class=\"stm_icon\"><i class=\"fa fa-chevron-right\"><\/i><\/span><\/a><\/div>\n\t\t<\/div>\n\t\t\t\t<\/div>\n\t\t\t\t\t<\/div>\n\t\t<\/div>\n\t\t\t\t\t<\/div>\n\t\t<\/section>\n\t\t\t\t<section class=\"elementor-section elementor-top-section elementor-element elementor-element-19c7034 elementor-section-boxed elementor-section-height-default elementor-section-height-default\" data-id=\"19c7034\" data-element_type=\"section\">\n\t\t\t\t\t\t<div class=\"elementor-container elementor-column-gap-default\">\n\t\t\t\t\t<div class=\"elementor-column elementor-col-33 elementor-top-column elementor-element elementor-element-a947e8a\" data-id=\"a947e8a\" data-element_type=\"column\">\n\t\t\t<div class=\"elementor-widget-wrap elementor-element-populated\">\n\t\t\t\t\t\t<div class=\"elementor-element elementor-element-8245bf5 elementor-widget elementor-widget-stm_info_box\" data-id=\"8245bf5\" data-element_type=\"widget\" data-widget_type=\"stm_info_box.default\">\n\t\t\t\t<div class=\"elementor-widget-container\">\n\t\t\t<div class=\"info_box elementor-consulting-info-box style_10\">\n\t<div class=\"icon\">\n\t\t<i class=\"fas fa-parachute-box\"><\/i>\n\t<\/div>\n\t\t\t<div class=\"title\">\n\t\t\t<h4 class=\"no_stripe\">Interaktive Zolldienste<\/h4>\n\t\t<\/div>\n\t\t<p>\u00c7\u00f6zen Customs Consultancy bietet schnelle und effektive Zolldienstleistungen \u00fcber digitale Plattformen.<\/p>\n<a class=\"read_more\" target=\"_self\" href=\"https:\/\/cozengumruk.net\/de\/interaktive-zolldienste\/\"><span>mehr lesen<\/span><span class=\"stm_icon\"><i class=\"fa fa-chevron-right\"><\/i><\/span><\/a><\/div>\n\t\t<\/div>\n\t\t\t\t<\/div>\n\t\t\t\t\t<\/div>\n\t\t<\/div>\n\t\t\t\t<div class=\"elementor-column elementor-col-33 elementor-top-column elementor-element elementor-element-6f985ce\" data-id=\"6f985ce\" data-element_type=\"column\">\n\t\t\t<div class=\"elementor-widget-wrap elementor-element-populated\">\n\t\t\t\t\t\t<div class=\"elementor-element elementor-element-9ae9871 elementor-widget elementor-widget-stm_info_box\" data-id=\"9ae9871\" data-element_type=\"widget\" data-widget_type=\"stm_info_box.default\">\n\t\t\t\t<div class=\"elementor-widget-container\">\n\t\t\t<div class=\"info_box elementor-consulting-info-box style_10\">\n\t<div class=\"icon\">\n\t\t<i class=\"fas fa-pencil-alt\"><\/i>\n\t<\/div>\n\t\t\t<div class=\"title\">\n\t\t\t<h4 class=\"no_stripe\">Bildungsdienstleistungen<\/h4>\n\t\t<\/div>\n\t\t<p>\u00c7\u00f6zen Customs Consultancy bietet Ihnen umfassende Schulungen zur Spezialisierung in Zoll- und Au\u00dfenhandelsfragen.<\/p>\n<a class=\"read_more\" target=\"_self\" href=\"https:\/\/cozengumruk.net\/de\/bildungsdienstleistungen\/\"><span>mehr lesen<\/span><span class=\"stm_icon\"><i class=\"fa fa-chevron-right\"><\/i><\/span><\/a><\/div>\n\t\t<\/div>\n\t\t\t\t<\/div>\n\t\t\t\t\t<\/div>\n\t\t<\/div>\n\t\t\t\t<div class=\"elementor-column elementor-col-33 elementor-top-column elementor-element elementor-element-ba23a95\" data-id=\"ba23a95\" data-element_type=\"column\">\n\t\t\t<div class=\"elementor-widget-wrap elementor-element-populated\">\n\t\t\t\t\t\t<div class=\"elementor-element elementor-element-05f70b0 elementor-widget elementor-widget-stm_info_box\" data-id=\"05f70b0\" data-element_type=\"widget\" data-widget_type=\"stm_info_box.default\">\n\t\t\t\t<div class=\"elementor-widget-container\">\n\t\t\t<div class=\"info_box elementor-consulting-info-box style_10\">\n\t<div class=\"icon\">\n\t\t<i class=\"fas fa-grip-horizontal\"><\/i>\n\t<\/div>\n\t\t\t<div class=\"title\">\n\t\t\t<h4 class=\"no_stripe\">Andere Dienstleistungen<\/h4>\n\t\t<\/div>\n\t\t<p>\u00c7\u00f6zen Customs Consultancy bietet verschiedene zus\u00e4tzliche Dienstleistungen an, die speziell auf Ihre Bed\u00fcrfnisse im Bereich Zoll und Au\u00dfenhandel zugeschnitten sind.<\/p>\n<div class=\"notranslate\" style=\"all: initial;\">\u00a0<\/div>\n<a class=\"read_more\" target=\"_self\" href=\"https:\/\/cozengumruk.net\/de\/andere-zolldienste\/\"><span>mehr lesen<\/span><span class=\"stm_icon\"><i class=\"fa fa-chevron-right\"><\/i><\/span><\/a><\/div>\n\t\t<\/div>\n\t\t\t\t<\/div>\n\t\t\t\t\t<\/div>\n\t\t<\/div>\n\t\t\t\t\t<\/div>\n\t\t<\/section>\n\t\t<div class=\"elementor-element elementor-element-f00f641 e-flex e-con-boxed e-con e-parent\" data-id=\"f00f641\" data-element_type=\"container\">\n\t\t\t\t\t<div class=\"e-con-inner\">\n\t\t\t\t<div class=\"elementor-element elementor-element-5619e5f elementor-hidden-mobile elementor-widget elementor-widget-stm_info_box\" data-id=\"5619e5f\" data-element_type=\"widget\" data-widget_type=\"stm_info_box.default\">\n\t\t\t\t<div class=\"elementor-widget-container\">\n\t\t\t<div class=\"info_box elementor-consulting-info-box style_10\">\n\t<div class=\"icon\">\n\t\t<i class=\"stm-worldwide-shipping\"><\/i>\n\t<\/div>\n\t\t\t<div class=\"title\">\n\t\t\t<h4 class=\"no_stripe\">Logistische Dienstleistungen<\/h4>\n\t\t<\/div>\n\t\t<p>\u00c7\u00f6zen Customs Consultancy verwaltet alle Ihre Logistikprozesse effektiv und effizient. Sie beschleunigt und erleichtert Ihr Gesch\u00e4ft mit Transport-, Lager- und Vertriebsl\u00f6sungen.<\/p>\n<a class=\"read_more\" target=\"_self\" href=\"https:\/\/cozengumruk.net\/de\/logistikdienstleistungen\/\"><span>mehr lesen<\/span><span class=\"stm_icon\"><i class=\"fa fa-chevron-right\"><\/i><\/span><\/a><\/div>\n\t\t<\/div>\n\t\t\t\t<\/div>\n\t\t\t\t<div class=\"elementor-element elementor-element-726dd00 elementor-hidden-desktop elementor-hidden-tablet elementor-widget elementor-widget-stm_info_box\" data-id=\"726dd00\" data-element_type=\"widget\" data-widget_type=\"stm_info_box.default\">\n\t\t\t\t<div class=\"elementor-widget-container\">\n\t\t\t<div class=\"info_box elementor-consulting-info-box style_10\">\n\t<div class=\"icon\">\n\t\t<i class=\"stm-worldwide-shipping\"><\/i>\n\t<\/div>\n\t\t\t<div class=\"title\">\n\t\t\t<h4 class=\"no_stripe\">Logistische Dienstleistungen<\/h4>\n\t\t<\/div>\n\t\t<p>\u00c7\u00f6zen Customs Consultancy verwaltet alle Ihre Logistikprozesse effektiv und effizient. Sie beschleunigt und erleichtert Ihr Gesch\u00e4ft mit Transport-, Lager- und Vertriebsl\u00f6sungen.<\/p>\n<a class=\"read_more\" target=\"_self\" href=\"https:\/\/cozengumruk.net\/de\/logistikdienstleistungen\/\"><span>mehr lesen<\/span><span class=\"stm_icon\"><i class=\"fa fa-chevron-right\"><\/i><\/span><\/a><\/div>\n\t\t<\/div>\n\t\t\t\t<\/div>\n\t\t\t\t\t<\/div>\n\t\t\t\t<\/div>\n\t\t\t\t<\/div>","protected":false},"excerpt":{"rendered":"<p>\u00c7\u00f6zen G\u00fcmr\u00fck M\u00fc\u015favirli\u011fi olarak sundu\u011fumuz dijital ve interaktif g\u00fcmr\u00fck hizmetleri, modern teknoloji ve yenilik\u00e7i \u00e7\u00f6z\u00fcmlerle m\u00fc\u015fterilerimizin t\u00fcm ihtiya\u00e7lar\u0131n\u0131 kar\u015f\u0131lamaktad\u0131r. Geli\u015fmi\u015f sistemlerimiz ve profesyonel kadromuzla i\u015f s\u00fcre\u00e7lerinizi kolayla\u015ft\u0131r\u0131yor, h\u0131zland\u0131r\u0131yor ve verimlili\u011finizi art\u0131r\u0131yoruz. \u0130\u015fte sundu\u011fumuz hizmetler: Dijital Ar\u015fiv Dijital Ar\u015fiv Sistemi, kurum i\u00e7i evrak hareketlerini ve m\u00fc\u015fterilerle yap\u0131lan i\u015flemleri elektronik ortamda kay\u0131t alt\u0131na alarak i\u015f s\u00fcre\u00e7lerini h\u0131zland\u0131r\u0131r,<\/p>","protected":false},"author":1,"featured_media":0,"parent":0,"menu_order":0,"comment_status":"closed","ping_status":"closed","template":"","meta":{"footnotes":""},"class_list":["post-7628","page","type-page","status-publish","hentry"],"_links":{"self":[{"href":"https:\/\/cozengumruk.net\/de\/wp-json\/wp\/v2\/pages\/7628","targetHints":{"allow":["GET"]}}],"collection":[{"href":"https:\/\/cozengumruk.net\/de\/wp-json\/wp\/v2\/pages"}],"about":[{"href":"https:\/\/cozengumruk.net\/de\/wp-json\/wp\/v2\/types\/page"}],"author":[{"embeddable":true,"href":"https:\/\/cozengumruk.net\/de\/wp-json\/wp\/v2\/users\/1"}],"replies":[{"embeddable":true,"href":"https:\/\/cozengumruk.net\/de\/wp-json\/wp\/v2\/comments?post=7628"}],"version-history":[{"count":7,"href":"https:\/\/cozengumruk.net\/de\/wp-json\/wp\/v2\/pages\/7628\/revisions"}],"predecessor-version":[{"id":7684,"href":"https:\/\/cozengumruk.net\/de\/wp-json\/wp\/v2\/pages\/7628\/revisions\/7684"}],"wp:attachment":[{"href":"https:\/\/cozengumruk.net\/de\/wp-json\/wp\/v2\/media?parent=7628"}],"curies":[{"name":"wp","href":"https:\/\/api.w.org\/{rel}","templated":true}]}}