{"id":7633,"date":"2024-07-26T11:04:47","date_gmt":"2024-07-26T08:04:47","guid":{"rendered":"https:\/\/cozengumruk.net\/?page_id=7633"},"modified":"2024-07-26T12:10:44","modified_gmt":"2024-07-26T09:10:44","slug":"egitim-hizmetleri","status":"publish","type":"page","link":"https:\/\/cozengumruk.net\/de\/bildungsdienstleistungen\/","title":{"rendered":"Bildungsdienstleistungen"},"content":{"rendered":"<div data-elementor-type=\"wp-page\" data-elementor-id=\"7633\" class=\"elementor elementor-7633\" data-elementor-post-type=\"page\">\n\t\t\t\t<div class=\"elementor-element elementor-element-a269fe7 e-flex e-con-boxed e-con e-parent\" data-id=\"a269fe7\" data-element_type=\"container\">\n\t\t\t\t\t<div class=\"e-con-inner\">\n\t\t\t\t<div class=\"elementor-element elementor-element-274460c elementor-widget elementor-widget-text-editor\" data-id=\"274460c\" data-element_type=\"widget\" data-widget_type=\"text-editor.default\">\n\t\t\t\t<div class=\"elementor-widget-container\">\n\t\t\t\t\t\t\t<p><strong>\u00c7\u00f6zen Customs Consultancy<\/strong> Wir wissen, dass Unternehmen ihre Humanressourcen so effizient wie m\u00f6glich einsetzen m\u00fcssen, um ihre Ziele zu erreichen. Die Entwicklung, Motivation und Effizienz unserer Mitarbeiter sind unsere gr\u00f6\u00dfte St\u00e4rke, um erfolgreich zu sein. Aus diesem Grund f\u00fchren wir Systeme und Verfahren ein, die zur beruflichen Entwicklung unserer Mitarbeiter beitragen sollen.<\/p>\n<p>Unsere Konzerngesellschaften\u00a0<strong>\u00c7\u00f6zen Customs Consultancy<\/strong> Im Laufe der Zeit haben sich unsere Fortbildungsaktivit\u00e4ten, die innerhalb unseres Unternehmens angesiedelt sind, zu regelm\u00e4\u00dfigen Fortbildungsma\u00dfnahmen im Bereich Zoll und Au\u00dfenhandel entwickelt, die nicht nur von unseren Mitarbeitern, sondern auch von unseren Kunden und Berufsanw\u00e4rtern, die in diesem Sektor t\u00e4tig werden wollen, genutzt werden k\u00f6nnen.<\/p>\n<p>Diese Schulungen leisten nicht nur einen wichtigen Beitrag zur Entwicklung des Sektors, sondern steigern auch die Motivation und die Leistung aller unserer Mitarbeiter und erh\u00f6hen unsere betriebliche Effizienz erheblich.<\/p>\n<p>Die Themen der von \u00c7\u00f6zen Customs Consultancy organisierten Schulungsprogramme f\u00fcr Zoll und Au\u00dfenhandel sind im Allgemeinen unten aufgef\u00fchrt:<\/p>\n<ul>\n<li>Allgemeine Einf\u00fchrung in den Au\u00dfenhandel<\/li>\n<li>Lieferung und Zahlungsmodalit\u00e4ten<\/li>\n<li>Grundlegende Zollpraktiken<\/li>\n<li>Einfuhrgesetze und -praktiken<\/li>\n<li>Ausfuhrgesetze und -praktiken<\/li>\n<li>Zollgesetzgebung und Arbeitsweise<\/li>\n<li>Produktsicherheitspr\u00fcfung CE-Anwendungen<\/li>\n<li>Aktiver und passiver Veredelungsverkehr<\/li>\n<li>Gesetzgebung \u00fcber Investitionsanreize<\/li>\n<li>Zolltarifliche und nichttarifliche Ma\u00dfnahmen im Au\u00dfenhandel<\/li>\n<li>Rechtsvorschriften \u00fcber die Anwendung des Zolltarifs und die Einreihung in den Zolltarif<\/li>\n<li>Ursprungs- und Umlaufbescheinigungen<\/li>\n<li>Gesetzgebung zum Schmuggel<\/li>\n<li>Gesetzgebung \u00fcber Freizonen<\/li>\n<li>Devisenrechtliche Bestimmungen<\/li>\n<li>Mehrwertsteuer, SCT-Gesetzgebung<\/li>\n<li>YYS- und OKS-Gesetzgebung<\/li>\n<li>Definition und Konzepte der nachtr\u00e4glichen Kontrolle<\/li>\n<li>Rechtliche und strafrechtliche Verantwortlichkeit im Zollwesen<\/li>\n<\/ul>\n<p>Zus\u00e4tzlich zu diesen in unserem Unternehmen organisierten Schulungen werden die obligatorischen Schulungen, die von den Unternehmen mit YYS-Zertifikat absolviert werden m\u00fcssen, von den in unserem Unternehmen t\u00e4tigen Ausbildern mit fortgeschrittenem Fachwissen und gro\u00dfer Erfahrung auf dem Gebiet von YYS erfolgreich durchgef\u00fchrt.<\/p>\n\t\t\t\t\t\t<\/div>\n\t\t\t\t<\/div>\n\t\t\t\t\t<\/div>\n\t\t\t\t<\/div>\n\t\t\t\t<section class=\"elementor-section elementor-top-section elementor-element elementor-element-fa0a35b elementor-section-boxed elementor-section-height-default elementor-section-height-default\" data-id=\"fa0a35b\" data-element_type=\"section\" data-settings=\"{&quot;background_background&quot;:&quot;classic&quot;}\">\n\t\t\t\t\t\t<div class=\"elementor-container elementor-column-gap-default\">\n\t\t\t\t\t<div class=\"elementor-column elementor-col-100 elementor-top-column elementor-element elementor-element-3962fda\" data-id=\"3962fda\" data-element_type=\"column\">\n\t\t\t<div class=\"elementor-widget-wrap elementor-element-populated\">\n\t\t\t\t\t\t<section class=\"elementor-section elementor-top-section elementor-element elementor-element-957b8b0 elementor-section-boxed elementor-section-height-default elementor-section-height-default\" data-id=\"957b8b0\" data-element_type=\"section\">\n\t\t\t\t\t\t<div class=\"elementor-container elementor-column-gap-default\">\n\t\t\t\t\t<div class=\"elementor-column elementor-col-100 elementor-top-column elementor-element elementor-element-adf2ee9\" data-id=\"adf2ee9\" data-element_type=\"column\">\n\t\t\t<div class=\"elementor-widget-wrap elementor-element-populated\">\n\t\t\t\t\t\t<div class=\"elementor-element elementor-element-ac7c14f elementor-widget elementor-widget-vc_custom_heading\" data-id=\"ac7c14f\" data-element_type=\"widget\" data-widget_type=\"vc_custom_heading.default\">\n\t\t\t\t<div class=\"elementor-widget-container\">\n\t\t\t<div class=\"vc_custom_heading no_stripe consulting_heading_font  text_align_center has_subtitle\" ><h4 style=\"font-size: 35px;color: #000000;text-align: center;line-height: 45px;font-weight:700\" class=\"consulting-custom-title\">Wir sind an Ihrer Seite, um die f\u00fcr Sie am besten geeigneten L\u00f6sungen zu entwickeln\n<span class=\"subtitle\" style=\"color:#2A2A2A\"><br>Um die Bed\u00fcrfnisse unserer gesch\u00e4tzten Kunden bestm\u00f6glich zu erf\u00fcllen, sind wir bereit, Ihren Erwartungen und Anforderungen aufmerksam zuzuh\u00f6ren. <br>Gemeinsam ermitteln wir die f\u00fcr Sie am besten geeigneten Strategien mit unseren Innovationen und ma\u00dfgeschneiderten L\u00f6sungen.<\/span><\/h4><\/div>\t\t<\/div>\n\t\t\t\t<\/div>\n\t\t\t\t<div class=\"elementor-element elementor-element-4965518 elementor-align-center elementor-widget elementor-widget-button\" data-id=\"4965518\" data-element_type=\"widget\" data-widget_type=\"button.default\">\n\t\t\t\t<div class=\"elementor-widget-container\">\n\t\t\t\t\t\t\t<div class=\"elementor-button-wrapper icon_align_row-reverse\">\n\t\t\t\t\t<a class=\"elementor-button elementor-button-link elementor-size-sm\" href=\"https:\/\/cozengumruk.net\/de\/kommunikation\/\">\n\t\t\t\t\t\t<span class=\"elementor-button-content-wrapper\">\n\t\t\t\t\t\t<span class=\"elementor-button-icon\">\n\t\t\t\t<i aria-hidden=\"true\" class=\"stm-lnr-arrow-right\"><\/i>\t\t\t<\/span>\n\t\t\t\t\t\t\t\t\t<span class=\"elementor-button-text\">Treffen mit Solving Customs<\/span>\n\t\t\t\t\t<\/span>\n\t\t\t\t\t<\/a>\n\t\t\t\t<\/div>\n\t\t\t\t\t\t<\/div>\n\t\t\t\t<\/div>\n\t\t\t\t\t<\/div>\n\t\t<\/div>\n\t\t\t\t\t<\/div>\n\t\t<\/section>\n\t\t\t\t\t<\/div>\n\t\t<\/div>\n\t\t\t\t\t<\/div>\n\t\t<\/section>\n\t\t<div class=\"elementor-element elementor-element-b27a481 e-flex e-con-boxed e-con e-parent\" data-id=\"b27a481\" data-element_type=\"container\">\n\t\t\t\t\t<div class=\"e-con-inner\">\n\t\t\t\t<div class=\"elementor-element elementor-element-82ec392 elementor-widget elementor-widget-heading\" data-id=\"82ec392\" data-element_type=\"widget\" data-widget_type=\"heading.default\">\n\t\t\t\t<div class=\"elementor-widget-container\">\n\t\t\t<h2 class=\"elementor-heading-title elementor-size-default\">Unsere Dienstleistungen<\/h2>\t\t<\/div>\n\t\t\t\t<\/div>\n\t\t\t\t\t<\/div>\n\t\t\t\t<\/div>\n\t\t\t\t<section class=\"elementor-section elementor-top-section elementor-element elementor-element-beb6269 elementor-section-boxed elementor-section-height-default elementor-section-height-default\" data-id=\"beb6269\" data-element_type=\"section\" data-settings=\"{&quot;background_background&quot;:&quot;classic&quot;}\">\n\t\t\t\t\t\t<div class=\"elementor-container elementor-column-gap-default\">\n\t\t\t\t\t<div class=\"elementor-column elementor-col-33 elementor-top-column elementor-element elementor-element-fd0bb7b\" data-id=\"fd0bb7b\" data-element_type=\"column\">\n\t\t\t<div class=\"elementor-widget-wrap elementor-element-populated\">\n\t\t\t\t\t\t<div class=\"elementor-element elementor-element-eaba130 elementor-widget elementor-widget-stm_info_box\" data-id=\"eaba130\" data-element_type=\"widget\" data-widget_type=\"stm_info_box.default\">\n\t\t\t\t<div class=\"elementor-widget-container\">\n\t\t\t<div class=\"info_box elementor-consulting-info-box style_10\">\n\t<div class=\"icon\">\n\t\t<i class=\"fas fa-asterisk\"><\/i>\n\t<\/div>\n\t\t\t<div class=\"title\">\n\t\t\t<h4 class=\"no_stripe\">Zollabfertigungsdienste<\/h4>\n\t\t<\/div>\n\t\t<p>\u00c7\u00f6zen Customs Consultancy bietet schnelle und zuverl\u00e4ssige Zollabfertigungsdienste f\u00fcr Ihre Import- und Exportgesch\u00e4fte.<\/p>\n<a class=\"read_more\" target=\"_self\" href=\"https:\/\/cozengumruk.net\/de\/zollabfertigungsdienste\/\"><span>mehr lesen<\/span><span class=\"stm_icon\"><i class=\"fa fa-chevron-right\"><\/i><\/span><\/a><\/div>\n\t\t<\/div>\n\t\t\t\t<\/div>\n\t\t\t\t\t<\/div>\n\t\t<\/div>\n\t\t\t\t<div class=\"elementor-column elementor-col-33 elementor-top-column elementor-element elementor-element-0b15870\" data-id=\"0b15870\" data-element_type=\"column\">\n\t\t\t<div class=\"elementor-widget-wrap elementor-element-populated\">\n\t\t\t\t\t\t<div class=\"elementor-element elementor-element-3a1dd1b elementor-widget elementor-widget-stm_info_box\" data-id=\"3a1dd1b\" data-element_type=\"widget\" data-widget_type=\"stm_info_box.default\">\n\t\t\t\t<div class=\"elementor-widget-container\">\n\t\t\t<div class=\"info_box elementor-consulting-info-box style_10\">\n\t<div class=\"icon\">\n\t\t<i class=\"stm-chart-refresh\"><\/i>\n\t<\/div>\n\t\t\t<div class=\"title\">\n\t\t\t<h4 class=\"no_stripe\">Beratung zur Gesetzgebung<\/h4>\n\t\t<\/div>\n\t\t<p>\u00c7\u00f6zen Customs Consultancy bietet Ihnen fachkundige Beratung zur Einhaltung der Handelsgesetze.<\/p>\n<a class=\"read_more\" target=\"_self\" href=\"https:\/\/cozengumruk.net\/de\/gesetzgebungsdienste\/\"><span>mehr lesen<\/span><span class=\"stm_icon\"><i class=\"fa fa-chevron-right\"><\/i><\/span><\/a><\/div>\n\t\t<\/div>\n\t\t\t\t<\/div>\n\t\t\t\t\t<\/div>\n\t\t<\/div>\n\t\t\t\t<div class=\"elementor-column elementor-col-33 elementor-top-column elementor-element elementor-element-f513fec\" data-id=\"f513fec\" data-element_type=\"column\">\n\t\t\t<div class=\"elementor-widget-wrap elementor-element-populated\">\n\t\t\t\t\t\t<div class=\"elementor-element elementor-element-d6937a5 elementor-widget elementor-widget-stm_info_box\" data-id=\"d6937a5\" data-element_type=\"widget\" data-widget_type=\"stm_info_box.default\">\n\t\t\t\t<div class=\"elementor-widget-container\">\n\t\t\t<div class=\"info_box elementor-consulting-info-box style_10\">\n\t<div class=\"icon\">\n\t\t<i class=\"fas fa-compress\"><\/i>\n\t<\/div>\n\t\t\t<div class=\"title\">\n\t\t\t<h4 class=\"no_stripe\">YYS | AEO-Beratungsdienste<\/h4>\n\t\t<\/div>\n\t\t<p>\u00c7\u00f6zen Customs Consultancy bietet professionelle Beratungsdienste bei der Beschaffung von (YYS) und (AEO) Zertifikaten.<\/p>\n<a class=\"read_more\" target=\"_self\" href=\"https:\/\/cozengumruk.net\/de\/yys-aeo-services\/\"><span>mehr lesen<\/span><span class=\"stm_icon\"><i class=\"fa fa-chevron-right\"><\/i><\/span><\/a><\/div>\n\t\t<\/div>\n\t\t\t\t<\/div>\n\t\t\t\t\t<\/div>\n\t\t<\/div>\n\t\t\t\t\t<\/div>\n\t\t<\/section>\n\t\t\t\t<section class=\"elementor-section elementor-top-section elementor-element elementor-element-a396533 elementor-section-boxed elementor-section-height-default elementor-section-height-default\" data-id=\"a396533\" data-element_type=\"section\" data-settings=\"{&quot;background_background&quot;:&quot;classic&quot;}\">\n\t\t\t\t\t\t<div class=\"elementor-container elementor-column-gap-default\">\n\t\t\t\t\t<div class=\"elementor-column elementor-col-33 elementor-top-column elementor-element elementor-element-207afa3\" data-id=\"207afa3\" data-element_type=\"column\">\n\t\t\t<div class=\"elementor-widget-wrap elementor-element-populated\">\n\t\t\t\t\t\t<div class=\"elementor-element elementor-element-188f696 elementor-widget elementor-widget-stm_info_box\" data-id=\"188f696\" data-element_type=\"widget\" data-widget_type=\"stm_info_box.default\">\n\t\t\t\t<div class=\"elementor-widget-container\">\n\t\t\t<div class=\"info_box elementor-consulting-info-box style_10\">\n\t<div class=\"icon\">\n\t\t<i class=\"stm-ankara-search\"><\/i>\n\t<\/div>\n\t\t\t<div class=\"title\">\n\t\t\t<h4 class=\"no_stripe\">Vorbereitungsdienste f\u00fcr Zollinspektionen<\/h4>\n\t\t<\/div>\n\t\t<p>\u00c7\u00f6zen Customs Consultancy bietet Ihnen umfassende Unterst\u00fctzung bei der Vorbereitung auf Zollkontrollen.<\/p>\n<a class=\"read_more\" target=\"_self\" href=\"https:\/\/cozengumruk.net\/de\/vorbereitung-von-zollprufungen\/\"><span>mehr lesen<\/span><span class=\"stm_icon\"><i class=\"fa fa-chevron-right\"><\/i><\/span><\/a><\/div>\n\t\t<\/div>\n\t\t\t\t<\/div>\n\t\t\t\t\t<\/div>\n\t\t<\/div>\n\t\t\t\t<div class=\"elementor-column elementor-col-33 elementor-top-column elementor-element elementor-element-1dc71e0\" data-id=\"1dc71e0\" data-element_type=\"column\">\n\t\t\t<div class=\"elementor-widget-wrap elementor-element-populated\">\n\t\t\t\t\t\t<div class=\"elementor-element elementor-element-cff99bd elementor-widget elementor-widget-stm_info_box\" data-id=\"cff99bd\" data-element_type=\"widget\" data-widget_type=\"stm_info_box.default\">\n\t\t\t\t<div class=\"elementor-widget-container\">\n\t\t\t<div class=\"info_box elementor-consulting-info-box style_10\">\n\t<div class=\"icon\">\n\t\t<i class=\"fas fa-balance-scale\"><\/i>\n\t<\/div>\n\t\t\t<div class=\"title\">\n\t\t\t<h4 class=\"no_stripe\">Juristische Unterst\u00fctzungsdienste<\/h4>\n\t\t<\/div>\n\t\t<p>\u00c7\u00f6zen Customs Consultancy bietet fachkundige Unterst\u00fctzung bei rechtlichen Verfahren im Zusammenhang mit dem Handel.<\/p>\n<a class=\"read_more\" target=\"_self\" href=\"https:\/\/cozengumruk.net\/de\/juristische-unterstutzungsdienste\/\"><span>mehr lesen<\/span><span class=\"stm_icon\"><i class=\"fa fa-chevron-right\"><\/i><\/span><\/a><\/div>\n\t\t<\/div>\n\t\t\t\t<\/div>\n\t\t\t\t\t<\/div>\n\t\t<\/div>\n\t\t\t\t<div class=\"elementor-column elementor-col-33 elementor-top-column elementor-element elementor-element-af1384a\" data-id=\"af1384a\" data-element_type=\"column\">\n\t\t\t<div class=\"elementor-widget-wrap elementor-element-populated\">\n\t\t\t\t\t\t<div class=\"elementor-element elementor-element-d3dc1b1 elementor-widget elementor-widget-stm_info_box\" data-id=\"d3dc1b1\" data-element_type=\"widget\" data-widget_type=\"stm_info_box.default\">\n\t\t\t\t<div class=\"elementor-widget-container\">\n\t\t\t<div class=\"info_box elementor-consulting-info-box style_10\">\n\t<div class=\"icon\">\n\t\t<i class=\"stm-earth\"><\/i>\n\t<\/div>\n\t\t\t<div class=\"title\">\n\t\t\t<h4 class=\"no_stripe\">Beratungsdienste f\u00fcr Freizonen<\/h4>\n\t\t<\/div>\n\t\t<p>\u00c7\u00f6zen Customs Consultancy bietet professionelle Beratung f\u00fcr Ihre Freizonengesch\u00e4fte.<\/p>\n<a class=\"read_more\" target=\"_self\" href=\"https:\/\/cozengumruk.net\/de\/beratungsdienste-fur-freizonen\/\"><span>mehr lesen<\/span><span class=\"stm_icon\"><i class=\"fa fa-chevron-right\"><\/i><\/span><\/a><\/div>\n\t\t<\/div>\n\t\t\t\t<\/div>\n\t\t\t\t\t<\/div>\n\t\t<\/div>\n\t\t\t\t\t<\/div>\n\t\t<\/section>\n\t\t\t\t<section class=\"elementor-section elementor-top-section elementor-element elementor-element-29ac40f elementor-section-boxed elementor-section-height-default elementor-section-height-default\" data-id=\"29ac40f\" data-element_type=\"section\">\n\t\t\t\t\t\t<div class=\"elementor-container elementor-column-gap-default\">\n\t\t\t\t\t<div class=\"elementor-column elementor-col-33 elementor-top-column elementor-element elementor-element-e9db96e\" data-id=\"e9db96e\" data-element_type=\"column\">\n\t\t\t<div class=\"elementor-widget-wrap elementor-element-populated\">\n\t\t\t\t\t\t<div class=\"elementor-element elementor-element-394445f elementor-widget elementor-widget-stm_info_box\" data-id=\"394445f\" data-element_type=\"widget\" data-widget_type=\"stm_info_box.default\">\n\t\t\t\t<div class=\"elementor-widget-container\">\n\t\t\t<div class=\"info_box elementor-consulting-info-box style_10\">\n\t<div class=\"icon\">\n\t\t<i class=\"fas fa-parachute-box\"><\/i>\n\t<\/div>\n\t\t\t<div class=\"title\">\n\t\t\t<h4 class=\"no_stripe\">Interaktive Zolldienste<\/h4>\n\t\t<\/div>\n\t\t<p>\u00c7\u00f6zen Customs Consultancy bietet schnelle und effektive Zolldienstleistungen \u00fcber digitale Plattformen.<\/p>\n<a class=\"read_more\" target=\"_self\" href=\"https:\/\/cozengumruk.net\/de\/interaktive-zolldienste\/\"><span>mehr lesen<\/span><span class=\"stm_icon\"><i class=\"fa fa-chevron-right\"><\/i><\/span><\/a><\/div>\n\t\t<\/div>\n\t\t\t\t<\/div>\n\t\t\t\t\t<\/div>\n\t\t<\/div>\n\t\t\t\t<div class=\"elementor-column elementor-col-33 elementor-top-column elementor-element elementor-element-cdfd6d0\" data-id=\"cdfd6d0\" data-element_type=\"column\">\n\t\t\t<div class=\"elementor-widget-wrap elementor-element-populated\">\n\t\t\t\t\t\t<div class=\"elementor-element elementor-element-963a3ac elementor-widget elementor-widget-stm_info_box\" data-id=\"963a3ac\" data-element_type=\"widget\" data-widget_type=\"stm_info_box.default\">\n\t\t\t\t<div class=\"elementor-widget-container\">\n\t\t\t<div class=\"info_box elementor-consulting-info-box style_10\">\n\t<div class=\"icon\">\n\t\t<i class=\"fas fa-pencil-alt\"><\/i>\n\t<\/div>\n\t\t\t<div class=\"title\">\n\t\t\t<h4 class=\"no_stripe\">Bildungsdienstleistungen<\/h4>\n\t\t<\/div>\n\t\t<p>\u00c7\u00f6zen Customs Consultancy bietet Ihnen umfassende Schulungen zur Spezialisierung in Zoll- und Au\u00dfenhandelsfragen.<\/p>\n<a class=\"read_more\" target=\"_self\" href=\"https:\/\/cozengumruk.net\/de\/bildungsdienstleistungen\/\"><span>mehr lesen<\/span><span class=\"stm_icon\"><i class=\"fa fa-chevron-right\"><\/i><\/span><\/a><\/div>\n\t\t<\/div>\n\t\t\t\t<\/div>\n\t\t\t\t\t<\/div>\n\t\t<\/div>\n\t\t\t\t<div class=\"elementor-column elementor-col-33 elementor-top-column elementor-element elementor-element-4dc54f3\" data-id=\"4dc54f3\" data-element_type=\"column\">\n\t\t\t<div class=\"elementor-widget-wrap elementor-element-populated\">\n\t\t\t\t\t\t<div class=\"elementor-element elementor-element-56a9fad elementor-widget elementor-widget-stm_info_box\" data-id=\"56a9fad\" data-element_type=\"widget\" data-widget_type=\"stm_info_box.default\">\n\t\t\t\t<div class=\"elementor-widget-container\">\n\t\t\t<div class=\"info_box elementor-consulting-info-box style_10\">\n\t<div class=\"icon\">\n\t\t<i class=\"fas fa-grip-horizontal\"><\/i>\n\t<\/div>\n\t\t\t<div class=\"title\">\n\t\t\t<h4 class=\"no_stripe\">Andere Dienstleistungen<\/h4>\n\t\t<\/div>\n\t\t<p>\u00c7\u00f6zen Customs Consultancy bietet verschiedene zus\u00e4tzliche Dienstleistungen an, die speziell auf Ihre Bed\u00fcrfnisse im Bereich Zoll und Au\u00dfenhandel zugeschnitten sind.<\/p>\n<div class=\"notranslate\" style=\"all: initial;\">\u00a0<\/div>\n<a class=\"read_more\" target=\"_self\" href=\"https:\/\/cozengumruk.net\/de\/andere-zolldienste\/\"><span>mehr lesen<\/span><span class=\"stm_icon\"><i class=\"fa fa-chevron-right\"><\/i><\/span><\/a><\/div>\n\t\t<\/div>\n\t\t\t\t<\/div>\n\t\t\t\t\t<\/div>\n\t\t<\/div>\n\t\t\t\t\t<\/div>\n\t\t<\/section>\n\t\t<div class=\"elementor-element elementor-element-127d4ee e-flex e-con-boxed e-con e-parent\" data-id=\"127d4ee\" data-element_type=\"container\">\n\t\t\t\t\t<div class=\"e-con-inner\">\n\t\t\t\t<div class=\"elementor-element elementor-element-eecf112 elementor-hidden-mobile elementor-widget elementor-widget-stm_info_box\" data-id=\"eecf112\" data-element_type=\"widget\" data-widget_type=\"stm_info_box.default\">\n\t\t\t\t<div class=\"elementor-widget-container\">\n\t\t\t<div class=\"info_box elementor-consulting-info-box style_10\">\n\t<div class=\"icon\">\n\t\t<i class=\"stm-worldwide-shipping\"><\/i>\n\t<\/div>\n\t\t\t<div class=\"title\">\n\t\t\t<h4 class=\"no_stripe\">Logistische Dienstleistungen<\/h4>\n\t\t<\/div>\n\t\t<p>\u00c7\u00f6zen Customs Consultancy verwaltet alle Ihre Logistikprozesse effektiv und effizient. Sie beschleunigt und erleichtert Ihr Gesch\u00e4ft mit Transport-, Lager- und Vertriebsl\u00f6sungen.<\/p>\n<a class=\"read_more\" target=\"_self\" href=\"https:\/\/cozengumruk.net\/de\/logistikdienstleistungen\/\"><span>mehr lesen<\/span><span class=\"stm_icon\"><i class=\"fa fa-chevron-right\"><\/i><\/span><\/a><\/div>\n\t\t<\/div>\n\t\t\t\t<\/div>\n\t\t\t\t<div class=\"elementor-element elementor-element-ce4b7f4 elementor-hidden-desktop elementor-hidden-tablet elementor-widget elementor-widget-stm_info_box\" data-id=\"ce4b7f4\" data-element_type=\"widget\" data-widget_type=\"stm_info_box.default\">\n\t\t\t\t<div class=\"elementor-widget-container\">\n\t\t\t<div class=\"info_box elementor-consulting-info-box style_10\">\n\t<div class=\"icon\">\n\t\t<i class=\"stm-worldwide-shipping\"><\/i>\n\t<\/div>\n\t\t\t<div class=\"title\">\n\t\t\t<h4 class=\"no_stripe\">Logistische Dienstleistungen<\/h4>\n\t\t<\/div>\n\t\t<p>\u00c7\u00f6zen Customs Consultancy verwaltet alle Ihre Logistikprozesse effektiv und effizient. Sie beschleunigt und erleichtert Ihr Gesch\u00e4ft mit Transport-, Lager- und Vertriebsl\u00f6sungen.<\/p>\n<a class=\"read_more\" target=\"_self\" href=\"https:\/\/cozengumruk.net\/de\/logistikdienstleistungen\/\"><span>mehr lesen<\/span><span class=\"stm_icon\"><i class=\"fa fa-chevron-right\"><\/i><\/span><\/a><\/div>\n\t\t<\/div>\n\t\t\t\t<\/div>\n\t\t\t\t\t<\/div>\n\t\t\t\t<\/div>\n\t\t\t\t<\/div>","protected":false},"excerpt":{"rendered":"<p>\u00c7\u00f6zen G\u00fcmr\u00fck M\u00fc\u015favirli\u011fi olarak, i\u015fletmelerin ama\u00e7lar\u0131n\u0131 ger\u00e7ekle\u015ftirebilmeleri ve hedeflerine ula\u015fabilmeleri i\u00e7in sahip olduklar\u0131 insan kaynaklar\u0131n\u0131 en verimli \u015fekilde kullanmalar\u0131 gerekti\u011fini biliyoruz. \u00c7al\u0131\u015fanlar\u0131m\u0131z\u0131n geli\u015fimi, motivasyonu ve verimlili\u011fi, ba\u015far\u0131ya ula\u015fmam\u0131zda en b\u00fcy\u00fck g\u00fcc\u00fcm\u00fczd\u00fcr. Bu nedenle, \u00e7al\u0131\u015fanlar\u0131m\u0131z\u0131n mesleki geli\u015fimine katk\u0131 sa\u011flayacak sistem ve uygulamalar\u0131 hayata ge\u00e7irmekteyiz. Grup \u015firketlerimizden\u00a0\u00c7\u00f6zen G\u00fcmr\u00fck M\u00fc\u015favirli\u011fi b\u00fcnyesinde olu\u015fturulan e\u011fitim faaliyetlerimiz, zaman i\u00e7inde sadece \u00e7al\u0131\u015fanlar\u0131m\u0131z\u0131n<\/p>","protected":false},"author":1,"featured_media":0,"parent":0,"menu_order":0,"comment_status":"closed","ping_status":"closed","template":"","meta":{"footnotes":""},"class_list":["post-7633","page","type-page","status-publish","hentry"],"_links":{"self":[{"href":"https:\/\/cozengumruk.net\/de\/wp-json\/wp\/v2\/pages\/7633","targetHints":{"allow":["GET"]}}],"collection":[{"href":"https:\/\/cozengumruk.net\/de\/wp-json\/wp\/v2\/pages"}],"about":[{"href":"https:\/\/cozengumruk.net\/de\/wp-json\/wp\/v2\/types\/page"}],"author":[{"embeddable":true,"href":"https:\/\/cozengumruk.net\/de\/wp-json\/wp\/v2\/users\/1"}],"replies":[{"embeddable":true,"href":"https:\/\/cozengumruk.net\/de\/wp-json\/wp\/v2\/comments?post=7633"}],"version-history":[{"count":7,"href":"https:\/\/cozengumruk.net\/de\/wp-json\/wp\/v2\/pages\/7633\/revisions"}],"predecessor-version":[{"id":7687,"href":"https:\/\/cozengumruk.net\/de\/wp-json\/wp\/v2\/pages\/7633\/revisions\/7687"}],"wp:attachment":[{"href":"https:\/\/cozengumruk.net\/de\/wp-json\/wp\/v2\/media?parent=7633"}],"curies":[{"name":"wp","href":"https:\/\/api.w.org\/{rel}","templated":true}]}}