{"id":7659,"date":"2024-07-26T12:04:12","date_gmt":"2024-07-26T09:04:12","guid":{"rendered":"https:\/\/cozengumruk.net\/?page_id=7659"},"modified":"2024-07-26T12:04:49","modified_gmt":"2024-07-26T09:04:49","slug":"lojistik-hizmetleri","status":"publish","type":"page","link":"https:\/\/cozengumruk.net\/de\/logistikdienstleistungen\/","title":{"rendered":"Logistische Dienstleistungen"},"content":{"rendered":"<div data-elementor-type=\"wp-page\" data-elementor-id=\"7659\" class=\"elementor elementor-7659\" data-elementor-post-type=\"page\">\n\t\t\t\t<div class=\"elementor-element elementor-element-a269fe7 e-flex e-con-boxed e-con e-parent\" data-id=\"a269fe7\" data-element_type=\"container\">\n\t\t\t\t\t<div class=\"e-con-inner\">\n\t\t\t\t<div class=\"elementor-element elementor-element-274460c elementor-widget elementor-widget-text-editor\" data-id=\"274460c\" data-element_type=\"widget\" data-widget_type=\"text-editor.default\">\n\t\t\t\t<div class=\"elementor-widget-container\">\n\t\t\t\t\t\t\t<p><strong>\u00c7\u00f6zen Customs Consultancy<\/strong> Wir erbringen nicht nur Lager- und Vertriebsdienstleistungen, sondern bieten auch umfassende L\u00f6sungen f\u00fcr die Zollabfertigung der transportierten G\u00fcter. Unsere fachkundigen Mitarbeiter, die sich mit der Zollgesetzgebung bestens auskennen, wickeln in Zusammenarbeit mit professionellen Zollvermittlungsunternehmen Import-, Export-, Umschlag- und Transitvorg\u00e4nge an allen Zollstellen in der T\u00fcrkei ab. Au\u00dferdem sichern wir Ihre Prozesse mit GTIP-Bestimmungen und Versicherungsdienstleistungen ab.<\/p>\n<h4>Umfassende Zolldienstleistungen und Beratung<\/h4>\n<p>\u00c7\u00f6zen Customs Consultancy unterst\u00fctzt seine Kunden mit umfassenden Zolldienstleistungen bei Import- und Exportgesch\u00e4ften. Unser Team verfolgt aufmerksam die \u00c4nderungen in der Zollgesetzgebung und informiert seine Kunden gleichzeitig \u00fcber diese \u00c4nderungen. Auf diese Weise sind unsere Kunden immer auf dem neuesten Stand und handeln im Einklang mit der Gesetzgebung.<\/p>\n<h4>Ununterbrochener und p\u00fcnktlicher Service<\/h4>\n<p>In einem Gesch\u00e4ftsumfeld, in dem die Kundenzufriedenheit von einer schnellen Lieferung abh\u00e4ngt, f\u00fchrt \u00c7\u00f6zen Customs Brokerage die Zollabfertigung ohne Unterbrechung und p\u00fcnktlich durch. Indem wir sicherstellen, dass die Lieferkette ohne Unterbrechung abgeschlossen wird, beschleunigen wir die betrieblichen Abl\u00e4ufe unserer Kunden und steigern die Effizienz.<\/p>\n<h4>Ma\u00dfgeschneiderte Boutique-L\u00f6sungen<\/h4>\n<p>Wir bieten ma\u00dfgeschneiderte Boutique-L\u00f6sungen, die auf die sektoralen Bed\u00fcrfnisse, die Gesetzgebung und vor allem die betrieblichen Anforderungen jedes Kunden zugeschnitten sind. Als \u00c7\u00f6zen Customs Brokerage arbeiten wir im Einklang mit den Zollabfertigungsabteilungen unserer Kunden und integrieren uns in deren Gesch\u00e4ftsabl\u00e4ufe. So stehen wir unseren Kunden zur Seite, indem wir ihnen die am besten geeigneten L\u00f6sungen anbieten.<\/p>\n<h4>Professionelles und erfahrenes Personal<\/h4>\n<p>Unsere erfahrenen und fachkundigen Mitarbeiter, die die Zollgesetzgebung gut beherrschen, gehen bei all Ihren Zollgesch\u00e4ften professionell vor. Als \u00c7\u00f6zen Customs Consultancy erf\u00fcllen wir die Erwartungen unserer Kunden, indem wir unsere Beratungsleistungen auf h\u00f6chstem Niveau anbieten.<\/p>\n<h4>Servicebereiche<\/h4>\n<ul>\n<li><strong>Import- und Exportvorg\u00e4nge<\/strong>: Volle Unterst\u00fctzung bei der Zollabfertigung, professioneller Service.<\/li>\n<li><strong>Umsteige- und Transitvorg\u00e4nge<\/strong>: Sicherer und schneller Transport Ihrer Lasten.<\/li>\n<li><strong>GTIP-Bestimmungen<\/strong>: Sicherheit bei Ihren Transaktionen mit korrekten Produktcodes.<\/li>\n<li><strong>Versicherungsdienstleistungen<\/strong>: Umfassende Versicherung zur Gew\u00e4hrleistung der Sicherheit Ihrer Fracht.<\/li>\n<\/ul>\n<h4>Kundenorientierter Ansatz<\/h4>\n<p>Es ist unsere Priorit\u00e4t, spezielle L\u00f6sungen f\u00fcr die Bed\u00fcrfnisse unserer Kunden anzubieten. Als \u00c7\u00f6zen Customs Consultancy stellen wir die Zufriedenheit jedes einzelnen unserer Kunden sicher, indem wir uns pers\u00f6nlich um ihn k\u00fcmmern. Wir erneuern unsere Dienstleistungen mit unseren kontinuierlichen Entwicklungs- und Verbesserungsprozessen, um die Kundenzufriedenheit auf h\u00f6chstem Niveau zu halten.<\/p>\n<h4>Warum Solen Customs Consultancy?<\/h4>\n<ul>\n<li><strong>Schneller und zuverl\u00e4ssiger Service<\/strong>: Wir bieten schnelle und zuverl\u00e4ssige L\u00f6sungen f\u00fcr Ihre Zollverfahren.<\/li>\n<li><strong>Fachpersonal<\/strong>: Wir stehen Ihnen jederzeit mit unserem Fachpersonal zur Seite.<\/li>\n<li><strong>Ma\u00dfgeschneiderte L\u00f6sungen<\/strong>: Ma\u00dfgeschneiderte Boutique-L\u00f6sungen f\u00fcr Ihren Gesch\u00e4ftsbedarf.<\/li>\n<li><strong>Ununterbrochene Unterst\u00fctzung<\/strong>: Wir sind immer mit Ihnen mit 7\/24 Service Verst\u00e4ndnis.<\/li>\n<\/ul>\n<h4>Unsere Vision f\u00fcr die Zukunft<\/h4>\n<p>Als \u00c7\u00f6zen Customs Consultancy wollen wir unseren Kunden zur Seite stehen und zu ihrem Erfolg in der Zukunft beitragen. Wir bem\u00fchen uns, unseren Kunden den besten Service zu bieten, indem wir uns schnell an die sich st\u00e4ndig \u00e4ndernde Zollgesetzgebung anpassen und innovative L\u00f6sungen anbieten.<\/p>\n<p>Kontaktieren Sie uns f\u00fcr weitere Informationen \u00fcber unsere Dienstleistungen und eine Zusammenarbeit. Als \u00c7\u00f6zen Customs Consultancy stehen wir Ihnen bei allen Ihren Zollverfahren zur Seite.<\/p>\n\t\t\t\t\t\t<\/div>\n\t\t\t\t<\/div>\n\t\t\t\t\t<\/div>\n\t\t\t\t<\/div>\n\t\t\t\t<section class=\"elementor-section elementor-top-section elementor-element elementor-element-fa0a35b elementor-section-boxed elementor-section-height-default elementor-section-height-default\" data-id=\"fa0a35b\" data-element_type=\"section\" data-settings=\"{&quot;background_background&quot;:&quot;classic&quot;}\">\n\t\t\t\t\t\t<div class=\"elementor-container elementor-column-gap-default\">\n\t\t\t\t\t<div class=\"elementor-column elementor-col-100 elementor-top-column elementor-element elementor-element-3962fda\" data-id=\"3962fda\" data-element_type=\"column\">\n\t\t\t<div class=\"elementor-widget-wrap elementor-element-populated\">\n\t\t\t\t\t\t<section class=\"elementor-section elementor-top-section elementor-element elementor-element-957b8b0 elementor-section-boxed elementor-section-height-default elementor-section-height-default\" data-id=\"957b8b0\" data-element_type=\"section\">\n\t\t\t\t\t\t<div class=\"elementor-container elementor-column-gap-default\">\n\t\t\t\t\t<div class=\"elementor-column elementor-col-100 elementor-top-column elementor-element elementor-element-adf2ee9\" data-id=\"adf2ee9\" data-element_type=\"column\">\n\t\t\t<div class=\"elementor-widget-wrap elementor-element-populated\">\n\t\t\t\t\t\t<div class=\"elementor-element elementor-element-ac7c14f elementor-widget elementor-widget-vc_custom_heading\" data-id=\"ac7c14f\" data-element_type=\"widget\" data-widget_type=\"vc_custom_heading.default\">\n\t\t\t\t<div class=\"elementor-widget-container\">\n\t\t\t<div class=\"vc_custom_heading no_stripe consulting_heading_font  text_align_center has_subtitle\" ><h4 style=\"font-size: 35px;color: #000000;text-align: center;line-height: 45px;font-weight:700\" class=\"consulting-custom-title\">Wir sind an Ihrer Seite, um die f\u00fcr Sie am besten geeigneten L\u00f6sungen zu entwickeln\n<span class=\"subtitle\" style=\"color:#2A2A2A\"><br>Um die Bed\u00fcrfnisse unserer gesch\u00e4tzten Kunden bestm\u00f6glich zu erf\u00fcllen, sind wir bereit, Ihren Erwartungen und Anforderungen aufmerksam zuzuh\u00f6ren. <br>Gemeinsam ermitteln wir die f\u00fcr Sie am besten geeigneten Strategien mit unseren Innovationen und ma\u00dfgeschneiderten L\u00f6sungen.<\/span><\/h4><\/div>\t\t<\/div>\n\t\t\t\t<\/div>\n\t\t\t\t<div class=\"elementor-element elementor-element-4965518 elementor-align-center elementor-widget elementor-widget-button\" data-id=\"4965518\" data-element_type=\"widget\" data-widget_type=\"button.default\">\n\t\t\t\t<div class=\"elementor-widget-container\">\n\t\t\t\t\t\t\t<div class=\"elementor-button-wrapper icon_align_row-reverse\">\n\t\t\t\t\t<a class=\"elementor-button elementor-button-link elementor-size-sm\" href=\"https:\/\/cozengumruk.net\/de\/kommunikation\/\">\n\t\t\t\t\t\t<span class=\"elementor-button-content-wrapper\">\n\t\t\t\t\t\t<span class=\"elementor-button-icon\">\n\t\t\t\t<i aria-hidden=\"true\" class=\"stm-lnr-arrow-right\"><\/i>\t\t\t<\/span>\n\t\t\t\t\t\t\t\t\t<span class=\"elementor-button-text\">Treffen mit Solving Customs<\/span>\n\t\t\t\t\t<\/span>\n\t\t\t\t\t<\/a>\n\t\t\t\t<\/div>\n\t\t\t\t\t\t<\/div>\n\t\t\t\t<\/div>\n\t\t\t\t\t<\/div>\n\t\t<\/div>\n\t\t\t\t\t<\/div>\n\t\t<\/section>\n\t\t\t\t\t<\/div>\n\t\t<\/div>\n\t\t\t\t\t<\/div>\n\t\t<\/section>\n\t\t<div class=\"elementor-element elementor-element-ec22a55 e-flex e-con-boxed e-con e-parent\" data-id=\"ec22a55\" data-element_type=\"container\">\n\t\t\t\t\t<div class=\"e-con-inner\">\n\t\t\t\t<div class=\"elementor-element elementor-element-2ecc3a6 elementor-widget elementor-widget-heading\" data-id=\"2ecc3a6\" data-element_type=\"widget\" data-widget_type=\"heading.default\">\n\t\t\t\t<div class=\"elementor-widget-container\">\n\t\t\t<h2 class=\"elementor-heading-title elementor-size-default\">Unsere Dienstleistungen<\/h2>\t\t<\/div>\n\t\t\t\t<\/div>\n\t\t\t\t\t<\/div>\n\t\t\t\t<\/div>\n\t\t\t\t<section class=\"elementor-section elementor-top-section elementor-element elementor-element-d6d9ce1 elementor-section-boxed elementor-section-height-default elementor-section-height-default\" data-id=\"d6d9ce1\" data-element_type=\"section\" data-settings=\"{&quot;background_background&quot;:&quot;classic&quot;}\">\n\t\t\t\t\t\t<div class=\"elementor-container elementor-column-gap-default\">\n\t\t\t\t\t<div class=\"elementor-column elementor-col-33 elementor-top-column elementor-element elementor-element-5e0a9d2\" data-id=\"5e0a9d2\" data-element_type=\"column\">\n\t\t\t<div class=\"elementor-widget-wrap elementor-element-populated\">\n\t\t\t\t\t\t<div class=\"elementor-element elementor-element-74088b1 elementor-widget elementor-widget-stm_info_box\" data-id=\"74088b1\" data-element_type=\"widget\" data-widget_type=\"stm_info_box.default\">\n\t\t\t\t<div class=\"elementor-widget-container\">\n\t\t\t<div class=\"info_box elementor-consulting-info-box style_10\">\n\t<div class=\"icon\">\n\t\t<i class=\"fas fa-asterisk\"><\/i>\n\t<\/div>\n\t\t\t<div class=\"title\">\n\t\t\t<h4 class=\"no_stripe\">Zollabfertigungsdienste<\/h4>\n\t\t<\/div>\n\t\t<p>\u00c7\u00f6zen Customs Consultancy bietet schnelle und zuverl\u00e4ssige Zollabfertigungsdienste f\u00fcr Ihre Import- und Exportgesch\u00e4fte.<\/p>\n<a class=\"read_more\" target=\"_self\" href=\"https:\/\/cozengumruk.net\/de\/zollabfertigungsdienste\/\"><span>mehr lesen<\/span><span class=\"stm_icon\"><i class=\"fa fa-chevron-right\"><\/i><\/span><\/a><\/div>\n\t\t<\/div>\n\t\t\t\t<\/div>\n\t\t\t\t\t<\/div>\n\t\t<\/div>\n\t\t\t\t<div class=\"elementor-column elementor-col-33 elementor-top-column elementor-element elementor-element-a70c7d8\" data-id=\"a70c7d8\" data-element_type=\"column\">\n\t\t\t<div class=\"elementor-widget-wrap elementor-element-populated\">\n\t\t\t\t\t\t<div class=\"elementor-element elementor-element-9d8f074 elementor-widget elementor-widget-stm_info_box\" data-id=\"9d8f074\" data-element_type=\"widget\" data-widget_type=\"stm_info_box.default\">\n\t\t\t\t<div class=\"elementor-widget-container\">\n\t\t\t<div class=\"info_box elementor-consulting-info-box style_10\">\n\t<div class=\"icon\">\n\t\t<i class=\"stm-chart-refresh\"><\/i>\n\t<\/div>\n\t\t\t<div class=\"title\">\n\t\t\t<h4 class=\"no_stripe\">Beratung zur Gesetzgebung<\/h4>\n\t\t<\/div>\n\t\t<p>\u00c7\u00f6zen Customs Consultancy bietet Ihnen fachkundige Beratung zur Einhaltung der Handelsgesetze.<\/p>\n<a class=\"read_more\" target=\"_self\" href=\"https:\/\/cozengumruk.net\/de\/gesetzgebungsdienste\/\"><span>mehr lesen<\/span><span class=\"stm_icon\"><i class=\"fa fa-chevron-right\"><\/i><\/span><\/a><\/div>\n\t\t<\/div>\n\t\t\t\t<\/div>\n\t\t\t\t\t<\/div>\n\t\t<\/div>\n\t\t\t\t<div class=\"elementor-column elementor-col-33 elementor-top-column elementor-element elementor-element-aaf345e\" data-id=\"aaf345e\" data-element_type=\"column\">\n\t\t\t<div class=\"elementor-widget-wrap elementor-element-populated\">\n\t\t\t\t\t\t<div class=\"elementor-element elementor-element-6f928cf elementor-widget elementor-widget-stm_info_box\" data-id=\"6f928cf\" data-element_type=\"widget\" data-widget_type=\"stm_info_box.default\">\n\t\t\t\t<div class=\"elementor-widget-container\">\n\t\t\t<div class=\"info_box elementor-consulting-info-box style_10\">\n\t<div class=\"icon\">\n\t\t<i class=\"fas fa-compress\"><\/i>\n\t<\/div>\n\t\t\t<div class=\"title\">\n\t\t\t<h4 class=\"no_stripe\">YYS | AEO-Beratungsdienste<\/h4>\n\t\t<\/div>\n\t\t<p>\u00c7\u00f6zen Customs Consultancy bietet professionelle Beratungsdienste bei der Beschaffung von (YYS) und (AEO) Zertifikaten.<\/p>\n<a class=\"read_more\" target=\"_self\" href=\"https:\/\/cozengumruk.net\/de\/yys-aeo-services\/\"><span>mehr lesen<\/span><span class=\"stm_icon\"><i class=\"fa fa-chevron-right\"><\/i><\/span><\/a><\/div>\n\t\t<\/div>\n\t\t\t\t<\/div>\n\t\t\t\t\t<\/div>\n\t\t<\/div>\n\t\t\t\t\t<\/div>\n\t\t<\/section>\n\t\t\t\t<section class=\"elementor-section elementor-top-section elementor-element elementor-element-9c1bc9d elementor-section-boxed elementor-section-height-default elementor-section-height-default\" data-id=\"9c1bc9d\" data-element_type=\"section\" data-settings=\"{&quot;background_background&quot;:&quot;classic&quot;}\">\n\t\t\t\t\t\t<div class=\"elementor-container elementor-column-gap-default\">\n\t\t\t\t\t<div class=\"elementor-column elementor-col-33 elementor-top-column elementor-element elementor-element-547bb03\" data-id=\"547bb03\" data-element_type=\"column\">\n\t\t\t<div class=\"elementor-widget-wrap elementor-element-populated\">\n\t\t\t\t\t\t<div class=\"elementor-element elementor-element-a7a0374 elementor-widget elementor-widget-stm_info_box\" data-id=\"a7a0374\" data-element_type=\"widget\" data-widget_type=\"stm_info_box.default\">\n\t\t\t\t<div class=\"elementor-widget-container\">\n\t\t\t<div class=\"info_box elementor-consulting-info-box style_10\">\n\t<div class=\"icon\">\n\t\t<i class=\"stm-ankara-search\"><\/i>\n\t<\/div>\n\t\t\t<div class=\"title\">\n\t\t\t<h4 class=\"no_stripe\">Vorbereitungsdienste f\u00fcr Zollinspektionen<\/h4>\n\t\t<\/div>\n\t\t<p>\u00c7\u00f6zen Customs Consultancy bietet Ihnen umfassende Unterst\u00fctzung bei der Vorbereitung auf Zollkontrollen.<\/p>\n<a class=\"read_more\" target=\"_self\" href=\"https:\/\/cozengumruk.net\/de\/vorbereitung-von-zollprufungen\/\"><span>mehr lesen<\/span><span class=\"stm_icon\"><i class=\"fa fa-chevron-right\"><\/i><\/span><\/a><\/div>\n\t\t<\/div>\n\t\t\t\t<\/div>\n\t\t\t\t\t<\/div>\n\t\t<\/div>\n\t\t\t\t<div class=\"elementor-column elementor-col-33 elementor-top-column elementor-element elementor-element-7172248\" data-id=\"7172248\" data-element_type=\"column\">\n\t\t\t<div class=\"elementor-widget-wrap elementor-element-populated\">\n\t\t\t\t\t\t<div class=\"elementor-element elementor-element-806e247 elementor-widget elementor-widget-stm_info_box\" data-id=\"806e247\" data-element_type=\"widget\" data-widget_type=\"stm_info_box.default\">\n\t\t\t\t<div class=\"elementor-widget-container\">\n\t\t\t<div class=\"info_box elementor-consulting-info-box style_10\">\n\t<div class=\"icon\">\n\t\t<i class=\"fas fa-balance-scale\"><\/i>\n\t<\/div>\n\t\t\t<div class=\"title\">\n\t\t\t<h4 class=\"no_stripe\">Juristische Unterst\u00fctzungsdienste<\/h4>\n\t\t<\/div>\n\t\t<p>\u00c7\u00f6zen Customs Consultancy bietet fachkundige Unterst\u00fctzung bei rechtlichen Verfahren im Zusammenhang mit dem Handel.<\/p>\n<a class=\"read_more\" target=\"_self\" href=\"https:\/\/cozengumruk.net\/de\/juristische-unterstutzungsdienste\/\"><span>mehr lesen<\/span><span class=\"stm_icon\"><i class=\"fa fa-chevron-right\"><\/i><\/span><\/a><\/div>\n\t\t<\/div>\n\t\t\t\t<\/div>\n\t\t\t\t\t<\/div>\n\t\t<\/div>\n\t\t\t\t<div class=\"elementor-column elementor-col-33 elementor-top-column elementor-element elementor-element-d057806\" data-id=\"d057806\" data-element_type=\"column\">\n\t\t\t<div class=\"elementor-widget-wrap elementor-element-populated\">\n\t\t\t\t\t\t<div class=\"elementor-element elementor-element-119d5f2 elementor-widget elementor-widget-stm_info_box\" data-id=\"119d5f2\" data-element_type=\"widget\" data-widget_type=\"stm_info_box.default\">\n\t\t\t\t<div class=\"elementor-widget-container\">\n\t\t\t<div class=\"info_box elementor-consulting-info-box style_10\">\n\t<div class=\"icon\">\n\t\t<i class=\"stm-earth\"><\/i>\n\t<\/div>\n\t\t\t<div class=\"title\">\n\t\t\t<h4 class=\"no_stripe\">Beratungsdienste f\u00fcr Freizonen<\/h4>\n\t\t<\/div>\n\t\t<p>\u00c7\u00f6zen Customs Consultancy bietet professionelle Beratung f\u00fcr Ihre Freizonengesch\u00e4fte.<\/p>\n<a class=\"read_more\" target=\"_self\" href=\"https:\/\/cozengumruk.net\/de\/beratungsdienste-fur-freizonen\/\"><span>mehr lesen<\/span><span class=\"stm_icon\"><i class=\"fa fa-chevron-right\"><\/i><\/span><\/a><\/div>\n\t\t<\/div>\n\t\t\t\t<\/div>\n\t\t\t\t\t<\/div>\n\t\t<\/div>\n\t\t\t\t\t<\/div>\n\t\t<\/section>\n\t\t\t\t<section class=\"elementor-section elementor-top-section elementor-element elementor-element-ed8e50b elementor-section-boxed elementor-section-height-default elementor-section-height-default\" data-id=\"ed8e50b\" data-element_type=\"section\">\n\t\t\t\t\t\t<div class=\"elementor-container elementor-column-gap-default\">\n\t\t\t\t\t<div class=\"elementor-column elementor-col-33 elementor-top-column elementor-element elementor-element-c5a6e2c\" data-id=\"c5a6e2c\" data-element_type=\"column\">\n\t\t\t<div class=\"elementor-widget-wrap elementor-element-populated\">\n\t\t\t\t\t\t<div class=\"elementor-element elementor-element-81f4a5a elementor-widget elementor-widget-stm_info_box\" data-id=\"81f4a5a\" data-element_type=\"widget\" data-widget_type=\"stm_info_box.default\">\n\t\t\t\t<div class=\"elementor-widget-container\">\n\t\t\t<div class=\"info_box elementor-consulting-info-box style_10\">\n\t<div class=\"icon\">\n\t\t<i class=\"fas fa-parachute-box\"><\/i>\n\t<\/div>\n\t\t\t<div class=\"title\">\n\t\t\t<h4 class=\"no_stripe\">Interaktive Zolldienste<\/h4>\n\t\t<\/div>\n\t\t<p>\u00c7\u00f6zen Customs Consultancy bietet schnelle und effektive Zolldienstleistungen \u00fcber digitale Plattformen.<\/p>\n<a class=\"read_more\" target=\"_self\" href=\"https:\/\/cozengumruk.net\/de\/interaktive-zolldienste\/\"><span>mehr lesen<\/span><span class=\"stm_icon\"><i class=\"fa fa-chevron-right\"><\/i><\/span><\/a><\/div>\n\t\t<\/div>\n\t\t\t\t<\/div>\n\t\t\t\t\t<\/div>\n\t\t<\/div>\n\t\t\t\t<div class=\"elementor-column elementor-col-33 elementor-top-column elementor-element elementor-element-5576d95\" data-id=\"5576d95\" data-element_type=\"column\">\n\t\t\t<div class=\"elementor-widget-wrap elementor-element-populated\">\n\t\t\t\t\t\t<div class=\"elementor-element elementor-element-aa624d5 elementor-widget elementor-widget-stm_info_box\" data-id=\"aa624d5\" data-element_type=\"widget\" data-widget_type=\"stm_info_box.default\">\n\t\t\t\t<div class=\"elementor-widget-container\">\n\t\t\t<div class=\"info_box elementor-consulting-info-box style_10\">\n\t<div class=\"icon\">\n\t\t<i class=\"fas fa-pencil-alt\"><\/i>\n\t<\/div>\n\t\t\t<div class=\"title\">\n\t\t\t<h4 class=\"no_stripe\">Bildungsdienstleistungen<\/h4>\n\t\t<\/div>\n\t\t<p>\u00c7\u00f6zen Customs Consultancy bietet Ihnen umfassende Schulungen zur Spezialisierung in Zoll- und Au\u00dfenhandelsfragen.<\/p>\n<a class=\"read_more\" target=\"_self\" href=\"https:\/\/cozengumruk.net\/de\/bildungsdienstleistungen\/\"><span>mehr lesen<\/span><span class=\"stm_icon\"><i class=\"fa fa-chevron-right\"><\/i><\/span><\/a><\/div>\n\t\t<\/div>\n\t\t\t\t<\/div>\n\t\t\t\t\t<\/div>\n\t\t<\/div>\n\t\t\t\t<div class=\"elementor-column elementor-col-33 elementor-top-column elementor-element elementor-element-f823632\" data-id=\"f823632\" data-element_type=\"column\">\n\t\t\t<div class=\"elementor-widget-wrap elementor-element-populated\">\n\t\t\t\t\t\t<div class=\"elementor-element elementor-element-f6abd1f elementor-widget elementor-widget-stm_info_box\" data-id=\"f6abd1f\" data-element_type=\"widget\" data-widget_type=\"stm_info_box.default\">\n\t\t\t\t<div class=\"elementor-widget-container\">\n\t\t\t<div class=\"info_box elementor-consulting-info-box style_10\">\n\t<div class=\"icon\">\n\t\t<i class=\"fas fa-grip-horizontal\"><\/i>\n\t<\/div>\n\t\t\t<div class=\"title\">\n\t\t\t<h4 class=\"no_stripe\">Andere Dienstleistungen<\/h4>\n\t\t<\/div>\n\t\t<p>\u00c7\u00f6zen Customs Consultancy bietet verschiedene zus\u00e4tzliche Dienstleistungen an, die speziell auf Ihre Bed\u00fcrfnisse im Bereich Zoll und Au\u00dfenhandel zugeschnitten sind.<\/p>\n<div class=\"notranslate\" style=\"all: initial;\">\u00a0<\/div>\n<a class=\"read_more\" target=\"_self\" href=\"https:\/\/cozengumruk.net\/de\/andere-zolldienste\/\"><span>mehr lesen<\/span><span class=\"stm_icon\"><i class=\"fa fa-chevron-right\"><\/i><\/span><\/a><\/div>\n\t\t<\/div>\n\t\t\t\t<\/div>\n\t\t\t\t\t<\/div>\n\t\t<\/div>\n\t\t\t\t\t<\/div>\n\t\t<\/section>\n\t\t<div class=\"elementor-element elementor-element-795a419 e-flex e-con-boxed e-con e-parent\" data-id=\"795a419\" data-element_type=\"container\">\n\t\t\t\t\t<div class=\"e-con-inner\">\n\t\t\t\t<div class=\"elementor-element elementor-element-966f1f9 elementor-hidden-mobile elementor-widget elementor-widget-stm_info_box\" data-id=\"966f1f9\" data-element_type=\"widget\" data-widget_type=\"stm_info_box.default\">\n\t\t\t\t<div class=\"elementor-widget-container\">\n\t\t\t<div class=\"info_box elementor-consulting-info-box style_10\">\n\t<div class=\"icon\">\n\t\t<i class=\"stm-worldwide-shipping\"><\/i>\n\t<\/div>\n\t\t\t<div class=\"title\">\n\t\t\t<h4 class=\"no_stripe\">Logistische Dienstleistungen<\/h4>\n\t\t<\/div>\n\t\t<p>\u00c7\u00f6zen Customs Consultancy verwaltet alle Ihre Logistikprozesse effektiv und effizient. Sie beschleunigt und erleichtert Ihr Gesch\u00e4ft mit Transport-, Lager- und Vertriebsl\u00f6sungen.<\/p>\n<a class=\"read_more\" target=\"_self\" href=\"https:\/\/cozengumruk.net\/de\/logistikdienstleistungen\/\"><span>mehr lesen<\/span><span class=\"stm_icon\"><i class=\"fa fa-chevron-right\"><\/i><\/span><\/a><\/div>\n\t\t<\/div>\n\t\t\t\t<\/div>\n\t\t\t\t<div class=\"elementor-element elementor-element-074eb68 elementor-hidden-desktop elementor-hidden-tablet elementor-widget elementor-widget-stm_info_box\" data-id=\"074eb68\" data-element_type=\"widget\" data-widget_type=\"stm_info_box.default\">\n\t\t\t\t<div class=\"elementor-widget-container\">\n\t\t\t<div class=\"info_box elementor-consulting-info-box style_10\">\n\t<div class=\"icon\">\n\t\t<i class=\"stm-worldwide-shipping\"><\/i>\n\t<\/div>\n\t\t\t<div class=\"title\">\n\t\t\t<h4 class=\"no_stripe\">Logistische Dienstleistungen<\/h4>\n\t\t<\/div>\n\t\t<p>\u00c7\u00f6zen Customs Consultancy verwaltet alle Ihre Logistikprozesse effektiv und effizient. Sie beschleunigt und erleichtert Ihr Gesch\u00e4ft mit Transport-, Lager- und Vertriebsl\u00f6sungen.<\/p>\n<a class=\"read_more\" target=\"_self\" href=\"https:\/\/cozengumruk.net\/de\/logistikdienstleistungen\/\"><span>mehr lesen<\/span><span class=\"stm_icon\"><i class=\"fa fa-chevron-right\"><\/i><\/span><\/a><\/div>\n\t\t<\/div>\n\t\t\t\t<\/div>\n\t\t\t\t\t<\/div>\n\t\t\t\t<\/div>\n\t\t\t\t<\/div>","protected":false},"excerpt":{"rendered":"<p>\u00c7\u00f6zen G\u00fcmr\u00fck M\u00fc\u015favirli\u011fi olarak, yaln\u0131zca depolama ve da\u011f\u0131t\u0131m hizmetleri sunmakla kalmay\u0131p, ta\u015f\u0131nan y\u00fcklerin g\u00fcmr\u00fck i\u015flemlerinde de kapsaml\u0131 \u00e7\u00f6z\u00fcmler sunuyoruz. G\u00fcmr\u00fck mevzuat\u0131na hakim uzman personelimiz, profesyonel g\u00fcmr\u00fck m\u00fc\u015favirli\u011fi \u015firketleriyle i\u015f birli\u011fi yaparak, T\u00fcrkiye&#8217;nin t\u00fcm g\u00fcmr\u00fck noktalar\u0131nda ithalat, ihracat, aktarma ve transit i\u015flemlerini y\u00f6netir. GT\u0130P tespitleri ve sigortalama hizmetleri ile de s\u00fcre\u00e7lerinizi g\u00fcvence alt\u0131na al\u0131yoruz. Kapsaml\u0131 G\u00fcmr\u00fck<\/p>","protected":false},"author":1,"featured_media":0,"parent":0,"menu_order":0,"comment_status":"closed","ping_status":"closed","template":"","meta":{"footnotes":""},"class_list":["post-7659","page","type-page","status-publish","hentry"],"_links":{"self":[{"href":"https:\/\/cozengumruk.net\/de\/wp-json\/wp\/v2\/pages\/7659","targetHints":{"allow":["GET"]}}],"collection":[{"href":"https:\/\/cozengumruk.net\/de\/wp-json\/wp\/v2\/pages"}],"about":[{"href":"https:\/\/cozengumruk.net\/de\/wp-json\/wp\/v2\/types\/page"}],"author":[{"embeddable":true,"href":"https:\/\/cozengumruk.net\/de\/wp-json\/wp\/v2\/users\/1"}],"replies":[{"embeddable":true,"href":"https:\/\/cozengumruk.net\/de\/wp-json\/wp\/v2\/comments?post=7659"}],"version-history":[{"count":4,"href":"https:\/\/cozengumruk.net\/de\/wp-json\/wp\/v2\/pages\/7659\/revisions"}],"predecessor-version":[{"id":7663,"href":"https:\/\/cozengumruk.net\/de\/wp-json\/wp\/v2\/pages\/7659\/revisions\/7663"}],"wp:attachment":[{"href":"https:\/\/cozengumruk.net\/de\/wp-json\/wp\/v2\/media?parent=7659"}],"curies":[{"name":"wp","href":"https:\/\/api.w.org\/{rel}","templated":true}]}}