{"id":7710,"date":"2024-07-26T14:11:53","date_gmt":"2024-07-26T11:11:53","guid":{"rendered":"https:\/\/cozengumruk.net\/?page_id=7710"},"modified":"2024-07-26T14:21:00","modified_gmt":"2024-07-26T11:21:00","slug":"erisilebilirlik","status":"publish","type":"page","link":"https:\/\/cozengumruk.net\/de\/zuganglichkeit\/","title":{"rendered":"Erreichbarkeit"},"content":{"rendered":"<p><strong>\u00c7\u00f6zen Customs Consultancy<\/strong> wir setzen uns daf\u00fcr ein, dass unsere Dienstleistungen f\u00fcr alle zug\u00e4nglich sind. Wir haben unsere Website nach den Grunds\u00e4tzen des universellen Designs erstellt, damit alle Nutzer problemlos auf Informationen zugreifen k\u00f6nnen. Wir arbeiten st\u00e4ndig daran, ein benutzerfreundliches und zug\u00e4ngliches digitales Erlebnis zu bieten und dabei die Bed\u00fcrfnisse von Menschen mit Behinderungen zu ber\u00fccksichtigen.<\/p>\n<p><strong>Page Short Transport Names (Clean URL)<\/strong><\/p>\n<p>Wir haben f\u00fcr alle Inhaltsbereiche kurze Zugangsnamen vorbereitet, damit Sie auf die Inhalte unserer Webseite auf kurzem Wege zugreifen k\u00f6nnen und um die Einpr\u00e4gsamkeit der Bereiche zu erh\u00f6hen.<\/p>\n<p><strong>Unterst\u00fctzung f\u00fcr mobile Ger\u00e4te<\/strong><\/p>\n<p>Wir haben unsere Website in \u00dcbereinstimmung mit den vom World Wide Web Consortium (W3C) aufgestellten Grunds\u00e4tzen f\u00fcr die Zug\u00e4nglichkeit von Inhalten (WAI) umstrukturiert.<\/p>\n<p>In einigen Teilen unserer Webseite wird javascript (Web Application Software Language) verwendet. Wenn Javascripts nicht funktionieren, stellt dies keinen unmittelbaren Funktionsmangel dar. Wir empfehlen Ihnen jedoch, die Javascript-Unterst\u00fctzung Ihres Browsers einzuschalten, damit Sie die Seiten korrekt anzeigen k\u00f6nnen.<\/p>\n<h4>Kontinuierliche Verbesserung<\/h4>\n<p>Wir aktualisieren und verbessern st\u00e4ndig die Zug\u00e4nglichkeitsstandards. In \u00dcbereinstimmung mit dem Feedback der Nutzer nehmen wir regelm\u00e4\u00dfig Verbesserungen vor, um unsere Website zug\u00e4nglicher zu machen. Unser Ziel ist es, eine Plattform zu bieten, die jeder leicht nutzen und auf Informationen zugreifen kann.<\/p>\n<p>Wenn Sie Probleme beim Zugriff auf unsere Website haben oder Anregungen geben m\u00f6chten, nehmen Sie bitte Kontakt mit uns auf. Ihr Feedback ist sehr wichtig f\u00fcr uns, um unsere Website noch zug\u00e4nglicher zu machen.<\/p>\n<p>Als \u00c7\u00f6zen Customs Consultancy treten wir f\u00fcr das Recht auf gleichen Zugang f\u00fcr alle ein und setzen unsere Arbeit in dieser Richtung fort.<\/p>","protected":false},"excerpt":{"rendered":"<p>\u00c7\u00f6zen G\u00fcmr\u00fck M\u00fc\u015favirli\u011fi olarak, hizmetlerimizin herkes i\u00e7in eri\u015filebilir olmas\u0131n\u0131 sa\u011flamay\u0131 taahh\u00fct ediyoruz. Web sitemizi, t\u00fcm kullan\u0131c\u0131lar\u0131n bilgiye kolayca ula\u015fabilmesi i\u00e7in evrensel tasar\u0131m prensiplerine uygun olarak haz\u0131rlad\u0131k. Engelli bireylerin de ihtiya\u00e7lar\u0131n\u0131 g\u00f6zeterek, kullan\u0131c\u0131 dostu ve eri\u015filebilir bir dijital deneyim sunmak i\u00e7in s\u00fcrekli olarak \u00e7al\u0131\u015f\u0131yoruz. Sayfa K\u0131sa Ula\u015f\u0131m Adlar\u0131 (Clean URL) Web sayfam\u0131z\u0131n i\u00e7eriklerinde k\u0131sa yoldan eri\u015febilmeniz<\/p>","protected":false},"author":1,"featured_media":0,"parent":0,"menu_order":0,"comment_status":"closed","ping_status":"closed","template":"","meta":{"footnotes":""},"class_list":["post-7710","page","type-page","status-publish","hentry"],"_links":{"self":[{"href":"https:\/\/cozengumruk.net\/de\/wp-json\/wp\/v2\/pages\/7710","targetHints":{"allow":["GET"]}}],"collection":[{"href":"https:\/\/cozengumruk.net\/de\/wp-json\/wp\/v2\/pages"}],"about":[{"href":"https:\/\/cozengumruk.net\/de\/wp-json\/wp\/v2\/types\/page"}],"author":[{"embeddable":true,"href":"https:\/\/cozengumruk.net\/de\/wp-json\/wp\/v2\/users\/1"}],"replies":[{"embeddable":true,"href":"https:\/\/cozengumruk.net\/de\/wp-json\/wp\/v2\/comments?post=7710"}],"version-history":[{"count":1,"href":"https:\/\/cozengumruk.net\/de\/wp-json\/wp\/v2\/pages\/7710\/revisions"}],"predecessor-version":[{"id":7711,"href":"https:\/\/cozengumruk.net\/de\/wp-json\/wp\/v2\/pages\/7710\/revisions\/7711"}],"wp:attachment":[{"href":"https:\/\/cozengumruk.net\/de\/wp-json\/wp\/v2\/media?parent=7710"}],"curies":[{"name":"wp","href":"https:\/\/api.w.org\/{rel}","templated":true}]}}