{"id":7712,"date":"2024-07-26T14:18:24","date_gmt":"2024-07-26T11:18:24","guid":{"rendered":"https:\/\/cozengumruk.net\/?page_id=7712"},"modified":"2024-07-26T14:20:33","modified_gmt":"2024-07-26T11:20:33","slug":"gizlilik-ve-guvenlik-politikamiz","status":"publish","type":"page","link":"https:\/\/cozengumruk.net\/de\/unsere-datenschutz-und-sicherheitspolitik\/","title":{"rendered":"Datenschutz- und Sicherheitspolitik"},"content":{"rendered":"<p>Als \u00c7\u00f6zen Customs Brokerage legen wir gro\u00dfen Wert auf Ihre Privatsph\u00e4re und die Sicherheit Ihrer pers\u00f6nlichen Daten. Wenn Sie unsere Website besuchen, haben Sie ein Recht darauf zu erfahren, wie Ihre pers\u00f6nlichen Daten gesammelt, verwendet und gesch\u00fctzt werden. In diesem Zusammenhang stellen wir Ihnen detaillierte Informationen \u00fcber unsere Datenschutzpolitik zur Verf\u00fcgung:<\/p>\n<h4>Schutz Ihrer pers\u00f6nlichen Daten<\/h4>\n<p>Die personenbezogenen Daten (Name, E-Mail-Adresse, Arbeits- und Wohnanschrift, Telefonnummer usw.), die Sie freiwillig auf unserer Website angeben, werden ausschlie\u00dflich zum Zweck der Kommunikation mit Ihnen und zur Bereitstellung von Informationen verwendet. Diese Daten werden nicht vermietet, verkauft oder an Dritte oder Organisationen weitergegeben, es sei denn, wir sind gesetzlich dazu verpflichtet. Wir wenden die h\u00f6chsten Datenschutzstandards an, um Ihre Privatsph\u00e4re zu sch\u00fctzen und Ihre Sicherheit zu gew\u00e4hrleisten.<\/p>\n<h4>Verwendung von Informationen<\/h4>\n<p>Die von Ihnen erhaltenen pers\u00f6nlichen Daten werden f\u00fcr die folgenden Zwecke verwendet:<\/p>\n<ul>\n<li>Um Ihnen Informationen mitzuteilen und zu \u00fcbermitteln,<\/li>\n<li>Um Sie durch gedruckte Ver\u00f6ffentlichungen, E-Mail-Newsletter oder andere Benachrichtigungen auf dem Laufenden zu halten,<\/li>\n<li>um Ihre Bewerbungen zu bewerten und sie bei Einstellungsverfahren zu verwenden.<\/li>\n<\/ul>\n<p>Wir verwenden diese Informationen nur f\u00fcr die angegebenen Zwecke und mit Ihrer Zustimmung. Au\u00dferdem k\u00f6nnen Sie Ihre pers\u00f6nlichen Daten jederzeit problemlos aktualisieren und \u00e4ndern.<\/p>\n<h4>Verfolgung von Besucherinformationen<\/h4>\n<p>Um die Leistung unserer Website zu verbessern und das Besuchererlebnis zu steigern, verfolgen wir die Anzahl der Besucher und die Dom\u00e4nennamen der Internetdienstanbieter. Dieser Prozess beschr\u00e4nkt sich auf die Erfassung allgemeiner Daten, die keine pers\u00f6nlichen Informationen enthalten, und wir verwenden diese Informationen nur f\u00fcr die Entwicklung der Website und f\u00fcr Analysezwecke.<\/p>\n<h4>Links von Dritten<\/h4>\n<p>Unsere Website kann Links zu anderen Websites enthalten. Die Datenschutzrichtlinien der Websites, die Sie \u00fcber diese Links besuchen, entsprechen nicht den Datenschutzgrunds\u00e4tzen von \u00c7\u00f6zen Customs Consultancy. Daher empfehlen wir Ihnen, deren Datenschutzrichtlinien sorgf\u00e4ltig zu pr\u00fcfen, bevor Sie diese Seiten besuchen, um die Sicherheit Ihrer pers\u00f6nlichen Daten zu gew\u00e4hrleisten.<\/p>\n<h4>Aktualisierung unserer Datenschutzrichtlinie<\/h4>\n<p>Unsere Datenschutzpolitik kann von Zeit zu Zeit aktualisiert werden. Im Falle von \u00c4nderungen werden wir Sie durch Ver\u00f6ffentlichung der aktualisierten Informationen auf unserer Website benachrichtigen. Wir empfehlen Ihnen, diese Seite regelm\u00e4\u00dfig zu besuchen, um sich \u00fcber unsere aktuelle Politik zu informieren.<\/p>\n<p>Als \u00c7\u00f6zen Customs Consultancy arbeiten wir sehr sorgf\u00e4ltig, um die Sicherheit Ihrer pers\u00f6nlichen Daten zu gew\u00e4hrleisten und Ihre Privatsph\u00e4re zu sch\u00fctzen. Wenn Sie Fragen oder Bedenken zum Datenschutz haben, z\u00f6gern Sie nicht, uns zu kontaktieren. Ihre Sicherheit ist unsere Priorit\u00e4t.<\/p>","protected":false},"excerpt":{"rendered":"<p>\u00c7\u00f6zen G\u00fcmr\u00fck M\u00fc\u015favirli\u011fi olarak, sizin gizlili\u011finize ve ki\u015fisel bilgilerinizin g\u00fcvenli\u011fine b\u00fcy\u00fck \u00f6nem veriyoruz. Web sitemizi ziyaret etti\u011finizde, ki\u015fisel bilgilerinizin nas\u0131l topland\u0131\u011f\u0131n\u0131, kullan\u0131ld\u0131\u011f\u0131n\u0131 ve korundu\u011funu bilmek hakk\u0131n\u0131zd\u0131r. \u0130\u015fte bu ba\u011flamda, gizlilik ve veri koruma politikam\u0131z hakk\u0131nda size detayl\u0131 bilgi sunuyoruz: Ki\u015fisel Bilgilerinizin Korunmas\u0131 Web sitemizde sizden g\u00f6n\u00fcll\u00fc olarak verdi\u011finiz ki\u015fisel bilgiler (isim, e-posta adresi, i\u015f ve<\/p>","protected":false},"author":1,"featured_media":0,"parent":0,"menu_order":0,"comment_status":"closed","ping_status":"closed","template":"","meta":{"footnotes":""},"class_list":["post-7712","page","type-page","status-publish","hentry"],"_links":{"self":[{"href":"https:\/\/cozengumruk.net\/de\/wp-json\/wp\/v2\/pages\/7712","targetHints":{"allow":["GET"]}}],"collection":[{"href":"https:\/\/cozengumruk.net\/de\/wp-json\/wp\/v2\/pages"}],"about":[{"href":"https:\/\/cozengumruk.net\/de\/wp-json\/wp\/v2\/types\/page"}],"author":[{"embeddable":true,"href":"https:\/\/cozengumruk.net\/de\/wp-json\/wp\/v2\/users\/1"}],"replies":[{"embeddable":true,"href":"https:\/\/cozengumruk.net\/de\/wp-json\/wp\/v2\/comments?post=7712"}],"version-history":[{"count":1,"href":"https:\/\/cozengumruk.net\/de\/wp-json\/wp\/v2\/pages\/7712\/revisions"}],"predecessor-version":[{"id":7713,"href":"https:\/\/cozengumruk.net\/de\/wp-json\/wp\/v2\/pages\/7712\/revisions\/7713"}],"wp:attachment":[{"href":"https:\/\/cozengumruk.net\/de\/wp-json\/wp\/v2\/media?parent=7712"}],"curies":[{"name":"wp","href":"https:\/\/api.w.org\/{rel}","templated":true}]}}