{"id":7715,"date":"2024-07-26T14:21:48","date_gmt":"2024-07-26T11:21:48","guid":{"rendered":"https:\/\/cozengumruk.net\/?page_id=7715"},"modified":"2024-07-26T14:22:58","modified_gmt":"2024-07-26T11:22:58","slug":"sorumluluk-reddi","status":"publish","type":"page","link":"https:\/\/cozengumruk.net\/de\/haftungsausschlus\/","title":{"rendered":"Haftungsverzicht"},"content":{"rendered":"<p><strong>\u00c7\u00f6zen Customs Consultancy<\/strong> Die auf der Website enthaltenen Informationen werden zu allgemeinen Informationszwecken bereitgestellt und ersetzen keine professionelle Beratung oder Rechtsberatung. Die Inhalte auf unserer Website wurden zu Informationszwecken erstellt und wir k\u00f6nnen nicht garantieren, dass sie in jeder Hinsicht absolut vollst\u00e4ndig und richtig sind. Es liegt daher in Ihrer Verantwortung, die Richtigkeit, Aktualit\u00e4t und Angemessenheit der auf unserer Website enthaltenen Informationen zu \u00fcberpr\u00fcfen.<\/p>\n<p>Bevor Sie die Website von \u00c7\u00f6zen G\u00fcmr\u00fck M\u00fc\u015favirli\u011fi nutzen, best\u00e4tigen Sie, dass Sie die Warnhinweise und Erkl\u00e4rungen auf dieser Seite sorgf\u00e4ltig gelesen und akzeptiert haben. \u00c7\u00f6zen G\u00fcmr\u00fck M\u00fc\u015favirli\u011fi, die Personen, die den Inhalt dieser Seite erstellt haben, ihre Mitarbeiter und die von ihnen beauftragten Personen oder Organisationen \u00fcbernehmen keine rechtliche oder strafrechtliche Verantwortung f\u00fcr etwaige Anspr\u00fcche auf finanzielle und nicht-finanzielle Sch\u00e4den, die sich aus dem Lesen oder Nicht-Lesen der genannten Bedingungen ergeben k\u00f6nnen.<\/p>\n<p>Im Falle von Streitigkeiten, Anspr\u00fcchen oder Forderungen werden die auf dieser Webseite enthaltenen Erkl\u00e4rungen und die Computeraufzeichnungen von \u00c7\u00f6zen Customs Consultancy der Zust\u00e4ndigkeit der Istanbuler Gerichte und Vollstreckungs- und Konkurs\u00e4mter unterworfen und gem\u00e4\u00df Artikel 193 der ZPO als einziger und wirklich ausschlie\u00dflicher Beweis akzeptiert.<\/p>\n<p>\u00c7\u00f6zen Customs Consultancy beh\u00e4lt es sich vor, die Informationen und Dokumente auf der Website ohne gesonderte Ank\u00fcndigung zu ver\u00e4ndern, zu l\u00f6schen oder die Ver\u00f6ffentlichung zeitweise oder endg\u00fcltig einzustellen.<\/p>\n<h4>Inhalt und Informationsverwendung<\/h4>\n<p>Die auf unserer Website dargestellten Informationen werden zu allgemeinen Bildungs- und Informationszwecken bereitgestellt. Die Informationen sind kein Ersatz f\u00fcr eine rechtliche oder fachliche Beratung, Ermutigung oder Empfehlung. Es ist wichtig, dass Sie sich individuell von einschl\u00e4gigen Experten oder Fachleuten beraten lassen, bevor Sie Entscheidungen \u00fcber Zollverfahren, Handelsgesch\u00e4fte oder andere berufliche Angelegenheiten treffen.<\/p>\n<h4>Websites von Drittanbietern<\/h4>\n<p>Links auf unserer Website k\u00f6nnen zu Websites von Dritten f\u00fchren. Diese Links werden nur aus Gr\u00fcnden der Bequemlichkeit zur Verf\u00fcgung gestellt und \u00c7\u00f6zen G\u00fcmr\u00fck M\u00fc\u015favirli\u011fi ist nicht verantwortlich f\u00fcr den Inhalt, die Datenschutzrichtlinien oder die Praktiken der entsprechenden Websites Dritter. Wir empfehlen Ihnen, vor dem Besuch von Websites Dritter die Datenschutz- und Nutzungsrichtlinien dieser Websites sorgf\u00e4ltig zu pr\u00fcfen.<\/p>\n<h4>Beschr\u00e4nkung der Haftung<\/h4>\n<p>\u00c7\u00f6zen G\u00fcmr\u00fck M\u00fc\u015favirli\u011fi kann nicht f\u00fcr direkte, indirekte, besondere oder zuf\u00e4llige Sch\u00e4den verantwortlich gemacht werden, die sich aus der Nutzung der auf unserer Website bereitgestellten Informationen ergeben k\u00f6nnten. Jeder Verlust oder Schaden, der aus Fehlern, Auslassungen oder Aktualisierungen unserer Informationen entstehen kann, liegt in der alleinigen Verantwortung der Nutzer.<\/p>\n<h4>Inhaltliche \u00c4nderungen<\/h4>\n<p>\u00c7\u00f6zen Customs Consultancy beh\u00e4lt sich das Recht vor, die Informationen und Inhalte auf der Website jederzeit und ohne vorherige Ank\u00fcndigung zu \u00e4ndern. Der Inhalt unserer Website tritt nach jeder Aktualisierung oder \u00c4nderung in Kraft.<\/p>\n<h4>Kontakt<\/h4>\n<p>Sollten Sie Fragen zu diesem Haftungsausschluss haben, k\u00f6nnen Sie sich gerne an uns wenden. Die Nutzung unserer Website bedeutet, dass Sie diesen Haftungsausschluss akzeptieren.<\/p>","protected":false},"excerpt":{"rendered":"<p>\u00c7\u00f6zen G\u00fcmr\u00fck M\u00fc\u015favirli\u011fi web sitesinde yer alan bilgiler, genel bilgilendirme ama\u00e7l\u0131 sunulmu\u015ftur ve herhangi bir profesyonel dan\u0131\u015fmanl\u0131k veya hukuki tavsiye yerine ge\u00e7memektedir. Web sitemizdeki i\u00e7erikler, bilgi verme amac\u0131yla haz\u0131rlanm\u0131\u015f olup, herhangi bir konuda kesinlikle eksiksiz ve do\u011fru oldu\u011funu garanti edemeyiz. Bu nedenle, web sitemizde yer alan bilgilerin do\u011frulu\u011funu, g\u00fcncelli\u011fini ve yeterlili\u011fini kontrol etmek sizin sorumlulu\u011funuzdad\u0131r.<\/p>","protected":false},"author":1,"featured_media":0,"parent":0,"menu_order":0,"comment_status":"closed","ping_status":"closed","template":"","meta":{"footnotes":""},"class_list":["post-7715","page","type-page","status-publish","hentry"],"_links":{"self":[{"href":"https:\/\/cozengumruk.net\/de\/wp-json\/wp\/v2\/pages\/7715","targetHints":{"allow":["GET"]}}],"collection":[{"href":"https:\/\/cozengumruk.net\/de\/wp-json\/wp\/v2\/pages"}],"about":[{"href":"https:\/\/cozengumruk.net\/de\/wp-json\/wp\/v2\/types\/page"}],"author":[{"embeddable":true,"href":"https:\/\/cozengumruk.net\/de\/wp-json\/wp\/v2\/users\/1"}],"replies":[{"embeddable":true,"href":"https:\/\/cozengumruk.net\/de\/wp-json\/wp\/v2\/comments?post=7715"}],"version-history":[{"count":2,"href":"https:\/\/cozengumruk.net\/de\/wp-json\/wp\/v2\/pages\/7715\/revisions"}],"predecessor-version":[{"id":7717,"href":"https:\/\/cozengumruk.net\/de\/wp-json\/wp\/v2\/pages\/7715\/revisions\/7717"}],"wp:attachment":[{"href":"https:\/\/cozengumruk.net\/de\/wp-json\/wp\/v2\/media?parent=7715"}],"curies":[{"name":"wp","href":"https:\/\/api.w.org\/{rel}","templated":true}]}}