{"id":7720,"date":"2024-07-26T14:23:54","date_gmt":"2024-07-26T11:23:54","guid":{"rendered":"https:\/\/cozengumruk.net\/?page_id=7720"},"modified":"2024-08-18T14:28:10","modified_gmt":"2024-08-18T11:28:10","slug":"kvkk-aydinlatma-metni","status":"publish","type":"page","link":"https:\/\/cozengumruk.net\/de\/kvkk-klarstellungstext\/","title":{"rendered":"KVKK-Klarstellungstext"},"content":{"rendered":"<p><strong>Klarstellungstext zum Schutz und zur Verarbeitung personenbezogener Daten<\/strong><\/p>\n<p><strong>1. der f\u00fcr die Datenverarbeitung Verantwortliche und seine Kontaktangaben<\/strong><\/p>\n<p>Als \u00c7\u00f6zen Customs Brokerage legen wir gro\u00dfen Wert auf den Schutz Ihrer pers\u00f6nlichen Daten. Der Name und die Kontaktdaten des f\u00fcr die Datenverarbeitung Verantwortlichen sind nachstehend aufgef\u00fchrt:<\/p>\n<p><strong>\u00c7\u00f6zen Customs Consultancy<\/strong> Adresse: <strong>Yenibosna Zentrum Mah. Kavak Sok. Nr:11\/10 Gesch\u00e4ftshafen Bah\u00e7elievler\/Istanbul<\/strong> E-Mail: <strong>info@cozengumruk.com.tr<\/strong> Telefon: <strong>0212 551 55 42<\/strong><\/p>\n<p><strong>2. zwecke der Verarbeitung personenbezogener Daten<\/strong><\/p>\n<p>Die von uns erhobenen personenbezogenen Daten k\u00f6nnen zu folgenden Zwecken verarbeitet werden:<\/p>\n<ul>\n<li>Pflege der Kundenbeziehungen und Erf\u00fcllung der Kundenw\u00fcnsche,<\/li>\n<li>Durchf\u00fchrung von Import- und Exportgesch\u00e4ften,<\/li>\n<li>Erf\u00fcllung der rechtlichen Verpflichtungen,<\/li>\n<li>Durchf\u00fchrung von Kommunikations- und Informationsma\u00dfnahmen,<\/li>\n<li>Verbesserung unserer Website und Erh\u00f6hung der Benutzerfreundlichkeit,<\/li>\n<li>Entwicklung von Gesch\u00e4ftsprozessen und Qualit\u00e4tsstandards.<\/li>\n<\/ul>\n<p><strong>3. verarbeitete personenbezogene Daten<\/strong><\/p>\n<p>Die erhobenen personenbezogenen Daten k\u00f6nnen in die folgenden Kategorien fallen:<\/p>\n<ul>\n<li>Angaben zur Identit\u00e4t: Name, Nachname, t\u00fcrkische ID-Nummer, usw.<\/li>\n<li>Kontaktinformationen: E-Mail-Adresse, Telefonnummer, Anschrift, usw.<\/li>\n<li>Transaktionsinformationen: Informationen \u00fcber Import- und Exporttransaktionen, Vertragsdetails usw.<\/li>\n<\/ul>\n<p><strong>4. die Weitergabe personenbezogener Daten<\/strong><\/p>\n<p>In den folgenden F\u00e4llen k\u00f6nnen Ihre personenbezogenen Daten an Dritte weitergegeben werden:<\/p>\n<ul>\n<li>Mit Regierungs- und Aufsichtsbeh\u00f6rden, um gesetzliche Verpflichtungen zu erf\u00fcllen,<\/li>\n<li>Zum Zwecke der Abwicklung von Gesch\u00e4ftsbeziehungen mit Gesch\u00e4ftspartnern und Dienstleistern,<\/li>\n<li>Um die Gesch\u00e4ftsprozesse und die Dienstleistungsqualit\u00e4t von \u00c7\u00f6zen Customs Consultancy zu verbessern.<\/li>\n<\/ul>\n<p><strong>5 Aufbewahrungsfrist f\u00fcr personenbezogene Daten<\/strong><\/p>\n<p>Ihre personenbezogenen Daten werden f\u00fcr den erforderlichen Zeitraum gem\u00e4\u00df den Bestimmungen der einschl\u00e4gigen Rechtsvorschriften gespeichert. Die Aufbewahrungsfrist richtet sich nach dem Zweck der Verarbeitung personenbezogener Daten und den gesetzlichen Verpflichtungen.<\/p>\n<p><strong>6. ihre Rechte<\/strong><\/p>\n<p>Im Rahmen von KVKK haben Sie die folgenden Rechte in Bezug auf Ihre pers\u00f6nlichen Daten:<\/p>\n<ul>\n<li>Um zu erfahren, ob Ihre personenbezogenen Daten verarbeitet werden,<\/li>\n<li>Sehen Sie Ihre verarbeiteten personenbezogenen Daten,<\/li>\n<li>den Zweck der Verarbeitung Ihrer personenbezogenen Daten und deren Weitergabe an Dritte zu erfahren,<\/li>\n<li>die Berichtigung oder L\u00f6schung Ihrer personenbezogenen Daten verlangen,<\/li>\n<li>Einspruch gegen die Verarbeitung zu erheben und eine Beschwerde einzureichen.<\/li>\n<\/ul>\n<p>Kontaktieren Sie uns, um Ihre Rechte wahrzunehmen <a href=\"mailto:info@cozengumruk.com.tr\"><strong>info@cozengumruk.com.tr<\/strong><\/a> k\u00f6nnen Sie kontaktieren \u00fcber.<\/p>\n<p><strong>7. sicherheitsvorkehrungen<\/strong><\/p>\n<p>Es werden geeignete technische und administrative Ma\u00dfnahmen getroffen, um die Sicherheit Ihrer personenbezogenen Daten zu gew\u00e4hrleisten. Sie k\u00f6nnen sich an uns wenden, um n\u00e4here Informationen \u00fcber unsere Datensicherheitspolitik zu erhalten.<\/p>\n<p><strong>8. die Aktualisierung des Klartextes<\/strong><\/p>\n<p>Dieser Informationstext kann von Zeit zu Zeit entsprechend den geltenden Rechtsvorschriften und Praktiken aktualisiert werden. Der aktualisierte Informationstext wird auf unserer Website ver\u00f6ffentlicht.<\/p>\n<p>Durch die Nutzung unserer Website erkl\u00e4ren Sie sich mit der Verarbeitung Ihrer personenbezogenen Daten unter den oben genannten Bedingungen einverstanden.<\/p>","protected":false},"excerpt":{"rendered":"<p>Erl\u00e4uterungstext zum Schutz und zur Verarbeitung personenbezogener Daten 1. Datenverantwortlicher und Kontaktinformationen Als \u00c7\u00f6zen Customs Brokerage legen wir gro\u00dfen Wert auf den Schutz Ihrer personenbezogenen Daten. Der Name und die Kontaktdaten des f\u00fcr die Datenverarbeitung Verantwortlichen sind nachstehend aufgef\u00fchrt: \u00c7\u00f6zen Customs Consultancy Adresse: Yenibosna Merkez Mah. Kavak Sok. No:11\/10 Business Port Bah\u00e7elievler\/\u0130stanbul E-mail: info@cozengumruk.com.tr Telefon: 0212 551 55 42 2.<\/p>","protected":false},"author":1,"featured_media":0,"parent":0,"menu_order":0,"comment_status":"closed","ping_status":"closed","template":"","meta":{"footnotes":""},"class_list":["post-7720","page","type-page","status-publish","hentry"],"_links":{"self":[{"href":"https:\/\/cozengumruk.net\/de\/wp-json\/wp\/v2\/pages\/7720","targetHints":{"allow":["GET"]}}],"collection":[{"href":"https:\/\/cozengumruk.net\/de\/wp-json\/wp\/v2\/pages"}],"about":[{"href":"https:\/\/cozengumruk.net\/de\/wp-json\/wp\/v2\/types\/page"}],"author":[{"embeddable":true,"href":"https:\/\/cozengumruk.net\/de\/wp-json\/wp\/v2\/users\/1"}],"replies":[{"embeddable":true,"href":"https:\/\/cozengumruk.net\/de\/wp-json\/wp\/v2\/comments?post=7720"}],"version-history":[{"count":2,"href":"https:\/\/cozengumruk.net\/de\/wp-json\/wp\/v2\/pages\/7720\/revisions"}],"predecessor-version":[{"id":7735,"href":"https:\/\/cozengumruk.net\/de\/wp-json\/wp\/v2\/pages\/7720\/revisions\/7735"}],"wp:attachment":[{"href":"https:\/\/cozengumruk.net\/de\/wp-json\/wp\/v2\/media?parent=7720"}],"curies":[{"name":"wp","href":"https:\/\/api.w.org\/{rel}","templated":true}]}}