{"id":6353,"date":"2015-12-15T07:37:48","date_gmt":"2015-12-15T07:37:48","guid":{"rendered":"http:\/\/consulting.stylemixthemes.com\/demo\/?page_id=11"},"modified":"2025-10-03T09:52:20","modified_gmt":"2025-10-03T06:52:20","slug":"iletisim","status":"publish","type":"page","link":"https:\/\/cozengumruk.net\/en\/contact\/","title":{"rendered":"Contact"},"content":{"rendered":"<div data-elementor-type=\"wp-page\" data-elementor-id=\"6353\" class=\"elementor elementor-6353\" data-elementor-post-type=\"page\">\n\t\t\t\t\t\t<section class=\"elementor-section elementor-top-section elementor-element elementor-element-e05ea67 elementor-section-boxed elementor-section-height-default elementor-section-height-default\" data-id=\"e05ea67\" data-element_type=\"section\" data-settings=\"{&quot;background_background&quot;:&quot;classic&quot;}\">\n\t\t\t\t\t\t<div class=\"elementor-container elementor-column-gap-default\">\n\t\t\t\t\t<div class=\"elementor-column elementor-col-100 elementor-top-column elementor-element elementor-element-e05f009\" data-id=\"e05f009\" data-element_type=\"column\">\n\t\t\t<div class=\"elementor-widget-wrap elementor-element-populated\">\n\t\t\t\t\t\t<section class=\"elementor-section elementor-top-section elementor-element elementor-element-e060a67 elementor-section-boxed elementor-section-height-default elementor-section-height-default\" data-id=\"e060a67\" data-element_type=\"section\" data-settings=\"{&quot;background_background&quot;:&quot;classic&quot;}\">\n\t\t\t\t\t\t<div class=\"elementor-container elementor-column-gap-default\">\n\t\t\t\t\t<div class=\"elementor-column elementor-col-33 elementor-top-column elementor-element elementor-element-e060f34 elementor-hidden-tablet elementor-hidden-phone\" data-id=\"e060f34\" data-element_type=\"column\">\n\t\t\t<div class=\"elementor-widget-wrap elementor-element-populated\">\n\t\t\t\t\t\t<div class=\"elementor-element elementor-element-46eec04 elementor-widget elementor-widget-image\" data-id=\"46eec04\" data-element_type=\"widget\" data-widget_type=\"image.default\">\n\t\t\t\t<div class=\"elementor-widget-container\">\n\t\t\t\t\t\t\t\t\t\t\t\t\t<img fetchpriority=\"high\" decoding=\"async\" width=\"353\" height=\"300\" src=\"https:\/\/cozengumruk.net\/wp-content\/uploads\/2024\/07\/cozencont2.jpg\" class=\"attachment-full size-full wp-image-7404\" alt=\"\" srcset=\"https:\/\/cozengumruk.net\/wp-content\/uploads\/2024\/07\/cozencont2.jpg 353w, https:\/\/cozengumruk.net\/wp-content\/uploads\/2024\/07\/cozencont2-300x255.jpg 300w\" sizes=\"(max-width: 353px) 100vw, 353px\" \/>\t\t\t\t\t\t\t\t\t\t\t\t\t<\/div>\n\t\t\t\t<\/div>\n\t\t\t\t\t<\/div>\n\t\t<\/div>\n\t\t\t\t<div class=\"elementor-column elementor-col-33 elementor-top-column elementor-element elementor-element-e06259d\" data-id=\"e06259d\" data-element_type=\"column\">\n\t\t\t<div class=\"elementor-widget-wrap elementor-element-populated\">\n\t\t\t\t\t\t<div class=\"elementor-element elementor-element-e062aad elementor-widget elementor-widget-google_maps\" data-id=\"e062aad\" data-element_type=\"widget\" data-widget_type=\"google_maps.default\">\n\t\t\t\t<div class=\"elementor-widget-container\">\n\t\t\t\t\t<div class=\"elementor-custom-embed\">\n\t\t\t<iframe loading=\"lazy\"\n\t\t\t\t\tsrc=\"https:\/\/maps.google.com\/maps?q=%C3%A7%C3%B6zen%20g%C3%BCmr%C3%BCk%20m%C3%BC%C5%9Favirli%C4%9Fi&#038;t=m&#038;z=12&#038;output=embed&#038;iwloc=near\"\n\t\t\t\t\ttitle=\"solen customs consultancy\"\n\t\t\t\t\taria-label=\"solen customs consultancy\"\n\t\t\t><\/iframe>\n\t\t<\/div>\n\t\t\t\t<\/div>\n\t\t\t\t<\/div>\n\t\t\t\t\t<\/div>\n\t\t<\/div>\n\t\t\t\t<div class=\"elementor-column elementor-col-33 elementor-top-column elementor-element elementor-element-e0639e1\" data-id=\"e0639e1\" data-element_type=\"column\">\n\t\t\t<div class=\"elementor-widget-wrap elementor-element-populated\">\n\t\t\t\t\t\t<div class=\"elementor-element elementor-element-e06401f elementor-widget elementor-widget-stm_contacts_widget\" data-id=\"e06401f\" data-element_type=\"widget\" data-widget_type=\"stm_contacts_widget.default\">\n\t\t\t\t<div class=\"elementor-widget-container\">\n\t\t\t\n<div class=\"stm_contacts_widget consulting_elementor_contacts_widget style_1\">\n    \n            <h4 class=\"no_stripe\">Headquarters<\/h4>\n    \n    \n        <ul>\n                            <li>\n                    <div class=\"icon\"><i class=\"fa fa-map-marker\"><\/i><\/div>\n                    <div class=\"text\">Yenibosna Merkez Mah. Kavak Sok. No:11\/10 Kat:1 Business Port Bah\u00e7elievler\/Istanbul<\/div>\n                <\/li>\n                                        <li>\n                    <div class=\"icon\"><i class=\"fa fa-phone\"><\/i><\/div>\n                    <div class=\"text\">\n                        +90 212 551 55 42                                            <\/div>\n                <\/li>\n                                                    <li>\n                    <div class=\"icon\"><i class=\"fa fa-envelope\"><\/i><\/div>\n                    <div class=\"text\"><a href=\"mailto:in&#102;o&#64;&#99;oz&#101;&#110;gumruk.&#99;&#111;m&#46;&#116;r\">info@cozengumruk.com.tr<\/a><\/div>\n                <\/li>\n                                <\/ul>\n        \n    \n<\/div>\t\t<\/div>\n\t\t\t\t<\/div>\n\t\t\t\t\t<\/div>\n\t\t<\/div>\n\t\t\t\t\t<\/div>\n\t\t<\/section>\n\t\t\t\t<section class=\"elementor-section elementor-top-section elementor-element elementor-element-e06453b elementor-section-boxed elementor-section-height-default elementor-section-height-default\" data-id=\"e06453b\" data-element_type=\"section\">\n\t\t\t\t\t\t<div class=\"elementor-container elementor-column-gap-default\">\n\t\t\t\t\t<div class=\"elementor-column elementor-col-66 elementor-top-column elementor-element elementor-element-e064b7c\" data-id=\"e064b7c\" data-element_type=\"column\">\n\t\t\t<div class=\"elementor-widget-wrap elementor-element-populated\">\n\t\t\t\t\t\t<div class=\"elementor-element elementor-element-e065063 elementor-widget elementor-widget-vc_custom_heading\" data-id=\"e065063\" data-element_type=\"widget\" data-widget_type=\"vc_custom_heading.default\">\n\t\t\t\t<div class=\"elementor-widget-container\">\n\t\t\t<div class=\"vc_custom_heading  consulting_heading_font  text_align_left\" ><h4 style=\"text-align: left;font-weight:700\" class=\"consulting-custom-title\">Send us a message\n<\/h4><\/div>\t\t<\/div>\n\t\t\t\t<\/div>\n\t\t\t\t<div class=\"elementor-element elementor-element-e065428 elementor-widget elementor-widget-stm_contact_form_7\" data-id=\"e065428\" data-element_type=\"widget\" data-widget_type=\"stm_contact_form_7.default\">\n\t\t\t\t<div class=\"elementor-widget-container\">\n\t\t\t\n<div class=\"wpcf7 no-js\" id=\"wpcf7-f508-o1\" lang=\"en-US\" dir=\"ltr\" data-wpcf7-id=\"508\">\n<div class=\"screen-reader-response\"><p role=\"status\" aria-live=\"polite\" aria-atomic=\"true\"><\/p> <ul><\/ul><\/div>\n<form action=\"\/wp-json\/wp\/v2\/pages\/6353\" method=\"post\" class=\"wpcf7-form init\" aria-label=\"Contact form\" novalidate=\"novalidate\" data-status=\"init\" data-trp-original-action=\"\/en\/wp-json\/wp\/v2\/pages\/6353#wpcf7-f508-o1\">\n<div style=\"display: none;\">\n<input type=\"hidden\" name=\"_wpcf7\" value=\"508\" \/>\n<input type=\"hidden\" name=\"_wpcf7_version\" value=\"6.0.1\" \/>\n<input type=\"hidden\" name=\"_wpcf7_locale\" value=\"en_US\" \/>\n<input type=\"hidden\" name=\"_wpcf7_unit_tag\" value=\"wpcf7-f508-o1\" \/>\n<input type=\"hidden\" name=\"_wpcf7_container_post\" value=\"0\" \/>\n<input type=\"hidden\" name=\"_wpcf7_posted_data_hash\" value=\"\" \/>\n<\/div>\n<div class=\"request_callback\">\n    <div class=\"row\">\n        <div class=\"col-lg-6 col-md-6 col-sm-6 col-xs-12\">\n            <div class=\"input-group\">\n                <span class=\"wpcf7-form-control-wrap\" data-name=\"text-name\"><input size=\"40\" maxlength=\"400\" class=\"wpcf7-form-control wpcf7-text wpcf7-validates-as-required\" aria-required=\"true\" aria-invalid=\"false\" placeholder=\"Name Surname *\" value=\"\" type=\"text\" name=\"text-name\" \/><\/span>\n            <\/div>\n            <div class=\"input-group\">\n                <span class=\"wpcf7-form-control-wrap\" data-name=\"email\"><input size=\"40\" maxlength=\"400\" class=\"wpcf7-form-control wpcf7-email wpcf7-validates-as-required wpcf7-text wpcf7-validates-as-email\" aria-required=\"true\" aria-invalid=\"false\" placeholder=\"Your E-mail Address *\" value=\"\" type=\"email\" name=\"email\" \/><\/span>\n            <\/div>\n            <div class=\"input-group\">\n                <span class=\"wpcf7-form-control-wrap\" data-name=\"phone\"><input size=\"40\" maxlength=\"400\" class=\"wpcf7-form-control wpcf7-tel wpcf7-validates-as-required wpcf7-text wpcf7-validates-as-tel\" aria-required=\"true\" aria-invalid=\"false\" placeholder=\"Your Phone Number *\" value=\"\" type=\"tel\" name=\"phone\" \/><\/span>\n            <\/div>\n        <\/div>\n        <div class=\"col-lg-6 col-md-6 col-sm-6 col-xs-12\">\n            <div class=\"input-group\">\n                <span class=\"wpcf7-form-control-wrap\" data-name=\"message\"><textarea cols=\"40\" rows=\"10\" maxlength=\"2000\" class=\"wpcf7-form-control wpcf7-textarea wpcf7-validates-as-required\" aria-required=\"true\" aria-invalid=\"false\" placeholder=\"Your message\" name=\"message\"><\/textarea><\/span>\n            <\/div>\n            <div class=\"input-group\">\n                <button type=\"submit\" class=\"button size-lg icon_right\">SEND<i class=\"fa fa-chevron-right\"><\/i><\/button>\n            <\/div>\n        <\/div>\n    <\/div>\n<\/div><div class=\"wpcf7-response-output\" aria-hidden=\"true\"><\/div>\n<input type=\"hidden\" name=\"trp-form-language\" value=\"en\"\/><\/form>\n<\/div>\n\t\t\t\t<\/div>\n\t\t\t\t<\/div>\n\t\t\t\t\t<\/div>\n\t\t<\/div>\n\t\t\t\t<div class=\"elementor-column elementor-col-33 elementor-top-column elementor-element elementor-element-e0654f3\" data-id=\"e0654f3\" data-element_type=\"column\">\n\t\t\t<div class=\"elementor-widget-wrap elementor-element-populated\">\n\t\t\t\t\t\t<div class=\"elementor-element elementor-element-e065995 elementor-widget elementor-widget-vc_custom_heading\" data-id=\"e065995\" data-element_type=\"widget\" data-widget_type=\"vc_custom_heading.default\">\n\t\t\t\t<div class=\"elementor-widget-container\">\n\t\t\t<div class=\"vc_custom_heading  consulting_heading_font  text_align_left\" ><h4 style=\"text-align: left;font-weight:700\" class=\"consulting-custom-title\">Authorized Consultants\n<\/h4><\/div>\t\t<\/div>\n\t\t\t\t<\/div>\n\t\t\t\t<div class=\"elementor-element elementor-element-e065c01 elementor-widget elementor-widget-stm_contact\" data-id=\"e065c01\" data-element_type=\"widget\" data-widget_type=\"stm_contact.default\">\n\t\t\t\t<div class=\"elementor-widget-container\">\n\t\t\t    <div class=\"stm_contact consulting_elementor_contact_ clearfix\">\n                    <div class=\"stm_contact_image\">\n                <img src='https:\/\/cozengumruk.net\/wp-content\/uploads\/2024\/07\/cropped-cozen-gumruk-faviconm.png' alt='' \/>            <\/div>\n                <div class=\"stm_contact_info\">\n            <h5 class=\"no_stripe\">Sad\u0131k Ceviz<\/h5>\n                                        <div class=\"stm_contact_row\">Email: <a\n                        href=\"mailto:s&#97;&#100;&#105;k&#64;co&#122;&#101;n&#103;&#117;m&#114;u&#107;&#46;co&#109;&#46;&#116;r\">sadik@cozengumruk.com.tr<\/a>\n                <\/div>\n                                <\/div>\n    <\/div>\n\t\t<\/div>\n\t\t\t\t<\/div>\n\t\t\t\t\t<\/div>\n\t\t<\/div>\n\t\t\t\t\t<\/div>\n\t\t<\/section>\n\t\t\t\t\t<\/div>\n\t\t<\/div>\n\t\t\t\t\t<\/div>\n\t\t<\/section>\n\t\t\t\t<\/div>","protected":false},"excerpt":{"rendered":"<p>Genel Merkez Yenibosna Merkez Mah. Kavak Sok. No:11\/10 Kat:1 Business Port Bah\u00e7elievler\/\u0130stanbul +90 212 551 55 42 i&#110;fo&#64;c&#111;z&#101;&#110;g&#117;&#109;ruk.c&#111;m&#46;t&#114; Bize mesaj g\u00f6nderin G\u00d6NDER Yetkili M\u00fc\u015favirlerimiz Sad\u0131k Ceviz Email: s&#97;di&#107;&#64;co&#122;&#101;&#110;g&#117;m&#114;u&#107;&#46;&#99;om.&#116;r<\/p>","protected":false},"author":1,"featured_media":0,"parent":0,"menu_order":0,"comment_status":"closed","ping_status":"closed","template":"","meta":{"footnotes":""},"class_list":["post-6353","page","type-page","status-publish","hentry"],"_links":{"self":[{"href":"https:\/\/cozengumruk.net\/en\/wp-json\/wp\/v2\/pages\/6353","targetHints":{"allow":["GET"]}}],"collection":[{"href":"https:\/\/cozengumruk.net\/en\/wp-json\/wp\/v2\/pages"}],"about":[{"href":"https:\/\/cozengumruk.net\/en\/wp-json\/wp\/v2\/types\/page"}],"author":[{"embeddable":true,"href":"https:\/\/cozengumruk.net\/en\/wp-json\/wp\/v2\/users\/1"}],"replies":[{"embeddable":true,"href":"https:\/\/cozengumruk.net\/en\/wp-json\/wp\/v2\/comments?post=6353"}],"version-history":[{"count":27,"href":"https:\/\/cozengumruk.net\/en\/wp-json\/wp\/v2\/pages\/6353\/revisions"}],"predecessor-version":[{"id":7748,"href":"https:\/\/cozengumruk.net\/en\/wp-json\/wp\/v2\/pages\/6353\/revisions\/7748"}],"wp:attachment":[{"href":"https:\/\/cozengumruk.net\/en\/wp-json\/wp\/v2\/media?parent=6353"}],"curies":[{"name":"wp","href":"https:\/\/api.w.org\/{rel}","templated":true}]}}