{"id":7715,"date":"2024-07-26T14:21:48","date_gmt":"2024-07-26T11:21:48","guid":{"rendered":"https:\/\/cozengumruk.net\/?page_id=7715"},"modified":"2024-07-26T14:22:58","modified_gmt":"2024-07-26T11:22:58","slug":"sorumluluk-reddi","status":"publish","type":"page","link":"https:\/\/cozengumruk.net\/en\/disclaimer-of-liability\/","title":{"rendered":"Disclaimer of Liability"},"content":{"rendered":"<p><strong>\u00c7\u00f6zen Customs Consultancy<\/strong> The information contained on the website is provided for general informational purposes and is not a substitute for any professional advice or legal advice. The content on our website has been prepared for informational purposes and we cannot guarantee that it is absolutely complete and accurate in any respect. Therefore, it is your responsibility to check the accuracy, timeliness and adequacy of the information contained on our website.<\/p>\n<p>Before using the website of \u00c7\u00f6zen G\u00fcmr\u00fck M\u00fc\u015favirli\u011fi, you agree that you have carefully read and accepted the warnings and statements on this page. \u00c7\u00f6zen G\u00fcmr\u00fck M\u00fc\u015favirli\u011fi, the people who prepared the content on this site, its employees and the persons or organizations authorized by them have no legal or criminal liability for any material and moral damages that may arise from your reading or not reading the said terms.<\/p>\n<p>In the event of any dispute, claim or demand, the statements contained on this web page and the computer records of \u00c7\u00f6zen Customs Brokerage shall be submitted to the jurisdiction of Istanbul Courts and Execution and Bankruptcy Offices and shall be accepted as the sole and real exclusive evidence in accordance with Article 193 of the CCP.<\/p>\n<p>\u00c7\u00f6zen Customs Consultancy has the right to change, delete or temporarily or permanently stop the publication of the information and documents on the website without prior notice.<\/p>\n<h4>Content and Information Use<\/h4>\n<p>The information presented on our website is provided for general educational and informational purposes. The information is not a substitute for legal or professional advice, encouragement or recommendation. It is important that you seek individual advice from relevant experts or professionals before making decisions on any customs procedures, trade transactions or other professional matters.<\/p>\n<h4>Third Party Sites<\/h4>\n<p>Links on our website may lead to third party sites. These links are provided for convenience only and \u00c7\u00f6zen G\u00fcmr\u00fck M\u00fc\u015favirli\u011fi is not responsible for the content, privacy policies or practices of the relevant third party sites. Before visiting third party sites, you are advised to carefully evaluate the privacy and usage policies of these sites.<\/p>\n<h4>Limit of Liability<\/h4>\n<p>\u00c7\u00f6zen G\u00fcmr\u00fck M\u00fc\u015favirli\u011fi cannot be held responsible for any direct, indirect, special or incidental damages that may arise as a result of the use of the information provided on our website. Any loss or damage that may arise from errors, omissions or updates in our information is the sole responsibility of the users.<\/p>\n<h4>Content Changes<\/h4>\n<p>\u00c7\u00f6zen Customs Consultancy reserves the right to change the information and content on the website at any time, without prior notice. The content of our website enters into force after any update or change.<\/p>\n<h4>Contact<\/h4>\n<p>If you have any questions about this disclaimer, please feel free to contact us. Your use of our website means that you accept this disclaimer.<\/p>","protected":false},"excerpt":{"rendered":"<p>The information contained in the website of \u00c7\u00f6zen G\u00fcmr\u00fck M\u00fc\u015favirli\u011fi is provided for general informational purposes and does not replace any professional consultancy or legal advice. The contents on our website have been prepared for informational purposes and we cannot guarantee that they are absolutely complete and accurate in any respect. Therefore, it is your responsibility to check the accuracy, timeliness and adequacy of the information contained on our website.<\/p>","protected":false},"author":1,"featured_media":0,"parent":0,"menu_order":0,"comment_status":"closed","ping_status":"closed","template":"","meta":{"footnotes":""},"class_list":["post-7715","page","type-page","status-publish","hentry"],"_links":{"self":[{"href":"https:\/\/cozengumruk.net\/en\/wp-json\/wp\/v2\/pages\/7715","targetHints":{"allow":["GET"]}}],"collection":[{"href":"https:\/\/cozengumruk.net\/en\/wp-json\/wp\/v2\/pages"}],"about":[{"href":"https:\/\/cozengumruk.net\/en\/wp-json\/wp\/v2\/types\/page"}],"author":[{"embeddable":true,"href":"https:\/\/cozengumruk.net\/en\/wp-json\/wp\/v2\/users\/1"}],"replies":[{"embeddable":true,"href":"https:\/\/cozengumruk.net\/en\/wp-json\/wp\/v2\/comments?post=7715"}],"version-history":[{"count":2,"href":"https:\/\/cozengumruk.net\/en\/wp-json\/wp\/v2\/pages\/7715\/revisions"}],"predecessor-version":[{"id":7717,"href":"https:\/\/cozengumruk.net\/en\/wp-json\/wp\/v2\/pages\/7715\/revisions\/7717"}],"wp:attachment":[{"href":"https:\/\/cozengumruk.net\/en\/wp-json\/wp\/v2\/media?parent=7715"}],"curies":[{"name":"wp","href":"https:\/\/api.w.org\/{rel}","templated":true}]}}