{"id":558,"date":"2016-01-13T17:48:37","date_gmt":"2016-01-13T17:48:37","guid":{"rendered":"http:\/\/consulting.stylemixthemes.com\/demo\/?page_id=558"},"modified":"2024-07-26T11:12:42","modified_gmt":"2024-07-26T08:12:42","slug":"hizmetlerimiz","status":"publish","type":"page","link":"https:\/\/cozengumruk.net\/es\/nuestros-servicios\/","title":{"rendered":"Nuestros servicios"},"content":{"rendered":"<div data-elementor-type=\"wp-page\" data-elementor-id=\"558\" class=\"elementor elementor-558\" data-elementor-post-type=\"page\">\n\t\t\t\t\t\t<section class=\"elementor-section elementor-top-section elementor-element elementor-element-4921e9d elementor-section-boxed elementor-section-height-default elementor-section-height-default\" data-id=\"4921e9d\" data-element_type=\"section\" data-settings=\"{&quot;background_background&quot;:&quot;classic&quot;}\">\n\t\t\t\t\t\t<div class=\"elementor-container elementor-column-gap-default\">\n\t\t\t\t\t<div class=\"elementor-column elementor-col-33 elementor-top-column elementor-element elementor-element-f0a1b08\" data-id=\"f0a1b08\" data-element_type=\"column\">\n\t\t\t<div class=\"elementor-widget-wrap elementor-element-populated\">\n\t\t\t\t\t\t<div class=\"elementor-element elementor-element-a0fdd02 elementor-widget elementor-widget-stm_info_box\" data-id=\"a0fdd02\" data-element_type=\"widget\" data-widget_type=\"stm_info_box.default\">\n\t\t\t\t<div class=\"elementor-widget-container\">\n\t\t\t<div class=\"info_box elementor-consulting-info-box style_4\">\n\t\t\t\t\t\t<div class=\"info_box_image\">\n\t\t\t\t<img fetchpriority=\"high\" decoding=\"async\" width=\"350\" height=\"204\" src=\"https:\/\/cozengumruk.net\/wp-content\/uploads\/2024\/07\/gumruk3-350x204.jpg\" class=\"attachment-consulting-image-350x204-croped size-consulting-image-350x204-croped\" alt=\"\" \/>\t\t\t<\/div>\n\t\t\t\n\t\t\t<a href=\"https:\/\/cozengumruk.net\/es\/servicios-de-despacho-de-aduanas\/\" class=\"info_box_link\">\n\t\t\t<div class=\"title\">\n\t\t\t\t<h4 class=\"no_stripe\">Servicios de despacho de aduanas<\/h4>\n\t\t\t<\/div>\n\t\t<\/a>\n\t<p>\u00c7\u00f6zen Customs Consultancy ofrece servicios de despacho de aduanas r\u00e1pidos y fiables para sus transacciones de importaci\u00f3n y exportaci\u00f3n.<\/p>\n<\/div>\n\t\t<\/div>\n\t\t\t\t<\/div>\n\t\t\t\t\t<\/div>\n\t\t<\/div>\n\t\t\t\t<div class=\"elementor-column elementor-col-33 elementor-top-column elementor-element elementor-element-7276183\" data-id=\"7276183\" data-element_type=\"column\">\n\t\t\t<div class=\"elementor-widget-wrap elementor-element-populated\">\n\t\t\t\t\t\t<div class=\"elementor-element elementor-element-e02e8a9 elementor-widget elementor-widget-stm_info_box\" data-id=\"e02e8a9\" data-element_type=\"widget\" data-widget_type=\"stm_info_box.default\">\n\t\t\t\t<div class=\"elementor-widget-container\">\n\t\t\t<div class=\"info_box elementor-consulting-info-box style_4\">\n\t\t\t\t\t\t<div class=\"info_box_image\">\n\t\t\t\t<img decoding=\"async\" width=\"350\" height=\"204\" src=\"https:\/\/cozengumruk.net\/wp-content\/uploads\/2024\/07\/mevzuat-yo-350x204.jpeg\" class=\"attachment-consulting-image-350x204-croped size-consulting-image-350x204-croped\" alt=\"\" \/>\t\t\t<\/div>\n\t\t\t\n\t\t\t<a href=\"https:\/\/cozengumruk.net\/es\/servicios-legislativos\/\" class=\"info_box_link\">\n\t\t\t<div class=\"title\">\n\t\t\t\t<h4 class=\"no_stripe\">Servicios de consultor\u00eda sobre legislaci\u00f3n<\/h4>\n\t\t\t<\/div>\n\t\t<\/a>\n\t<p>\u00c7\u00f6zen Customs Consultancy le ofrece servicios de consultor\u00eda especializada para que pueda cumplir la legislaci\u00f3n comercial.<\/p>\n<\/div>\n\t\t<\/div>\n\t\t\t\t<\/div>\n\t\t\t\t\t<\/div>\n\t\t<\/div>\n\t\t\t\t<div class=\"elementor-column elementor-col-33 elementor-top-column elementor-element elementor-element-95e0b59\" data-id=\"95e0b59\" data-element_type=\"column\">\n\t\t\t<div class=\"elementor-widget-wrap elementor-element-populated\">\n\t\t\t\t\t\t<div class=\"elementor-element elementor-element-3dc099f elementor-widget elementor-widget-stm_info_box\" data-id=\"3dc099f\" data-element_type=\"widget\" data-widget_type=\"stm_info_box.default\">\n\t\t\t\t<div class=\"elementor-widget-container\">\n\t\t\t<div class=\"info_box elementor-consulting-info-box style_4\">\n\t\t\t\t\t\t<div class=\"info_box_image\">\n\t\t\t\t<img decoding=\"async\" width=\"350\" height=\"204\" src=\"https:\/\/cozengumruk.net\/wp-content\/uploads\/2024\/07\/yys-mevzu-350x204.jpg\" class=\"attachment-consulting-image-350x204-croped size-consulting-image-350x204-croped\" alt=\"\" \/>\t\t\t<\/div>\n\t\t\t\n\t\t\t<a href=\"https:\/\/cozengumruk.net\/es\/yys-aeo-services\/\" class=\"info_box_link\">\n\t\t\t<div class=\"title\">\n\t\t\t\t<h4 class=\"no_stripe\">YYS | Servicios de consultor\u00eda AEO<\/h4>\n\t\t\t<\/div>\n\t\t<\/a>\n\t<p>\u00c7\u00f6zen Customs Consultancy ofrece servicios de consultor\u00eda profesional en los procesos de obtenci\u00f3n de certificados (YYS) y (AEO).<\/p>\n<\/div>\n\t\t<\/div>\n\t\t\t\t<\/div>\n\t\t\t\t\t<\/div>\n\t\t<\/div>\n\t\t\t\t\t<\/div>\n\t\t<\/section>\n\t\t\t\t<section class=\"elementor-section elementor-top-section elementor-element elementor-element-1c72f17 elementor-section-boxed elementor-section-height-default elementor-section-height-default\" data-id=\"1c72f17\" data-element_type=\"section\" data-settings=\"{&quot;background_background&quot;:&quot;classic&quot;}\">\n\t\t\t\t\t\t<div class=\"elementor-container elementor-column-gap-default\">\n\t\t\t\t\t<div class=\"elementor-column elementor-col-33 elementor-top-column elementor-element elementor-element-d28e26e\" data-id=\"d28e26e\" data-element_type=\"column\">\n\t\t\t<div class=\"elementor-widget-wrap elementor-element-populated\">\n\t\t\t\t\t\t<div class=\"elementor-element elementor-element-f146c05 elementor-widget elementor-widget-stm_info_box\" data-id=\"f146c05\" data-element_type=\"widget\" data-widget_type=\"stm_info_box.default\">\n\t\t\t\t<div class=\"elementor-widget-container\">\n\t\t\t<div class=\"info_box elementor-consulting-info-box style_4\">\n\t\t\t\t\t\t<div class=\"info_box_image\">\n\t\t\t\t<img loading=\"lazy\" decoding=\"async\" width=\"350\" height=\"204\" src=\"https:\/\/cozengumruk.net\/wp-content\/uploads\/2024\/07\/gumruk-denetim-cozen-350x204.jpg\" class=\"attachment-consulting-image-350x204-croped size-consulting-image-350x204-croped\" alt=\"\" \/>\t\t\t<\/div>\n\t\t\t\n\t\t\t<a href=\"https:\/\/cozengumruk.net\/es\/servicios-de-preparacion-de-auditorias-aduaneras\/\" class=\"info_box_link\">\n\t\t\t<div class=\"title\">\n\t\t\t\t<h4 class=\"no_stripe\">Servicios de preparaci\u00f3n para inspecciones aduaneras<\/h4>\n\t\t\t<\/div>\n\t\t<\/a>\n\t<p>\u00c7\u00f6zen Customs Consultancy le ofrece un apoyo integral en su proceso de preparaci\u00f3n para las inspecciones aduaneras.<\/p>\n<\/div>\n\t\t<\/div>\n\t\t\t\t<\/div>\n\t\t\t\t\t<\/div>\n\t\t<\/div>\n\t\t\t\t<div class=\"elementor-column elementor-col-33 elementor-top-column elementor-element elementor-element-aedef2a\" data-id=\"aedef2a\" data-element_type=\"column\">\n\t\t\t<div class=\"elementor-widget-wrap elementor-element-populated\">\n\t\t\t\t\t\t<div class=\"elementor-element elementor-element-8f6ed1a elementor-widget elementor-widget-stm_info_box\" data-id=\"8f6ed1a\" data-element_type=\"widget\" data-widget_type=\"stm_info_box.default\">\n\t\t\t\t<div class=\"elementor-widget-container\">\n\t\t\t<div class=\"info_box elementor-consulting-info-box style_4\">\n\t\t\t\t\t\t<div class=\"info_box_image\">\n\t\t\t\t<img loading=\"lazy\" decoding=\"async\" width=\"350\" height=\"204\" src=\"https:\/\/cozengumruk.net\/wp-content\/uploads\/2024\/07\/hukuki-cozen-350x204.jpg\" class=\"attachment-consulting-image-350x204-croped size-consulting-image-350x204-croped\" alt=\"\" \/>\t\t\t<\/div>\n\t\t\t\n\t\t\t<a href=\"https:\/\/cozengumruk.net\/es\/servicios-de-apoyo-juridico\/\" class=\"info_box_link\">\n\t\t\t<div class=\"title\">\n\t\t\t\t<h4 class=\"no_stripe\">Servicios de apoyo jur\u00eddico<\/h4>\n\t\t\t<\/div>\n\t\t<\/a>\n\t<p>\u00c7\u00f6zen Customs Consultancy ofrece apoyo experto en procesos legales relacionados con el comercio.<\/p>\n<\/div>\n\t\t<\/div>\n\t\t\t\t<\/div>\n\t\t\t\t\t<\/div>\n\t\t<\/div>\n\t\t\t\t<div class=\"elementor-column elementor-col-33 elementor-top-column elementor-element elementor-element-30b8552\" data-id=\"30b8552\" data-element_type=\"column\">\n\t\t\t<div class=\"elementor-widget-wrap elementor-element-populated\">\n\t\t\t\t\t\t<div class=\"elementor-element elementor-element-4dd1a6a elementor-widget elementor-widget-stm_info_box\" data-id=\"4dd1a6a\" data-element_type=\"widget\" data-widget_type=\"stm_info_box.default\">\n\t\t\t\t<div class=\"elementor-widget-container\">\n\t\t\t<div class=\"info_box elementor-consulting-info-box style_4\">\n\t\t\t\t\t\t<div class=\"info_box_image\">\n\t\t\t\t<img loading=\"lazy\" decoding=\"async\" width=\"350\" height=\"204\" src=\"https:\/\/cozengumruk.net\/wp-content\/uploads\/2024\/07\/serbest-cozen-1-350x204.jpg\" class=\"attachment-consulting-image-350x204-croped size-consulting-image-350x204-croped\" alt=\"\" \/>\t\t\t<\/div>\n\t\t\t\n\t\t\t<a href=\"https:\/\/cozengumruk.net\/es\/servicios-de-consultoria-en-zonas-francas\/\" class=\"info_box_link\">\n\t\t\t<div class=\"title\">\n\t\t\t\t<h4 class=\"no_stripe\">Servicios de consultor\u00eda de zonas francas<\/h4>\n\t\t\t<\/div>\n\t\t<\/a>\n\t<p>\u00c7\u00f6zen Customs Consultancy ofrece asesoramiento profesional para sus transacciones en zonas francas.<\/p>\n<\/div>\n\t\t<\/div>\n\t\t\t\t<\/div>\n\t\t\t\t\t<\/div>\n\t\t<\/div>\n\t\t\t\t\t<\/div>\n\t\t<\/section>\n\t\t\t\t<section class=\"elementor-section elementor-top-section elementor-element elementor-element-f26cbf2 elementor-section-boxed elementor-section-height-default elementor-section-height-default\" data-id=\"f26cbf2\" data-element_type=\"section\" data-settings=\"{&quot;background_background&quot;:&quot;classic&quot;}\">\n\t\t\t\t\t\t<div class=\"elementor-container elementor-column-gap-default\">\n\t\t\t\t\t<div class=\"elementor-column elementor-col-33 elementor-top-column elementor-element elementor-element-dd20f63\" data-id=\"dd20f63\" data-element_type=\"column\">\n\t\t\t<div class=\"elementor-widget-wrap elementor-element-populated\">\n\t\t\t\t\t\t<div class=\"elementor-element elementor-element-5fe1da5 elementor-widget elementor-widget-stm_info_box\" data-id=\"5fe1da5\" data-element_type=\"widget\" data-widget_type=\"stm_info_box.default\">\n\t\t\t\t<div class=\"elementor-widget-container\">\n\t\t\t<div class=\"info_box elementor-consulting-info-box style_4\">\n\t\t\t\t\t\t<div class=\"info_box_image\">\n\t\t\t\t<img loading=\"lazy\" decoding=\"async\" width=\"350\" height=\"204\" src=\"https:\/\/cozengumruk.net\/wp-content\/uploads\/2024\/07\/interaktif-cozen-350x204.jpg\" class=\"attachment-consulting-image-350x204-croped size-consulting-image-350x204-croped\" alt=\"\" \/>\t\t\t<\/div>\n\t\t\t\n\t\t\t<a href=\"https:\/\/cozengumruk.net\/es\/servicios-aduaneros-interactivos\/\" class=\"info_box_link\">\n\t\t\t<div class=\"title\">\n\t\t\t\t<h4 class=\"no_stripe\">Servicios aduaneros interactivos<\/h4>\n\t\t\t<\/div>\n\t\t<\/a>\n\t<p>\u00c7\u00f6zen Customs Consultancy presta servicios aduaneros r\u00e1pidos y eficaces a trav\u00e9s de plataformas digitales.<\/p>\n<\/div>\n\t\t<\/div>\n\t\t\t\t<\/div>\n\t\t\t\t\t<\/div>\n\t\t<\/div>\n\t\t\t\t<div class=\"elementor-column elementor-col-33 elementor-top-column elementor-element elementor-element-21512de\" data-id=\"21512de\" data-element_type=\"column\">\n\t\t\t<div class=\"elementor-widget-wrap elementor-element-populated\">\n\t\t\t\t\t\t<div class=\"elementor-element elementor-element-102e015 elementor-widget elementor-widget-stm_info_box\" data-id=\"102e015\" data-element_type=\"widget\" data-widget_type=\"stm_info_box.default\">\n\t\t\t\t<div class=\"elementor-widget-container\">\n\t\t\t<div class=\"info_box elementor-consulting-info-box style_4\">\n\t\t\t\t\t\t<div class=\"info_box_image\">\n\t\t\t\t<img loading=\"lazy\" decoding=\"async\" width=\"350\" height=\"204\" src=\"https:\/\/cozengumruk.net\/wp-content\/uploads\/2024\/07\/egitim-cozen-350x204.jpg\" class=\"attachment-consulting-image-350x204-croped size-consulting-image-350x204-croped\" alt=\"\" \/>\t\t\t<\/div>\n\t\t\t\n\t\t\t<a href=\"https:\/\/cozengumruk.net\/es\/servicios-educativos\/\" class=\"info_box_link\">\n\t\t\t<div class=\"title\">\n\t\t\t\t<h4 class=\"no_stripe\">Servicios educativos<\/h4>\n\t\t\t<\/div>\n\t\t<\/a>\n\t<p>\u00c7\u00f6zen Asesor\u00eda Aduanera le ofrece una formaci\u00f3n completa para especializarse en temas aduaneros y de comercio exterior.<\/p>\n<\/div>\n\t\t<\/div>\n\t\t\t\t<\/div>\n\t\t\t\t\t<\/div>\n\t\t<\/div>\n\t\t\t\t<div class=\"elementor-column elementor-col-33 elementor-top-column elementor-element elementor-element-dab00cb\" data-id=\"dab00cb\" data-element_type=\"column\">\n\t\t\t<div class=\"elementor-widget-wrap elementor-element-populated\">\n\t\t\t\t\t\t<div class=\"elementor-element elementor-element-6ca7bb5 elementor-widget elementor-widget-stm_info_box\" data-id=\"6ca7bb5\" data-element_type=\"widget\" data-widget_type=\"stm_info_box.default\">\n\t\t\t\t<div class=\"elementor-widget-container\">\n\t\t\t<div class=\"info_box elementor-consulting-info-box style_4\">\n\t\t\t\t\t\t<div class=\"info_box_image\">\n\t\t\t\t<img loading=\"lazy\" decoding=\"async\" width=\"350\" height=\"204\" src=\"https:\/\/cozengumruk.net\/wp-content\/uploads\/2024\/07\/gumruk-czen-350x204.jpg\" class=\"attachment-consulting-image-350x204-croped size-consulting-image-350x204-croped\" alt=\"\" \/>\t\t\t<\/div>\n\t\t\t\n\t\t\t<a href=\"https:\/\/cozengumruk.net\/es\/otros-servicios-aduaneros\/\" class=\"info_box_link\">\n\t\t\t<div class=\"title\">\n\t\t\t\t<h4 class=\"no_stripe\">Otros servicios<\/h4>\n\t\t\t<\/div>\n\t\t<\/a>\n\t<p>\u00c7\u00f6zen Asesor\u00eda Aduanera ofrece diversos servicios adicionales espec\u00edficos para sus necesidades en el \u00e1mbito de las aduanas y el comercio exterior.<\/p>\n<div class=\"notranslate\" style=\"all: initial;\">\u00a0<\/div>\n<\/div>\n\t\t<\/div>\n\t\t\t\t<\/div>\n\t\t\t\t\t<\/div>\n\t\t<\/div>\n\t\t\t\t\t<\/div>\n\t\t<\/section>\n\t\t<div class=\"elementor-element elementor-element-836ff17 e-flex e-con-boxed e-con e-parent\" data-id=\"836ff17\" data-element_type=\"container\">\n\t\t\t\t\t<div class=\"e-con-inner\">\n\t\t\t\t<div class=\"elementor-element elementor-element-7a347b4 elementor-hidden-mobile elementor-widget elementor-widget-stm_info_box\" data-id=\"7a347b4\" data-element_type=\"widget\" data-widget_type=\"stm_info_box.default\">\n\t\t\t\t<div class=\"elementor-widget-container\">\n\t\t\t<div class=\"info_box elementor-consulting-info-box style_4\">\n\t\t\t\t\t\t\t\t\t<div class=\"info_box_image\">\n\t\t\t\t<img src='https:\/\/cozengumruk.net\/wp-content\/uploads\/2024\/07\/1.jpg' alt='' \/>\t\t\t<\/div>\n\t\t\t\n\t\t\t<a href=\"https:\/\/cozengumruk.net\/es\/servicios-logisticos\/\" class=\"info_box_link\">\n\t\t\t<div class=\"title\">\n\t\t\t\t<h4 class=\"no_stripe\">Servicios log\u00edsticos<\/h4>\n\t\t\t<\/div>\n\t\t<\/a>\n\t<p>\u00c7\u00f6zen Customs Consultancy gestiona todos sus procesos log\u00edsticos con eficacia y eficiencia. Acelera y facilita su negocio con soluciones de transporte, almacenamiento y distribuci\u00f3n.<\/p>\n<\/div>\n\t\t<\/div>\n\t\t\t\t<\/div>\n\t\t\t\t<div class=\"elementor-element elementor-element-3279209 elementor-hidden-desktop elementor-hidden-tablet elementor-widget elementor-widget-stm_info_box\" data-id=\"3279209\" data-element_type=\"widget\" data-widget_type=\"stm_info_box.default\">\n\t\t\t\t<div class=\"elementor-widget-container\">\n\t\t\t<div class=\"info_box elementor-consulting-info-box style_4\">\n\t\t\t\t\t\t<div class=\"info_box_image\">\n\t\t\t\t<img loading=\"lazy\" decoding=\"async\" width=\"350\" height=\"204\" src=\"https:\/\/cozengumruk.net\/wp-content\/uploads\/2024\/07\/1-350x204.jpg\" class=\"attachment-consulting-image-350x204-croped size-consulting-image-350x204-croped\" alt=\"\" \/>\t\t\t<\/div>\n\t\t\t\n\t\t\t<a href=\"https:\/\/cozengumruk.net\/es\/servicios-logisticos\/\" class=\"info_box_link\">\n\t\t\t<div class=\"title\">\n\t\t\t\t<h4 class=\"no_stripe\">Servicios log\u00edsticos<\/h4>\n\t\t\t<\/div>\n\t\t<\/a>\n\t<p>\u00c7\u00f6zen Customs Consultancy gestiona todos sus procesos log\u00edsticos con eficacia y eficiencia. Acelera y facilita su negocio con soluciones de transporte, almacenamiento y distribuci\u00f3n.<\/p>\n<\/div>\n\t\t<\/div>\n\t\t\t\t<\/div>\n\t\t\t\t\t<\/div>\n\t\t\t\t<\/div>\n\t\t\t\t<\/div>","protected":false},"excerpt":{"rendered":"<p>Servicios de despacho de aduanas \u00c7\u00f6zen Customs Consultancy ofrece servicios de despacho de aduanas r\u00e1pidos y fiables para sus transacciones de importaci\u00f3n y exportaci\u00f3n. Servicios de Consultor\u00eda Regulatoria \u00c7\u00f6zen Customs Consultancy proporciona servicios de consultor\u00eda experta para que usted cumpla con la legislaci\u00f3n comercial. Servicios de Consultor\u00eda YYS | AEO \u00c7\u00f6zen Customs Consultancy proporciona servicios profesionales de consultor\u00eda en procesos de obtenci\u00f3n de certificados (YYS) y (AEO). Servicios de preparaci\u00f3n para inspecciones aduaneras \u00c7\u00f6zen Customs Consultancy,<\/p>","protected":false},"author":1,"featured_media":7274,"parent":0,"menu_order":0,"comment_status":"closed","ping_status":"closed","template":"","meta":{"footnotes":""},"class_list":["post-558","page","type-page","status-publish","has-post-thumbnail","hentry"],"_links":{"self":[{"href":"https:\/\/cozengumruk.net\/es\/wp-json\/wp\/v2\/pages\/558","targetHints":{"allow":["GET"]}}],"collection":[{"href":"https:\/\/cozengumruk.net\/es\/wp-json\/wp\/v2\/pages"}],"about":[{"href":"https:\/\/cozengumruk.net\/es\/wp-json\/wp\/v2\/types\/page"}],"author":[{"embeddable":true,"href":"https:\/\/cozengumruk.net\/es\/wp-json\/wp\/v2\/users\/1"}],"replies":[{"embeddable":true,"href":"https:\/\/cozengumruk.net\/es\/wp-json\/wp\/v2\/comments?post=558"}],"version-history":[{"count":11,"href":"https:\/\/cozengumruk.net\/es\/wp-json\/wp\/v2\/pages\/558\/revisions"}],"predecessor-version":[{"id":7645,"href":"https:\/\/cozengumruk.net\/es\/wp-json\/wp\/v2\/pages\/558\/revisions\/7645"}],"wp:featuredmedia":[{"embeddable":true,"href":"https:\/\/cozengumruk.net\/es\/wp-json\/wp\/v2\/media\/7274"}],"wp:attachment":[{"href":"https:\/\/cozengumruk.net\/es\/wp-json\/wp\/v2\/media?parent=558"}],"curies":[{"name":"wp","href":"https:\/\/api.w.org\/{rel}","templated":true}]}}