{"id":6352,"date":"2015-12-15T07:37:33","date_gmt":"2015-12-15T07:37:33","guid":{"rendered":"http:\/\/consulting.stylemixthemes.com\/demo\/?page_id=9"},"modified":"2024-07-26T12:25:09","modified_gmt":"2024-07-26T09:25:09","slug":"hakkimizda","status":"publish","type":"page","link":"https:\/\/cozengumruk.net\/es\/sobre-nosotros\/","title":{"rendered":"Qui\u00e9nes somos"},"content":{"rendered":"<div data-elementor-type=\"wp-page\" data-elementor-id=\"6352\" class=\"elementor elementor-6352\" data-elementor-post-type=\"page\">\n\t\t\t\t\t\t<section class=\"elementor-section elementor-top-section elementor-element elementor-element-e235908 elementor-section-boxed elementor-section-height-default elementor-section-height-default\" data-id=\"e235908\" data-element_type=\"section\" data-settings=\"{&quot;background_background&quot;:&quot;classic&quot;}\">\n\t\t\t\t\t\t<div class=\"elementor-container elementor-column-gap-default\">\n\t\t\t\t\t<div class=\"elementor-column elementor-col-100 elementor-top-column elementor-element elementor-element-e235e4c\" data-id=\"e235e4c\" data-element_type=\"column\">\n\t\t\t<div class=\"elementor-widget-wrap elementor-element-populated\">\n\t\t\t\t\t\t<div class=\"elementor-element elementor-element-c57835e elementor-widget elementor-widget-image\" data-id=\"c57835e\" data-element_type=\"widget\" data-widget_type=\"image.default\">\n\t\t\t\t<div class=\"elementor-widget-container\">\n\t\t\t\t\t\t\t\t\t\t\t\t\t<img fetchpriority=\"high\" decoding=\"async\" width=\"834\" height=\"412\" src=\"https:\/\/cozengumruk.net\/wp-content\/uploads\/2024\/07\/Cozen-Gumruk.jpg\" class=\"attachment-full size-full wp-image-7695\" alt=\"\" srcset=\"https:\/\/cozengumruk.net\/wp-content\/uploads\/2024\/07\/Cozen-Gumruk.jpg 834w, https:\/\/cozengumruk.net\/wp-content\/uploads\/2024\/07\/Cozen-Gumruk-300x148.jpg 300w, https:\/\/cozengumruk.net\/wp-content\/uploads\/2024\/07\/Cozen-Gumruk-768x379.jpg 768w, https:\/\/cozengumruk.net\/wp-content\/uploads\/2024\/07\/Cozen-Gumruk-18x9.jpg 18w\" sizes=\"(max-width: 834px) 100vw, 834px\" \/>\t\t\t\t\t\t\t\t\t\t\t\t\t<\/div>\n\t\t\t\t<\/div>\n\t\t\t\t<div class=\"elementor-element elementor-element-e2363dc elementor-widget elementor-widget-text-editor\" data-id=\"e2363dc\" data-element_type=\"widget\" data-widget_type=\"text-editor.default\">\n\t\t\t\t<div class=\"elementor-widget-container\">\n\t\t\t\t\t\t\t<p><strong>\u00c7\u00f6zen Asesor\u00eda Aduanera<\/strong> trabajamos meticulosamente para ofrecer el m\u00e1ximo nivel de apoyo profesional que nuestros clientes necesitan en los tr\u00e1mites aduaneros. Con nuestros muchos a\u00f1os de experiencia, amplios conocimientos t\u00e9cnicos y nuestro experimentado personal experto en sus campos, gestionamos las transacciones de importaci\u00f3n, exportaci\u00f3n, transbordo y tr\u00e1nsito realizadas en los puntos aduaneros de toda Turqu\u00eda de forma r\u00e1pida, fluida y eficaz.<\/p>\n<p>Seguimos de cerca cada paso de los procesos empresariales de nuestros clientes y les ayudamos a superar cuanto antes cualquier obst\u00e1culo que puedan encontrar. Gracias a estas competencias, no solo realizamos tr\u00e1mites aduaneros, sino que tambi\u00e9n ofrecemos soluciones personalizadas que se adaptan a todos los requisitos operativos de nuestros clientes. De este modo, contribuimos al \u00e9xito sostenible de nuestros socios comerciales aumentando su competitividad en el mercado mundial. Con nuestro planteamiento orientado a la satisfacci\u00f3n del cliente y un enfoque de servicio superior, aspiramos a ser l\u00edderes en el \u00e1mbito del despacho de aduanas.<\/p>\n<h4>Nuestra visi\u00f3n<\/h4>\n<p>El objetivo de \u00c7\u00f6zen Customs Consultancy es mantener la satisfacci\u00f3n del cliente al m\u00e1s alto nivel. Mejoramos continuamente nuestros servicios siguiendo de cerca la tecnolog\u00eda y ofrecemos soluciones innovadoras a nuestros clientes. Nuestro objetivo es ser la empresa m\u00e1s fiable y preferida del sector desempe\u00f1ando un papel destacado en los procedimientos aduaneros.<\/p>\n<h4>Nuestra misi\u00f3n<\/h4>\n<p>Facilitar los procesos comerciales de nuestros clientes prest\u00e1ndoles servicios r\u00e1pidos, fiables y transparentes en todos los procedimientos aduaneros. Siguiendo de cerca los cambios en la legislaci\u00f3n aduanera, informamos simult\u00e1neamente a nuestros clientes y nos aseguramos de que disponen de informaci\u00f3n actualizada. Ofrecemos el servicio m\u00e1s adecuado a las necesidades de nuestros clientes elaborando soluciones especiales para cada uno de ellos.<\/p>\n<h4>Nuestros valores<\/h4>\n<ul>\n<li><strong>Fiabilidad<\/strong>: Siempre damos prioridad a la confianza de nuestros clientes.<\/li>\n<li><strong>Velocidad<\/strong>: Conocemos el valor del tiempo y completamos las transacciones lo antes posible.<\/li>\n<li><strong>Experiencia<\/strong>: Siempre proporcionamos la informaci\u00f3n m\u00e1s precisa y actualizada con nuestro personal experto.<\/li>\n<li><strong>Orientaci\u00f3n al cliente<\/strong>: Estamos al lado de cada uno de nuestros clientes produciendo soluciones especiales para sus necesidades.<\/li>\n<li><strong>Transparencia<\/strong>: Realizamos todas nuestras transacciones con transparencia e informamos a nuestros clientes.<\/li>\n<\/ul>\n<h4>\u00bfPor qu\u00e9 Solen Customs Consultancy?<\/h4>\n<ul>\n<li><strong>Servicio r\u00e1pido y fiable<\/strong>: Le ofrecemos soluciones r\u00e1pidas y fiables para sus tr\u00e1mites aduaneros.<\/li>\n<li><strong>Personal experto<\/strong>: Estamos siempre a su lado con nuestro personal experto.<\/li>\n<li><strong>Soluciones a medida<\/strong>: Soluciones personalizadas para las necesidades de su empresa.<\/li>\n<li><strong>Asistencia ininterrumpida<\/strong>: Estamos siempre con usted con la comprensi\u00f3n de servicio 7\/24.<\/li>\n<\/ul>\n<h4>Nuestra visi\u00f3n de futuro<\/h4>\n<p>Como \u00c7\u00f6zen Customs Consultancy, nuestro objetivo es estar al lado de nuestros clientes y contribuir a su \u00e9xito en el futuro. Nos esforzamos por ofrecer el mejor servicio a nuestros clientes con una r\u00e1pida adaptaci\u00f3n a la siempre cambiante legislaci\u00f3n aduanera y soluciones innovadoras.<\/p>\n<p>P\u00f3ngase en contacto con nosotros para obtener m\u00e1s informaci\u00f3n sobre nuestros servicios y para trabajar juntos. Como \u00c7\u00f6zen Customs Consultancy, estamos a su lado en todos sus tr\u00e1mites aduaneros.<\/p>\n\t\t\t\t\t\t<\/div>\n\t\t\t\t<\/div>\n\t\t\t\t\t<\/div>\n\t\t<\/div>\n\t\t\t\t<div class=\"elementor-column elementor-col-25 elementor-top-column elementor-element elementor-element-e2383ad elementor-hidden-tablet elementor-hidden-phone\" data-id=\"e2383ad\" data-element_type=\"column\">\n\t\t\t<div class=\"elementor-widget-wrap elementor-element-populated\">\n\t\t\t\t\t\t<div class=\"elementor-element elementor-element-e238832 elementor-widget elementor-widget-stm_sidebar\" data-id=\"e238832\" data-element_type=\"widget\" data-widget_type=\"stm_sidebar.default\">\n\t\t\t\t<div class=\"elementor-widget-container\">\n\t\t\t\n<div class=\"stm_sidebar consulting_elementor_sidebar\">\n\n            \t\t<div data-elementor-type=\"wp-post\" data-elementor-id=\"311\" class=\"elementor elementor-311\" data-elementor-post-type=\"stm_vc_sidebar\">\n\t\t\t\t\t\t<section class=\"elementor-section elementor-top-section elementor-element elementor-element-d75f04d third_bg_color elementor-section-boxed elementor-section-height-default elementor-section-height-default\" data-id=\"d75f04d\" data-element_type=\"section\" data-settings=\"{&quot;background_background&quot;:&quot;classic&quot;}\">\n\t\t\t\t\t\t<div class=\"elementor-container elementor-column-gap-default\">\n\t\t\t\t\t<div class=\"elementor-column elementor-col-100 elementor-top-column elementor-element elementor-element-d75f502\" data-id=\"d75f502\" data-element_type=\"column\" data-settings=\"{&quot;background_background&quot;:&quot;classic&quot;}\">\n\t\t\t<div class=\"elementor-widget-wrap elementor-element-populated\">\n\t\t\t\t\t\t<div class=\"elementor-element elementor-element-d75f8fa elementor-widget elementor-widget-vc_custom_heading\" data-id=\"d75f8fa\" data-element_type=\"widget\" data-widget_type=\"vc_custom_heading.default\">\n\t\t\t\t<div class=\"elementor-widget-container\">\n\t\t\t<div class=\"vc_custom_heading  consulting_heading_font  text_align_left\" ><div style=\"font-size: 16px;color: #222222;text-align: left;font-weight:700\" class=\"consulting-custom-title\">Estamos a su disposici\u00f3n.\n<\/div><\/div>\t\t<\/div>\n\t\t\t\t<\/div>\n\t\t\t\t<div class=\"elementor-element elementor-element-d75fbf9 elementor-widget elementor-widget-text-editor\" data-id=\"d75fbf9\" data-element_type=\"widget\" data-widget_type=\"text-editor.default\">\n\t\t\t\t<div class=\"elementor-widget-container\">\n\t\t\t\t\t\t\t<p>Con nuestro equipo de expertos, estamos aqu\u00ed para hacer que sus procesos empresariales sean m\u00e1s eficientes y fluidos.<\/p>\n\t\t\t\t\t\t<\/div>\n\t\t\t\t<\/div>\n\t\t\t\t<div class=\"elementor-element elementor-element-d760053 elementor-widget__width-auto elementor-widget elementor-widget-button\" data-id=\"d760053\" data-element_type=\"widget\" data-widget_type=\"button.default\">\n\t\t\t\t<div class=\"elementor-widget-container\">\n\t\t\t\t\t\t\t<div class=\"elementor-button-wrapper icon_align_\">\n\t\t\t\t\t<a class=\"elementor-button elementor-button-link elementor-size-sm\" href=\"https:\/\/cozengumruk.net\/es\/comunicacion\/\">\n\t\t\t\t\t\t<span class=\"elementor-button-content-wrapper\">\n\t\t\t\t\t\t<span class=\"elementor-button-icon\">\n\t\t\t\t<i aria-hidden=\"true\" class=\"stm-online-phone-call\"><\/i>\t\t\t<\/span>\n\t\t\t\t\t\t\t\t\t<span class=\"elementor-button-text\">P\u00f3ngase en contacto con nosotros<\/span>\n\t\t\t\t\t<\/span>\n\t\t\t\t\t<\/a>\n\t\t\t\t<\/div>\n\t\t\t\t\t\t<\/div>\n\t\t\t\t<\/div>\n\t\t\t\t\t<\/div>\n\t\t<\/div>\n\t\t\t\t\t<\/div>\n\t\t<\/section>\n\t\t\t\t<\/div>\n\t\t    \n<\/div>\t\t<\/div>\n\t\t\t\t<\/div>\n\t\t\t\t\t<\/div>\n\t\t<\/div>\n\t\t\t\t\t<\/div>\n\t\t<\/section>\n\t\t\t\t<\/div>","protected":false},"excerpt":{"rendered":"<p>Como \u00c7\u00f6zen Customs Consultancy, trabajamos meticulosamente para proporcionar el m\u00e1ximo nivel de apoyo profesional que nuestros clientes necesitan en los procedimientos aduaneros. Gestionamos las transacciones de importaci\u00f3n, exportaci\u00f3n, transbordo y tr\u00e1nsito llevadas a cabo en los puntos aduaneros de toda Turqu\u00eda de forma r\u00e1pida, fluida y eficaz gracias a nuestros largos a\u00f1os de experiencia, amplios conocimientos y personal experimentado experto en sus campos. Todos y cada uno de los pasos de los procesos comerciales de nuestros clientes<\/p>","protected":false},"author":1,"featured_media":7274,"parent":0,"menu_order":0,"comment_status":"closed","ping_status":"closed","template":"","meta":{"footnotes":""},"class_list":["post-6352","page","type-page","status-publish","has-post-thumbnail","hentry"],"_links":{"self":[{"href":"https:\/\/cozengumruk.net\/es\/wp-json\/wp\/v2\/pages\/6352","targetHints":{"allow":["GET"]}}],"collection":[{"href":"https:\/\/cozengumruk.net\/es\/wp-json\/wp\/v2\/pages"}],"about":[{"href":"https:\/\/cozengumruk.net\/es\/wp-json\/wp\/v2\/types\/page"}],"author":[{"embeddable":true,"href":"https:\/\/cozengumruk.net\/es\/wp-json\/wp\/v2\/users\/1"}],"replies":[{"embeddable":true,"href":"https:\/\/cozengumruk.net\/es\/wp-json\/wp\/v2\/comments?post=6352"}],"version-history":[{"count":14,"href":"https:\/\/cozengumruk.net\/es\/wp-json\/wp\/v2\/pages\/6352\/revisions"}],"predecessor-version":[{"id":7699,"href":"https:\/\/cozengumruk.net\/es\/wp-json\/wp\/v2\/pages\/6352\/revisions\/7699"}],"wp:featuredmedia":[{"embeddable":true,"href":"https:\/\/cozengumruk.net\/es\/wp-json\/wp\/v2\/media\/7274"}],"wp:attachment":[{"href":"https:\/\/cozengumruk.net\/es\/wp-json\/wp\/v2\/media?parent=6352"}],"curies":[{"name":"wp","href":"https:\/\/api.w.org\/{rel}","templated":true}]}}