{"id":7584,"date":"2024-07-26T01:34:54","date_gmt":"2024-07-25T22:34:54","guid":{"rendered":"https:\/\/cozengumruk.net\/?page_id=7584"},"modified":"2024-07-26T12:01:56","modified_gmt":"2024-07-26T09:01:56","slug":"gumrukleme-hizmetleri","status":"publish","type":"page","link":"https:\/\/cozengumruk.net\/es\/servicios-de-despacho-de-aduanas\/","title":{"rendered":"Servicios de despacho de aduanas"},"content":{"rendered":"<div data-elementor-type=\"wp-page\" data-elementor-id=\"7584\" class=\"elementor elementor-7584\" data-elementor-post-type=\"page\">\n\t\t\t\t<div class=\"elementor-element elementor-element-a269fe7 e-flex e-con-boxed e-con e-parent\" data-id=\"a269fe7\" data-element_type=\"container\">\n\t\t\t\t\t<div class=\"e-con-inner\">\n\t\t\t\t<div class=\"elementor-element elementor-element-274460c elementor-widget elementor-widget-text-editor\" data-id=\"274460c\" data-element_type=\"widget\" data-widget_type=\"text-editor.default\">\n\t\t\t\t<div class=\"elementor-widget-container\">\n\t\t\t\t\t\t\t<p>En nuestro pa\u00eds, la Aduana es una instituci\u00f3n cr\u00edtica que opera bajo el Ministerio de Comercio. El Servicio de Despacho de Aduanas cubre la realizaci\u00f3n de negocios y transacciones con el Estado en el paso de productos o servicios a trav\u00e9s de zonas aduaneras en las transacciones de comercio exterior con un pa\u00eds extranjero.<\/p>\n<p>La Ley de Aduanas n\u00ba 4458, que es un conjunto de normas que deben seguirse durante las transacciones de comercio exterior, es la principal fuente legislativa de Turqu\u00eda en materia aduanera. El objetivo de esta ley es determinar las normas aduaneras que deben aplicarse a las mercanc\u00edas y veh\u00edculos que entran y salen del territorio aduanero de la Rep\u00fablica de Turqu\u00eda. Seg\u00fan el art\u00edculo 5 de la Ley de Aduanas n\u00ba 4458, cualquier persona puede designar a un representante ante las autoridades aduaneras para realizar las disposiciones y transacciones estipuladas por la legislaci\u00f3n aduanera. El representante debe ser residente en el territorio aduanero de Turqu\u00eda, excepto las personas que se dediquen al transporte en tr\u00e1nsito o las personas que realicen declaraciones incidentales.<\/p>\n<p>La representaci\u00f3n puede ser directa o indirecta. En caso de representaci\u00f3n directa, el representante act\u00faa en nombre y por cuenta de otra persona, y en caso de representaci\u00f3n indirecta, act\u00faa en su propio nombre pero por cuenta de otra persona. El representante est\u00e1 obligado a declarar que act\u00faa en nombre de la persona representada, a indicar si la representaci\u00f3n es directa o indirecta y a presentar el documento de autorizaci\u00f3n de representaci\u00f3n a las autoridades aduaneras.<\/p>\n<p>Un Agente de Aduanas es un trabajador aut\u00f3nomo que sigue y finaliza todo tipo de tr\u00e1mites aduaneros de mercanc\u00edas o servicios sujetos a reg\u00edmenes aduaneros mediante representaci\u00f3n indirecta y al que la Subsecretar\u00eda de Aduanas concede una licencia. En el \u00e1mbito de los servicios de despacho aduanero, los despachantes de aduana act\u00faan por cuenta propia pero como representante de otra persona mediante representaci\u00f3n indirecta. Los asesores aduaneros est\u00e1n obligados a declarar que act\u00faan en nombre de la persona representada y a presentar a las autoridades aduaneras el certificado de autorizaci\u00f3n de representaci\u00f3n.<\/p>\n<p>El factor m\u00e1s importante al que deben prestar atenci\u00f3n las organizaciones de comercio exterior a la hora de elegir un servicio de despacho de aduanas es la selecci\u00f3n de una empresa de despacho de aduanas experimentada, fiable y autorizada con la responsabilidad de orientaci\u00f3n adecuada. No hay que olvidar que una elecci\u00f3n equivocada y unas operaciones incorrectas conllevan el riesgo de ser f\u00e1cilmente evaluadas en el \u00e1mbito del contrabando aduanero y de las sanciones, y \u00e9stas pueden exponer a las empresas de comercio exterior a costes irrecuperables, sanciones, p\u00e9rdidas de tiempo y de prestigio.<\/p>\n<p><span style=\"text-decoration: underline;\"><strong>\u00c7\u00f6zen Customs Consultancy lleva muchos a\u00f1os siguiendo y concluyendo con \u00e9xito los siguientes procedimientos aduaneros en nombre de sus valiosos clientes en todas las Direcciones de Aduanas y Comercio afiliadas al Ministerio de Comercio y las instituciones y organizaciones oficiales relacionadas:<\/strong><\/span><\/p>\n<ul>\n<li>Transacciones aduaneras de importaci\u00f3n<\/li>\n<li>Transacciones aduaneras de exportaci\u00f3n<\/li>\n<li>Transacciones comerciales en tr\u00e1nsito<\/li>\n<li>Operaciones de perfeccionamiento activo<\/li>\n<li>Operaciones de tratamiento externo<\/li>\n<li>R\u00e9gimen de transformaci\u00f3n bajo control aduanero<\/li>\n<li>Operaciones de almac\u00e9n<\/li>\n<li>Transacciones temporales de importaci\u00f3n<\/li>\n<li>Transacciones temporales de exportaci\u00f3n<\/li>\n<li>Transacciones en r\u00e9gimen de tr\u00e1nsito<\/li>\n<li>Transacciones aduaneras por correo<\/li>\n<li>Transacciones en Zona Franca<\/li>\n<li>Operaciones de reexportaci\u00f3n<\/li>\n<li>Procedimientos de destrucci\u00f3n<\/li>\n<li>Procedimientos de despacho aduanero<\/li>\n<li>Exenci\u00f3n y excepci\u00f3n de derechos de aduana<\/li>\n<li>Operaciones relativas a los bienes a liquidar<\/li>\n<li>Operaciones de devoluci\u00f3n de mercanc\u00edas<\/li>\n<li>Transacciones comerciales fronterizas<\/li>\n<\/ul>\n<p><a href=\"https:\/\/cozengumruk.net\/es\/\">\u00c7\u00f6zen Asesor\u00eda Aduanera<\/a> d\u00e9 pasos seguros en su comercio. Con nuestro equipo de expertos, nos comprometemos a hacer que sus procesos comerciales sean m\u00e1s eficientes y fluidos, acompa\u00f1\u00e1ndole en cada paso del camino.<\/p>\n\t\t\t\t\t\t<\/div>\n\t\t\t\t<\/div>\n\t\t\t\t\t<\/div>\n\t\t\t\t<\/div>\n\t\t\t\t<section class=\"elementor-section elementor-top-section elementor-element elementor-element-fa0a35b elementor-section-boxed elementor-section-height-default elementor-section-height-default\" data-id=\"fa0a35b\" data-element_type=\"section\" data-settings=\"{&quot;background_background&quot;:&quot;classic&quot;}\">\n\t\t\t\t\t\t<div class=\"elementor-container elementor-column-gap-default\">\n\t\t\t\t\t<div class=\"elementor-column elementor-col-100 elementor-top-column elementor-element elementor-element-3962fda\" data-id=\"3962fda\" data-element_type=\"column\">\n\t\t\t<div class=\"elementor-widget-wrap elementor-element-populated\">\n\t\t\t\t\t\t<section class=\"elementor-section elementor-top-section elementor-element elementor-element-957b8b0 elementor-section-boxed elementor-section-height-default elementor-section-height-default\" data-id=\"957b8b0\" data-element_type=\"section\">\n\t\t\t\t\t\t<div class=\"elementor-container elementor-column-gap-default\">\n\t\t\t\t\t<div class=\"elementor-column elementor-col-100 elementor-top-column elementor-element elementor-element-adf2ee9\" data-id=\"adf2ee9\" data-element_type=\"column\">\n\t\t\t<div class=\"elementor-widget-wrap elementor-element-populated\">\n\t\t\t\t\t\t<div class=\"elementor-element elementor-element-ac7c14f elementor-widget elementor-widget-vc_custom_heading\" data-id=\"ac7c14f\" data-element_type=\"widget\" data-widget_type=\"vc_custom_heading.default\">\n\t\t\t\t<div class=\"elementor-widget-container\">\n\t\t\t<div class=\"vc_custom_heading no_stripe consulting_heading_font  text_align_center has_subtitle\" ><h4 style=\"font-size: 35px;color: #000000;text-align: center;line-height: 45px;font-weight:700\" class=\"consulting-custom-title\">Estamos a su lado para desarrollar las soluciones m\u00e1s adecuadas para usted\n<span class=\"subtitle\" style=\"color:#2A2A2A\"><br>Para satisfacer de la mejor manera las necesidades de nuestros apreciados clientes, estamos dispuestos a escuchar atentamente sus expectativas y demandas. <br>Juntos, determinaremos las estrategias m\u00e1s adecuadas para usted con nuestras innovaciones y soluciones personalizadas.<\/span><\/h4><\/div>\t\t<\/div>\n\t\t\t\t<\/div>\n\t\t\t\t<div class=\"elementor-element elementor-element-4965518 elementor-align-center elementor-widget elementor-widget-button\" data-id=\"4965518\" data-element_type=\"widget\" data-widget_type=\"button.default\">\n\t\t\t\t<div class=\"elementor-widget-container\">\n\t\t\t\t\t\t\t<div class=\"elementor-button-wrapper icon_align_row-reverse\">\n\t\t\t\t\t<a class=\"elementor-button elementor-button-link elementor-size-sm\" href=\"https:\/\/cozengumruk.net\/es\/comunicacion\/\">\n\t\t\t\t\t\t<span class=\"elementor-button-content-wrapper\">\n\t\t\t\t\t\t<span class=\"elementor-button-icon\">\n\t\t\t\t<i aria-hidden=\"true\" class=\"stm-lnr-arrow-right\"><\/i>\t\t\t<\/span>\n\t\t\t\t\t\t\t\t\t<span class=\"elementor-button-text\">Conozca a Solving Customs<\/span>\n\t\t\t\t\t<\/span>\n\t\t\t\t\t<\/a>\n\t\t\t\t<\/div>\n\t\t\t\t\t\t<\/div>\n\t\t\t\t<\/div>\n\t\t\t\t\t<\/div>\n\t\t<\/div>\n\t\t\t\t\t<\/div>\n\t\t<\/section>\n\t\t\t\t\t<\/div>\n\t\t<\/div>\n\t\t\t\t\t<\/div>\n\t\t<\/section>\n\t\t<div class=\"elementor-element elementor-element-ec22a55 e-flex e-con-boxed e-con e-parent\" data-id=\"ec22a55\" data-element_type=\"container\">\n\t\t\t\t\t<div class=\"e-con-inner\">\n\t\t\t\t<div class=\"elementor-element elementor-element-2ecc3a6 elementor-widget elementor-widget-heading\" data-id=\"2ecc3a6\" data-element_type=\"widget\" data-widget_type=\"heading.default\">\n\t\t\t\t<div class=\"elementor-widget-container\">\n\t\t\t<h2 class=\"elementor-heading-title elementor-size-default\">Nuestros servicios<\/h2>\t\t<\/div>\n\t\t\t\t<\/div>\n\t\t\t\t\t<\/div>\n\t\t\t\t<\/div>\n\t\t\t\t<section class=\"elementor-section elementor-top-section elementor-element elementor-element-d6d9ce1 elementor-section-boxed elementor-section-height-default elementor-section-height-default\" data-id=\"d6d9ce1\" data-element_type=\"section\" data-settings=\"{&quot;background_background&quot;:&quot;classic&quot;}\">\n\t\t\t\t\t\t<div class=\"elementor-container elementor-column-gap-default\">\n\t\t\t\t\t<div class=\"elementor-column elementor-col-33 elementor-top-column elementor-element elementor-element-5e0a9d2\" data-id=\"5e0a9d2\" data-element_type=\"column\">\n\t\t\t<div class=\"elementor-widget-wrap elementor-element-populated\">\n\t\t\t\t\t\t<div class=\"elementor-element elementor-element-74088b1 elementor-widget elementor-widget-stm_info_box\" data-id=\"74088b1\" data-element_type=\"widget\" data-widget_type=\"stm_info_box.default\">\n\t\t\t\t<div class=\"elementor-widget-container\">\n\t\t\t<div class=\"info_box elementor-consulting-info-box style_10\">\n\t<div class=\"icon\">\n\t\t<i class=\"fas fa-asterisk\"><\/i>\n\t<\/div>\n\t\t\t<div class=\"title\">\n\t\t\t<h4 class=\"no_stripe\">Servicios de despacho de aduanas<\/h4>\n\t\t<\/div>\n\t\t<p>\u00c7\u00f6zen Customs Consultancy ofrece servicios de despacho de aduanas r\u00e1pidos y fiables para sus transacciones de importaci\u00f3n y exportaci\u00f3n.<\/p>\n<a class=\"read_more\" target=\"_self\" href=\"https:\/\/cozengumruk.net\/es\/servicios-de-despacho-de-aduanas\/\"><span>Seguir leyendo<\/span><span class=\"stm_icon\"><i class=\"fa fa-chevron-right\"><\/i><\/span><\/a><\/div>\n\t\t<\/div>\n\t\t\t\t<\/div>\n\t\t\t\t\t<\/div>\n\t\t<\/div>\n\t\t\t\t<div class=\"elementor-column elementor-col-33 elementor-top-column elementor-element elementor-element-a70c7d8\" data-id=\"a70c7d8\" data-element_type=\"column\">\n\t\t\t<div class=\"elementor-widget-wrap elementor-element-populated\">\n\t\t\t\t\t\t<div class=\"elementor-element elementor-element-9d8f074 elementor-widget elementor-widget-stm_info_box\" data-id=\"9d8f074\" data-element_type=\"widget\" data-widget_type=\"stm_info_box.default\">\n\t\t\t\t<div class=\"elementor-widget-container\">\n\t\t\t<div class=\"info_box elementor-consulting-info-box style_10\">\n\t<div class=\"icon\">\n\t\t<i class=\"stm-chart-refresh\"><\/i>\n\t<\/div>\n\t\t\t<div class=\"title\">\n\t\t\t<h4 class=\"no_stripe\">Servicios de consultor\u00eda sobre legislaci\u00f3n<\/h4>\n\t\t<\/div>\n\t\t<p>\u00c7\u00f6zen Customs Consultancy le ofrece servicios de consultor\u00eda especializada para que pueda cumplir la legislaci\u00f3n comercial.<\/p>\n<a class=\"read_more\" target=\"_self\" href=\"https:\/\/cozengumruk.net\/es\/servicios-legislativos\/\"><span>Seguir leyendo<\/span><span class=\"stm_icon\"><i class=\"fa fa-chevron-right\"><\/i><\/span><\/a><\/div>\n\t\t<\/div>\n\t\t\t\t<\/div>\n\t\t\t\t\t<\/div>\n\t\t<\/div>\n\t\t\t\t<div class=\"elementor-column elementor-col-33 elementor-top-column elementor-element elementor-element-aaf345e\" data-id=\"aaf345e\" data-element_type=\"column\">\n\t\t\t<div class=\"elementor-widget-wrap elementor-element-populated\">\n\t\t\t\t\t\t<div class=\"elementor-element elementor-element-6f928cf elementor-widget elementor-widget-stm_info_box\" data-id=\"6f928cf\" data-element_type=\"widget\" data-widget_type=\"stm_info_box.default\">\n\t\t\t\t<div class=\"elementor-widget-container\">\n\t\t\t<div class=\"info_box elementor-consulting-info-box style_10\">\n\t<div class=\"icon\">\n\t\t<i class=\"fas fa-compress\"><\/i>\n\t<\/div>\n\t\t\t<div class=\"title\">\n\t\t\t<h4 class=\"no_stripe\">YYS | Servicios de consultor\u00eda AEO<\/h4>\n\t\t<\/div>\n\t\t<p>\u00c7\u00f6zen Customs Consultancy ofrece servicios de consultor\u00eda profesional en los procesos de obtenci\u00f3n de certificados (YYS) y (AEO).<\/p>\n<a class=\"read_more\" target=\"_self\" href=\"https:\/\/cozengumruk.net\/es\/yys-aeo-services\/\"><span>Seguir leyendo<\/span><span class=\"stm_icon\"><i class=\"fa fa-chevron-right\"><\/i><\/span><\/a><\/div>\n\t\t<\/div>\n\t\t\t\t<\/div>\n\t\t\t\t\t<\/div>\n\t\t<\/div>\n\t\t\t\t\t<\/div>\n\t\t<\/section>\n\t\t\t\t<section class=\"elementor-section elementor-top-section elementor-element elementor-element-9c1bc9d elementor-section-boxed elementor-section-height-default elementor-section-height-default\" data-id=\"9c1bc9d\" data-element_type=\"section\" data-settings=\"{&quot;background_background&quot;:&quot;classic&quot;}\">\n\t\t\t\t\t\t<div class=\"elementor-container elementor-column-gap-default\">\n\t\t\t\t\t<div class=\"elementor-column elementor-col-33 elementor-top-column elementor-element elementor-element-547bb03\" data-id=\"547bb03\" data-element_type=\"column\">\n\t\t\t<div class=\"elementor-widget-wrap elementor-element-populated\">\n\t\t\t\t\t\t<div class=\"elementor-element elementor-element-a7a0374 elementor-widget elementor-widget-stm_info_box\" data-id=\"a7a0374\" data-element_type=\"widget\" data-widget_type=\"stm_info_box.default\">\n\t\t\t\t<div class=\"elementor-widget-container\">\n\t\t\t<div class=\"info_box elementor-consulting-info-box style_10\">\n\t<div class=\"icon\">\n\t\t<i class=\"stm-ankara-search\"><\/i>\n\t<\/div>\n\t\t\t<div class=\"title\">\n\t\t\t<h4 class=\"no_stripe\">Servicios de preparaci\u00f3n para inspecciones aduaneras<\/h4>\n\t\t<\/div>\n\t\t<p>\u00c7\u00f6zen Customs Consultancy le ofrece un apoyo integral en su proceso de preparaci\u00f3n para las inspecciones aduaneras.<\/p>\n<a class=\"read_more\" target=\"_self\" href=\"https:\/\/cozengumruk.net\/es\/servicios-de-preparacion-de-auditorias-aduaneras\/\"><span>Seguir leyendo<\/span><span class=\"stm_icon\"><i class=\"fa fa-chevron-right\"><\/i><\/span><\/a><\/div>\n\t\t<\/div>\n\t\t\t\t<\/div>\n\t\t\t\t\t<\/div>\n\t\t<\/div>\n\t\t\t\t<div class=\"elementor-column elementor-col-33 elementor-top-column elementor-element elementor-element-7172248\" data-id=\"7172248\" data-element_type=\"column\">\n\t\t\t<div class=\"elementor-widget-wrap elementor-element-populated\">\n\t\t\t\t\t\t<div class=\"elementor-element elementor-element-806e247 elementor-widget elementor-widget-stm_info_box\" data-id=\"806e247\" data-element_type=\"widget\" data-widget_type=\"stm_info_box.default\">\n\t\t\t\t<div class=\"elementor-widget-container\">\n\t\t\t<div class=\"info_box elementor-consulting-info-box style_10\">\n\t<div class=\"icon\">\n\t\t<i class=\"fas fa-balance-scale\"><\/i>\n\t<\/div>\n\t\t\t<div class=\"title\">\n\t\t\t<h4 class=\"no_stripe\">Servicios de apoyo jur\u00eddico<\/h4>\n\t\t<\/div>\n\t\t<p>\u00c7\u00f6zen Customs Consultancy ofrece apoyo experto en procesos legales relacionados con el comercio.<\/p>\n<a class=\"read_more\" target=\"_self\" href=\"https:\/\/cozengumruk.net\/es\/servicios-de-apoyo-juridico\/\"><span>Seguir leyendo<\/span><span class=\"stm_icon\"><i class=\"fa fa-chevron-right\"><\/i><\/span><\/a><\/div>\n\t\t<\/div>\n\t\t\t\t<\/div>\n\t\t\t\t\t<\/div>\n\t\t<\/div>\n\t\t\t\t<div class=\"elementor-column elementor-col-33 elementor-top-column elementor-element elementor-element-d057806\" data-id=\"d057806\" data-element_type=\"column\">\n\t\t\t<div class=\"elementor-widget-wrap elementor-element-populated\">\n\t\t\t\t\t\t<div class=\"elementor-element elementor-element-119d5f2 elementor-widget elementor-widget-stm_info_box\" data-id=\"119d5f2\" data-element_type=\"widget\" data-widget_type=\"stm_info_box.default\">\n\t\t\t\t<div class=\"elementor-widget-container\">\n\t\t\t<div class=\"info_box elementor-consulting-info-box style_10\">\n\t<div class=\"icon\">\n\t\t<i class=\"stm-earth\"><\/i>\n\t<\/div>\n\t\t\t<div class=\"title\">\n\t\t\t<h4 class=\"no_stripe\">Servicios de consultor\u00eda de zonas francas<\/h4>\n\t\t<\/div>\n\t\t<p>\u00c7\u00f6zen Customs Consultancy ofrece asesoramiento profesional para sus transacciones en zonas francas.<\/p>\n<a class=\"read_more\" target=\"_self\" href=\"https:\/\/cozengumruk.net\/es\/servicios-de-consultoria-en-zonas-francas\/\"><span>Seguir leyendo<\/span><span class=\"stm_icon\"><i class=\"fa fa-chevron-right\"><\/i><\/span><\/a><\/div>\n\t\t<\/div>\n\t\t\t\t<\/div>\n\t\t\t\t\t<\/div>\n\t\t<\/div>\n\t\t\t\t\t<\/div>\n\t\t<\/section>\n\t\t\t\t<section class=\"elementor-section elementor-top-section elementor-element elementor-element-ed8e50b elementor-section-boxed elementor-section-height-default elementor-section-height-default\" data-id=\"ed8e50b\" data-element_type=\"section\">\n\t\t\t\t\t\t<div class=\"elementor-container elementor-column-gap-default\">\n\t\t\t\t\t<div class=\"elementor-column elementor-col-33 elementor-top-column elementor-element elementor-element-c5a6e2c\" data-id=\"c5a6e2c\" data-element_type=\"column\">\n\t\t\t<div class=\"elementor-widget-wrap elementor-element-populated\">\n\t\t\t\t\t\t<div class=\"elementor-element elementor-element-81f4a5a elementor-widget elementor-widget-stm_info_box\" data-id=\"81f4a5a\" data-element_type=\"widget\" data-widget_type=\"stm_info_box.default\">\n\t\t\t\t<div class=\"elementor-widget-container\">\n\t\t\t<div class=\"info_box elementor-consulting-info-box style_10\">\n\t<div class=\"icon\">\n\t\t<i class=\"fas fa-parachute-box\"><\/i>\n\t<\/div>\n\t\t\t<div class=\"title\">\n\t\t\t<h4 class=\"no_stripe\">Servicios aduaneros interactivos<\/h4>\n\t\t<\/div>\n\t\t<p>\u00c7\u00f6zen Customs Consultancy presta servicios aduaneros r\u00e1pidos y eficaces a trav\u00e9s de plataformas digitales.<\/p>\n<a class=\"read_more\" target=\"_self\" href=\"https:\/\/cozengumruk.net\/es\/servicios-aduaneros-interactivos\/\"><span>Seguir leyendo<\/span><span class=\"stm_icon\"><i class=\"fa fa-chevron-right\"><\/i><\/span><\/a><\/div>\n\t\t<\/div>\n\t\t\t\t<\/div>\n\t\t\t\t\t<\/div>\n\t\t<\/div>\n\t\t\t\t<div class=\"elementor-column elementor-col-33 elementor-top-column elementor-element elementor-element-5576d95\" data-id=\"5576d95\" data-element_type=\"column\">\n\t\t\t<div class=\"elementor-widget-wrap elementor-element-populated\">\n\t\t\t\t\t\t<div class=\"elementor-element elementor-element-aa624d5 elementor-widget elementor-widget-stm_info_box\" data-id=\"aa624d5\" data-element_type=\"widget\" data-widget_type=\"stm_info_box.default\">\n\t\t\t\t<div class=\"elementor-widget-container\">\n\t\t\t<div class=\"info_box elementor-consulting-info-box style_10\">\n\t<div class=\"icon\">\n\t\t<i class=\"fas fa-pencil-alt\"><\/i>\n\t<\/div>\n\t\t\t<div class=\"title\">\n\t\t\t<h4 class=\"no_stripe\">Servicios educativos<\/h4>\n\t\t<\/div>\n\t\t<p>\u00c7\u00f6zen Asesor\u00eda Aduanera le ofrece una formaci\u00f3n completa para especializarse en temas aduaneros y de comercio exterior.<\/p>\n<a class=\"read_more\" target=\"_self\" href=\"https:\/\/cozengumruk.net\/es\/servicios-educativos\/\"><span>Seguir leyendo<\/span><span class=\"stm_icon\"><i class=\"fa fa-chevron-right\"><\/i><\/span><\/a><\/div>\n\t\t<\/div>\n\t\t\t\t<\/div>\n\t\t\t\t\t<\/div>\n\t\t<\/div>\n\t\t\t\t<div class=\"elementor-column elementor-col-33 elementor-top-column elementor-element elementor-element-f823632\" data-id=\"f823632\" data-element_type=\"column\">\n\t\t\t<div class=\"elementor-widget-wrap elementor-element-populated\">\n\t\t\t\t\t\t<div class=\"elementor-element elementor-element-f6abd1f elementor-widget elementor-widget-stm_info_box\" data-id=\"f6abd1f\" data-element_type=\"widget\" data-widget_type=\"stm_info_box.default\">\n\t\t\t\t<div class=\"elementor-widget-container\">\n\t\t\t<div class=\"info_box elementor-consulting-info-box style_10\">\n\t<div class=\"icon\">\n\t\t<i class=\"fas fa-grip-horizontal\"><\/i>\n\t<\/div>\n\t\t\t<div class=\"title\">\n\t\t\t<h4 class=\"no_stripe\">Otros servicios<\/h4>\n\t\t<\/div>\n\t\t<p>\u00c7\u00f6zen Asesor\u00eda Aduanera ofrece diversos servicios adicionales espec\u00edficos para sus necesidades en el \u00e1mbito de las aduanas y el comercio exterior.<\/p>\n<div class=\"notranslate\" style=\"all: initial;\">\u00a0<\/div>\n<a class=\"read_more\" target=\"_self\" href=\"https:\/\/cozengumruk.net\/es\/otros-servicios-aduaneros\/\"><span>Seguir leyendo<\/span><span class=\"stm_icon\"><i class=\"fa fa-chevron-right\"><\/i><\/span><\/a><\/div>\n\t\t<\/div>\n\t\t\t\t<\/div>\n\t\t\t\t\t<\/div>\n\t\t<\/div>\n\t\t\t\t\t<\/div>\n\t\t<\/section>\n\t\t<div class=\"elementor-element elementor-element-795a419 e-flex e-con-boxed e-con e-parent\" data-id=\"795a419\" data-element_type=\"container\">\n\t\t\t\t\t<div class=\"e-con-inner\">\n\t\t\t\t<div class=\"elementor-element elementor-element-966f1f9 elementor-hidden-mobile elementor-widget elementor-widget-stm_info_box\" data-id=\"966f1f9\" data-element_type=\"widget\" data-widget_type=\"stm_info_box.default\">\n\t\t\t\t<div class=\"elementor-widget-container\">\n\t\t\t<div class=\"info_box elementor-consulting-info-box style_10\">\n\t<div class=\"icon\">\n\t\t<i class=\"stm-worldwide-shipping\"><\/i>\n\t<\/div>\n\t\t\t<div class=\"title\">\n\t\t\t<h4 class=\"no_stripe\">Servicios log\u00edsticos<\/h4>\n\t\t<\/div>\n\t\t<p>\u00c7\u00f6zen Customs Consultancy gestiona todos sus procesos log\u00edsticos con eficacia y eficiencia. Acelera y facilita su negocio con soluciones de transporte, almacenamiento y distribuci\u00f3n.<\/p>\n<a class=\"read_more\" target=\"_self\" href=\"https:\/\/cozengumruk.net\/es\/servicios-logisticos\/\"><span>Seguir leyendo<\/span><span class=\"stm_icon\"><i class=\"fa fa-chevron-right\"><\/i><\/span><\/a><\/div>\n\t\t<\/div>\n\t\t\t\t<\/div>\n\t\t\t\t<div class=\"elementor-element elementor-element-074eb68 elementor-hidden-desktop elementor-hidden-tablet elementor-widget elementor-widget-stm_info_box\" data-id=\"074eb68\" data-element_type=\"widget\" data-widget_type=\"stm_info_box.default\">\n\t\t\t\t<div class=\"elementor-widget-container\">\n\t\t\t<div class=\"info_box elementor-consulting-info-box style_10\">\n\t<div class=\"icon\">\n\t\t<i class=\"stm-worldwide-shipping\"><\/i>\n\t<\/div>\n\t\t\t<div class=\"title\">\n\t\t\t<h4 class=\"no_stripe\">Servicios log\u00edsticos<\/h4>\n\t\t<\/div>\n\t\t<p>\u00c7\u00f6zen Customs Consultancy gestiona todos sus procesos log\u00edsticos con eficacia y eficiencia. Acelera y facilita su negocio con soluciones de transporte, almacenamiento y distribuci\u00f3n.<\/p>\n<a class=\"read_more\" target=\"_self\" href=\"https:\/\/cozengumruk.net\/es\/servicios-logisticos\/\"><span>Seguir leyendo<\/span><span class=\"stm_icon\"><i class=\"fa fa-chevron-right\"><\/i><\/span><\/a><\/div>\n\t\t<\/div>\n\t\t\t\t<\/div>\n\t\t\t\t\t<\/div>\n\t\t\t\t<\/div>\n\t\t\t\t<\/div>","protected":false},"excerpt":{"rendered":"<p>\u00dclkemizde G\u00fcmr\u00fck, Ticaret Bakanl\u0131\u011f\u0131 b\u00fcnyesinde faaliyet g\u00f6steren kritik bir kurumdur. G\u00fcmr\u00fckleme Hizmeti, yabanc\u0131 bir \u00fclke ile ger\u00e7ekle\u015ftirilen d\u0131\u015f ticaret i\u015flemlerinde \u00fcr\u00fcn veya hizmetlerin g\u00fcmr\u00fckl\u00fc sahalardan ge\u00e7i\u015finde devletle olan i\u015f ve i\u015flemleri y\u00fcr\u00fctmeyi kapsar. D\u0131\u015f ticaret i\u015flemleri s\u0131ras\u0131nda uyulmas\u0131 gereken kurallar b\u00fct\u00fcn\u00fc olan 4458 say\u0131l\u0131 G\u00fcmr\u00fck Kanunu, T\u00fcrkiye\u2019nin g\u00fcmr\u00fck konular\u0131nda temel hukuk kayna\u011f\u0131d\u0131r. Bu Kanunun amac\u0131,<\/p>","protected":false},"author":1,"featured_media":0,"parent":0,"menu_order":0,"comment_status":"closed","ping_status":"closed","template":"","meta":{"footnotes":""},"class_list":["post-7584","page","type-page","status-publish","hentry"],"_links":{"self":[{"href":"https:\/\/cozengumruk.net\/es\/wp-json\/wp\/v2\/pages\/7584","targetHints":{"allow":["GET"]}}],"collection":[{"href":"https:\/\/cozengumruk.net\/es\/wp-json\/wp\/v2\/pages"}],"about":[{"href":"https:\/\/cozengumruk.net\/es\/wp-json\/wp\/v2\/types\/page"}],"author":[{"embeddable":true,"href":"https:\/\/cozengumruk.net\/es\/wp-json\/wp\/v2\/users\/1"}],"replies":[{"embeddable":true,"href":"https:\/\/cozengumruk.net\/es\/wp-json\/wp\/v2\/comments?post=7584"}],"version-history":[{"count":23,"href":"https:\/\/cozengumruk.net\/es\/wp-json\/wp\/v2\/pages\/7584\/revisions"}],"predecessor-version":[{"id":7658,"href":"https:\/\/cozengumruk.net\/es\/wp-json\/wp\/v2\/pages\/7584\/revisions\/7658"}],"wp:attachment":[{"href":"https:\/\/cozengumruk.net\/es\/wp-json\/wp\/v2\/media?parent=7584"}],"curies":[{"name":"wp","href":"https:\/\/api.w.org\/{rel}","templated":true}]}}