{"id":7597,"date":"2024-07-26T01:43:42","date_gmt":"2024-07-25T22:43:42","guid":{"rendered":"https:\/\/cozengumruk.net\/?page_id=7597"},"modified":"2024-07-26T12:06:35","modified_gmt":"2024-07-26T09:06:35","slug":"mevzuat-hizmetleri","status":"publish","type":"page","link":"https:\/\/cozengumruk.net\/es\/servicios-legislativos\/","title":{"rendered":"Servicios de consultor\u00eda sobre legislaci\u00f3n"},"content":{"rendered":"<div data-elementor-type=\"wp-page\" data-elementor-id=\"7597\" class=\"elementor elementor-7597\" data-elementor-post-type=\"page\">\n\t\t\t\t<div class=\"elementor-element elementor-element-a269fe7 e-flex e-con-boxed e-con e-parent\" data-id=\"a269fe7\" data-element_type=\"container\">\n\t\t\t\t\t<div class=\"e-con-inner\">\n\t\t\t\t<div class=\"elementor-element elementor-element-274460c elementor-widget elementor-widget-text-editor\" data-id=\"274460c\" data-element_type=\"widget\" data-widget_type=\"text-editor.default\">\n\t\t\t\t<div class=\"elementor-widget-container\">\n\t\t\t\t\t\t\t<p>Las personas, instituciones y organizaciones que reciben servicios de despacho de aduanas de \u00c7\u00f6zen Customs Brokerage disponen de informaci\u00f3n detallada no s\u00f3lo sobre los procedimientos aduaneros, sino tambi\u00e9n sobre la evoluci\u00f3n de la legislaci\u00f3n y las pr\u00e1cticas. Obtienen una ventaja competitiva utilizando esta informaci\u00f3n de forma oportuna y precisa. Est\u00e1 claro que no habr\u00e1 problemas en los procedimientos aduaneros en un entorno en el que se compartan eficazmente la informaci\u00f3n y se aplique meticulosamente la legislaci\u00f3n legal.<\/p>\n<p>Adem\u00e1s de los servicios de intermediaci\u00f3n aduanera que ofrece a sus valiosos clientes nacionales e internacionales del sector, \u00c7\u00f6zen Customs Consultancy les informa constantemente sobre la legislaci\u00f3n aduanera y de comercio exterior. Las personas y organizaciones que reciben servicios de una empresa con experiencia que realiza transacciones planificadas y r\u00e1pidas de conformidad con las leyes y normas, con la informaci\u00f3n y los documentos adecuados, realizan importantes contribuciones en t\u00e9rminos de ventaja competitiva y eficiencia.<\/p>\n<p>Cada pa\u00eds tiene su propia infraestructura jur\u00eddica y pr\u00e1cticas especiales. Las empresas internacionales que desean invertir en nuestro pa\u00eds necesitan an\u00e1lisis de costes y riesgos orientados al producto o al sector. Quieren tener un conocimiento previo de la legislaci\u00f3n y las pr\u00e1cticas de nuestro pa\u00eds, determinar qu\u00e9 reg\u00edmenes aduaneros aplicar\u00e1n y planificar en consecuencia sus necesidades de infraestructura y personal. En este punto surge la importancia de los servicios de consultor\u00eda sobre legislaci\u00f3n.<\/p>\n<p><span style=\"text-decoration: underline;\"><strong>Los principales temas que abarcan nuestros servicios de consultor\u00eda son los siguientes;<\/strong><\/span><\/p>\n<ul>\n<li>Asesoramiento sobre legislaci\u00f3n y pr\u00e1cticas aduaneras y de comercio exterior<\/li>\n<li>Servicios de consultor\u00eda para la determinaci\u00f3n y aplicaci\u00f3n de la GTIP<\/li>\n<li>Servicios de consultor\u00eda para TSE\/CE Tareks y otros procedimientos de evaluaci\u00f3n de la conformidad<\/li>\n<li>Consultor\u00eda en litigios aduaneros y procedimientos administrativos de recurso<\/li>\n<li>Servicios de contrataci\u00f3n exterior Servicios de asesoramiento sobre legislaci\u00f3n<\/li>\n<li>Servicios conjuntos de asesoramiento legislativo Uni\u00f3n Europea-Turqu\u00eda<\/li>\n<li>Servicios de consultor\u00eda sobre legislaci\u00f3n contra el contrabando<\/li>\n<li>Agricultura y Alimentaci\u00f3n Legislaci\u00f3n TPS Servicios de consultor\u00eda<\/li>\n<li>Ministerio de Sanidad TPS Legislaci\u00f3n Servicios de consultor\u00eda<\/li>\n<li>Promoci\u00f3n de la inversi\u00f3n TPS Consultancy Services<\/li>\n<li>Reglamento de conciliaci\u00f3n Servicios de consultor\u00eda<\/li>\n<\/ul>\n<p><a href=\"https:\/\/cozengumruk.net\/es\/\">\u00c7\u00f6zen Asesor\u00eda Aduanera<\/a> dar pasos seguros y sin problemas en su comercio. Le acompa\u00f1amos en cada paso del camino con nuestro equipo de expertos y le proporcionamos la informaci\u00f3n y los servicios de consultor\u00eda m\u00e1s actualizados, asegur\u00e1ndonos de que va un paso por delante de la competencia.<\/p>\n\t\t\t\t\t\t<\/div>\n\t\t\t\t<\/div>\n\t\t\t\t\t<\/div>\n\t\t\t\t<\/div>\n\t\t\t\t<section class=\"elementor-section elementor-top-section elementor-element elementor-element-fa0a35b elementor-section-boxed elementor-section-height-default elementor-section-height-default\" data-id=\"fa0a35b\" data-element_type=\"section\" data-settings=\"{&quot;background_background&quot;:&quot;classic&quot;}\">\n\t\t\t\t\t\t<div class=\"elementor-container elementor-column-gap-default\">\n\t\t\t\t\t<div class=\"elementor-column elementor-col-100 elementor-top-column elementor-element elementor-element-3962fda\" data-id=\"3962fda\" data-element_type=\"column\">\n\t\t\t<div class=\"elementor-widget-wrap elementor-element-populated\">\n\t\t\t\t\t\t<section class=\"elementor-section elementor-top-section elementor-element elementor-element-957b8b0 elementor-section-boxed elementor-section-height-default elementor-section-height-default\" data-id=\"957b8b0\" data-element_type=\"section\">\n\t\t\t\t\t\t<div class=\"elementor-container elementor-column-gap-default\">\n\t\t\t\t\t<div class=\"elementor-column elementor-col-100 elementor-top-column elementor-element elementor-element-adf2ee9\" data-id=\"adf2ee9\" data-element_type=\"column\">\n\t\t\t<div class=\"elementor-widget-wrap elementor-element-populated\">\n\t\t\t\t\t\t<div class=\"elementor-element elementor-element-ac7c14f elementor-widget elementor-widget-vc_custom_heading\" data-id=\"ac7c14f\" data-element_type=\"widget\" data-widget_type=\"vc_custom_heading.default\">\n\t\t\t\t<div class=\"elementor-widget-container\">\n\t\t\t<div class=\"vc_custom_heading no_stripe consulting_heading_font  text_align_center has_subtitle\" ><h4 style=\"font-size: 35px;color: #000000;text-align: center;line-height: 45px;font-weight:700\" class=\"consulting-custom-title\">Estamos a su lado para desarrollar las soluciones m\u00e1s adecuadas para usted\n<span class=\"subtitle\" style=\"color:#2A2A2A\"><br>Para satisfacer de la mejor manera las necesidades de nuestros apreciados clientes, estamos dispuestos a escuchar atentamente sus expectativas y demandas. <br>Juntos, determinaremos las estrategias m\u00e1s adecuadas para usted con nuestras innovaciones y soluciones personalizadas.<\/span><\/h4><\/div>\t\t<\/div>\n\t\t\t\t<\/div>\n\t\t\t\t<div class=\"elementor-element elementor-element-4965518 elementor-align-center elementor-widget elementor-widget-button\" data-id=\"4965518\" data-element_type=\"widget\" data-widget_type=\"button.default\">\n\t\t\t\t<div class=\"elementor-widget-container\">\n\t\t\t\t\t\t\t<div class=\"elementor-button-wrapper icon_align_row-reverse\">\n\t\t\t\t\t<a class=\"elementor-button elementor-button-link elementor-size-sm\" href=\"https:\/\/cozengumruk.net\/es\/comunicacion\/\">\n\t\t\t\t\t\t<span class=\"elementor-button-content-wrapper\">\n\t\t\t\t\t\t<span class=\"elementor-button-icon\">\n\t\t\t\t<i aria-hidden=\"true\" class=\"stm-lnr-arrow-right\"><\/i>\t\t\t<\/span>\n\t\t\t\t\t\t\t\t\t<span class=\"elementor-button-text\">Conozca a Solving Customs<\/span>\n\t\t\t\t\t<\/span>\n\t\t\t\t\t<\/a>\n\t\t\t\t<\/div>\n\t\t\t\t\t\t<\/div>\n\t\t\t\t<\/div>\n\t\t\t\t\t<\/div>\n\t\t<\/div>\n\t\t\t\t\t<\/div>\n\t\t<\/section>\n\t\t\t\t\t<\/div>\n\t\t<\/div>\n\t\t\t\t\t<\/div>\n\t\t<\/section>\n\t\t<div class=\"elementor-element elementor-element-560d9ad e-flex e-con-boxed e-con e-parent\" data-id=\"560d9ad\" data-element_type=\"container\">\n\t\t\t\t\t<div class=\"e-con-inner\">\n\t\t\t\t<div class=\"elementor-element elementor-element-2252fe7 elementor-widget elementor-widget-heading\" data-id=\"2252fe7\" data-element_type=\"widget\" data-widget_type=\"heading.default\">\n\t\t\t\t<div class=\"elementor-widget-container\">\n\t\t\t<h2 class=\"elementor-heading-title elementor-size-default\">Nuestros servicios<\/h2>\t\t<\/div>\n\t\t\t\t<\/div>\n\t\t\t\t\t<\/div>\n\t\t\t\t<\/div>\n\t\t\t\t<section class=\"elementor-section elementor-top-section elementor-element elementor-element-06ad08e elementor-section-boxed elementor-section-height-default elementor-section-height-default\" data-id=\"06ad08e\" data-element_type=\"section\" data-settings=\"{&quot;background_background&quot;:&quot;classic&quot;}\">\n\t\t\t\t\t\t<div class=\"elementor-container elementor-column-gap-default\">\n\t\t\t\t\t<div class=\"elementor-column elementor-col-33 elementor-top-column elementor-element elementor-element-00ec1d4\" data-id=\"00ec1d4\" data-element_type=\"column\">\n\t\t\t<div class=\"elementor-widget-wrap elementor-element-populated\">\n\t\t\t\t\t\t<div class=\"elementor-element elementor-element-8a6d07b elementor-widget elementor-widget-stm_info_box\" data-id=\"8a6d07b\" data-element_type=\"widget\" data-widget_type=\"stm_info_box.default\">\n\t\t\t\t<div class=\"elementor-widget-container\">\n\t\t\t<div class=\"info_box elementor-consulting-info-box style_10\">\n\t<div class=\"icon\">\n\t\t<i class=\"fas fa-asterisk\"><\/i>\n\t<\/div>\n\t\t\t<div class=\"title\">\n\t\t\t<h4 class=\"no_stripe\">Servicios de despacho de aduanas<\/h4>\n\t\t<\/div>\n\t\t<p>\u00c7\u00f6zen Customs Consultancy ofrece servicios de despacho de aduanas r\u00e1pidos y fiables para sus transacciones de importaci\u00f3n y exportaci\u00f3n.<\/p>\n<a class=\"read_more\" target=\"_self\" href=\"https:\/\/cozengumruk.net\/es\/servicios-de-despacho-de-aduanas\/\"><span>Seguir leyendo<\/span><span class=\"stm_icon\"><i class=\"fa fa-chevron-right\"><\/i><\/span><\/a><\/div>\n\t\t<\/div>\n\t\t\t\t<\/div>\n\t\t\t\t\t<\/div>\n\t\t<\/div>\n\t\t\t\t<div class=\"elementor-column elementor-col-33 elementor-top-column elementor-element elementor-element-a6bc894\" data-id=\"a6bc894\" data-element_type=\"column\">\n\t\t\t<div class=\"elementor-widget-wrap elementor-element-populated\">\n\t\t\t\t\t\t<div class=\"elementor-element elementor-element-36e0f1c elementor-widget elementor-widget-stm_info_box\" data-id=\"36e0f1c\" data-element_type=\"widget\" data-widget_type=\"stm_info_box.default\">\n\t\t\t\t<div class=\"elementor-widget-container\">\n\t\t\t<div class=\"info_box elementor-consulting-info-box style_10\">\n\t<div class=\"icon\">\n\t\t<i class=\"stm-chart-refresh\"><\/i>\n\t<\/div>\n\t\t\t<div class=\"title\">\n\t\t\t<h4 class=\"no_stripe\">Servicios de consultor\u00eda sobre legislaci\u00f3n<\/h4>\n\t\t<\/div>\n\t\t<p>\u00c7\u00f6zen Customs Consultancy le ofrece servicios de consultor\u00eda especializada para que pueda cumplir la legislaci\u00f3n comercial.<\/p>\n<a class=\"read_more\" target=\"_self\" href=\"https:\/\/cozengumruk.net\/es\/servicios-legislativos\/\"><span>Seguir leyendo<\/span><span class=\"stm_icon\"><i class=\"fa fa-chevron-right\"><\/i><\/span><\/a><\/div>\n\t\t<\/div>\n\t\t\t\t<\/div>\n\t\t\t\t\t<\/div>\n\t\t<\/div>\n\t\t\t\t<div class=\"elementor-column elementor-col-33 elementor-top-column elementor-element elementor-element-5a8a4fa\" data-id=\"5a8a4fa\" data-element_type=\"column\">\n\t\t\t<div class=\"elementor-widget-wrap elementor-element-populated\">\n\t\t\t\t\t\t<div class=\"elementor-element elementor-element-fee587e elementor-widget elementor-widget-stm_info_box\" data-id=\"fee587e\" data-element_type=\"widget\" data-widget_type=\"stm_info_box.default\">\n\t\t\t\t<div class=\"elementor-widget-container\">\n\t\t\t<div class=\"info_box elementor-consulting-info-box style_10\">\n\t<div class=\"icon\">\n\t\t<i class=\"fas fa-compress\"><\/i>\n\t<\/div>\n\t\t\t<div class=\"title\">\n\t\t\t<h4 class=\"no_stripe\">YYS | Servicios de consultor\u00eda AEO<\/h4>\n\t\t<\/div>\n\t\t<p>\u00c7\u00f6zen Customs Consultancy ofrece servicios de consultor\u00eda profesional en los procesos de obtenci\u00f3n de certificados (YYS) y (AEO).<\/p>\n<a class=\"read_more\" target=\"_self\" href=\"https:\/\/cozengumruk.net\/es\/yys-aeo-services\/\"><span>Seguir leyendo<\/span><span class=\"stm_icon\"><i class=\"fa fa-chevron-right\"><\/i><\/span><\/a><\/div>\n\t\t<\/div>\n\t\t\t\t<\/div>\n\t\t\t\t\t<\/div>\n\t\t<\/div>\n\t\t\t\t\t<\/div>\n\t\t<\/section>\n\t\t\t\t<section class=\"elementor-section elementor-top-section elementor-element elementor-element-c7dae88 elementor-section-boxed elementor-section-height-default elementor-section-height-default\" data-id=\"c7dae88\" data-element_type=\"section\" data-settings=\"{&quot;background_background&quot;:&quot;classic&quot;}\">\n\t\t\t\t\t\t<div class=\"elementor-container elementor-column-gap-default\">\n\t\t\t\t\t<div class=\"elementor-column elementor-col-33 elementor-top-column elementor-element elementor-element-c290e5d\" data-id=\"c290e5d\" data-element_type=\"column\">\n\t\t\t<div class=\"elementor-widget-wrap elementor-element-populated\">\n\t\t\t\t\t\t<div class=\"elementor-element elementor-element-b605033 elementor-widget elementor-widget-stm_info_box\" data-id=\"b605033\" data-element_type=\"widget\" data-widget_type=\"stm_info_box.default\">\n\t\t\t\t<div class=\"elementor-widget-container\">\n\t\t\t<div class=\"info_box elementor-consulting-info-box style_10\">\n\t<div class=\"icon\">\n\t\t<i class=\"stm-ankara-search\"><\/i>\n\t<\/div>\n\t\t\t<div class=\"title\">\n\t\t\t<h4 class=\"no_stripe\">Servicios de preparaci\u00f3n para inspecciones aduaneras<\/h4>\n\t\t<\/div>\n\t\t<p>\u00c7\u00f6zen Customs Consultancy le ofrece un apoyo integral en su proceso de preparaci\u00f3n para las inspecciones aduaneras.<\/p>\n<a class=\"read_more\" target=\"_self\" href=\"https:\/\/cozengumruk.net\/es\/servicios-de-preparacion-de-auditorias-aduaneras\/\"><span>Seguir leyendo<\/span><span class=\"stm_icon\"><i class=\"fa fa-chevron-right\"><\/i><\/span><\/a><\/div>\n\t\t<\/div>\n\t\t\t\t<\/div>\n\t\t\t\t\t<\/div>\n\t\t<\/div>\n\t\t\t\t<div class=\"elementor-column elementor-col-33 elementor-top-column elementor-element elementor-element-e65889f\" data-id=\"e65889f\" data-element_type=\"column\">\n\t\t\t<div class=\"elementor-widget-wrap elementor-element-populated\">\n\t\t\t\t\t\t<div class=\"elementor-element elementor-element-cfdc332 elementor-widget elementor-widget-stm_info_box\" data-id=\"cfdc332\" data-element_type=\"widget\" data-widget_type=\"stm_info_box.default\">\n\t\t\t\t<div class=\"elementor-widget-container\">\n\t\t\t<div class=\"info_box elementor-consulting-info-box style_10\">\n\t<div class=\"icon\">\n\t\t<i class=\"fas fa-balance-scale\"><\/i>\n\t<\/div>\n\t\t\t<div class=\"title\">\n\t\t\t<h4 class=\"no_stripe\">Servicios de apoyo jur\u00eddico<\/h4>\n\t\t<\/div>\n\t\t<p>\u00c7\u00f6zen Customs Consultancy ofrece apoyo experto en procesos legales relacionados con el comercio.<\/p>\n<a class=\"read_more\" target=\"_self\" href=\"https:\/\/cozengumruk.net\/es\/servicios-de-apoyo-juridico\/\"><span>Seguir leyendo<\/span><span class=\"stm_icon\"><i class=\"fa fa-chevron-right\"><\/i><\/span><\/a><\/div>\n\t\t<\/div>\n\t\t\t\t<\/div>\n\t\t\t\t\t<\/div>\n\t\t<\/div>\n\t\t\t\t<div class=\"elementor-column elementor-col-33 elementor-top-column elementor-element elementor-element-eb35788\" data-id=\"eb35788\" data-element_type=\"column\">\n\t\t\t<div class=\"elementor-widget-wrap elementor-element-populated\">\n\t\t\t\t\t\t<div class=\"elementor-element elementor-element-6fc6502 elementor-widget elementor-widget-stm_info_box\" data-id=\"6fc6502\" data-element_type=\"widget\" data-widget_type=\"stm_info_box.default\">\n\t\t\t\t<div class=\"elementor-widget-container\">\n\t\t\t<div class=\"info_box elementor-consulting-info-box style_10\">\n\t<div class=\"icon\">\n\t\t<i class=\"stm-earth\"><\/i>\n\t<\/div>\n\t\t\t<div class=\"title\">\n\t\t\t<h4 class=\"no_stripe\">Servicios de consultor\u00eda de zonas francas<\/h4>\n\t\t<\/div>\n\t\t<p>\u00c7\u00f6zen Customs Consultancy ofrece asesoramiento profesional para sus transacciones en zonas francas.<\/p>\n<a class=\"read_more\" target=\"_self\" href=\"https:\/\/cozengumruk.net\/es\/servicios-de-consultoria-en-zonas-francas\/\"><span>Seguir leyendo<\/span><span class=\"stm_icon\"><i class=\"fa fa-chevron-right\"><\/i><\/span><\/a><\/div>\n\t\t<\/div>\n\t\t\t\t<\/div>\n\t\t\t\t\t<\/div>\n\t\t<\/div>\n\t\t\t\t\t<\/div>\n\t\t<\/section>\n\t\t\t\t<section class=\"elementor-section elementor-top-section elementor-element elementor-element-c614a4d elementor-section-boxed elementor-section-height-default elementor-section-height-default\" data-id=\"c614a4d\" data-element_type=\"section\">\n\t\t\t\t\t\t<div class=\"elementor-container elementor-column-gap-default\">\n\t\t\t\t\t<div class=\"elementor-column elementor-col-33 elementor-top-column elementor-element elementor-element-7203588\" data-id=\"7203588\" data-element_type=\"column\">\n\t\t\t<div class=\"elementor-widget-wrap elementor-element-populated\">\n\t\t\t\t\t\t<div class=\"elementor-element elementor-element-60c99e0 elementor-widget elementor-widget-stm_info_box\" data-id=\"60c99e0\" data-element_type=\"widget\" data-widget_type=\"stm_info_box.default\">\n\t\t\t\t<div class=\"elementor-widget-container\">\n\t\t\t<div class=\"info_box elementor-consulting-info-box style_10\">\n\t<div class=\"icon\">\n\t\t<i class=\"fas fa-parachute-box\"><\/i>\n\t<\/div>\n\t\t\t<div class=\"title\">\n\t\t\t<h4 class=\"no_stripe\">Servicios aduaneros interactivos<\/h4>\n\t\t<\/div>\n\t\t<p>\u00c7\u00f6zen Customs Consultancy presta servicios aduaneros r\u00e1pidos y eficaces a trav\u00e9s de plataformas digitales.<\/p>\n<a class=\"read_more\" target=\"_self\" href=\"https:\/\/cozengumruk.net\/es\/servicios-aduaneros-interactivos\/\"><span>Seguir leyendo<\/span><span class=\"stm_icon\"><i class=\"fa fa-chevron-right\"><\/i><\/span><\/a><\/div>\n\t\t<\/div>\n\t\t\t\t<\/div>\n\t\t\t\t\t<\/div>\n\t\t<\/div>\n\t\t\t\t<div class=\"elementor-column elementor-col-33 elementor-top-column elementor-element elementor-element-a7715bb\" data-id=\"a7715bb\" data-element_type=\"column\">\n\t\t\t<div class=\"elementor-widget-wrap elementor-element-populated\">\n\t\t\t\t\t\t<div class=\"elementor-element elementor-element-4531bc4 elementor-widget elementor-widget-stm_info_box\" data-id=\"4531bc4\" data-element_type=\"widget\" data-widget_type=\"stm_info_box.default\">\n\t\t\t\t<div class=\"elementor-widget-container\">\n\t\t\t<div class=\"info_box elementor-consulting-info-box style_10\">\n\t<div class=\"icon\">\n\t\t<i class=\"fas fa-pencil-alt\"><\/i>\n\t<\/div>\n\t\t\t<div class=\"title\">\n\t\t\t<h4 class=\"no_stripe\">Servicios educativos<\/h4>\n\t\t<\/div>\n\t\t<p>\u00c7\u00f6zen Asesor\u00eda Aduanera le ofrece una formaci\u00f3n completa para especializarse en temas aduaneros y de comercio exterior.<\/p>\n<a class=\"read_more\" target=\"_self\" href=\"https:\/\/cozengumruk.net\/es\/servicios-educativos\/\"><span>Seguir leyendo<\/span><span class=\"stm_icon\"><i class=\"fa fa-chevron-right\"><\/i><\/span><\/a><\/div>\n\t\t<\/div>\n\t\t\t\t<\/div>\n\t\t\t\t\t<\/div>\n\t\t<\/div>\n\t\t\t\t<div class=\"elementor-column elementor-col-33 elementor-top-column elementor-element elementor-element-57a631a\" data-id=\"57a631a\" data-element_type=\"column\">\n\t\t\t<div class=\"elementor-widget-wrap elementor-element-populated\">\n\t\t\t\t\t\t<div class=\"elementor-element elementor-element-f883b5c elementor-widget elementor-widget-stm_info_box\" data-id=\"f883b5c\" data-element_type=\"widget\" data-widget_type=\"stm_info_box.default\">\n\t\t\t\t<div class=\"elementor-widget-container\">\n\t\t\t<div class=\"info_box elementor-consulting-info-box style_10\">\n\t<div class=\"icon\">\n\t\t<i class=\"fas fa-grip-horizontal\"><\/i>\n\t<\/div>\n\t\t\t<div class=\"title\">\n\t\t\t<h4 class=\"no_stripe\">Otros servicios<\/h4>\n\t\t<\/div>\n\t\t<p>\u00c7\u00f6zen Asesor\u00eda Aduanera ofrece diversos servicios adicionales espec\u00edficos para sus necesidades en el \u00e1mbito de las aduanas y el comercio exterior.<\/p>\n<div class=\"notranslate\" style=\"all: initial;\">\u00a0<\/div>\n<a class=\"read_more\" target=\"_self\" href=\"https:\/\/cozengumruk.net\/es\/otros-servicios-aduaneros\/\"><span>Seguir leyendo<\/span><span class=\"stm_icon\"><i class=\"fa fa-chevron-right\"><\/i><\/span><\/a><\/div>\n\t\t<\/div>\n\t\t\t\t<\/div>\n\t\t\t\t\t<\/div>\n\t\t<\/div>\n\t\t\t\t\t<\/div>\n\t\t<\/section>\n\t\t<div class=\"elementor-element elementor-element-e92dd4e e-flex e-con-boxed e-con e-parent\" data-id=\"e92dd4e\" data-element_type=\"container\">\n\t\t\t\t\t<div class=\"e-con-inner\">\n\t\t\t\t<div class=\"elementor-element elementor-element-edf9fab elementor-hidden-mobile elementor-widget elementor-widget-stm_info_box\" data-id=\"edf9fab\" data-element_type=\"widget\" data-widget_type=\"stm_info_box.default\">\n\t\t\t\t<div class=\"elementor-widget-container\">\n\t\t\t<div class=\"info_box elementor-consulting-info-box style_10\">\n\t<div class=\"icon\">\n\t\t<i class=\"stm-worldwide-shipping\"><\/i>\n\t<\/div>\n\t\t\t<div class=\"title\">\n\t\t\t<h4 class=\"no_stripe\">Servicios log\u00edsticos<\/h4>\n\t\t<\/div>\n\t\t<p>\u00c7\u00f6zen Customs Consultancy gestiona todos sus procesos log\u00edsticos con eficacia y eficiencia. Acelera y facilita su negocio con soluciones de transporte, almacenamiento y distribuci\u00f3n.<\/p>\n<a class=\"read_more\" target=\"_self\" href=\"https:\/\/cozengumruk.net\/es\/servicios-logisticos\/\"><span>Seguir leyendo<\/span><span class=\"stm_icon\"><i class=\"fa fa-chevron-right\"><\/i><\/span><\/a><\/div>\n\t\t<\/div>\n\t\t\t\t<\/div>\n\t\t\t\t<div class=\"elementor-element elementor-element-9168a9f elementor-hidden-desktop elementor-hidden-tablet elementor-widget elementor-widget-stm_info_box\" data-id=\"9168a9f\" data-element_type=\"widget\" data-widget_type=\"stm_info_box.default\">\n\t\t\t\t<div class=\"elementor-widget-container\">\n\t\t\t<div class=\"info_box elementor-consulting-info-box style_10\">\n\t<div class=\"icon\">\n\t\t<i class=\"stm-worldwide-shipping\"><\/i>\n\t<\/div>\n\t\t\t<div class=\"title\">\n\t\t\t<h4 class=\"no_stripe\">Servicios log\u00edsticos<\/h4>\n\t\t<\/div>\n\t\t<p>\u00c7\u00f6zen Customs Consultancy gestiona todos sus procesos log\u00edsticos con eficacia y eficiencia. Acelera y facilita su negocio con soluciones de transporte, almacenamiento y distribuci\u00f3n.<\/p>\n<a class=\"read_more\" target=\"_self\" href=\"https:\/\/cozengumruk.net\/es\/servicios-logisticos\/\"><span>Seguir leyendo<\/span><span class=\"stm_icon\"><i class=\"fa fa-chevron-right\"><\/i><\/span><\/a><\/div>\n\t\t<\/div>\n\t\t\t\t<\/div>\n\t\t\t\t\t<\/div>\n\t\t\t\t<\/div>\n\t\t\t\t<\/div>","protected":false},"excerpt":{"rendered":"<p>\u00c7\u00f6zen G\u00fcmr\u00fck M\u00fc\u015favirli\u011fi&#8217;nden g\u00fcmr\u00fckleme hizmeti alan ki\u015fi, kurum ve kurulu\u015flar, yaln\u0131zca g\u00fcmr\u00fck i\u015flemlerinde de\u011fil, ayn\u0131 zamanda mevzuat ve uygulamalardaki geli\u015fmeler hakk\u0131nda da detayl\u0131 bilgi sahibi olurlar. Bu bilgileri zaman\u0131nda ve do\u011fru kullanarak rekabet \u00fcst\u00fcnl\u00fc\u011f\u00fc elde ederler. Etkin bilgi payla\u015f\u0131m\u0131 ve yasal mevzuat\u0131n titizlikle uyguland\u0131\u011f\u0131 bir ortamda g\u00fcmr\u00fck i\u015flemlerinde hi\u00e7bir sorun ya\u015fanmayaca\u011f\u0131 a\u00e7\u0131kt\u0131r. \u00c7\u00f6zen G\u00fcmr\u00fck M\u00fc\u015favirli\u011fi,<\/p>","protected":false},"author":1,"featured_media":7274,"parent":0,"menu_order":0,"comment_status":"closed","ping_status":"closed","template":"","meta":{"footnotes":""},"class_list":["post-7597","page","type-page","status-publish","has-post-thumbnail","hentry"],"_links":{"self":[{"href":"https:\/\/cozengumruk.net\/es\/wp-json\/wp\/v2\/pages\/7597","targetHints":{"allow":["GET"]}}],"collection":[{"href":"https:\/\/cozengumruk.net\/es\/wp-json\/wp\/v2\/pages"}],"about":[{"href":"https:\/\/cozengumruk.net\/es\/wp-json\/wp\/v2\/types\/page"}],"author":[{"embeddable":true,"href":"https:\/\/cozengumruk.net\/es\/wp-json\/wp\/v2\/users\/1"}],"replies":[{"embeddable":true,"href":"https:\/\/cozengumruk.net\/es\/wp-json\/wp\/v2\/comments?post=7597"}],"version-history":[{"count":8,"href":"https:\/\/cozengumruk.net\/es\/wp-json\/wp\/v2\/pages\/7597\/revisions"}],"predecessor-version":[{"id":7669,"href":"https:\/\/cozengumruk.net\/es\/wp-json\/wp\/v2\/pages\/7597\/revisions\/7669"}],"wp:featuredmedia":[{"embeddable":true,"href":"https:\/\/cozengumruk.net\/es\/wp-json\/wp\/v2\/media\/7274"}],"wp:attachment":[{"href":"https:\/\/cozengumruk.net\/es\/wp-json\/wp\/v2\/media?parent=7597"}],"curies":[{"name":"wp","href":"https:\/\/api.w.org\/{rel}","templated":true}]}}