{"id":7617,"date":"2024-07-26T10:57:55","date_gmt":"2024-07-26T07:57:55","guid":{"rendered":"https:\/\/cozengumruk.net\/?page_id=7617"},"modified":"2024-07-26T12:09:24","modified_gmt":"2024-07-26T09:09:24","slug":"hukuki-destek-hizmetleri","status":"publish","type":"page","link":"https:\/\/cozengumruk.net\/es\/servicios-de-apoyo-juridico\/","title":{"rendered":"Servicios de apoyo jur\u00eddico"},"content":{"rendered":"<div data-elementor-type=\"wp-page\" data-elementor-id=\"7617\" class=\"elementor elementor-7617\" data-elementor-post-type=\"page\">\n\t\t\t\t<div class=\"elementor-element elementor-element-a269fe7 e-flex e-con-boxed e-con e-parent\" data-id=\"a269fe7\" data-element_type=\"container\">\n\t\t\t\t\t<div class=\"e-con-inner\">\n\t\t\t\t<div class=\"elementor-element elementor-element-274460c elementor-widget elementor-widget-text-editor\" data-id=\"274460c\" data-element_type=\"widget\" data-widget_type=\"text-editor.default\">\n\t\t\t\t<div class=\"elementor-widget-container\">\n\t\t\t\t\t\t\t<div class=\"description\">\n<p>Representar con \u00e9xito a valiosas organizaciones nacionales e internacionales relacionadas con el comercio exterior ante las administraciones aduaneras y otras instituciones y organizaciones p\u00fablicas relacionadas. <strong>SOLEN AGENCIA DE ADUANAS<\/strong> y cuenta con un nivel avanzado de experiencia y conocimientos t\u00e9cnicos para recurrir y resolver\/decidir los litigios t\u00e9cnicos administrativos y jur\u00eddicos que surjan entre estas organizaciones y las administraciones aduaneras durante o antes\/despu\u00e9s del despacho aduanero de las mercanc\u00edas.<\/p>\n<p>\u00c7\u00d6ZEN G\u00dcMR\u00dcK M\u00dc\u015eAV\u0130RL\u0130\u011e\u0130 con esta experiencia y conocimientos adquiridos a lo largo de muchos a\u00f1os;\u00a0\u00a0<\/p>\n<ul>\n<li>Analiza los litigios t\u00e9cnicos, administrativos y jur\u00eddicos con las administraciones aduaneras con el servicio de control de riesgos que ha establecido en su propia estructura y realiza una evaluaci\u00f3n de conformidad y, en consecuencia, elabora un informe de evaluaci\u00f3n al respecto.<\/li>\n<li>Eval\u00faa este informe de evaluaci\u00f3n elaborado junto con expertos jur\u00eddicos en materia de legislaci\u00f3n aduanera y de comercio exterior, con los que colabora como socio solucionador desde hace muchos a\u00f1os, y realiza los trabajos necesarios para resolver de la forma m\u00e1s r\u00e1pida, eficaz y precisa estas incompatibilidades y riesgos que puedan surgir por diversos motivos.<\/li>\n<li>En \u00c7\u00f6zen Customs Brokerage, se presta la m\u00e1xima atenci\u00f3n al seguimiento de los plazos de objeci\u00f3n administrativa y litigio, estos plazos y todas las dem\u00e1s cuestiones se registran y controlan en un entorno informatizado y todas las partes pertinentes son informadas al instante sobre estas cuestiones y otras similares relacionadas. Los textos legales que garantizar\u00e1n que las acciones administrativas y legales se lleven a cabo a tiempo se dise\u00f1an y preparan meticulosamente de acuerdo con la Ley, y el trabajo necesario para su aplicaci\u00f3n se lleva a cabo con gran cuidado.\u00a0\n<\/li>\n<\/ul>\n<p>Las Decisiones Precedentes - Jurisprudencia (dictada por las Administraciones de Aduanas y\/o los Tribunales), que son las pruebas vivas y reales de las actividades pasadas, que arrojan luz tanto a los abogados como a los jueces y fiscales, que son los otros elementos constitutivos del poder judicial, en cuanto a la aplicaci\u00f3n de la ley, se archivan cuidadosamente tanto en el entorno tradicional como en el electr\u00f3nico, control\u00e1ndolas y sigui\u00e9ndolas desde un \u00fanico centro sobre la base de la empresa en \u00c7\u00f6zen Customs Brokerage. Los estudios preliminares, las conciliaciones, las objeciones administrativas, la duraci\u00f3n y los procedimientos de los casos administrativos, etc. relativos a los litigios que surgen entre las administraciones aduaneras y las empresas a las que prestamos servicios de consultor\u00eda se llevan a cabo a la luz de estas decisiones precedentes archivadas (jurisprudencia). Adem\u00e1s, con los productos de hardware, software e infraestructura desarrollados en nuestra empresa, nuestros clientes siguen y controlan personalmente todos los procesos legales de litigios t\u00e9cnicos administrativos y jur\u00eddicos con las administraciones aduaneras y otras instituciones y organizaciones relacionadas.\u00a0<\/p>\n<p>Entre los servicios de apoyo jur\u00eddico de \u00c7\u00f6zen Asesor\u00eda Aduanera;<\/p>\n<ul>\n<li>Evaluar la conformidad de las transacciones establecidas por las instituciones relacionadas con la legislaci\u00f3n aduanera y de comercio exterior con la legislaci\u00f3n aduanera, de comercio exterior y de divisas y corregir o suprimir estas transacciones con una decisi\u00f3n administrativa o hacerlas objeto de un contencioso administrativo,<\/li>\n<li>Solicitar una correcci\u00f3n a la administraci\u00f3n aduanera contra los derechos de aduana y los fondos solicitados por la administraci\u00f3n aduanera con la alegaci\u00f3n de que los derechos de aduana y los fondos no se pagaron o se pagaron de forma incompleta durante la importaci\u00f3n de las mercanc\u00edas, presentar una objeci\u00f3n, interponer una demanda ante los tribunales fiscales y recurrir las decisiones judiciales ante el Consejo de Estado,\u00a0<\/li>\n<li>No. 5607 Ley contra el Contrabando, realizando las evaluaciones necesarias en relaci\u00f3n con las denuncias penales presentadas a nuestros clientes con la alegaci\u00f3n de que se ha cometido alguno de los actos de contrabando especificados en la Ley contra el Contrabando y preparando sus defensas<\/li>\n<\/ul>\n<p>tambi\u00e9n est\u00e1n disponibles.<\/p>\n<p>En resumen, son incontables los beneficios en t\u00e9rminos de protecci\u00f3n de los derechos de las empresas, eliminaci\u00f3n de sus quejas y minimizaci\u00f3n de costes al beneficiarse de los largos a\u00f1os de conocimientos y experiencia de \u00c7\u00d6ZEN CUSTOMS CONSULTANCY. \u00c7\u00f6zen experimenta el privilegio de proporcionar Servicios Profesionales de Despacho de Aduanas y Comercio Exterior a sus valiosos clientes gui\u00e1ndoles correctamente en todos los procesos mencionados anteriormente.<\/p>\n<\/div>\n\t\t\t\t\t\t<\/div>\n\t\t\t\t<\/div>\n\t\t\t\t\t<\/div>\n\t\t\t\t<\/div>\n\t\t\t\t<section class=\"elementor-section elementor-top-section elementor-element elementor-element-fa0a35b elementor-section-boxed elementor-section-height-default elementor-section-height-default\" data-id=\"fa0a35b\" data-element_type=\"section\" data-settings=\"{&quot;background_background&quot;:&quot;classic&quot;}\">\n\t\t\t\t\t\t<div class=\"elementor-container elementor-column-gap-default\">\n\t\t\t\t\t<div class=\"elementor-column elementor-col-100 elementor-top-column elementor-element elementor-element-3962fda\" data-id=\"3962fda\" data-element_type=\"column\">\n\t\t\t<div class=\"elementor-widget-wrap elementor-element-populated\">\n\t\t\t\t\t\t<section class=\"elementor-section elementor-top-section elementor-element elementor-element-957b8b0 elementor-section-boxed elementor-section-height-default elementor-section-height-default\" data-id=\"957b8b0\" data-element_type=\"section\">\n\t\t\t\t\t\t<div class=\"elementor-container elementor-column-gap-default\">\n\t\t\t\t\t<div class=\"elementor-column elementor-col-100 elementor-top-column elementor-element elementor-element-adf2ee9\" data-id=\"adf2ee9\" data-element_type=\"column\">\n\t\t\t<div class=\"elementor-widget-wrap elementor-element-populated\">\n\t\t\t\t\t\t<div class=\"elementor-element elementor-element-ac7c14f elementor-widget elementor-widget-vc_custom_heading\" data-id=\"ac7c14f\" data-element_type=\"widget\" data-widget_type=\"vc_custom_heading.default\">\n\t\t\t\t<div class=\"elementor-widget-container\">\n\t\t\t<div class=\"vc_custom_heading no_stripe consulting_heading_font  text_align_center has_subtitle\" ><h4 style=\"font-size: 35px;color: #000000;text-align: center;line-height: 45px;font-weight:700\" class=\"consulting-custom-title\">Estamos a su lado para desarrollar las soluciones m\u00e1s adecuadas para usted\n<span class=\"subtitle\" style=\"color:#2A2A2A\"><br>Para satisfacer de la mejor manera las necesidades de nuestros apreciados clientes, estamos dispuestos a escuchar atentamente sus expectativas y demandas. <br>Juntos, determinaremos las estrategias m\u00e1s adecuadas para usted con nuestras innovaciones y soluciones personalizadas.<\/span><\/h4><\/div>\t\t<\/div>\n\t\t\t\t<\/div>\n\t\t\t\t<div class=\"elementor-element elementor-element-4965518 elementor-align-center elementor-widget elementor-widget-button\" data-id=\"4965518\" data-element_type=\"widget\" data-widget_type=\"button.default\">\n\t\t\t\t<div class=\"elementor-widget-container\">\n\t\t\t\t\t\t\t<div class=\"elementor-button-wrapper icon_align_row-reverse\">\n\t\t\t\t\t<a class=\"elementor-button elementor-button-link elementor-size-sm\" href=\"https:\/\/cozengumruk.net\/es\/comunicacion\/\">\n\t\t\t\t\t\t<span class=\"elementor-button-content-wrapper\">\n\t\t\t\t\t\t<span class=\"elementor-button-icon\">\n\t\t\t\t<i aria-hidden=\"true\" class=\"stm-lnr-arrow-right\"><\/i>\t\t\t<\/span>\n\t\t\t\t\t\t\t\t\t<span class=\"elementor-button-text\">Conozca a Solving Customs<\/span>\n\t\t\t\t\t<\/span>\n\t\t\t\t\t<\/a>\n\t\t\t\t<\/div>\n\t\t\t\t\t\t<\/div>\n\t\t\t\t<\/div>\n\t\t\t\t\t<\/div>\n\t\t<\/div>\n\t\t\t\t\t<\/div>\n\t\t<\/section>\n\t\t\t\t\t<\/div>\n\t\t<\/div>\n\t\t\t\t\t<\/div>\n\t\t<\/section>\n\t\t<div class=\"elementor-element elementor-element-e9e23d2 e-flex e-con-boxed e-con e-parent\" data-id=\"e9e23d2\" data-element_type=\"container\">\n\t\t\t\t\t<div class=\"e-con-inner\">\n\t\t\t\t<div class=\"elementor-element elementor-element-0de50e3 elementor-widget elementor-widget-heading\" data-id=\"0de50e3\" data-element_type=\"widget\" data-widget_type=\"heading.default\">\n\t\t\t\t<div class=\"elementor-widget-container\">\n\t\t\t<h2 class=\"elementor-heading-title elementor-size-default\">Nuestros servicios<\/h2>\t\t<\/div>\n\t\t\t\t<\/div>\n\t\t\t\t\t<\/div>\n\t\t\t\t<\/div>\n\t\t\t\t<section class=\"elementor-section elementor-top-section elementor-element elementor-element-d422721 elementor-section-boxed elementor-section-height-default elementor-section-height-default\" data-id=\"d422721\" data-element_type=\"section\" data-settings=\"{&quot;background_background&quot;:&quot;classic&quot;}\">\n\t\t\t\t\t\t<div class=\"elementor-container elementor-column-gap-default\">\n\t\t\t\t\t<div class=\"elementor-column elementor-col-33 elementor-top-column elementor-element elementor-element-1200b76\" data-id=\"1200b76\" data-element_type=\"column\">\n\t\t\t<div class=\"elementor-widget-wrap elementor-element-populated\">\n\t\t\t\t\t\t<div class=\"elementor-element elementor-element-2f07a7c elementor-widget elementor-widget-stm_info_box\" data-id=\"2f07a7c\" data-element_type=\"widget\" data-widget_type=\"stm_info_box.default\">\n\t\t\t\t<div class=\"elementor-widget-container\">\n\t\t\t<div class=\"info_box elementor-consulting-info-box style_10\">\n\t<div class=\"icon\">\n\t\t<i class=\"fas fa-asterisk\"><\/i>\n\t<\/div>\n\t\t\t<div class=\"title\">\n\t\t\t<h4 class=\"no_stripe\">Servicios de despacho de aduanas<\/h4>\n\t\t<\/div>\n\t\t<p>\u00c7\u00f6zen Customs Consultancy ofrece servicios de despacho de aduanas r\u00e1pidos y fiables para sus transacciones de importaci\u00f3n y exportaci\u00f3n.<\/p>\n<a class=\"read_more\" target=\"_self\" href=\"https:\/\/cozengumruk.net\/es\/servicios-de-despacho-de-aduanas\/\"><span>Seguir leyendo<\/span><span class=\"stm_icon\"><i class=\"fa fa-chevron-right\"><\/i><\/span><\/a><\/div>\n\t\t<\/div>\n\t\t\t\t<\/div>\n\t\t\t\t\t<\/div>\n\t\t<\/div>\n\t\t\t\t<div class=\"elementor-column elementor-col-33 elementor-top-column elementor-element elementor-element-5008b50\" data-id=\"5008b50\" data-element_type=\"column\">\n\t\t\t<div class=\"elementor-widget-wrap elementor-element-populated\">\n\t\t\t\t\t\t<div class=\"elementor-element elementor-element-3f6301b elementor-widget elementor-widget-stm_info_box\" data-id=\"3f6301b\" data-element_type=\"widget\" data-widget_type=\"stm_info_box.default\">\n\t\t\t\t<div class=\"elementor-widget-container\">\n\t\t\t<div class=\"info_box elementor-consulting-info-box style_10\">\n\t<div class=\"icon\">\n\t\t<i class=\"stm-chart-refresh\"><\/i>\n\t<\/div>\n\t\t\t<div class=\"title\">\n\t\t\t<h4 class=\"no_stripe\">Servicios de consultor\u00eda sobre legislaci\u00f3n<\/h4>\n\t\t<\/div>\n\t\t<p>\u00c7\u00f6zen Customs Consultancy le ofrece servicios de consultor\u00eda especializada para que pueda cumplir la legislaci\u00f3n comercial.<\/p>\n<a class=\"read_more\" target=\"_self\" href=\"https:\/\/cozengumruk.net\/es\/servicios-legislativos\/\"><span>Seguir leyendo<\/span><span class=\"stm_icon\"><i class=\"fa fa-chevron-right\"><\/i><\/span><\/a><\/div>\n\t\t<\/div>\n\t\t\t\t<\/div>\n\t\t\t\t\t<\/div>\n\t\t<\/div>\n\t\t\t\t<div class=\"elementor-column elementor-col-33 elementor-top-column elementor-element elementor-element-69a60f4\" data-id=\"69a60f4\" data-element_type=\"column\">\n\t\t\t<div class=\"elementor-widget-wrap elementor-element-populated\">\n\t\t\t\t\t\t<div class=\"elementor-element elementor-element-4cfac06 elementor-widget elementor-widget-stm_info_box\" data-id=\"4cfac06\" data-element_type=\"widget\" data-widget_type=\"stm_info_box.default\">\n\t\t\t\t<div class=\"elementor-widget-container\">\n\t\t\t<div class=\"info_box elementor-consulting-info-box style_10\">\n\t<div class=\"icon\">\n\t\t<i class=\"fas fa-compress\"><\/i>\n\t<\/div>\n\t\t\t<div class=\"title\">\n\t\t\t<h4 class=\"no_stripe\">YYS | Servicios de consultor\u00eda AEO<\/h4>\n\t\t<\/div>\n\t\t<p>\u00c7\u00f6zen Customs Consultancy ofrece servicios de consultor\u00eda profesional en los procesos de obtenci\u00f3n de certificados (YYS) y (AEO).<\/p>\n<a class=\"read_more\" target=\"_self\" href=\"https:\/\/cozengumruk.net\/es\/yys-aeo-services\/\"><span>Seguir leyendo<\/span><span class=\"stm_icon\"><i class=\"fa fa-chevron-right\"><\/i><\/span><\/a><\/div>\n\t\t<\/div>\n\t\t\t\t<\/div>\n\t\t\t\t\t<\/div>\n\t\t<\/div>\n\t\t\t\t\t<\/div>\n\t\t<\/section>\n\t\t\t\t<section class=\"elementor-section elementor-top-section elementor-element elementor-element-063a75a elementor-section-boxed elementor-section-height-default elementor-section-height-default\" data-id=\"063a75a\" data-element_type=\"section\" data-settings=\"{&quot;background_background&quot;:&quot;classic&quot;}\">\n\t\t\t\t\t\t<div class=\"elementor-container elementor-column-gap-default\">\n\t\t\t\t\t<div class=\"elementor-column elementor-col-33 elementor-top-column elementor-element elementor-element-43b2b64\" data-id=\"43b2b64\" data-element_type=\"column\">\n\t\t\t<div class=\"elementor-widget-wrap elementor-element-populated\">\n\t\t\t\t\t\t<div class=\"elementor-element elementor-element-667c0c7 elementor-widget elementor-widget-stm_info_box\" data-id=\"667c0c7\" data-element_type=\"widget\" data-widget_type=\"stm_info_box.default\">\n\t\t\t\t<div class=\"elementor-widget-container\">\n\t\t\t<div class=\"info_box elementor-consulting-info-box style_10\">\n\t<div class=\"icon\">\n\t\t<i class=\"stm-ankara-search\"><\/i>\n\t<\/div>\n\t\t\t<div class=\"title\">\n\t\t\t<h4 class=\"no_stripe\">Servicios de preparaci\u00f3n para inspecciones aduaneras<\/h4>\n\t\t<\/div>\n\t\t<p>\u00c7\u00f6zen Customs Consultancy le ofrece un apoyo integral en su proceso de preparaci\u00f3n para las inspecciones aduaneras.<\/p>\n<a class=\"read_more\" target=\"_self\" href=\"https:\/\/cozengumruk.net\/es\/servicios-de-preparacion-de-auditorias-aduaneras\/\"><span>Seguir leyendo<\/span><span class=\"stm_icon\"><i class=\"fa fa-chevron-right\"><\/i><\/span><\/a><\/div>\n\t\t<\/div>\n\t\t\t\t<\/div>\n\t\t\t\t\t<\/div>\n\t\t<\/div>\n\t\t\t\t<div class=\"elementor-column elementor-col-33 elementor-top-column elementor-element elementor-element-3101268\" data-id=\"3101268\" data-element_type=\"column\">\n\t\t\t<div class=\"elementor-widget-wrap elementor-element-populated\">\n\t\t\t\t\t\t<div class=\"elementor-element elementor-element-0e9a8c4 elementor-widget elementor-widget-stm_info_box\" data-id=\"0e9a8c4\" data-element_type=\"widget\" data-widget_type=\"stm_info_box.default\">\n\t\t\t\t<div class=\"elementor-widget-container\">\n\t\t\t<div class=\"info_box elementor-consulting-info-box style_10\">\n\t<div class=\"icon\">\n\t\t<i class=\"fas fa-balance-scale\"><\/i>\n\t<\/div>\n\t\t\t<div class=\"title\">\n\t\t\t<h4 class=\"no_stripe\">Servicios de apoyo jur\u00eddico<\/h4>\n\t\t<\/div>\n\t\t<p>\u00c7\u00f6zen Customs Consultancy ofrece apoyo experto en procesos legales relacionados con el comercio.<\/p>\n<a class=\"read_more\" target=\"_self\" href=\"https:\/\/cozengumruk.net\/es\/servicios-de-apoyo-juridico\/\"><span>Seguir leyendo<\/span><span class=\"stm_icon\"><i class=\"fa fa-chevron-right\"><\/i><\/span><\/a><\/div>\n\t\t<\/div>\n\t\t\t\t<\/div>\n\t\t\t\t\t<\/div>\n\t\t<\/div>\n\t\t\t\t<div class=\"elementor-column elementor-col-33 elementor-top-column elementor-element elementor-element-2289dc5\" data-id=\"2289dc5\" data-element_type=\"column\">\n\t\t\t<div class=\"elementor-widget-wrap elementor-element-populated\">\n\t\t\t\t\t\t<div class=\"elementor-element elementor-element-2fbaf78 elementor-widget elementor-widget-stm_info_box\" data-id=\"2fbaf78\" data-element_type=\"widget\" data-widget_type=\"stm_info_box.default\">\n\t\t\t\t<div class=\"elementor-widget-container\">\n\t\t\t<div class=\"info_box elementor-consulting-info-box style_10\">\n\t<div class=\"icon\">\n\t\t<i class=\"stm-earth\"><\/i>\n\t<\/div>\n\t\t\t<div class=\"title\">\n\t\t\t<h4 class=\"no_stripe\">Servicios de consultor\u00eda de zonas francas<\/h4>\n\t\t<\/div>\n\t\t<p>\u00c7\u00f6zen Customs Consultancy ofrece asesoramiento profesional para sus transacciones en zonas francas.<\/p>\n<a class=\"read_more\" target=\"_self\" href=\"https:\/\/cozengumruk.net\/es\/servicios-de-consultoria-en-zonas-francas\/\"><span>Seguir leyendo<\/span><span class=\"stm_icon\"><i class=\"fa fa-chevron-right\"><\/i><\/span><\/a><\/div>\n\t\t<\/div>\n\t\t\t\t<\/div>\n\t\t\t\t\t<\/div>\n\t\t<\/div>\n\t\t\t\t\t<\/div>\n\t\t<\/section>\n\t\t\t\t<section class=\"elementor-section elementor-top-section elementor-element elementor-element-ca6632e elementor-section-boxed elementor-section-height-default elementor-section-height-default\" data-id=\"ca6632e\" data-element_type=\"section\">\n\t\t\t\t\t\t<div class=\"elementor-container elementor-column-gap-default\">\n\t\t\t\t\t<div class=\"elementor-column elementor-col-33 elementor-top-column elementor-element elementor-element-09c1146\" data-id=\"09c1146\" data-element_type=\"column\">\n\t\t\t<div class=\"elementor-widget-wrap elementor-element-populated\">\n\t\t\t\t\t\t<div class=\"elementor-element elementor-element-dbf8ed4 elementor-widget elementor-widget-stm_info_box\" data-id=\"dbf8ed4\" data-element_type=\"widget\" data-widget_type=\"stm_info_box.default\">\n\t\t\t\t<div class=\"elementor-widget-container\">\n\t\t\t<div class=\"info_box elementor-consulting-info-box style_10\">\n\t<div class=\"icon\">\n\t\t<i class=\"fas fa-parachute-box\"><\/i>\n\t<\/div>\n\t\t\t<div class=\"title\">\n\t\t\t<h4 class=\"no_stripe\">Servicios aduaneros interactivos<\/h4>\n\t\t<\/div>\n\t\t<p>\u00c7\u00f6zen Customs Consultancy presta servicios aduaneros r\u00e1pidos y eficaces a trav\u00e9s de plataformas digitales.<\/p>\n<a class=\"read_more\" target=\"_self\" href=\"https:\/\/cozengumruk.net\/es\/servicios-aduaneros-interactivos\/\"><span>Seguir leyendo<\/span><span class=\"stm_icon\"><i class=\"fa fa-chevron-right\"><\/i><\/span><\/a><\/div>\n\t\t<\/div>\n\t\t\t\t<\/div>\n\t\t\t\t\t<\/div>\n\t\t<\/div>\n\t\t\t\t<div class=\"elementor-column elementor-col-33 elementor-top-column elementor-element elementor-element-0c5c7e1\" data-id=\"0c5c7e1\" data-element_type=\"column\">\n\t\t\t<div class=\"elementor-widget-wrap elementor-element-populated\">\n\t\t\t\t\t\t<div class=\"elementor-element elementor-element-91efa43 elementor-widget elementor-widget-stm_info_box\" data-id=\"91efa43\" data-element_type=\"widget\" data-widget_type=\"stm_info_box.default\">\n\t\t\t\t<div class=\"elementor-widget-container\">\n\t\t\t<div class=\"info_box elementor-consulting-info-box style_10\">\n\t<div class=\"icon\">\n\t\t<i class=\"fas fa-pencil-alt\"><\/i>\n\t<\/div>\n\t\t\t<div class=\"title\">\n\t\t\t<h4 class=\"no_stripe\">Servicios educativos<\/h4>\n\t\t<\/div>\n\t\t<p>\u00c7\u00f6zen Asesor\u00eda Aduanera le ofrece una formaci\u00f3n completa para especializarse en temas aduaneros y de comercio exterior.<\/p>\n<a class=\"read_more\" target=\"_self\" href=\"https:\/\/cozengumruk.net\/es\/servicios-educativos\/\"><span>Seguir leyendo<\/span><span class=\"stm_icon\"><i class=\"fa fa-chevron-right\"><\/i><\/span><\/a><\/div>\n\t\t<\/div>\n\t\t\t\t<\/div>\n\t\t\t\t\t<\/div>\n\t\t<\/div>\n\t\t\t\t<div class=\"elementor-column elementor-col-33 elementor-top-column elementor-element elementor-element-5c86317\" data-id=\"5c86317\" data-element_type=\"column\">\n\t\t\t<div class=\"elementor-widget-wrap elementor-element-populated\">\n\t\t\t\t\t\t<div class=\"elementor-element elementor-element-edb760b elementor-widget elementor-widget-stm_info_box\" data-id=\"edb760b\" data-element_type=\"widget\" data-widget_type=\"stm_info_box.default\">\n\t\t\t\t<div class=\"elementor-widget-container\">\n\t\t\t<div class=\"info_box elementor-consulting-info-box style_10\">\n\t<div class=\"icon\">\n\t\t<i class=\"fas fa-grip-horizontal\"><\/i>\n\t<\/div>\n\t\t\t<div class=\"title\">\n\t\t\t<h4 class=\"no_stripe\">Otros servicios<\/h4>\n\t\t<\/div>\n\t\t<p>\u00c7\u00f6zen Asesor\u00eda Aduanera ofrece diversos servicios adicionales espec\u00edficos para sus necesidades en el \u00e1mbito de las aduanas y el comercio exterior.<\/p>\n<div class=\"notranslate\" style=\"all: initial;\">\u00a0<\/div>\n<a class=\"read_more\" target=\"_self\" href=\"https:\/\/cozengumruk.net\/es\/otros-servicios-aduaneros\/\"><span>Seguir leyendo<\/span><span class=\"stm_icon\"><i class=\"fa fa-chevron-right\"><\/i><\/span><\/a><\/div>\n\t\t<\/div>\n\t\t\t\t<\/div>\n\t\t\t\t\t<\/div>\n\t\t<\/div>\n\t\t\t\t\t<\/div>\n\t\t<\/section>\n\t\t<div class=\"elementor-element elementor-element-2d41ca5 e-flex e-con-boxed e-con e-parent\" data-id=\"2d41ca5\" data-element_type=\"container\">\n\t\t\t\t\t<div class=\"e-con-inner\">\n\t\t\t\t<div class=\"elementor-element elementor-element-92dff63 elementor-hidden-mobile elementor-widget elementor-widget-stm_info_box\" data-id=\"92dff63\" data-element_type=\"widget\" data-widget_type=\"stm_info_box.default\">\n\t\t\t\t<div class=\"elementor-widget-container\">\n\t\t\t<div class=\"info_box elementor-consulting-info-box style_10\">\n\t<div class=\"icon\">\n\t\t<i class=\"stm-worldwide-shipping\"><\/i>\n\t<\/div>\n\t\t\t<div class=\"title\">\n\t\t\t<h4 class=\"no_stripe\">Servicios log\u00edsticos<\/h4>\n\t\t<\/div>\n\t\t<p>\u00c7\u00f6zen Customs Consultancy gestiona todos sus procesos log\u00edsticos con eficacia y eficiencia. Acelera y facilita su negocio con soluciones de transporte, almacenamiento y distribuci\u00f3n.<\/p>\n<a class=\"read_more\" target=\"_self\" href=\"https:\/\/cozengumruk.net\/es\/servicios-logisticos\/\"><span>Seguir leyendo<\/span><span class=\"stm_icon\"><i class=\"fa fa-chevron-right\"><\/i><\/span><\/a><\/div>\n\t\t<\/div>\n\t\t\t\t<\/div>\n\t\t\t\t<div class=\"elementor-element elementor-element-8d3e5fb elementor-hidden-desktop elementor-hidden-tablet elementor-widget elementor-widget-stm_info_box\" data-id=\"8d3e5fb\" data-element_type=\"widget\" data-widget_type=\"stm_info_box.default\">\n\t\t\t\t<div class=\"elementor-widget-container\">\n\t\t\t<div class=\"info_box elementor-consulting-info-box style_10\">\n\t<div class=\"icon\">\n\t\t<i class=\"stm-worldwide-shipping\"><\/i>\n\t<\/div>\n\t\t\t<div class=\"title\">\n\t\t\t<h4 class=\"no_stripe\">Servicios log\u00edsticos<\/h4>\n\t\t<\/div>\n\t\t<p>\u00c7\u00f6zen Customs Consultancy gestiona todos sus procesos log\u00edsticos con eficacia y eficiencia. Acelera y facilita su negocio con soluciones de transporte, almacenamiento y distribuci\u00f3n.<\/p>\n<a class=\"read_more\" target=\"_self\" href=\"https:\/\/cozengumruk.net\/es\/servicios-logisticos\/\"><span>Seguir leyendo<\/span><span class=\"stm_icon\"><i class=\"fa fa-chevron-right\"><\/i><\/span><\/a><\/div>\n\t\t<\/div>\n\t\t\t\t<\/div>\n\t\t\t\t\t<\/div>\n\t\t\t\t<\/div>\n\t\t\t\t<\/div>","protected":false},"excerpt":{"rendered":"<p>D\u0131\u015f Ticaret ile ilgili Ulusal ve Uluslararas\u0131\u00a0 de\u011ferli\u00a0 kurulu\u015flar\u0131\u00a0 g\u00fcmr\u00fck idarelerinde ve ba\u011flant\u0131l\u0131 di\u011fer kamu kurum ve kurulu\u015flar\u0131nda\u00a0 ba\u015far\u0131yla temsil eden \u00c7\u00d6ZEN G\u00dcMR\u00dcK M\u00dc\u015eAV\u0130RL\u0130\u011e\u0130 ve bu kurulu\u015flar ile g\u00fcmr\u00fck idareleri\u00a0 aras\u0131nda e\u015fyan\u0131n g\u00fcmr\u00fck i\u015flemlerinin yerine getirilmesi s\u00fcrecinde veya\u00a0 \u00f6ncesinde\/sonras\u0131nda ortaya \u00e7\u0131kan teknik idari ve hukuki\u00a0 uyu\u015fmazl\u0131klar i\u00e7in itiraz ve bunlar\u0131n \u00e7\u00f6z\u00fcm\u00fcnde\/karara ba\u011flanmas\u0131nda\u00a0 ileri d\u00fczeyde bir<\/p>","protected":false},"author":1,"featured_media":0,"parent":0,"menu_order":0,"comment_status":"closed","ping_status":"closed","template":"","meta":{"footnotes":""},"class_list":["post-7617","page","type-page","status-publish","hentry"],"_links":{"self":[{"href":"https:\/\/cozengumruk.net\/es\/wp-json\/wp\/v2\/pages\/7617","targetHints":{"allow":["GET"]}}],"collection":[{"href":"https:\/\/cozengumruk.net\/es\/wp-json\/wp\/v2\/pages"}],"about":[{"href":"https:\/\/cozengumruk.net\/es\/wp-json\/wp\/v2\/types\/page"}],"author":[{"embeddable":true,"href":"https:\/\/cozengumruk.net\/es\/wp-json\/wp\/v2\/users\/1"}],"replies":[{"embeddable":true,"href":"https:\/\/cozengumruk.net\/es\/wp-json\/wp\/v2\/comments?post=7617"}],"version-history":[{"count":7,"href":"https:\/\/cozengumruk.net\/es\/wp-json\/wp\/v2\/pages\/7617\/revisions"}],"predecessor-version":[{"id":7678,"href":"https:\/\/cozengumruk.net\/es\/wp-json\/wp\/v2\/pages\/7617\/revisions\/7678"}],"wp:attachment":[{"href":"https:\/\/cozengumruk.net\/es\/wp-json\/wp\/v2\/media?parent=7617"}],"curies":[{"name":"wp","href":"https:\/\/api.w.org\/{rel}","templated":true}]}}