{"id":7628,"date":"2024-07-26T11:02:39","date_gmt":"2024-07-26T08:02:39","guid":{"rendered":"https:\/\/cozengumruk.net\/?page_id=7628"},"modified":"2024-07-26T12:10:19","modified_gmt":"2024-07-26T09:10:19","slug":"interaktif-gumruk-hizmetleri","status":"publish","type":"page","link":"https:\/\/cozengumruk.net\/es\/servicios-aduaneros-interactivos\/","title":{"rendered":"Servicios aduaneros interactivos"},"content":{"rendered":"<div data-elementor-type=\"wp-page\" data-elementor-id=\"7628\" class=\"elementor elementor-7628\" data-elementor-post-type=\"page\">\n\t\t\t\t<div class=\"elementor-element elementor-element-a269fe7 e-flex e-con-boxed e-con e-parent\" data-id=\"a269fe7\" data-element_type=\"container\">\n\t\t\t\t\t<div class=\"e-con-inner\">\n\t\t\t\t<div class=\"elementor-element elementor-element-274460c elementor-widget elementor-widget-text-editor\" data-id=\"274460c\" data-element_type=\"widget\" data-widget_type=\"text-editor.default\">\n\t\t\t\t<div class=\"elementor-widget-container\">\n\t\t\t\t\t\t\t<p><strong>\u00c7\u00f6zen Asesor\u00eda Aduanera<\/strong> Los servicios aduaneros digitales e interactivos que ofrecemos satisfacen todas las necesidades de nuestros clientes con tecnolog\u00eda moderna y soluciones innovadoras. Con nuestros avanzados sistemas y personal profesional, facilitamos y aceleramos sus procesos empresariales y aumentamos su productividad. Estos son los servicios que ofrecemos:<\/p>\n<h4>Archivo digital<\/h4>\n<p>El Sistema de Archivo Digital acelera los procesos empresariales, identifica y elimina los cuellos de botella al registrar electr\u00f3nicamente los movimientos de documentos internos y las transacciones con los clientes. Al tiempo que aumenta la seguridad de la informaci\u00f3n y los documentos, reduce la carga de trabajo tanto de la instituci\u00f3n como de los clientes y disminuye los costes al acelerar el proceso empresarial. El tiempo de acceso a los documentos se reduce al m\u00ednimo, con el consiguiente ahorro de trabajo y tiempo. Con este sistema, salen a la luz documentos cuya existencia hab\u00eda olvidado, m\u00e1s de una persona puede acceder al mismo documento al mismo tiempo, se garantiza el intercambio de informaci\u00f3n y la eficacia empresarial.<\/p>\n<h4>Sistema electr\u00f3nico de seguimiento de las declaraciones<\/h4>\n<p>Con el Sistema de Seguimiento de Declaraciones basado en Internet, el estado de las declaraciones de nuestros clientes se registra al instante mediante los ordenadores de mano y los tel\u00e9fonos m\u00f3viles de nuestro personal de aduanas. Con las contrase\u00f1as y nombres de usuario especiales facilitados a nuestros clientes, el acceso al Sistema de Seguimiento de Declaraciones se realiza a trav\u00e9s de Internet y el estado de la declaraci\u00f3n puede supervisarse al instante. Con las notificaciones realizadas a trav\u00e9s del sistema, el estado de la declaraci\u00f3n se notifica autom\u00e1ticamente y se env\u00eda a los clientes por correo electr\u00f3nico.<\/p>\n<h4>Integraci\u00f3n entre sistemas<\/h4>\n<p>Gracias a la integraci\u00f3n entre sistemas que ofrecemos a nuestros clientes, se agiliza el flujo de trabajo y la informaci\u00f3n en los procesos de declaraci\u00f3n y facturaci\u00f3n. Las integraciones se realizan para la creaci\u00f3n autom\u00e1tica de declaraciones y la transferencia de datos financieros.<\/p>\n<h4>Informes personalizados<\/h4>\n<p>Los representantes de los clientes que trabajan en \u00c7\u00f6zen Customs Brokerage intercambian informaci\u00f3n digitalmente a cualquier hora del d\u00eda con los gestores de operaciones externas y el personal que sigue los procesos de transacci\u00f3n de las declaraciones preparadas por el departamento de operaciones internas y enviadas a la aduana. Se env\u00edan informes de estado a los clientes en cada fase de las transacciones. Con estos informes, que se env\u00edan autom\u00e1ticamente dos veces al d\u00eda, los clientes pueden ver de forma clara y n\u00edtida el estado de todos los expedientes en curso, completados o pendientes.<\/p>\n<h4>Peticiones, sugerencias y quejas de los clientes<\/h4>\n<p>Todo tipo de comentarios, como peticiones, sugerencias, quejas y agradecimientos, pueden enviarse en l\u00ednea rellenando el formulario de comentarios de los clientes. Las notificaciones llegan a la unidad pertinente lo antes posible, se eval\u00faan, se procesan y se inicia el trabajo necesario. La evoluci\u00f3n y los resultados obtenidos durante el trabajo se comparten con los destinatarios.<\/p>\n<h4>Bolet\u00edn electr\u00f3nico sobre legislaci\u00f3n<\/h4>\n<p>\u00c7\u00f6zen Consultor\u00eda Aduanera clasifica las noticias de las empresas, los nuevos productos, los cambios y las novedades en la legislaci\u00f3n aduanera y de comercio exterior a nivel sectorial y general y las env\u00eda a sus clientes a trav\u00e9s de su personal experto. De este modo, los clientes disponen de informaci\u00f3n actualizada sobre todo tipo de cambios y obtienen ventajas en los procesos empresariales.<\/p>\n<p><strong>\u00c7\u00f6zen Asesor\u00eda Aduanera<\/strong> nuestro objetivo es ofrecerle el mejor servicio en sus tr\u00e1mites aduaneros con nuestras soluciones digitales e interactivas. Optimizamos sus procesos empresariales con innovaci\u00f3n y eficacia y aumentamos su competitividad. \u00a1D\u00e9 pasos seguros en sus procedimientos aduaneros trabajando con nosotros!<\/p>\n\t\t\t\t\t\t<\/div>\n\t\t\t\t<\/div>\n\t\t\t\t\t<\/div>\n\t\t\t\t<\/div>\n\t\t\t\t<section class=\"elementor-section elementor-top-section elementor-element elementor-element-fa0a35b elementor-section-boxed elementor-section-height-default elementor-section-height-default\" data-id=\"fa0a35b\" data-element_type=\"section\" data-settings=\"{&quot;background_background&quot;:&quot;classic&quot;}\">\n\t\t\t\t\t\t<div class=\"elementor-container elementor-column-gap-default\">\n\t\t\t\t\t<div class=\"elementor-column elementor-col-100 elementor-top-column elementor-element elementor-element-3962fda\" data-id=\"3962fda\" data-element_type=\"column\">\n\t\t\t<div class=\"elementor-widget-wrap elementor-element-populated\">\n\t\t\t\t\t\t<section class=\"elementor-section elementor-top-section elementor-element elementor-element-957b8b0 elementor-section-boxed elementor-section-height-default elementor-section-height-default\" data-id=\"957b8b0\" data-element_type=\"section\">\n\t\t\t\t\t\t<div class=\"elementor-container elementor-column-gap-default\">\n\t\t\t\t\t<div class=\"elementor-column elementor-col-100 elementor-top-column elementor-element elementor-element-adf2ee9\" data-id=\"adf2ee9\" data-element_type=\"column\">\n\t\t\t<div class=\"elementor-widget-wrap elementor-element-populated\">\n\t\t\t\t\t\t<div class=\"elementor-element elementor-element-ac7c14f elementor-widget elementor-widget-vc_custom_heading\" data-id=\"ac7c14f\" data-element_type=\"widget\" data-widget_type=\"vc_custom_heading.default\">\n\t\t\t\t<div class=\"elementor-widget-container\">\n\t\t\t<div class=\"vc_custom_heading no_stripe consulting_heading_font  text_align_center has_subtitle\" ><h4 style=\"font-size: 35px;color: #000000;text-align: center;line-height: 45px;font-weight:700\" class=\"consulting-custom-title\">Estamos a su lado para desarrollar las soluciones m\u00e1s adecuadas para usted\n<span class=\"subtitle\" style=\"color:#2A2A2A\"><br>Para satisfacer de la mejor manera las necesidades de nuestros apreciados clientes, estamos dispuestos a escuchar atentamente sus expectativas y demandas. <br>Juntos, determinaremos las estrategias m\u00e1s adecuadas para usted con nuestras innovaciones y soluciones personalizadas.<\/span><\/h4><\/div>\t\t<\/div>\n\t\t\t\t<\/div>\n\t\t\t\t<div class=\"elementor-element elementor-element-4965518 elementor-align-center elementor-widget elementor-widget-button\" data-id=\"4965518\" data-element_type=\"widget\" data-widget_type=\"button.default\">\n\t\t\t\t<div class=\"elementor-widget-container\">\n\t\t\t\t\t\t\t<div class=\"elementor-button-wrapper icon_align_row-reverse\">\n\t\t\t\t\t<a class=\"elementor-button elementor-button-link elementor-size-sm\" href=\"https:\/\/cozengumruk.net\/es\/comunicacion\/\">\n\t\t\t\t\t\t<span class=\"elementor-button-content-wrapper\">\n\t\t\t\t\t\t<span class=\"elementor-button-icon\">\n\t\t\t\t<i aria-hidden=\"true\" class=\"stm-lnr-arrow-right\"><\/i>\t\t\t<\/span>\n\t\t\t\t\t\t\t\t\t<span class=\"elementor-button-text\">Conozca a Solving Customs<\/span>\n\t\t\t\t\t<\/span>\n\t\t\t\t\t<\/a>\n\t\t\t\t<\/div>\n\t\t\t\t\t\t<\/div>\n\t\t\t\t<\/div>\n\t\t\t\t\t<\/div>\n\t\t<\/div>\n\t\t\t\t\t<\/div>\n\t\t<\/section>\n\t\t\t\t\t<\/div>\n\t\t<\/div>\n\t\t\t\t\t<\/div>\n\t\t<\/section>\n\t\t<div class=\"elementor-element elementor-element-1df0c19 e-flex e-con-boxed e-con e-parent\" data-id=\"1df0c19\" data-element_type=\"container\">\n\t\t\t\t\t<div class=\"e-con-inner\">\n\t\t\t\t<div class=\"elementor-element elementor-element-fec3469 elementor-widget elementor-widget-heading\" data-id=\"fec3469\" data-element_type=\"widget\" data-widget_type=\"heading.default\">\n\t\t\t\t<div class=\"elementor-widget-container\">\n\t\t\t<h2 class=\"elementor-heading-title elementor-size-default\">Nuestros servicios<\/h2>\t\t<\/div>\n\t\t\t\t<\/div>\n\t\t\t\t\t<\/div>\n\t\t\t\t<\/div>\n\t\t\t\t<section class=\"elementor-section elementor-top-section elementor-element elementor-element-5bc75e4 elementor-section-boxed elementor-section-height-default elementor-section-height-default\" data-id=\"5bc75e4\" data-element_type=\"section\" data-settings=\"{&quot;background_background&quot;:&quot;classic&quot;}\">\n\t\t\t\t\t\t<div class=\"elementor-container elementor-column-gap-default\">\n\t\t\t\t\t<div class=\"elementor-column elementor-col-33 elementor-top-column elementor-element elementor-element-fda840c\" data-id=\"fda840c\" data-element_type=\"column\">\n\t\t\t<div class=\"elementor-widget-wrap elementor-element-populated\">\n\t\t\t\t\t\t<div class=\"elementor-element elementor-element-74f7f54 elementor-widget elementor-widget-stm_info_box\" data-id=\"74f7f54\" data-element_type=\"widget\" data-widget_type=\"stm_info_box.default\">\n\t\t\t\t<div class=\"elementor-widget-container\">\n\t\t\t<div class=\"info_box elementor-consulting-info-box style_10\">\n\t<div class=\"icon\">\n\t\t<i class=\"fas fa-asterisk\"><\/i>\n\t<\/div>\n\t\t\t<div class=\"title\">\n\t\t\t<h4 class=\"no_stripe\">Servicios de despacho de aduanas<\/h4>\n\t\t<\/div>\n\t\t<p>\u00c7\u00f6zen Customs Consultancy ofrece servicios de despacho de aduanas r\u00e1pidos y fiables para sus transacciones de importaci\u00f3n y exportaci\u00f3n.<\/p>\n<a class=\"read_more\" target=\"_self\" href=\"https:\/\/cozengumruk.net\/es\/servicios-de-despacho-de-aduanas\/\"><span>Seguir leyendo<\/span><span class=\"stm_icon\"><i class=\"fa fa-chevron-right\"><\/i><\/span><\/a><\/div>\n\t\t<\/div>\n\t\t\t\t<\/div>\n\t\t\t\t\t<\/div>\n\t\t<\/div>\n\t\t\t\t<div class=\"elementor-column elementor-col-33 elementor-top-column elementor-element elementor-element-172ce00\" data-id=\"172ce00\" data-element_type=\"column\">\n\t\t\t<div class=\"elementor-widget-wrap elementor-element-populated\">\n\t\t\t\t\t\t<div class=\"elementor-element elementor-element-4287f56 elementor-widget elementor-widget-stm_info_box\" data-id=\"4287f56\" data-element_type=\"widget\" data-widget_type=\"stm_info_box.default\">\n\t\t\t\t<div class=\"elementor-widget-container\">\n\t\t\t<div class=\"info_box elementor-consulting-info-box style_10\">\n\t<div class=\"icon\">\n\t\t<i class=\"stm-chart-refresh\"><\/i>\n\t<\/div>\n\t\t\t<div class=\"title\">\n\t\t\t<h4 class=\"no_stripe\">Servicios de consultor\u00eda sobre legislaci\u00f3n<\/h4>\n\t\t<\/div>\n\t\t<p>\u00c7\u00f6zen Customs Consultancy le ofrece servicios de consultor\u00eda especializada para que pueda cumplir la legislaci\u00f3n comercial.<\/p>\n<a class=\"read_more\" target=\"_self\" href=\"https:\/\/cozengumruk.net\/es\/servicios-legislativos\/\"><span>Seguir leyendo<\/span><span class=\"stm_icon\"><i class=\"fa fa-chevron-right\"><\/i><\/span><\/a><\/div>\n\t\t<\/div>\n\t\t\t\t<\/div>\n\t\t\t\t\t<\/div>\n\t\t<\/div>\n\t\t\t\t<div class=\"elementor-column elementor-col-33 elementor-top-column elementor-element elementor-element-2a56d0a\" data-id=\"2a56d0a\" data-element_type=\"column\">\n\t\t\t<div class=\"elementor-widget-wrap elementor-element-populated\">\n\t\t\t\t\t\t<div class=\"elementor-element elementor-element-f5aca7c elementor-widget elementor-widget-stm_info_box\" data-id=\"f5aca7c\" data-element_type=\"widget\" data-widget_type=\"stm_info_box.default\">\n\t\t\t\t<div class=\"elementor-widget-container\">\n\t\t\t<div class=\"info_box elementor-consulting-info-box style_10\">\n\t<div class=\"icon\">\n\t\t<i class=\"fas fa-compress\"><\/i>\n\t<\/div>\n\t\t\t<div class=\"title\">\n\t\t\t<h4 class=\"no_stripe\">YYS | Servicios de consultor\u00eda AEO<\/h4>\n\t\t<\/div>\n\t\t<p>\u00c7\u00f6zen Customs Consultancy ofrece servicios de consultor\u00eda profesional en los procesos de obtenci\u00f3n de certificados (YYS) y (AEO).<\/p>\n<a class=\"read_more\" target=\"_self\" href=\"https:\/\/cozengumruk.net\/es\/yys-aeo-services\/\"><span>Seguir leyendo<\/span><span class=\"stm_icon\"><i class=\"fa fa-chevron-right\"><\/i><\/span><\/a><\/div>\n\t\t<\/div>\n\t\t\t\t<\/div>\n\t\t\t\t\t<\/div>\n\t\t<\/div>\n\t\t\t\t\t<\/div>\n\t\t<\/section>\n\t\t\t\t<section class=\"elementor-section elementor-top-section elementor-element elementor-element-9be5c1d elementor-section-boxed elementor-section-height-default elementor-section-height-default\" data-id=\"9be5c1d\" data-element_type=\"section\" data-settings=\"{&quot;background_background&quot;:&quot;classic&quot;}\">\n\t\t\t\t\t\t<div class=\"elementor-container elementor-column-gap-default\">\n\t\t\t\t\t<div class=\"elementor-column elementor-col-33 elementor-top-column elementor-element elementor-element-91c550d\" data-id=\"91c550d\" data-element_type=\"column\">\n\t\t\t<div class=\"elementor-widget-wrap elementor-element-populated\">\n\t\t\t\t\t\t<div class=\"elementor-element elementor-element-278a57f elementor-widget elementor-widget-stm_info_box\" data-id=\"278a57f\" data-element_type=\"widget\" data-widget_type=\"stm_info_box.default\">\n\t\t\t\t<div class=\"elementor-widget-container\">\n\t\t\t<div class=\"info_box elementor-consulting-info-box style_10\">\n\t<div class=\"icon\">\n\t\t<i class=\"stm-ankara-search\"><\/i>\n\t<\/div>\n\t\t\t<div class=\"title\">\n\t\t\t<h4 class=\"no_stripe\">Servicios de preparaci\u00f3n para inspecciones aduaneras<\/h4>\n\t\t<\/div>\n\t\t<p>\u00c7\u00f6zen Customs Consultancy le ofrece un apoyo integral en su proceso de preparaci\u00f3n para las inspecciones aduaneras.<\/p>\n<a class=\"read_more\" target=\"_self\" href=\"https:\/\/cozengumruk.net\/es\/servicios-de-preparacion-de-auditorias-aduaneras\/\"><span>Seguir leyendo<\/span><span class=\"stm_icon\"><i class=\"fa fa-chevron-right\"><\/i><\/span><\/a><\/div>\n\t\t<\/div>\n\t\t\t\t<\/div>\n\t\t\t\t\t<\/div>\n\t\t<\/div>\n\t\t\t\t<div class=\"elementor-column elementor-col-33 elementor-top-column elementor-element elementor-element-07fb850\" data-id=\"07fb850\" data-element_type=\"column\">\n\t\t\t<div class=\"elementor-widget-wrap elementor-element-populated\">\n\t\t\t\t\t\t<div class=\"elementor-element elementor-element-e10b99f elementor-widget elementor-widget-stm_info_box\" data-id=\"e10b99f\" data-element_type=\"widget\" data-widget_type=\"stm_info_box.default\">\n\t\t\t\t<div class=\"elementor-widget-container\">\n\t\t\t<div class=\"info_box elementor-consulting-info-box style_10\">\n\t<div class=\"icon\">\n\t\t<i class=\"fas fa-balance-scale\"><\/i>\n\t<\/div>\n\t\t\t<div class=\"title\">\n\t\t\t<h4 class=\"no_stripe\">Servicios de apoyo jur\u00eddico<\/h4>\n\t\t<\/div>\n\t\t<p>\u00c7\u00f6zen Customs Consultancy ofrece apoyo experto en procesos legales relacionados con el comercio.<\/p>\n<a class=\"read_more\" target=\"_self\" href=\"https:\/\/cozengumruk.net\/es\/servicios-de-apoyo-juridico\/\"><span>Seguir leyendo<\/span><span class=\"stm_icon\"><i class=\"fa fa-chevron-right\"><\/i><\/span><\/a><\/div>\n\t\t<\/div>\n\t\t\t\t<\/div>\n\t\t\t\t\t<\/div>\n\t\t<\/div>\n\t\t\t\t<div class=\"elementor-column elementor-col-33 elementor-top-column elementor-element elementor-element-4f33015\" data-id=\"4f33015\" data-element_type=\"column\">\n\t\t\t<div class=\"elementor-widget-wrap elementor-element-populated\">\n\t\t\t\t\t\t<div class=\"elementor-element elementor-element-560542b elementor-widget elementor-widget-stm_info_box\" data-id=\"560542b\" data-element_type=\"widget\" data-widget_type=\"stm_info_box.default\">\n\t\t\t\t<div class=\"elementor-widget-container\">\n\t\t\t<div class=\"info_box elementor-consulting-info-box style_10\">\n\t<div class=\"icon\">\n\t\t<i class=\"stm-earth\"><\/i>\n\t<\/div>\n\t\t\t<div class=\"title\">\n\t\t\t<h4 class=\"no_stripe\">Servicios de consultor\u00eda de zonas francas<\/h4>\n\t\t<\/div>\n\t\t<p>\u00c7\u00f6zen Customs Consultancy ofrece asesoramiento profesional para sus transacciones en zonas francas.<\/p>\n<a class=\"read_more\" target=\"_self\" href=\"https:\/\/cozengumruk.net\/es\/servicios-de-consultoria-en-zonas-francas\/\"><span>Seguir leyendo<\/span><span class=\"stm_icon\"><i class=\"fa fa-chevron-right\"><\/i><\/span><\/a><\/div>\n\t\t<\/div>\n\t\t\t\t<\/div>\n\t\t\t\t\t<\/div>\n\t\t<\/div>\n\t\t\t\t\t<\/div>\n\t\t<\/section>\n\t\t\t\t<section class=\"elementor-section elementor-top-section elementor-element elementor-element-19c7034 elementor-section-boxed elementor-section-height-default elementor-section-height-default\" data-id=\"19c7034\" data-element_type=\"section\">\n\t\t\t\t\t\t<div class=\"elementor-container elementor-column-gap-default\">\n\t\t\t\t\t<div class=\"elementor-column elementor-col-33 elementor-top-column elementor-element elementor-element-a947e8a\" data-id=\"a947e8a\" data-element_type=\"column\">\n\t\t\t<div class=\"elementor-widget-wrap elementor-element-populated\">\n\t\t\t\t\t\t<div class=\"elementor-element elementor-element-8245bf5 elementor-widget elementor-widget-stm_info_box\" data-id=\"8245bf5\" data-element_type=\"widget\" data-widget_type=\"stm_info_box.default\">\n\t\t\t\t<div class=\"elementor-widget-container\">\n\t\t\t<div class=\"info_box elementor-consulting-info-box style_10\">\n\t<div class=\"icon\">\n\t\t<i class=\"fas fa-parachute-box\"><\/i>\n\t<\/div>\n\t\t\t<div class=\"title\">\n\t\t\t<h4 class=\"no_stripe\">Servicios aduaneros interactivos<\/h4>\n\t\t<\/div>\n\t\t<p>\u00c7\u00f6zen Customs Consultancy presta servicios aduaneros r\u00e1pidos y eficaces a trav\u00e9s de plataformas digitales.<\/p>\n<a class=\"read_more\" target=\"_self\" href=\"https:\/\/cozengumruk.net\/es\/servicios-aduaneros-interactivos\/\"><span>Seguir leyendo<\/span><span class=\"stm_icon\"><i class=\"fa fa-chevron-right\"><\/i><\/span><\/a><\/div>\n\t\t<\/div>\n\t\t\t\t<\/div>\n\t\t\t\t\t<\/div>\n\t\t<\/div>\n\t\t\t\t<div class=\"elementor-column elementor-col-33 elementor-top-column elementor-element elementor-element-6f985ce\" data-id=\"6f985ce\" data-element_type=\"column\">\n\t\t\t<div class=\"elementor-widget-wrap elementor-element-populated\">\n\t\t\t\t\t\t<div class=\"elementor-element elementor-element-9ae9871 elementor-widget elementor-widget-stm_info_box\" data-id=\"9ae9871\" data-element_type=\"widget\" data-widget_type=\"stm_info_box.default\">\n\t\t\t\t<div class=\"elementor-widget-container\">\n\t\t\t<div class=\"info_box elementor-consulting-info-box style_10\">\n\t<div class=\"icon\">\n\t\t<i class=\"fas fa-pencil-alt\"><\/i>\n\t<\/div>\n\t\t\t<div class=\"title\">\n\t\t\t<h4 class=\"no_stripe\">Servicios educativos<\/h4>\n\t\t<\/div>\n\t\t<p>\u00c7\u00f6zen Asesor\u00eda Aduanera le ofrece una formaci\u00f3n completa para especializarse en temas aduaneros y de comercio exterior.<\/p>\n<a class=\"read_more\" target=\"_self\" href=\"https:\/\/cozengumruk.net\/es\/servicios-educativos\/\"><span>Seguir leyendo<\/span><span class=\"stm_icon\"><i class=\"fa fa-chevron-right\"><\/i><\/span><\/a><\/div>\n\t\t<\/div>\n\t\t\t\t<\/div>\n\t\t\t\t\t<\/div>\n\t\t<\/div>\n\t\t\t\t<div class=\"elementor-column elementor-col-33 elementor-top-column elementor-element elementor-element-ba23a95\" data-id=\"ba23a95\" data-element_type=\"column\">\n\t\t\t<div class=\"elementor-widget-wrap elementor-element-populated\">\n\t\t\t\t\t\t<div class=\"elementor-element elementor-element-05f70b0 elementor-widget elementor-widget-stm_info_box\" data-id=\"05f70b0\" data-element_type=\"widget\" data-widget_type=\"stm_info_box.default\">\n\t\t\t\t<div class=\"elementor-widget-container\">\n\t\t\t<div class=\"info_box elementor-consulting-info-box style_10\">\n\t<div class=\"icon\">\n\t\t<i class=\"fas fa-grip-horizontal\"><\/i>\n\t<\/div>\n\t\t\t<div class=\"title\">\n\t\t\t<h4 class=\"no_stripe\">Otros servicios<\/h4>\n\t\t<\/div>\n\t\t<p>\u00c7\u00f6zen Asesor\u00eda Aduanera ofrece diversos servicios adicionales espec\u00edficos para sus necesidades en el \u00e1mbito de las aduanas y el comercio exterior.<\/p>\n<div class=\"notranslate\" style=\"all: initial;\">\u00a0<\/div>\n<a class=\"read_more\" target=\"_self\" href=\"https:\/\/cozengumruk.net\/es\/otros-servicios-aduaneros\/\"><span>Seguir leyendo<\/span><span class=\"stm_icon\"><i class=\"fa fa-chevron-right\"><\/i><\/span><\/a><\/div>\n\t\t<\/div>\n\t\t\t\t<\/div>\n\t\t\t\t\t<\/div>\n\t\t<\/div>\n\t\t\t\t\t<\/div>\n\t\t<\/section>\n\t\t<div class=\"elementor-element elementor-element-f00f641 e-flex e-con-boxed e-con e-parent\" data-id=\"f00f641\" data-element_type=\"container\">\n\t\t\t\t\t<div class=\"e-con-inner\">\n\t\t\t\t<div class=\"elementor-element elementor-element-5619e5f elementor-hidden-mobile elementor-widget elementor-widget-stm_info_box\" data-id=\"5619e5f\" data-element_type=\"widget\" data-widget_type=\"stm_info_box.default\">\n\t\t\t\t<div class=\"elementor-widget-container\">\n\t\t\t<div class=\"info_box elementor-consulting-info-box style_10\">\n\t<div class=\"icon\">\n\t\t<i class=\"stm-worldwide-shipping\"><\/i>\n\t<\/div>\n\t\t\t<div class=\"title\">\n\t\t\t<h4 class=\"no_stripe\">Servicios log\u00edsticos<\/h4>\n\t\t<\/div>\n\t\t<p>\u00c7\u00f6zen Customs Consultancy gestiona todos sus procesos log\u00edsticos con eficacia y eficiencia. Acelera y facilita su negocio con soluciones de transporte, almacenamiento y distribuci\u00f3n.<\/p>\n<a class=\"read_more\" target=\"_self\" href=\"https:\/\/cozengumruk.net\/es\/servicios-logisticos\/\"><span>Seguir leyendo<\/span><span class=\"stm_icon\"><i class=\"fa fa-chevron-right\"><\/i><\/span><\/a><\/div>\n\t\t<\/div>\n\t\t\t\t<\/div>\n\t\t\t\t<div class=\"elementor-element elementor-element-726dd00 elementor-hidden-desktop elementor-hidden-tablet elementor-widget elementor-widget-stm_info_box\" data-id=\"726dd00\" data-element_type=\"widget\" data-widget_type=\"stm_info_box.default\">\n\t\t\t\t<div class=\"elementor-widget-container\">\n\t\t\t<div class=\"info_box elementor-consulting-info-box style_10\">\n\t<div class=\"icon\">\n\t\t<i class=\"stm-worldwide-shipping\"><\/i>\n\t<\/div>\n\t\t\t<div class=\"title\">\n\t\t\t<h4 class=\"no_stripe\">Servicios log\u00edsticos<\/h4>\n\t\t<\/div>\n\t\t<p>\u00c7\u00f6zen Customs Consultancy gestiona todos sus procesos log\u00edsticos con eficacia y eficiencia. Acelera y facilita su negocio con soluciones de transporte, almacenamiento y distribuci\u00f3n.<\/p>\n<a class=\"read_more\" target=\"_self\" href=\"https:\/\/cozengumruk.net\/es\/servicios-logisticos\/\"><span>Seguir leyendo<\/span><span class=\"stm_icon\"><i class=\"fa fa-chevron-right\"><\/i><\/span><\/a><\/div>\n\t\t<\/div>\n\t\t\t\t<\/div>\n\t\t\t\t\t<\/div>\n\t\t\t\t<\/div>\n\t\t\t\t<\/div>","protected":false},"excerpt":{"rendered":"<p>\u00c7\u00f6zen G\u00fcmr\u00fck M\u00fc\u015favirli\u011fi olarak sundu\u011fumuz dijital ve interaktif g\u00fcmr\u00fck hizmetleri, modern teknoloji ve yenilik\u00e7i \u00e7\u00f6z\u00fcmlerle m\u00fc\u015fterilerimizin t\u00fcm ihtiya\u00e7lar\u0131n\u0131 kar\u015f\u0131lamaktad\u0131r. Geli\u015fmi\u015f sistemlerimiz ve profesyonel kadromuzla i\u015f s\u00fcre\u00e7lerinizi kolayla\u015ft\u0131r\u0131yor, h\u0131zland\u0131r\u0131yor ve verimlili\u011finizi art\u0131r\u0131yoruz. \u0130\u015fte sundu\u011fumuz hizmetler: Dijital Ar\u015fiv Dijital Ar\u015fiv Sistemi, kurum i\u00e7i evrak hareketlerini ve m\u00fc\u015fterilerle yap\u0131lan i\u015flemleri elektronik ortamda kay\u0131t alt\u0131na alarak i\u015f s\u00fcre\u00e7lerini h\u0131zland\u0131r\u0131r,<\/p>","protected":false},"author":1,"featured_media":0,"parent":0,"menu_order":0,"comment_status":"closed","ping_status":"closed","template":"","meta":{"footnotes":""},"class_list":["post-7628","page","type-page","status-publish","hentry"],"_links":{"self":[{"href":"https:\/\/cozengumruk.net\/es\/wp-json\/wp\/v2\/pages\/7628","targetHints":{"allow":["GET"]}}],"collection":[{"href":"https:\/\/cozengumruk.net\/es\/wp-json\/wp\/v2\/pages"}],"about":[{"href":"https:\/\/cozengumruk.net\/es\/wp-json\/wp\/v2\/types\/page"}],"author":[{"embeddable":true,"href":"https:\/\/cozengumruk.net\/es\/wp-json\/wp\/v2\/users\/1"}],"replies":[{"embeddable":true,"href":"https:\/\/cozengumruk.net\/es\/wp-json\/wp\/v2\/comments?post=7628"}],"version-history":[{"count":7,"href":"https:\/\/cozengumruk.net\/es\/wp-json\/wp\/v2\/pages\/7628\/revisions"}],"predecessor-version":[{"id":7684,"href":"https:\/\/cozengumruk.net\/es\/wp-json\/wp\/v2\/pages\/7628\/revisions\/7684"}],"wp:attachment":[{"href":"https:\/\/cozengumruk.net\/es\/wp-json\/wp\/v2\/media?parent=7628"}],"curies":[{"name":"wp","href":"https:\/\/api.w.org\/{rel}","templated":true}]}}