{"id":7633,"date":"2024-07-26T11:04:47","date_gmt":"2024-07-26T08:04:47","guid":{"rendered":"https:\/\/cozengumruk.net\/?page_id=7633"},"modified":"2024-07-26T12:10:44","modified_gmt":"2024-07-26T09:10:44","slug":"egitim-hizmetleri","status":"publish","type":"page","link":"https:\/\/cozengumruk.net\/es\/servicios-educativos\/","title":{"rendered":"Servicios educativos"},"content":{"rendered":"<div data-elementor-type=\"wp-page\" data-elementor-id=\"7633\" class=\"elementor elementor-7633\" data-elementor-post-type=\"page\">\n\t\t\t\t<div class=\"elementor-element elementor-element-a269fe7 e-flex e-con-boxed e-con e-parent\" data-id=\"a269fe7\" data-element_type=\"container\">\n\t\t\t\t\t<div class=\"e-con-inner\">\n\t\t\t\t<div class=\"elementor-element elementor-element-274460c elementor-widget elementor-widget-text-editor\" data-id=\"274460c\" data-element_type=\"widget\" data-widget_type=\"text-editor.default\">\n\t\t\t\t<div class=\"elementor-widget-container\">\n\t\t\t\t\t\t\t<p><strong>\u00c7\u00f6zen Asesor\u00eda Aduanera<\/strong> Sabemos que las empresas necesitan utilizar sus recursos humanos de la forma m\u00e1s eficiente para realizar sus objetivos y alcanzar sus metas. El desarrollo, la motivaci\u00f3n y la eficacia de nuestros empleados son nuestra mayor fortaleza para alcanzar el \u00e9xito. Por este motivo, implantamos sistemas y pr\u00e1cticas que contribuyen al desarrollo profesional de nuestros empleados.<\/p>\n<p>Las empresas del grupo\u00a0<strong>\u00c7\u00f6zen Asesor\u00eda Aduanera<\/strong> Con el tiempo, nuestras actividades de formaci\u00f3n, que se establecieron en el seno de nuestra empresa, se han convertido en organismos de formaci\u00f3n peri\u00f3dica en materia de aduanas y comercio exterior de los que se pueden beneficiar no s\u00f3lo nuestros empleados, sino tambi\u00e9n nuestros clientes y los candidatos profesionales que deseen formar parte del sector.<\/p>\n<p>Estas formaciones, adem\u00e1s de su importante contribuci\u00f3n al desarrollo del sector, aumentan la motivaci\u00f3n y el rendimiento de todos nuestros empleados e incrementan notablemente nuestra eficacia operativa.<\/p>\n<p>Los temas de los programas de formaci\u00f3n en aduanas y comercio exterior organizados por \u00c7\u00f6zen Customs Consultancy se enumeran en general a continuaci\u00f3n:<\/p>\n<ul>\n<li>Introducci\u00f3n general al comercio exterior<\/li>\n<li>Entrega y formas de pago<\/li>\n<li>Pr\u00e1cticas aduaneras b\u00e1sicas<\/li>\n<li>Legislaci\u00f3n y pr\u00e1cticas en materia de importaci\u00f3n<\/li>\n<li>Legislaci\u00f3n y pr\u00e1cticas en materia de exportaci\u00f3n<\/li>\n<li>Legislaci\u00f3n aduanera y proceso operativo<\/li>\n<li>Inspecci\u00f3n de la seguridad de los productos Aplicaciones CE<\/li>\n<li>R\u00e9gimen de perfeccionamiento activo y pasivo<\/li>\n<li>Legislaci\u00f3n sobre incentivos a la inversi\u00f3n<\/li>\n<li>Medidas arancelarias y no arancelarias en el comercio exterior<\/li>\n<li>Legislaci\u00f3n sobre aplicaci\u00f3n y clasificaci\u00f3n de aranceles aduaneros<\/li>\n<li>Certificados de origen y circulaci\u00f3n<\/li>\n<li>Legislaci\u00f3n sobre contrabando<\/li>\n<li>Legislaci\u00f3n sobre zonas francas<\/li>\n<li>Legislaci\u00f3n sobre divisas<\/li>\n<li>IVA, Legislaci\u00f3n SCT<\/li>\n<li>Legislaci\u00f3n sobre YYS y OKS<\/li>\n<li>Definici\u00f3n y conceptos de control posterior<\/li>\n<li>Responsabilidades jur\u00eddicas y penales en materia aduanera<\/li>\n<\/ul>\n<p>Adem\u00e1s de estos temas de formaci\u00f3n organizados dentro de nuestra empresa, las formaciones obligatorias que deben realizar las empresas que poseen el certificado YYS son llevadas a cabo con \u00e9xito por los formadores que representan un nivel avanzado de conocimientos y una amplia experiencia en el campo de YYS que trabajan en nuestra empresa.<\/p>\n\t\t\t\t\t\t<\/div>\n\t\t\t\t<\/div>\n\t\t\t\t\t<\/div>\n\t\t\t\t<\/div>\n\t\t\t\t<section class=\"elementor-section elementor-top-section elementor-element elementor-element-fa0a35b elementor-section-boxed elementor-section-height-default elementor-section-height-default\" data-id=\"fa0a35b\" data-element_type=\"section\" data-settings=\"{&quot;background_background&quot;:&quot;classic&quot;}\">\n\t\t\t\t\t\t<div class=\"elementor-container elementor-column-gap-default\">\n\t\t\t\t\t<div class=\"elementor-column elementor-col-100 elementor-top-column elementor-element elementor-element-3962fda\" data-id=\"3962fda\" data-element_type=\"column\">\n\t\t\t<div class=\"elementor-widget-wrap elementor-element-populated\">\n\t\t\t\t\t\t<section class=\"elementor-section elementor-top-section elementor-element elementor-element-957b8b0 elementor-section-boxed elementor-section-height-default elementor-section-height-default\" data-id=\"957b8b0\" data-element_type=\"section\">\n\t\t\t\t\t\t<div class=\"elementor-container elementor-column-gap-default\">\n\t\t\t\t\t<div class=\"elementor-column elementor-col-100 elementor-top-column elementor-element elementor-element-adf2ee9\" data-id=\"adf2ee9\" data-element_type=\"column\">\n\t\t\t<div class=\"elementor-widget-wrap elementor-element-populated\">\n\t\t\t\t\t\t<div class=\"elementor-element elementor-element-ac7c14f elementor-widget elementor-widget-vc_custom_heading\" data-id=\"ac7c14f\" data-element_type=\"widget\" data-widget_type=\"vc_custom_heading.default\">\n\t\t\t\t<div class=\"elementor-widget-container\">\n\t\t\t<div class=\"vc_custom_heading no_stripe consulting_heading_font  text_align_center has_subtitle\" ><h4 style=\"font-size: 35px;color: #000000;text-align: center;line-height: 45px;font-weight:700\" class=\"consulting-custom-title\">Estamos a su lado para desarrollar las soluciones m\u00e1s adecuadas para usted\n<span class=\"subtitle\" style=\"color:#2A2A2A\"><br>Para satisfacer de la mejor manera las necesidades de nuestros apreciados clientes, estamos dispuestos a escuchar atentamente sus expectativas y demandas. <br>Juntos, determinaremos las estrategias m\u00e1s adecuadas para usted con nuestras innovaciones y soluciones personalizadas.<\/span><\/h4><\/div>\t\t<\/div>\n\t\t\t\t<\/div>\n\t\t\t\t<div class=\"elementor-element elementor-element-4965518 elementor-align-center elementor-widget elementor-widget-button\" data-id=\"4965518\" data-element_type=\"widget\" data-widget_type=\"button.default\">\n\t\t\t\t<div class=\"elementor-widget-container\">\n\t\t\t\t\t\t\t<div class=\"elementor-button-wrapper icon_align_row-reverse\">\n\t\t\t\t\t<a class=\"elementor-button elementor-button-link elementor-size-sm\" href=\"https:\/\/cozengumruk.net\/es\/comunicacion\/\">\n\t\t\t\t\t\t<span class=\"elementor-button-content-wrapper\">\n\t\t\t\t\t\t<span class=\"elementor-button-icon\">\n\t\t\t\t<i aria-hidden=\"true\" class=\"stm-lnr-arrow-right\"><\/i>\t\t\t<\/span>\n\t\t\t\t\t\t\t\t\t<span class=\"elementor-button-text\">Conozca a Solving Customs<\/span>\n\t\t\t\t\t<\/span>\n\t\t\t\t\t<\/a>\n\t\t\t\t<\/div>\n\t\t\t\t\t\t<\/div>\n\t\t\t\t<\/div>\n\t\t\t\t\t<\/div>\n\t\t<\/div>\n\t\t\t\t\t<\/div>\n\t\t<\/section>\n\t\t\t\t\t<\/div>\n\t\t<\/div>\n\t\t\t\t\t<\/div>\n\t\t<\/section>\n\t\t<div class=\"elementor-element elementor-element-b27a481 e-flex e-con-boxed e-con e-parent\" data-id=\"b27a481\" data-element_type=\"container\">\n\t\t\t\t\t<div class=\"e-con-inner\">\n\t\t\t\t<div class=\"elementor-element elementor-element-82ec392 elementor-widget elementor-widget-heading\" data-id=\"82ec392\" data-element_type=\"widget\" data-widget_type=\"heading.default\">\n\t\t\t\t<div class=\"elementor-widget-container\">\n\t\t\t<h2 class=\"elementor-heading-title elementor-size-default\">Nuestros servicios<\/h2>\t\t<\/div>\n\t\t\t\t<\/div>\n\t\t\t\t\t<\/div>\n\t\t\t\t<\/div>\n\t\t\t\t<section class=\"elementor-section elementor-top-section elementor-element elementor-element-beb6269 elementor-section-boxed elementor-section-height-default elementor-section-height-default\" data-id=\"beb6269\" data-element_type=\"section\" data-settings=\"{&quot;background_background&quot;:&quot;classic&quot;}\">\n\t\t\t\t\t\t<div class=\"elementor-container elementor-column-gap-default\">\n\t\t\t\t\t<div class=\"elementor-column elementor-col-33 elementor-top-column elementor-element elementor-element-fd0bb7b\" data-id=\"fd0bb7b\" data-element_type=\"column\">\n\t\t\t<div class=\"elementor-widget-wrap elementor-element-populated\">\n\t\t\t\t\t\t<div class=\"elementor-element elementor-element-eaba130 elementor-widget elementor-widget-stm_info_box\" data-id=\"eaba130\" data-element_type=\"widget\" data-widget_type=\"stm_info_box.default\">\n\t\t\t\t<div class=\"elementor-widget-container\">\n\t\t\t<div class=\"info_box elementor-consulting-info-box style_10\">\n\t<div class=\"icon\">\n\t\t<i class=\"fas fa-asterisk\"><\/i>\n\t<\/div>\n\t\t\t<div class=\"title\">\n\t\t\t<h4 class=\"no_stripe\">Servicios de despacho de aduanas<\/h4>\n\t\t<\/div>\n\t\t<p>\u00c7\u00f6zen Customs Consultancy ofrece servicios de despacho de aduanas r\u00e1pidos y fiables para sus transacciones de importaci\u00f3n y exportaci\u00f3n.<\/p>\n<a class=\"read_more\" target=\"_self\" href=\"https:\/\/cozengumruk.net\/es\/servicios-de-despacho-de-aduanas\/\"><span>Seguir leyendo<\/span><span class=\"stm_icon\"><i class=\"fa fa-chevron-right\"><\/i><\/span><\/a><\/div>\n\t\t<\/div>\n\t\t\t\t<\/div>\n\t\t\t\t\t<\/div>\n\t\t<\/div>\n\t\t\t\t<div class=\"elementor-column elementor-col-33 elementor-top-column elementor-element elementor-element-0b15870\" data-id=\"0b15870\" data-element_type=\"column\">\n\t\t\t<div class=\"elementor-widget-wrap elementor-element-populated\">\n\t\t\t\t\t\t<div class=\"elementor-element elementor-element-3a1dd1b elementor-widget elementor-widget-stm_info_box\" data-id=\"3a1dd1b\" data-element_type=\"widget\" data-widget_type=\"stm_info_box.default\">\n\t\t\t\t<div class=\"elementor-widget-container\">\n\t\t\t<div class=\"info_box elementor-consulting-info-box style_10\">\n\t<div class=\"icon\">\n\t\t<i class=\"stm-chart-refresh\"><\/i>\n\t<\/div>\n\t\t\t<div class=\"title\">\n\t\t\t<h4 class=\"no_stripe\">Servicios de consultor\u00eda sobre legislaci\u00f3n<\/h4>\n\t\t<\/div>\n\t\t<p>\u00c7\u00f6zen Customs Consultancy le ofrece servicios de consultor\u00eda especializada para que pueda cumplir la legislaci\u00f3n comercial.<\/p>\n<a class=\"read_more\" target=\"_self\" href=\"https:\/\/cozengumruk.net\/es\/servicios-legislativos\/\"><span>Seguir leyendo<\/span><span class=\"stm_icon\"><i class=\"fa fa-chevron-right\"><\/i><\/span><\/a><\/div>\n\t\t<\/div>\n\t\t\t\t<\/div>\n\t\t\t\t\t<\/div>\n\t\t<\/div>\n\t\t\t\t<div class=\"elementor-column elementor-col-33 elementor-top-column elementor-element elementor-element-f513fec\" data-id=\"f513fec\" data-element_type=\"column\">\n\t\t\t<div class=\"elementor-widget-wrap elementor-element-populated\">\n\t\t\t\t\t\t<div class=\"elementor-element elementor-element-d6937a5 elementor-widget elementor-widget-stm_info_box\" data-id=\"d6937a5\" data-element_type=\"widget\" data-widget_type=\"stm_info_box.default\">\n\t\t\t\t<div class=\"elementor-widget-container\">\n\t\t\t<div class=\"info_box elementor-consulting-info-box style_10\">\n\t<div class=\"icon\">\n\t\t<i class=\"fas fa-compress\"><\/i>\n\t<\/div>\n\t\t\t<div class=\"title\">\n\t\t\t<h4 class=\"no_stripe\">YYS | Servicios de consultor\u00eda AEO<\/h4>\n\t\t<\/div>\n\t\t<p>\u00c7\u00f6zen Customs Consultancy ofrece servicios de consultor\u00eda profesional en los procesos de obtenci\u00f3n de certificados (YYS) y (AEO).<\/p>\n<a class=\"read_more\" target=\"_self\" href=\"https:\/\/cozengumruk.net\/es\/yys-aeo-services\/\"><span>Seguir leyendo<\/span><span class=\"stm_icon\"><i class=\"fa fa-chevron-right\"><\/i><\/span><\/a><\/div>\n\t\t<\/div>\n\t\t\t\t<\/div>\n\t\t\t\t\t<\/div>\n\t\t<\/div>\n\t\t\t\t\t<\/div>\n\t\t<\/section>\n\t\t\t\t<section class=\"elementor-section elementor-top-section elementor-element elementor-element-a396533 elementor-section-boxed elementor-section-height-default elementor-section-height-default\" data-id=\"a396533\" data-element_type=\"section\" data-settings=\"{&quot;background_background&quot;:&quot;classic&quot;}\">\n\t\t\t\t\t\t<div class=\"elementor-container elementor-column-gap-default\">\n\t\t\t\t\t<div class=\"elementor-column elementor-col-33 elementor-top-column elementor-element elementor-element-207afa3\" data-id=\"207afa3\" data-element_type=\"column\">\n\t\t\t<div class=\"elementor-widget-wrap elementor-element-populated\">\n\t\t\t\t\t\t<div class=\"elementor-element elementor-element-188f696 elementor-widget elementor-widget-stm_info_box\" data-id=\"188f696\" data-element_type=\"widget\" data-widget_type=\"stm_info_box.default\">\n\t\t\t\t<div class=\"elementor-widget-container\">\n\t\t\t<div class=\"info_box elementor-consulting-info-box style_10\">\n\t<div class=\"icon\">\n\t\t<i class=\"stm-ankara-search\"><\/i>\n\t<\/div>\n\t\t\t<div class=\"title\">\n\t\t\t<h4 class=\"no_stripe\">Servicios de preparaci\u00f3n para inspecciones aduaneras<\/h4>\n\t\t<\/div>\n\t\t<p>\u00c7\u00f6zen Customs Consultancy le ofrece un apoyo integral en su proceso de preparaci\u00f3n para las inspecciones aduaneras.<\/p>\n<a class=\"read_more\" target=\"_self\" href=\"https:\/\/cozengumruk.net\/es\/servicios-de-preparacion-de-auditorias-aduaneras\/\"><span>Seguir leyendo<\/span><span class=\"stm_icon\"><i class=\"fa fa-chevron-right\"><\/i><\/span><\/a><\/div>\n\t\t<\/div>\n\t\t\t\t<\/div>\n\t\t\t\t\t<\/div>\n\t\t<\/div>\n\t\t\t\t<div class=\"elementor-column elementor-col-33 elementor-top-column elementor-element elementor-element-1dc71e0\" data-id=\"1dc71e0\" data-element_type=\"column\">\n\t\t\t<div class=\"elementor-widget-wrap elementor-element-populated\">\n\t\t\t\t\t\t<div class=\"elementor-element elementor-element-cff99bd elementor-widget elementor-widget-stm_info_box\" data-id=\"cff99bd\" data-element_type=\"widget\" data-widget_type=\"stm_info_box.default\">\n\t\t\t\t<div class=\"elementor-widget-container\">\n\t\t\t<div class=\"info_box elementor-consulting-info-box style_10\">\n\t<div class=\"icon\">\n\t\t<i class=\"fas fa-balance-scale\"><\/i>\n\t<\/div>\n\t\t\t<div class=\"title\">\n\t\t\t<h4 class=\"no_stripe\">Servicios de apoyo jur\u00eddico<\/h4>\n\t\t<\/div>\n\t\t<p>\u00c7\u00f6zen Customs Consultancy ofrece apoyo experto en procesos legales relacionados con el comercio.<\/p>\n<a class=\"read_more\" target=\"_self\" href=\"https:\/\/cozengumruk.net\/es\/servicios-de-apoyo-juridico\/\"><span>Seguir leyendo<\/span><span class=\"stm_icon\"><i class=\"fa fa-chevron-right\"><\/i><\/span><\/a><\/div>\n\t\t<\/div>\n\t\t\t\t<\/div>\n\t\t\t\t\t<\/div>\n\t\t<\/div>\n\t\t\t\t<div class=\"elementor-column elementor-col-33 elementor-top-column elementor-element elementor-element-af1384a\" data-id=\"af1384a\" data-element_type=\"column\">\n\t\t\t<div class=\"elementor-widget-wrap elementor-element-populated\">\n\t\t\t\t\t\t<div class=\"elementor-element elementor-element-d3dc1b1 elementor-widget elementor-widget-stm_info_box\" data-id=\"d3dc1b1\" data-element_type=\"widget\" data-widget_type=\"stm_info_box.default\">\n\t\t\t\t<div class=\"elementor-widget-container\">\n\t\t\t<div class=\"info_box elementor-consulting-info-box style_10\">\n\t<div class=\"icon\">\n\t\t<i class=\"stm-earth\"><\/i>\n\t<\/div>\n\t\t\t<div class=\"title\">\n\t\t\t<h4 class=\"no_stripe\">Servicios de consultor\u00eda de zonas francas<\/h4>\n\t\t<\/div>\n\t\t<p>\u00c7\u00f6zen Customs Consultancy ofrece asesoramiento profesional para sus transacciones en zonas francas.<\/p>\n<a class=\"read_more\" target=\"_self\" href=\"https:\/\/cozengumruk.net\/es\/servicios-de-consultoria-en-zonas-francas\/\"><span>Seguir leyendo<\/span><span class=\"stm_icon\"><i class=\"fa fa-chevron-right\"><\/i><\/span><\/a><\/div>\n\t\t<\/div>\n\t\t\t\t<\/div>\n\t\t\t\t\t<\/div>\n\t\t<\/div>\n\t\t\t\t\t<\/div>\n\t\t<\/section>\n\t\t\t\t<section class=\"elementor-section elementor-top-section elementor-element elementor-element-29ac40f elementor-section-boxed elementor-section-height-default elementor-section-height-default\" data-id=\"29ac40f\" data-element_type=\"section\">\n\t\t\t\t\t\t<div class=\"elementor-container elementor-column-gap-default\">\n\t\t\t\t\t<div class=\"elementor-column elementor-col-33 elementor-top-column elementor-element elementor-element-e9db96e\" data-id=\"e9db96e\" data-element_type=\"column\">\n\t\t\t<div class=\"elementor-widget-wrap elementor-element-populated\">\n\t\t\t\t\t\t<div class=\"elementor-element elementor-element-394445f elementor-widget elementor-widget-stm_info_box\" data-id=\"394445f\" data-element_type=\"widget\" data-widget_type=\"stm_info_box.default\">\n\t\t\t\t<div class=\"elementor-widget-container\">\n\t\t\t<div class=\"info_box elementor-consulting-info-box style_10\">\n\t<div class=\"icon\">\n\t\t<i class=\"fas fa-parachute-box\"><\/i>\n\t<\/div>\n\t\t\t<div class=\"title\">\n\t\t\t<h4 class=\"no_stripe\">Servicios aduaneros interactivos<\/h4>\n\t\t<\/div>\n\t\t<p>\u00c7\u00f6zen Customs Consultancy presta servicios aduaneros r\u00e1pidos y eficaces a trav\u00e9s de plataformas digitales.<\/p>\n<a class=\"read_more\" target=\"_self\" href=\"https:\/\/cozengumruk.net\/es\/servicios-aduaneros-interactivos\/\"><span>Seguir leyendo<\/span><span class=\"stm_icon\"><i class=\"fa fa-chevron-right\"><\/i><\/span><\/a><\/div>\n\t\t<\/div>\n\t\t\t\t<\/div>\n\t\t\t\t\t<\/div>\n\t\t<\/div>\n\t\t\t\t<div class=\"elementor-column elementor-col-33 elementor-top-column elementor-element elementor-element-cdfd6d0\" data-id=\"cdfd6d0\" data-element_type=\"column\">\n\t\t\t<div class=\"elementor-widget-wrap elementor-element-populated\">\n\t\t\t\t\t\t<div class=\"elementor-element elementor-element-963a3ac elementor-widget elementor-widget-stm_info_box\" data-id=\"963a3ac\" data-element_type=\"widget\" data-widget_type=\"stm_info_box.default\">\n\t\t\t\t<div class=\"elementor-widget-container\">\n\t\t\t<div class=\"info_box elementor-consulting-info-box style_10\">\n\t<div class=\"icon\">\n\t\t<i class=\"fas fa-pencil-alt\"><\/i>\n\t<\/div>\n\t\t\t<div class=\"title\">\n\t\t\t<h4 class=\"no_stripe\">Servicios educativos<\/h4>\n\t\t<\/div>\n\t\t<p>\u00c7\u00f6zen Asesor\u00eda Aduanera le ofrece una formaci\u00f3n completa para especializarse en temas aduaneros y de comercio exterior.<\/p>\n<a class=\"read_more\" target=\"_self\" href=\"https:\/\/cozengumruk.net\/es\/servicios-educativos\/\"><span>Seguir leyendo<\/span><span class=\"stm_icon\"><i class=\"fa fa-chevron-right\"><\/i><\/span><\/a><\/div>\n\t\t<\/div>\n\t\t\t\t<\/div>\n\t\t\t\t\t<\/div>\n\t\t<\/div>\n\t\t\t\t<div class=\"elementor-column elementor-col-33 elementor-top-column elementor-element elementor-element-4dc54f3\" data-id=\"4dc54f3\" data-element_type=\"column\">\n\t\t\t<div class=\"elementor-widget-wrap elementor-element-populated\">\n\t\t\t\t\t\t<div class=\"elementor-element elementor-element-56a9fad elementor-widget elementor-widget-stm_info_box\" data-id=\"56a9fad\" data-element_type=\"widget\" data-widget_type=\"stm_info_box.default\">\n\t\t\t\t<div class=\"elementor-widget-container\">\n\t\t\t<div class=\"info_box elementor-consulting-info-box style_10\">\n\t<div class=\"icon\">\n\t\t<i class=\"fas fa-grip-horizontal\"><\/i>\n\t<\/div>\n\t\t\t<div class=\"title\">\n\t\t\t<h4 class=\"no_stripe\">Otros servicios<\/h4>\n\t\t<\/div>\n\t\t<p>\u00c7\u00f6zen Asesor\u00eda Aduanera ofrece diversos servicios adicionales espec\u00edficos para sus necesidades en el \u00e1mbito de las aduanas y el comercio exterior.<\/p>\n<div class=\"notranslate\" style=\"all: initial;\">\u00a0<\/div>\n<a class=\"read_more\" target=\"_self\" href=\"https:\/\/cozengumruk.net\/es\/otros-servicios-aduaneros\/\"><span>Seguir leyendo<\/span><span class=\"stm_icon\"><i class=\"fa fa-chevron-right\"><\/i><\/span><\/a><\/div>\n\t\t<\/div>\n\t\t\t\t<\/div>\n\t\t\t\t\t<\/div>\n\t\t<\/div>\n\t\t\t\t\t<\/div>\n\t\t<\/section>\n\t\t<div class=\"elementor-element elementor-element-127d4ee e-flex e-con-boxed e-con e-parent\" data-id=\"127d4ee\" data-element_type=\"container\">\n\t\t\t\t\t<div class=\"e-con-inner\">\n\t\t\t\t<div class=\"elementor-element elementor-element-eecf112 elementor-hidden-mobile elementor-widget elementor-widget-stm_info_box\" data-id=\"eecf112\" data-element_type=\"widget\" data-widget_type=\"stm_info_box.default\">\n\t\t\t\t<div class=\"elementor-widget-container\">\n\t\t\t<div class=\"info_box elementor-consulting-info-box style_10\">\n\t<div class=\"icon\">\n\t\t<i class=\"stm-worldwide-shipping\"><\/i>\n\t<\/div>\n\t\t\t<div class=\"title\">\n\t\t\t<h4 class=\"no_stripe\">Servicios log\u00edsticos<\/h4>\n\t\t<\/div>\n\t\t<p>\u00c7\u00f6zen Customs Consultancy gestiona todos sus procesos log\u00edsticos con eficacia y eficiencia. Acelera y facilita su negocio con soluciones de transporte, almacenamiento y distribuci\u00f3n.<\/p>\n<a class=\"read_more\" target=\"_self\" href=\"https:\/\/cozengumruk.net\/es\/servicios-logisticos\/\"><span>Seguir leyendo<\/span><span class=\"stm_icon\"><i class=\"fa fa-chevron-right\"><\/i><\/span><\/a><\/div>\n\t\t<\/div>\n\t\t\t\t<\/div>\n\t\t\t\t<div class=\"elementor-element elementor-element-ce4b7f4 elementor-hidden-desktop elementor-hidden-tablet elementor-widget elementor-widget-stm_info_box\" data-id=\"ce4b7f4\" data-element_type=\"widget\" data-widget_type=\"stm_info_box.default\">\n\t\t\t\t<div class=\"elementor-widget-container\">\n\t\t\t<div class=\"info_box elementor-consulting-info-box style_10\">\n\t<div class=\"icon\">\n\t\t<i class=\"stm-worldwide-shipping\"><\/i>\n\t<\/div>\n\t\t\t<div class=\"title\">\n\t\t\t<h4 class=\"no_stripe\">Servicios log\u00edsticos<\/h4>\n\t\t<\/div>\n\t\t<p>\u00c7\u00f6zen Customs Consultancy gestiona todos sus procesos log\u00edsticos con eficacia y eficiencia. Acelera y facilita su negocio con soluciones de transporte, almacenamiento y distribuci\u00f3n.<\/p>\n<a class=\"read_more\" target=\"_self\" href=\"https:\/\/cozengumruk.net\/es\/servicios-logisticos\/\"><span>Seguir leyendo<\/span><span class=\"stm_icon\"><i class=\"fa fa-chevron-right\"><\/i><\/span><\/a><\/div>\n\t\t<\/div>\n\t\t\t\t<\/div>\n\t\t\t\t\t<\/div>\n\t\t\t\t<\/div>\n\t\t\t\t<\/div>","protected":false},"excerpt":{"rendered":"<p>\u00c7\u00f6zen G\u00fcmr\u00fck M\u00fc\u015favirli\u011fi olarak, i\u015fletmelerin ama\u00e7lar\u0131n\u0131 ger\u00e7ekle\u015ftirebilmeleri ve hedeflerine ula\u015fabilmeleri i\u00e7in sahip olduklar\u0131 insan kaynaklar\u0131n\u0131 en verimli \u015fekilde kullanmalar\u0131 gerekti\u011fini biliyoruz. \u00c7al\u0131\u015fanlar\u0131m\u0131z\u0131n geli\u015fimi, motivasyonu ve verimlili\u011fi, ba\u015far\u0131ya ula\u015fmam\u0131zda en b\u00fcy\u00fck g\u00fcc\u00fcm\u00fczd\u00fcr. Bu nedenle, \u00e7al\u0131\u015fanlar\u0131m\u0131z\u0131n mesleki geli\u015fimine katk\u0131 sa\u011flayacak sistem ve uygulamalar\u0131 hayata ge\u00e7irmekteyiz. Grup \u015firketlerimizden\u00a0\u00c7\u00f6zen G\u00fcmr\u00fck M\u00fc\u015favirli\u011fi b\u00fcnyesinde olu\u015fturulan e\u011fitim faaliyetlerimiz, zaman i\u00e7inde sadece \u00e7al\u0131\u015fanlar\u0131m\u0131z\u0131n<\/p>","protected":false},"author":1,"featured_media":0,"parent":0,"menu_order":0,"comment_status":"closed","ping_status":"closed","template":"","meta":{"footnotes":""},"class_list":["post-7633","page","type-page","status-publish","hentry"],"_links":{"self":[{"href":"https:\/\/cozengumruk.net\/es\/wp-json\/wp\/v2\/pages\/7633","targetHints":{"allow":["GET"]}}],"collection":[{"href":"https:\/\/cozengumruk.net\/es\/wp-json\/wp\/v2\/pages"}],"about":[{"href":"https:\/\/cozengumruk.net\/es\/wp-json\/wp\/v2\/types\/page"}],"author":[{"embeddable":true,"href":"https:\/\/cozengumruk.net\/es\/wp-json\/wp\/v2\/users\/1"}],"replies":[{"embeddable":true,"href":"https:\/\/cozengumruk.net\/es\/wp-json\/wp\/v2\/comments?post=7633"}],"version-history":[{"count":7,"href":"https:\/\/cozengumruk.net\/es\/wp-json\/wp\/v2\/pages\/7633\/revisions"}],"predecessor-version":[{"id":7687,"href":"https:\/\/cozengumruk.net\/es\/wp-json\/wp\/v2\/pages\/7633\/revisions\/7687"}],"wp:attachment":[{"href":"https:\/\/cozengumruk.net\/es\/wp-json\/wp\/v2\/media?parent=7633"}],"curies":[{"name":"wp","href":"https:\/\/api.w.org\/{rel}","templated":true}]}}