{"id":7710,"date":"2024-07-26T14:11:53","date_gmt":"2024-07-26T11:11:53","guid":{"rendered":"https:\/\/cozengumruk.net\/?page_id=7710"},"modified":"2024-07-26T14:21:00","modified_gmt":"2024-07-26T11:21:00","slug":"erisilebilirlik","status":"publish","type":"page","link":"https:\/\/cozengumruk.net\/es\/accesibilidad\/","title":{"rendered":"Accesibilidad"},"content":{"rendered":"<p><strong>\u00c7\u00f6zen Asesor\u00eda Aduanera<\/strong> nos comprometemos a garantizar que nuestros servicios sean accesibles para todos. Hemos preparado nuestro sitio web de acuerdo con los principios del dise\u00f1o universal para que todos los usuarios puedan acceder f\u00e1cilmente a la informaci\u00f3n. Trabajamos constantemente para ofrecer una experiencia digital f\u00e1cil de usar y accesible, teniendo en cuenta las necesidades de las personas con discapacidad.<\/p>\n<p><strong>Nombres cortos de transporte de p\u00e1ginas (URL limpias)<\/strong><\/p>\n<p>Hemos preparado nombres de acceso cortos para todas las secciones de contenido para que pueda acceder a los contenidos de nuestra p\u00e1gina web de forma breve y para aumentar la memorabilidad de las secciones.<\/p>\n<p><strong>Asistencia para dispositivos m\u00f3viles<\/strong><\/p>\n<p>Hemos reestructurado nuestro sitio web de acuerdo con los Principios de Accesibilidad al Contenido de las Prioridades de Accesibilidad a la Web (WAI) establecidos por el Consorcio World Wide Web (W3C).<\/p>\n<p>En algunas partes de nuestra p\u00e1gina web se utiliza javascript (lenguaje de software de aplicaci\u00f3n web). Si javascripts no funciona, no causa una deficiencia directa en t\u00e9rminos de funcionamiento. No obstante, le recomendamos que active el soporte javascript de su navegador para poder visualizar las p\u00e1ginas correctamente.<\/p>\n<h4>Mejora continua<\/h4>\n<p>Actualizamos y mejoramos continuamente las normas de accesibilidad. En consonancia con las opiniones de los usuarios, introducimos mejoras peri\u00f3dicas para que nuestro sitio web sea m\u00e1s accesible. Nuestro objetivo es ofrecer una plataforma que todo el mundo pueda utilizar y acceder f\u00e1cilmente a la informaci\u00f3n.<\/p>\n<p>Si tiene problemas para acceder a nuestro sitio web o desea hacernos alguna sugerencia, p\u00f3ngase en contacto con nosotros. Sus comentarios son muy importantes para que nuestro sitio sea a\u00fan m\u00e1s accesible.<\/p>\n<p>Como Asesor\u00eda Aduanera de \u00c7\u00f6zen, defendemos el derecho a la igualdad de acceso para todos y seguimos trabajando en esta direcci\u00f3n.<\/p>","protected":false},"excerpt":{"rendered":"<p>\u00c7\u00f6zen G\u00fcmr\u00fck M\u00fc\u015favirli\u011fi olarak, hizmetlerimizin herkes i\u00e7in eri\u015filebilir olmas\u0131n\u0131 sa\u011flamay\u0131 taahh\u00fct ediyoruz. Web sitemizi, t\u00fcm kullan\u0131c\u0131lar\u0131n bilgiye kolayca ula\u015fabilmesi i\u00e7in evrensel tasar\u0131m prensiplerine uygun olarak haz\u0131rlad\u0131k. Engelli bireylerin de ihtiya\u00e7lar\u0131n\u0131 g\u00f6zeterek, kullan\u0131c\u0131 dostu ve eri\u015filebilir bir dijital deneyim sunmak i\u00e7in s\u00fcrekli olarak \u00e7al\u0131\u015f\u0131yoruz. Sayfa K\u0131sa Ula\u015f\u0131m Adlar\u0131 (Clean URL) Web sayfam\u0131z\u0131n i\u00e7eriklerinde k\u0131sa yoldan eri\u015febilmeniz<\/p>","protected":false},"author":1,"featured_media":0,"parent":0,"menu_order":0,"comment_status":"closed","ping_status":"closed","template":"","meta":{"footnotes":""},"class_list":["post-7710","page","type-page","status-publish","hentry"],"_links":{"self":[{"href":"https:\/\/cozengumruk.net\/es\/wp-json\/wp\/v2\/pages\/7710","targetHints":{"allow":["GET"]}}],"collection":[{"href":"https:\/\/cozengumruk.net\/es\/wp-json\/wp\/v2\/pages"}],"about":[{"href":"https:\/\/cozengumruk.net\/es\/wp-json\/wp\/v2\/types\/page"}],"author":[{"embeddable":true,"href":"https:\/\/cozengumruk.net\/es\/wp-json\/wp\/v2\/users\/1"}],"replies":[{"embeddable":true,"href":"https:\/\/cozengumruk.net\/es\/wp-json\/wp\/v2\/comments?post=7710"}],"version-history":[{"count":1,"href":"https:\/\/cozengumruk.net\/es\/wp-json\/wp\/v2\/pages\/7710\/revisions"}],"predecessor-version":[{"id":7711,"href":"https:\/\/cozengumruk.net\/es\/wp-json\/wp\/v2\/pages\/7710\/revisions\/7711"}],"wp:attachment":[{"href":"https:\/\/cozengumruk.net\/es\/wp-json\/wp\/v2\/media?parent=7710"}],"curies":[{"name":"wp","href":"https:\/\/api.w.org\/{rel}","templated":true}]}}