{"id":7712,"date":"2024-07-26T14:18:24","date_gmt":"2024-07-26T11:18:24","guid":{"rendered":"https:\/\/cozengumruk.net\/?page_id=7712"},"modified":"2024-07-26T14:20:33","modified_gmt":"2024-07-26T11:20:33","slug":"gizlilik-ve-guvenlik-politikamiz","status":"publish","type":"page","link":"https:\/\/cozengumruk.net\/es\/nuestra-politica-de-privacidad-y-seguridad\/","title":{"rendered":"Pol\u00edtica de privacidad y seguridad"},"content":{"rendered":"<p>Como Agencia de Aduanas \u00c7\u00f6zen, damos gran importancia a su privacidad y a la seguridad de su informaci\u00f3n personal. Cuando visita nuestro sitio web, tiene derecho a saber c\u00f3mo se recogen, utilizan y protegen sus datos personales. En este contexto, le proporcionamos informaci\u00f3n detallada sobre nuestra pol\u00edtica de privacidad y protecci\u00f3n de datos:<\/p>\n<h4>Protecci\u00f3n de sus datos personales<\/h4>\n<p>La informaci\u00f3n personal (nombre, direcci\u00f3n de correo electr\u00f3nico, direcci\u00f3n del trabajo y del domicilio, n\u00famero de tel\u00e9fono, etc.) que usted facilita voluntariamente en nuestro sitio web se utiliza \u00fanicamente para comunicarnos con usted y facilitarle informaci\u00f3n. Esta informaci\u00f3n no se alquila, vende ni comparte con ning\u00fan tercero u organizaci\u00f3n, salvo por obligaciones legales. Aplicamos las medidas de protecci\u00f3n de datos m\u00e1s estrictas para respetar su privacidad y garantizar su seguridad.<\/p>\n<h4>Uso de la informaci\u00f3n<\/h4>\n<p>La informaci\u00f3n personal que recibamos de usted se utilizar\u00e1 para los siguientes fines:<\/p>\n<ul>\n<li>Para comunicarle y transmitirle informaci\u00f3n,<\/li>\n<li>Para mantenerle informado mediante publicaciones impresas, boletines por correo electr\u00f3nico u otras notificaciones,<\/li>\n<li>Para evaluar sus solicitudes de empleo y utilizarlas en los procesos de contrataci\u00f3n.<\/li>\n<\/ul>\n<p>Utilizamos esta informaci\u00f3n \u00fanicamente para los fines indicados y con su consentimiento. Tambi\u00e9n puede actualizar y modificar f\u00e1cilmente su informaci\u00f3n personal en cualquier momento.<\/p>\n<h4>Seguimiento de la informaci\u00f3n de los visitantes<\/h4>\n<p>Para mejorar el rendimiento de nuestro sitio web y mejorar la experiencia de los visitantes, hacemos un seguimiento del n\u00famero de visitantes y de los nombres de dominio de los proveedores de servicios de Internet. Este proceso se limita a recopilar datos generales que no incluyen su informaci\u00f3n personal y solo utilizamos esta informaci\u00f3n con fines de desarrollo y an\u00e1lisis del sitio.<\/p>\n<h4>Enlaces de terceros<\/h4>\n<p>Nuestro sitio web puede contener enlaces a otros sitios. Las pol\u00edticas de privacidad de los sitios que visitar\u00e1 a trav\u00e9s de estos enlaces no cumplen con los Principios de Privacidad de \u00c7\u00f6zen Customs Consultancy. Por lo tanto, le recomendamos que eval\u00fae cuidadosamente sus pol\u00edticas de privacidad antes de visitar estos sitios para garantizar la seguridad de su informaci\u00f3n personal.<\/p>\n<h4>Actualizaci\u00f3n de nuestra pol\u00edtica de privacidad<\/h4>\n<p>Nuestra pol\u00edtica de privacidad puede ser actualizada de vez en cuando. En caso de que se produzca alg\u00fan cambio, le anunciaremos la informaci\u00f3n actualizada public\u00e1ndola en nuestra p\u00e1gina web. Le recomendamos que visite regularmente esta p\u00e1gina para estar informado de nuestra pol\u00edtica actual.<\/p>\n<p>En \u00c7\u00f6zen Customs Consultancy trabajamos meticulosamente para garantizar la seguridad de su informaci\u00f3n personal y proteger su privacidad. Si tiene alguna pregunta o duda sobre la privacidad, no dude en ponerse en contacto con nosotros. Su seguridad es nuestra prioridad.<\/p>","protected":false},"excerpt":{"rendered":"<p>\u00c7\u00f6zen G\u00fcmr\u00fck M\u00fc\u015favirli\u011fi olarak, sizin gizlili\u011finize ve ki\u015fisel bilgilerinizin g\u00fcvenli\u011fine b\u00fcy\u00fck \u00f6nem veriyoruz. Web sitemizi ziyaret etti\u011finizde, ki\u015fisel bilgilerinizin nas\u0131l topland\u0131\u011f\u0131n\u0131, kullan\u0131ld\u0131\u011f\u0131n\u0131 ve korundu\u011funu bilmek hakk\u0131n\u0131zd\u0131r. \u0130\u015fte bu ba\u011flamda, gizlilik ve veri koruma politikam\u0131z hakk\u0131nda size detayl\u0131 bilgi sunuyoruz: Ki\u015fisel Bilgilerinizin Korunmas\u0131 Web sitemizde sizden g\u00f6n\u00fcll\u00fc olarak verdi\u011finiz ki\u015fisel bilgiler (isim, e-posta adresi, i\u015f ve<\/p>","protected":false},"author":1,"featured_media":0,"parent":0,"menu_order":0,"comment_status":"closed","ping_status":"closed","template":"","meta":{"footnotes":""},"class_list":["post-7712","page","type-page","status-publish","hentry"],"_links":{"self":[{"href":"https:\/\/cozengumruk.net\/es\/wp-json\/wp\/v2\/pages\/7712","targetHints":{"allow":["GET"]}}],"collection":[{"href":"https:\/\/cozengumruk.net\/es\/wp-json\/wp\/v2\/pages"}],"about":[{"href":"https:\/\/cozengumruk.net\/es\/wp-json\/wp\/v2\/types\/page"}],"author":[{"embeddable":true,"href":"https:\/\/cozengumruk.net\/es\/wp-json\/wp\/v2\/users\/1"}],"replies":[{"embeddable":true,"href":"https:\/\/cozengumruk.net\/es\/wp-json\/wp\/v2\/comments?post=7712"}],"version-history":[{"count":1,"href":"https:\/\/cozengumruk.net\/es\/wp-json\/wp\/v2\/pages\/7712\/revisions"}],"predecessor-version":[{"id":7713,"href":"https:\/\/cozengumruk.net\/es\/wp-json\/wp\/v2\/pages\/7712\/revisions\/7713"}],"wp:attachment":[{"href":"https:\/\/cozengumruk.net\/es\/wp-json\/wp\/v2\/media?parent=7712"}],"curies":[{"name":"wp","href":"https:\/\/api.w.org\/{rel}","templated":true}]}}