{"id":7715,"date":"2024-07-26T14:21:48","date_gmt":"2024-07-26T11:21:48","guid":{"rendered":"https:\/\/cozengumruk.net\/?page_id=7715"},"modified":"2024-07-26T14:22:58","modified_gmt":"2024-07-26T11:22:58","slug":"sorumluluk-reddi","status":"publish","type":"page","link":"https:\/\/cozengumruk.net\/es\/exencion-de-responsabilidad\/","title":{"rendered":"Exenci\u00f3n de responsabilidad"},"content":{"rendered":"<p><strong>\u00c7\u00f6zen Asesor\u00eda Aduanera<\/strong> La informaci\u00f3n contenida en el sitio web se facilita a efectos de informaci\u00f3n general y no sustituye a ning\u00fan tipo de asesoramiento profesional o jur\u00eddico. Los contenidos de nuestro sitio web han sido elaborados con fines informativos y no podemos garantizar que sean absolutamente completos y exactos en ning\u00fan aspecto. Por lo tanto, es su responsabilidad comprobar la exactitud, actualidad y adecuaci\u00f3n de la informaci\u00f3n contenida en nuestro sitio web.<\/p>\n<p>Antes de utilizar el sitio web de \u00c7\u00f6zen G\u00fcmr\u00fck M\u00fc\u015favirli\u011fi, reconoce haber le\u00eddo atentamente y aceptado las advertencias y declaraciones que figuran en esta p\u00e1gina. \u00c7\u00f6zen G\u00fcmr\u00fck M\u00fc\u015favirli\u011fi, las personas que prepararon el contenido de este sitio, sus empleados y las personas u organizaciones autorizadas por ellos no tendr\u00e1n ninguna responsabilidad legal o penal por cualquier reclamaci\u00f3n por da\u00f1os pecuniarios y no pecuniarios que puedan derivarse de su lectura o no lectura de dichos t\u00e9rminos.<\/p>\n<p>En caso de cualquier disputa, reclamaci\u00f3n o demanda, las declaraciones contenidas en esta p\u00e1gina web y los registros inform\u00e1ticos de \u00c7\u00f6zen Customs Consultancy se someter\u00e1n a la jurisdicci\u00f3n de los Tribunales y Oficinas de Ejecuci\u00f3n y Quiebra de Estambul y se aceptar\u00e1n como \u00fanica y verdadera prueba exclusiva de conformidad con el art\u00edculo 193 del CCP.<\/p>\n<p>\u00c7\u00f6zen Asesor\u00eda Aduanera se reserva el derecho de modificar, suprimir o suspender temporal o definitivamente la publicaci\u00f3n de la informaci\u00f3n y los documentos del sitio web sin previo aviso.<\/p>\n<h4>Contenido y uso de la informaci\u00f3n<\/h4>\n<p>La informaci\u00f3n presentada en nuestro sitio web se facilita con fines educativos e informativos generales. La informaci\u00f3n no sustituye el asesoramiento jur\u00eddico o profesional, ni el est\u00edmulo o la recomendaci\u00f3n. Es importante que busque asesoramiento individual de expertos o profesionales pertinentes antes de tomar decisiones sobre cualquier procedimiento aduanero, transacci\u00f3n comercial u otros asuntos profesionales.<\/p>\n<h4>Sitios de terceros<\/h4>\n<p>Los enlaces de nuestro sitio web pueden conducir a sitios de terceros. Estos enlaces se proporcionan \u00fanicamente para su comodidad y \u00c7\u00f6zen G\u00fcmr\u00fck M\u00fc\u015favirli\u011fi no es responsable del contenido, las pol\u00edticas de privacidad o las pr\u00e1cticas de los sitios de terceros correspondientes. Antes de visitar sitios de terceros, se aconseja evaluar cuidadosamente las pol\u00edticas de privacidad y uso de estos sitios.<\/p>\n<h4>L\u00edmite de responsabilidad<\/h4>\n<p>\u00c7\u00f6zen G\u00fcmr\u00fck M\u00fc\u015favirli\u011fi no se hace responsable de ning\u00fan da\u00f1o directo, indirecto, especial o incidental que pueda surgir como resultado del uso de la informaci\u00f3n proporcionada en nuestro sitio web. Cualquier p\u00e9rdida o da\u00f1o que pueda derivarse de errores, omisiones o actualizaciones en nuestra informaci\u00f3n es responsabilidad exclusiva de los usuarios.<\/p>\n<h4>Cambios en el contenido<\/h4>\n<p>\u00c7\u00f6zen Customs Consultancy se reserva el derecho de modificar la informaci\u00f3n y el contenido del sitio web en cualquier momento, sin previo aviso. El contenido de nuestro sitio web entra en vigor despu\u00e9s de cualquier actualizaci\u00f3n o cambio.<\/p>\n<h4>P\u00f3ngase en contacto con<\/h4>\n<p>Si tiene alguna pregunta sobre esta cl\u00e1usula de exenci\u00f3n de responsabilidad, no dude en ponerse en contacto con nosotros. El uso de nuestro sitio web implica la aceptaci\u00f3n de esta cl\u00e1usula de exenci\u00f3n de responsabilidad.<\/p>","protected":false},"excerpt":{"rendered":"<p>\u00c7\u00f6zen G\u00fcmr\u00fck M\u00fc\u015favirli\u011fi web sitesinde yer alan bilgiler, genel bilgilendirme ama\u00e7l\u0131 sunulmu\u015ftur ve herhangi bir profesyonel dan\u0131\u015fmanl\u0131k veya hukuki tavsiye yerine ge\u00e7memektedir. Web sitemizdeki i\u00e7erikler, bilgi verme amac\u0131yla haz\u0131rlanm\u0131\u015f olup, herhangi bir konuda kesinlikle eksiksiz ve do\u011fru oldu\u011funu garanti edemeyiz. Bu nedenle, web sitemizde yer alan bilgilerin do\u011frulu\u011funu, g\u00fcncelli\u011fini ve yeterlili\u011fini kontrol etmek sizin sorumlulu\u011funuzdad\u0131r.<\/p>","protected":false},"author":1,"featured_media":0,"parent":0,"menu_order":0,"comment_status":"closed","ping_status":"closed","template":"","meta":{"footnotes":""},"class_list":["post-7715","page","type-page","status-publish","hentry"],"_links":{"self":[{"href":"https:\/\/cozengumruk.net\/es\/wp-json\/wp\/v2\/pages\/7715","targetHints":{"allow":["GET"]}}],"collection":[{"href":"https:\/\/cozengumruk.net\/es\/wp-json\/wp\/v2\/pages"}],"about":[{"href":"https:\/\/cozengumruk.net\/es\/wp-json\/wp\/v2\/types\/page"}],"author":[{"embeddable":true,"href":"https:\/\/cozengumruk.net\/es\/wp-json\/wp\/v2\/users\/1"}],"replies":[{"embeddable":true,"href":"https:\/\/cozengumruk.net\/es\/wp-json\/wp\/v2\/comments?post=7715"}],"version-history":[{"count":2,"href":"https:\/\/cozengumruk.net\/es\/wp-json\/wp\/v2\/pages\/7715\/revisions"}],"predecessor-version":[{"id":7717,"href":"https:\/\/cozengumruk.net\/es\/wp-json\/wp\/v2\/pages\/7715\/revisions\/7717"}],"wp:attachment":[{"href":"https:\/\/cozengumruk.net\/es\/wp-json\/wp\/v2\/media?parent=7715"}],"curies":[{"name":"wp","href":"https:\/\/api.w.org\/{rel}","templated":true}]}}