{"id":7720,"date":"2024-07-26T14:23:54","date_gmt":"2024-07-26T11:23:54","guid":{"rendered":"https:\/\/cozengumruk.net\/?page_id=7720"},"modified":"2024-08-18T14:28:10","modified_gmt":"2024-08-18T11:28:10","slug":"kvkk-aydinlatma-metni","status":"publish","type":"page","link":"https:\/\/cozengumruk.net\/es\/kvkk-texto-aclaratorio\/","title":{"rendered":"Texto aclaratorio de KVKK"},"content":{"rendered":"<p><strong>Texto aclaratorio sobre la protecci\u00f3n y el tratamiento de datos personales<\/strong><\/p>\n<p><strong>1. Responsable del tratamiento y datos de contacto<\/strong><\/p>\n<p>Como Agencia de Aduanas \u00c7\u00f6zen, concedemos gran importancia a la protecci\u00f3n de sus datos personales. A continuaci\u00f3n se indican el nombre y los datos de contacto del responsable del tratamiento:<\/p>\n<p><strong>\u00c7\u00f6zen Asesor\u00eda Aduanera<\/strong> Direcci\u00f3n: <strong>Centro Yenibosna Mah. Kavak Sok. No:11\/10 Business Port Bah\u00e7elievler\/Estambul<\/strong> Correo electr\u00f3nico: <strong>info@cozengumruk.com.tr<\/strong> Tel\u00e9fono: <strong>0212 551 55 42<\/strong><\/p>\n<p><strong>2. Finalidades del tratamiento de datos personales<\/strong><\/p>\n<p>Los datos personales que recopilamos pueden tratarse para los siguientes fines:<\/p>\n<ul>\n<li>Gestionar las relaciones con los clientes y satisfacer sus demandas,<\/li>\n<li>Ejecuci\u00f3n de operaciones de importaci\u00f3n y exportaci\u00f3n,<\/li>\n<li>Cumplimiento de las obligaciones legales,<\/li>\n<li>Llevar a cabo actividades de comunicaci\u00f3n e informaci\u00f3n,<\/li>\n<li>Mejorar nuestro sitio web y aumentar la experiencia del usuario,<\/li>\n<li>Desarrollo de procesos empresariales y normas de calidad.<\/li>\n<\/ul>\n<p><strong>3. Datos personales tratados<\/strong><\/p>\n<p>Los datos personales recogidos pueden pertenecer a las siguientes categor\u00edas:<\/p>\n<ul>\n<li>Datos de identidad: Nombre, apellidos, n\u00famero de identificaci\u00f3n turco, etc.<\/li>\n<li>Datos de contacto: Direcci\u00f3n de correo electr\u00f3nico, n\u00famero de tel\u00e9fono, direcci\u00f3n, etc.<\/li>\n<li>Informaci\u00f3n sobre transacciones: Informaci\u00f3n sobre transacciones de importaci\u00f3n y exportaci\u00f3n, detalles de contratos, etc.<\/li>\n<\/ul>\n<p><strong>4. Intercambio de datos personales<\/strong><\/p>\n<p>Sus datos personales podr\u00e1n compartirse con terceros en los siguientes casos:<\/p>\n<ul>\n<li>Con organismos gubernamentales y organizaciones reguladoras para cumplir obligaciones legales,<\/li>\n<li>Para mantener relaciones comerciales con socios comerciales y proveedores de servicios,<\/li>\n<li>Con el fin de aumentar los procesos empresariales y la calidad del servicio de \u00c7\u00f6zen Customs Consultancy.<\/li>\n<\/ul>\n<p><strong>5. Per\u00edodo de conservaci\u00f3n de los datos personales<\/strong><\/p>\n<p>Sus datos personales se conservan durante el per\u00edodo requerido de conformidad con las disposiciones de la legislaci\u00f3n pertinente. El periodo de conservaci\u00f3n se determina en funci\u00f3n de la finalidad del tratamiento de los datos personales y de las obligaciones legales.<\/p>\n<p><strong>6. Sus derechos<\/strong><\/p>\n<p>En el \u00e1mbito de KVKK, usted tiene los siguientes derechos en relaci\u00f3n con sus datos personales:<\/p>\n<ul>\n<li>Para saber si se est\u00e1n tratando sus datos personales,<\/li>\n<li>Vea sus datos personales procesados,<\/li>\n<li>Conocer la finalidad del tratamiento de sus datos personales y compartirlos con terceros,<\/li>\n<li>Solicitar la rectificaci\u00f3n o supresi\u00f3n de sus datos personales,<\/li>\n<li>Oponerse a las actividades de tratamiento y presentar una reclamaci\u00f3n.<\/li>\n<\/ul>\n<p>Contacte con nosotros para ejercer sus derechos <a href=\"mailto:info@cozengumruk.com.tr\"><strong>info@cozengumruk.com.tr<\/strong><\/a> puede ponerse en contacto a trav\u00e9s de.<\/p>\n<p><strong>7. Precauciones de seguridad<\/strong><\/p>\n<p>Se adoptan medidas t\u00e9cnicas y administrativas adecuadas para garantizar la seguridad de sus datos personales. Puede ponerse en contacto con nosotros para obtener informaci\u00f3n m\u00e1s detallada sobre nuestra pol\u00edtica de seguridad de datos.<\/p>\n<p><strong>8. Actualizaci\u00f3n del texto aclaratorio<\/strong><\/p>\n<p>Este texto aclaratorio podr\u00e1 actualizarse peri\u00f3dicamente en funci\u00f3n de la legislaci\u00f3n y las pr\u00e1cticas aplicables. El texto aclaratorio actualizado se publicar\u00e1 en nuestro sitio web.<\/p>\n<p>Al utilizar nuestro sitio web, usted acepta el tratamiento de sus datos personales en los t\u00e9rminos expuestos anteriormente.<\/p>","protected":false},"excerpt":{"rendered":"<p>Ki\u015fisel Verilerin Korunmas\u0131 ve \u0130\u015flenmesi Hakk\u0131nda Ayd\u0131nlatma Metni 1. Veri Sorumlusu ve \u0130leti\u015fim Bilgileri \u00c7\u00f6zen G\u00fcmr\u00fck M\u00fc\u015favirli\u011fi olarak, ki\u015fisel verilerinizin korunmas\u0131na b\u00fcy\u00fck \u00f6nem veriyoruz. Veri sorumlusunun ad\u0131 ve ileti\u015fim bilgileri a\u015fa\u011f\u0131da belirtilmi\u015ftir: \u00c7\u00f6zen G\u00fcmr\u00fck M\u00fc\u015favirli\u011fi Adres: Yenibosna Merkez Mah. Kavak Sok. No:11\/10 Business Port Bah\u00e7elievler\/\u0130stanbul E-posta: info@cozengumruk.com.tr Telefon: 0212 551 55 42 2. Ki\u015fisel Verilerin<\/p>","protected":false},"author":1,"featured_media":0,"parent":0,"menu_order":0,"comment_status":"closed","ping_status":"closed","template":"","meta":{"footnotes":""},"class_list":["post-7720","page","type-page","status-publish","hentry"],"_links":{"self":[{"href":"https:\/\/cozengumruk.net\/es\/wp-json\/wp\/v2\/pages\/7720","targetHints":{"allow":["GET"]}}],"collection":[{"href":"https:\/\/cozengumruk.net\/es\/wp-json\/wp\/v2\/pages"}],"about":[{"href":"https:\/\/cozengumruk.net\/es\/wp-json\/wp\/v2\/types\/page"}],"author":[{"embeddable":true,"href":"https:\/\/cozengumruk.net\/es\/wp-json\/wp\/v2\/users\/1"}],"replies":[{"embeddable":true,"href":"https:\/\/cozengumruk.net\/es\/wp-json\/wp\/v2\/comments?post=7720"}],"version-history":[{"count":2,"href":"https:\/\/cozengumruk.net\/es\/wp-json\/wp\/v2\/pages\/7720\/revisions"}],"predecessor-version":[{"id":7735,"href":"https:\/\/cozengumruk.net\/es\/wp-json\/wp\/v2\/pages\/7720\/revisions\/7735"}],"wp:attachment":[{"href":"https:\/\/cozengumruk.net\/es\/wp-json\/wp\/v2\/media?parent=7720"}],"curies":[{"name":"wp","href":"https:\/\/api.w.org\/{rel}","templated":true}]}}