{"id":6297,"date":"2019-11-27T12:49:48","date_gmt":"2019-11-27T12:49:48","guid":{"rendered":"http:\/\/consulting.stylemixthemes.com\/demo\/?page_id=6297"},"modified":"2024-07-25T10:45:38","modified_gmt":"2024-07-25T07:45:38","slug":"blog","status":"publish","type":"page","link":"https:\/\/cozengumruk.net\/fr\/blog\/","title":{"rendered":"Blog"},"content":{"rendered":"<div data-elementor-type=\"wp-page\" data-elementor-id=\"6297\" class=\"elementor elementor-6297 elementor-bc-flex-widget\" data-elementor-post-type=\"page\">\n\t\t\t\t\t\t<section class=\"elementor-section elementor-top-section elementor-element elementor-element-10e67a8 elementor-section-boxed elementor-section-height-default elementor-section-height-default\" data-id=\"10e67a8\" data-element_type=\"section\">\n\t\t\t\t\t\t<div class=\"elementor-container elementor-column-gap-default\">\n\t\t\t\t\t<div class=\"elementor-column elementor-col-100 elementor-top-column elementor-element elementor-element-10e6bc6\" data-id=\"10e6bc6\" data-element_type=\"column\">\n\t\t\t<div class=\"elementor-widget-wrap elementor-element-populated\">\n\t\t\t\t\t\t<div class=\"elementor-element elementor-element-10e6ef6 elementor-widget elementor-widget-stm_news\" data-id=\"10e6ef6\" data-element_type=\"widget\" data-widget_type=\"stm_news.default\">\n\t\t\t\t<div class=\"elementor-widget-container\">\n\t\t\t\n\n    <div class=\"stm_news  consulting_elementor_posts\">\n        <ul class=\"news_list posts_per_row_ news-masonry\">\n\n            \n                                                                    <li class=\"view_style_4 news_item\">\n                        <div class=\"post_item\">\n                            <a href=\"https:\/\/cozengumruk.net\/fr\/les-effets-des-changements-recents-de-la-reglementation-douaniere-dans-le-monde-des-affaires\/\" class=\"image\">\n                                <div class=\"post_date third_bg_color base_font_color\">\n                                    24 juillet 2024                                <\/div>\n                                <img src='https:\/\/cozengumruk.net\/wp-content\/uploads\/elementor\/thumbs\/business-advice-qrlc08m1tigkn9h3gp6saoavw3jn7c2ww2ephsndfo.jpeg' alt='' \/>                                <h5>Les effets des r\u00e9centes modifications de la r\u00e9glementation douani\u00e8re sur le monde des affaires<\/h5>\n                            <\/a>\n                        <\/div>\n                    <\/li>\n                                \n            \n                                                                    <li class=\"view_style_4 news_item\">\n                        <div class=\"post_item\">\n                            <a href=\"https:\/\/cozengumruk.net\/fr\/conseils-pour-reussir-les-inspections-douanieres\/\" class=\"image\">\n                                <div class=\"post_date third_bg_color base_font_color\">\n                                    24 juillet 2024                                <\/div>\n                                <img src='https:\/\/cozengumruk.net\/wp-content\/uploads\/elementor\/thumbs\/gumruk-denetimleri-basari-qrlbu8f65m9hrxqa9hx20nvs92692rd5rryx0kxtxa.jpg' alt='' \/>                                <h5>Conseils pour des inspections douani\u00e8res r\u00e9ussies<\/h5>\n                            <\/a>\n                        <\/div>\n                    <\/li>\n                                \n            \n                                                                    <li class=\"view_style_4 news_item\">\n                        <div class=\"post_item\">\n                            <a href=\"https:\/\/cozengumruk.net\/fr\/nouveaux-reglements-sur-les-importations-avertissements-importants-des-consultants-en-douane\/\" class=\"image\">\n                                <div class=\"post_date third_bg_color base_font_color\">\n                                    24 juillet 2024                                <\/div>\n                                <img src='https:\/\/cozengumruk.net\/wp-content\/uploads\/elementor\/thumbs\/ithalat-cozen-gumruk-qrlbqyxcfbrywrnt4apqmgj5ja4btj1ajfttlfy2oe.jpg' alt='' \/>                                <h5>Nouvelles r\u00e9glementations sur les importations - Avertissements importants des consultants en douane<\/h5>\n                            <\/a>\n                        <\/div>\n                    <\/li>\n                                \n            \n                                                                    <li class=\"view_style_4 news_item\">\n                        <div class=\"post_item\">\n                            <a href=\"https:\/\/cozengumruk.net\/fr\/comment-surmonter-les-barrieres-douanieres-dans-le-commerce-mondial\/\" class=\"image\">\n                                <div class=\"post_date third_bg_color base_font_color\">\n                                    24 juillet 2024                                <\/div>\n                                <img src='https:\/\/cozengumruk.net\/wp-content\/uploads\/elementor\/thumbs\/global-trade2-qrlbn9g9gup2d2bo8l97dg6snli7xrkbfu6dz9w1c4.jpg' alt='' \/>                                <h5>Les barri\u00e8res douani\u00e8res dans le commerce mondial : Comment les surmonter ?<\/h5>\n                            <\/a>\n                        <\/div>\n                    <\/li>\n                                \n            \n                                                                    <li class=\"view_style_4 news_item\">\n                        <div class=\"post_item\">\n                            <a href=\"https:\/\/cozengumruk.net\/fr\/ne-vous-perdez-pas-dans-le-labyrinthe-des-douanes-voici-votre-guide\/\" class=\"image\">\n                                <div class=\"post_date third_bg_color base_font_color\">\n                                    24 juillet 2024                                <\/div>\n                                <img src='https:\/\/cozengumruk.net\/wp-content\/uploads\/elementor\/thumbs\/gumrukmsavir-qrlbezhfaddcvr2i3m7zbzekvf6uogghw4dybfps0e.jpg' alt='' \/>                                <h5>Ne vous perdez pas dans le labyrinthe douanier, votre guide est ici<\/h5>\n                            <\/a>\n                        <\/div>\n                    <\/li>\n                                \n            \n                                                                    <li class=\"view_style_4 news_item\">\n                        <div class=\"post_item\">\n                            <a href=\"https:\/\/cozengumruk.net\/fr\/preparation-aux-inspections-douanieres-conseils-pour-une-inspection-reussie\/\" class=\"image\">\n                                <div class=\"post_date third_bg_color base_font_color\">\n                                    24 juillet 2024                                <\/div>\n                                <img src='https:\/\/cozengumruk.net\/wp-content\/uploads\/elementor\/thumbs\/denetimgumruk-qrkxybx7flxn5rv7cetyxt8itu4pdssb1hkiou5f3y.jpg' alt='' \/>                                <h5>Pr\u00e9paration aux inspections douani\u00e8res - Conseils pour une inspection r\u00e9ussie<\/h5>\n                            <\/a>\n                        <\/div>\n                    <\/li>\n                                \n            \n                                                                    <li class=\"view_style_4 news_item\">\n                        <div class=\"post_item\">\n                            <a href=\"https:\/\/cozengumruk.net\/fr\/avantages-du-commerce-en-zone-franche-ce-quil-faut-savoir\/\" class=\"image\">\n                                <div class=\"post_date third_bg_color base_font_color\">\n                                    24 juillet 2024                                <\/div>\n                                <img src='https:\/\/cozengumruk.net\/wp-content\/uploads\/elementor\/thumbs\/coze-nbs-qrkxqloz8nbwe7k6qodxsaf607711kz8xsuwqi81j8.jpg' alt='' \/>                                <h5>Avantages du commerce en zone franche - Ce qu'il faut savoir<\/h5>\n                            <\/a>\n                        <\/div>\n                    <\/li>\n                                \n            \n                                                                    <li class=\"view_style_4 news_item\">\n                        <div class=\"post_item\">\n                            <a href=\"https:\/\/cozengumruk.net\/fr\/statut-de-contractant-agree-avantages-et-procedure-de-demande\/\" class=\"image\">\n                                <div class=\"post_date third_bg_color base_font_color\">\n                                    24 juillet 2024                                <\/div>\n                                <img src='https:\/\/cozengumruk.net\/wp-content\/uploads\/elementor\/thumbs\/yy-sstatu-qrkxg10ccquyj7n60pljneidy47cywr1qpnqubgff2.gif' alt='' \/>                                <h5>Statut d'op\u00e9rateur \u00e9conomique agr\u00e9\u00e9 (OEA) - Avantages et proc\u00e9dure de demande<\/h5>\n                            <\/a>\n                        <\/div>\n                    <\/li>\n                                \n            \n                                                                    <li class=\"view_style_4 news_item\">\n                        <div class=\"post_item\">\n                            <a href=\"https:\/\/cozengumruk.net\/fr\/10-points-importants-a-prendre-en-compte-dans-les-procedures-douanieres\/\" class=\"image\">\n                                <div class=\"post_date third_bg_color base_font_color\">\n                                    24 juillet 2024                                <\/div>\n                                <img src='https:\/\/cozengumruk.net\/wp-content\/uploads\/elementor\/thumbs\/gumrukdikkat-qrkx9jwd9u0j3tux1790pkc3369dh1f1augq98w14u.jpg' alt='' \/>                                <h5>10 points importants \u00e0 prendre en compte dans les transactions douani\u00e8res<\/h5>\n                            <\/a>\n                        <\/div>\n                    <\/li>\n                                \n            \n                                                                    <li class=\"view_style_4 news_item\">\n                        <div class=\"post_item\">\n                            <a href=\"https:\/\/cozengumruk.net\/fr\/le-courtage-en-douane-de-nouvelle-generation-dans-le-nouveau-monde\/\" class=\"image\">\n                                <div class=\"post_date third_bg_color base_font_color\">\n                                    24 juillet 2024                                <\/div>\n                                <img src='https:\/\/cozengumruk.net\/wp-content\/uploads\/elementor\/thumbs\/gumrukc-qrkxkmfxrl58ji8unlcdfaqlyynz2w8ps7gpu53744.jpg' alt='' \/>                                <h5>Le courtage en douane de nouvelle g\u00e9n\u00e9ration dans le nouveau monde<\/h5>\n                            <\/a>\n                        <\/div>\n                    <\/li>\n                                \n                    <\/ul>\n    <\/div>\n\n<script type=\"text\/javascript\">\n    jQuery(document).ready(function ($) {\n        var $container = $(\".stm_news .news_list.news-masonry\");\n        var originLeft = true;\n        if ($(\"body\").hasClass(\"rtl\")) {\n            originLeft = false;\n        }\n        $container.isotope({\n            layoutMode: \"packery\",\n            itemSelector: \".news_item.view_style_4\",\n            transitionDuration: \"0.7s\",\n            gutter: 10,\n            isOriginLeft: originLeft,\n        });\n        $container.imagesLoaded().progress(function () {\n            $container.isotope(\"layout\");\n        });\n        $container.isotope(\"layout\");\n\n    });\n<\/script>\n\t\t<\/div>\n\t\t\t\t<\/div>\n\t\t\t\t\t<\/div>\n\t\t<\/div>\n\t\t\t\t\t<\/div>\n\t\t<\/section>\n\t\t\t\t<\/div>","protected":false},"excerpt":{"rendered":"<p>[vc_row][vc_column][stm_news loop=&#8221;size:10|post_type:post&#8221; view_style=&#8221;style_4&#8243;][\/vc_column][\/vc_row]<\/p>","protected":false},"author":1,"featured_media":7274,"parent":0,"menu_order":0,"comment_status":"closed","ping_status":"closed","template":"","meta":{"footnotes":""},"class_list":["post-6297","page","type-page","status-publish","has-post-thumbnail","hentry"],"_links":{"self":[{"href":"https:\/\/cozengumruk.net\/fr\/wp-json\/wp\/v2\/pages\/6297","targetHints":{"allow":["GET"]}}],"collection":[{"href":"https:\/\/cozengumruk.net\/fr\/wp-json\/wp\/v2\/pages"}],"about":[{"href":"https:\/\/cozengumruk.net\/fr\/wp-json\/wp\/v2\/types\/page"}],"author":[{"embeddable":true,"href":"https:\/\/cozengumruk.net\/fr\/wp-json\/wp\/v2\/users\/1"}],"replies":[{"embeddable":true,"href":"https:\/\/cozengumruk.net\/fr\/wp-json\/wp\/v2\/comments?post=6297"}],"version-history":[{"count":3,"href":"https:\/\/cozengumruk.net\/fr\/wp-json\/wp\/v2\/pages\/6297\/revisions"}],"predecessor-version":[{"id":7562,"href":"https:\/\/cozengumruk.net\/fr\/wp-json\/wp\/v2\/pages\/6297\/revisions\/7562"}],"wp:featuredmedia":[{"embeddable":true,"href":"https:\/\/cozengumruk.net\/fr\/wp-json\/wp\/v2\/media\/7274"}],"wp:attachment":[{"href":"https:\/\/cozengumruk.net\/fr\/wp-json\/wp\/v2\/media?parent=6297"}],"curies":[{"name":"wp","href":"https:\/\/api.w.org\/{rel}","templated":true}]}}