{"id":6352,"date":"2015-12-15T07:37:33","date_gmt":"2015-12-15T07:37:33","guid":{"rendered":"http:\/\/consulting.stylemixthemes.com\/demo\/?page_id=9"},"modified":"2024-07-26T12:25:09","modified_gmt":"2024-07-26T09:25:09","slug":"hakkimizda","status":"publish","type":"page","link":"https:\/\/cozengumruk.net\/fr\/a-propos-de-nous\/","title":{"rendered":"\u00c0 propos de nous"},"content":{"rendered":"<div data-elementor-type=\"wp-page\" data-elementor-id=\"6352\" class=\"elementor elementor-6352\" data-elementor-post-type=\"page\">\n\t\t\t\t\t\t<section class=\"elementor-section elementor-top-section elementor-element elementor-element-e235908 elementor-section-boxed elementor-section-height-default elementor-section-height-default\" data-id=\"e235908\" data-element_type=\"section\" data-settings=\"{&quot;background_background&quot;:&quot;classic&quot;}\">\n\t\t\t\t\t\t<div class=\"elementor-container elementor-column-gap-default\">\n\t\t\t\t\t<div class=\"elementor-column elementor-col-100 elementor-top-column elementor-element elementor-element-e235e4c\" data-id=\"e235e4c\" data-element_type=\"column\">\n\t\t\t<div class=\"elementor-widget-wrap elementor-element-populated\">\n\t\t\t\t\t\t<div class=\"elementor-element elementor-element-c57835e elementor-widget elementor-widget-image\" data-id=\"c57835e\" data-element_type=\"widget\" data-widget_type=\"image.default\">\n\t\t\t\t<div class=\"elementor-widget-container\">\n\t\t\t\t\t\t\t\t\t\t\t\t\t<img fetchpriority=\"high\" decoding=\"async\" width=\"834\" height=\"412\" src=\"https:\/\/cozengumruk.net\/wp-content\/uploads\/2024\/07\/Cozen-Gumruk.jpg\" class=\"attachment-full size-full wp-image-7695\" alt=\"\" srcset=\"https:\/\/cozengumruk.net\/wp-content\/uploads\/2024\/07\/Cozen-Gumruk.jpg 834w, https:\/\/cozengumruk.net\/wp-content\/uploads\/2024\/07\/Cozen-Gumruk-300x148.jpg 300w, https:\/\/cozengumruk.net\/wp-content\/uploads\/2024\/07\/Cozen-Gumruk-768x379.jpg 768w, https:\/\/cozengumruk.net\/wp-content\/uploads\/2024\/07\/Cozen-Gumruk-18x9.jpg 18w\" sizes=\"(max-width: 834px) 100vw, 834px\" \/>\t\t\t\t\t\t\t\t\t\t\t\t\t<\/div>\n\t\t\t\t<\/div>\n\t\t\t\t<div class=\"elementor-element elementor-element-e2363dc elementor-widget elementor-widget-text-editor\" data-id=\"e2363dc\" data-element_type=\"widget\" data-widget_type=\"text-editor.default\">\n\t\t\t\t<div class=\"elementor-widget-container\">\n\t\t\t\t\t\t\t<p><strong>\u00c7\u00f6zen Customs Consultancy<\/strong> nous travaillons m\u00e9ticuleusement pour fournir le plus haut niveau de soutien professionnel dont nos clients ont besoin en mati\u00e8re de proc\u00e9dures douani\u00e8res. Gr\u00e2ce \u00e0 nos nombreuses ann\u00e9es d'exp\u00e9rience, \u00e0 notre vaste savoir-faire et \u00e0 notre personnel exp\u00e9riment\u00e9, expert dans son domaine, nous g\u00e9rons les op\u00e9rations d'importation, d'exportation, de transbordement et de transit effectu\u00e9es aux points de douane dans toute la Turquie, de mani\u00e8re rapide, fluide et efficace.<\/p>\n<p>Nous suivons de pr\u00e8s chaque \u00e9tape des processus commerciaux de nos clients et les aidons \u00e0 surmonter les obstacles qu'ils peuvent rencontrer dans les meilleurs d\u00e9lais. Gr\u00e2ce \u00e0 ces comp\u00e9tences, nous ne nous contentons pas d'ex\u00e9cuter les proc\u00e9dures douani\u00e8res, mais nous proposons \u00e9galement des solutions personnalis\u00e9es qui conviennent \u00e0 toutes les exigences op\u00e9rationnelles de nos clients. Nous contribuons ainsi au succ\u00e8s durable de nos partenaires commerciaux en augmentant leur comp\u00e9titivit\u00e9 sur le march\u00e9 mondial. Gr\u00e2ce \u00e0 notre approche ax\u00e9e sur la satisfaction du client et sur la qualit\u00e9 du service, nous visons \u00e0 \u00eatre un leader dans le domaine du courtage en douane.<\/p>\n<h4>Notre vision<\/h4>\n<p>\u00c7\u00f6zen Customs Consultancy vise \u00e0 maintenir la satisfaction de ses clients au plus haut niveau. Nous am\u00e9liorons continuellement nos services en suivant de pr\u00e8s la technologie et en offrant des solutions innovantes \u00e0 nos clients. Notre objectif est d'\u00eatre l'entreprise la plus fiable et la plus appr\u00e9ci\u00e9e du secteur en jouant un r\u00f4le de premier plan dans les proc\u00e9dures douani\u00e8res.<\/p>\n<h4>Notre mission<\/h4>\n<p>Faciliter les processus commerciaux de nos clients en fournissant des services rapides, fiables et transparents dans toutes les proc\u00e9dures douani\u00e8res. En suivant de pr\u00e8s les modifications de la l\u00e9gislation douani\u00e8re, nous informons simultan\u00e9ment nos clients et veillons \u00e0 ce qu'ils disposent d'informations actualis\u00e9es. Nous offrons le service le plus adapt\u00e9 aux besoins de nos clients en \u00e9laborant des solutions sp\u00e9ciales pour chacun d'entre eux.<\/p>\n<h4>Nos valeurs<\/h4>\n<ul>\n<li><strong>Fiabilit\u00e9<\/strong>: Nous accordons toujours la priorit\u00e9 \u00e0 la confiance de nos clients.<\/li>\n<li><strong>Vitesse<\/strong>: Nous connaissons la valeur du temps et effectuons les transactions dans les meilleurs d\u00e9lais.<\/li>\n<li><strong>Expertise<\/strong>: Nous fournissons toujours les informations les plus pr\u00e9cises et les plus r\u00e9centes gr\u00e2ce \u00e0 notre personnel sp\u00e9cialis\u00e9.<\/li>\n<li><strong>Orientation client<\/strong>: Nous soutenons chacun de nos clients en produisant des solutions sp\u00e9ciales pour leurs besoins.<\/li>\n<li><strong>Transparence<\/strong>: Nous effectuons toutes nos transactions de mani\u00e8re transparente et informons nos clients.<\/li>\n<\/ul>\n<h4>Pourquoi Solen Customs Consultancy ?<\/h4>\n<ul>\n<li><strong>Un service rapide et fiable<\/strong>: Nous offrons des solutions rapides et fiables pour vos proc\u00e9dures douani\u00e8res.<\/li>\n<li><strong>Personnel sp\u00e9cialis\u00e9<\/strong>: Nous sommes toujours \u00e0 vos c\u00f4t\u00e9s avec notre \u00e9quipe d'experts.<\/li>\n<li><strong>Solutions personnalis\u00e9es<\/strong>: Des solutions de boutique personnalis\u00e9es pour les besoins de votre entreprise.<\/li>\n<li><strong>Soutien ininterrompu<\/strong>: Nous sommes toujours \u00e0 vos c\u00f4t\u00e9s avec un service 7\/24.<\/li>\n<\/ul>\n<h4>Notre vision de l'avenir<\/h4>\n<p>En tant que \u00c7\u00f6zen Customs Consultancy, nous voulons \u00eatre aux c\u00f4t\u00e9s de nos clients et contribuer \u00e0 leur r\u00e9ussite future. Nous nous effor\u00e7ons de fournir le meilleur service \u00e0 nos clients en nous adaptant rapidement \u00e0 la l\u00e9gislation douani\u00e8re en constante \u00e9volution et en proposant des solutions innovantes.<\/p>\n<p>Contactez-nous pour plus d'informations sur nos services et pour travailler ensemble. En tant que \u00c7\u00f6zen Customs Consultancy, nous sommes \u00e0 vos c\u00f4t\u00e9s dans toutes vos proc\u00e9dures douani\u00e8res.<\/p>\n\t\t\t\t\t\t<\/div>\n\t\t\t\t<\/div>\n\t\t\t\t\t<\/div>\n\t\t<\/div>\n\t\t\t\t<div class=\"elementor-column elementor-col-25 elementor-top-column elementor-element elementor-element-e2383ad elementor-hidden-tablet elementor-hidden-phone\" data-id=\"e2383ad\" data-element_type=\"column\">\n\t\t\t<div class=\"elementor-widget-wrap elementor-element-populated\">\n\t\t\t\t\t\t<div class=\"elementor-element elementor-element-e238832 elementor-widget elementor-widget-stm_sidebar\" data-id=\"e238832\" data-element_type=\"widget\" data-widget_type=\"stm_sidebar.default\">\n\t\t\t\t<div class=\"elementor-widget-container\">\n\t\t\t\n<div class=\"stm_sidebar consulting_elementor_sidebar\">\n\n            \t\t<div data-elementor-type=\"wp-post\" data-elementor-id=\"311\" class=\"elementor elementor-311\" data-elementor-post-type=\"stm_vc_sidebar\">\n\t\t\t\t\t\t<section class=\"elementor-section elementor-top-section elementor-element elementor-element-d75f04d third_bg_color elementor-section-boxed elementor-section-height-default elementor-section-height-default\" data-id=\"d75f04d\" data-element_type=\"section\" data-settings=\"{&quot;background_background&quot;:&quot;classic&quot;}\">\n\t\t\t\t\t\t<div class=\"elementor-container elementor-column-gap-default\">\n\t\t\t\t\t<div class=\"elementor-column elementor-col-100 elementor-top-column elementor-element elementor-element-d75f502\" data-id=\"d75f502\" data-element_type=\"column\" data-settings=\"{&quot;background_background&quot;:&quot;classic&quot;}\">\n\t\t\t<div class=\"elementor-widget-wrap elementor-element-populated\">\n\t\t\t\t\t\t<div class=\"elementor-element elementor-element-d75f8fa elementor-widget elementor-widget-vc_custom_heading\" data-id=\"d75f8fa\" data-element_type=\"widget\" data-widget_type=\"vc_custom_heading.default\">\n\t\t\t\t<div class=\"elementor-widget-container\">\n\t\t\t<div class=\"vc_custom_heading  consulting_heading_font  text_align_left\" ><div style=\"font-size: 16px;color: #222222;text-align: left;font-weight:700\" class=\"consulting-custom-title\">Nous sommes l\u00e0 pour vous !\n<\/div><\/div>\t\t<\/div>\n\t\t\t\t<\/div>\n\t\t\t\t<div class=\"elementor-element elementor-element-d75fbf9 elementor-widget elementor-widget-text-editor\" data-id=\"d75fbf9\" data-element_type=\"widget\" data-widget_type=\"text-editor.default\">\n\t\t\t\t<div class=\"elementor-widget-container\">\n\t\t\t\t\t\t\t<p>Avec notre \u00e9quipe d'experts, nous sommes l\u00e0 pour rendre vos processus commerciaux plus efficaces et plus fluides.<\/p>\n\t\t\t\t\t\t<\/div>\n\t\t\t\t<\/div>\n\t\t\t\t<div class=\"elementor-element elementor-element-d760053 elementor-widget__width-auto elementor-widget elementor-widget-button\" data-id=\"d760053\" data-element_type=\"widget\" data-widget_type=\"button.default\">\n\t\t\t\t<div class=\"elementor-widget-container\">\n\t\t\t\t\t\t\t<div class=\"elementor-button-wrapper icon_align_\">\n\t\t\t\t\t<a class=\"elementor-button elementor-button-link elementor-size-sm\" href=\"https:\/\/cozengumruk.net\/fr\/communication\/\">\n\t\t\t\t\t\t<span class=\"elementor-button-content-wrapper\">\n\t\t\t\t\t\t<span class=\"elementor-button-icon\">\n\t\t\t\t<i aria-hidden=\"true\" class=\"stm-online-phone-call\"><\/i>\t\t\t<\/span>\n\t\t\t\t\t\t\t\t\t<span class=\"elementor-button-text\">Contactez nous<\/span>\n\t\t\t\t\t<\/span>\n\t\t\t\t\t<\/a>\n\t\t\t\t<\/div>\n\t\t\t\t\t\t<\/div>\n\t\t\t\t<\/div>\n\t\t\t\t\t<\/div>\n\t\t<\/div>\n\t\t\t\t\t<\/div>\n\t\t<\/section>\n\t\t\t\t<\/div>\n\t\t    \n<\/div>\t\t<\/div>\n\t\t\t\t<\/div>\n\t\t\t\t\t<\/div>\n\t\t<\/div>\n\t\t\t\t\t<\/div>\n\t\t<\/section>\n\t\t\t\t<\/div>","protected":false},"excerpt":{"rendered":"<p>\u00c7\u00f6zen G\u00fcmr\u00fck M\u00fc\u015favirli\u011fi olarak, m\u00fc\u015fterilerimizin g\u00fcmr\u00fck i\u015flemlerinde ihtiya\u00e7 duydu\u011fu profesyonel deste\u011fi en \u00fcst d\u00fczeyde sunmak i\u00e7in titizlikle \u00e7al\u0131\u015f\u0131yoruz. Uzun y\u0131llara dayanan tecr\u00fcbemiz, geni\u015f bilgi birikimimiz ve alan\u0131nda uzman, deneyimli kadromuzla, T\u00fcrkiye&#8217;nin d\u00f6rt bir yan\u0131ndaki g\u00fcmr\u00fck noktalar\u0131nda ger\u00e7ekle\u015ftirilen ithalat, ihracat, aktarma ve transit i\u015flemlerini h\u0131zl\u0131, sorunsuz ve etkin bir \u015fekilde y\u00f6netiyoruz. M\u00fc\u015fterilerimizin i\u015f s\u00fcre\u00e7lerindeki her bir<\/p>","protected":false},"author":1,"featured_media":7274,"parent":0,"menu_order":0,"comment_status":"closed","ping_status":"closed","template":"","meta":{"footnotes":""},"class_list":["post-6352","page","type-page","status-publish","has-post-thumbnail","hentry"],"_links":{"self":[{"href":"https:\/\/cozengumruk.net\/fr\/wp-json\/wp\/v2\/pages\/6352","targetHints":{"allow":["GET"]}}],"collection":[{"href":"https:\/\/cozengumruk.net\/fr\/wp-json\/wp\/v2\/pages"}],"about":[{"href":"https:\/\/cozengumruk.net\/fr\/wp-json\/wp\/v2\/types\/page"}],"author":[{"embeddable":true,"href":"https:\/\/cozengumruk.net\/fr\/wp-json\/wp\/v2\/users\/1"}],"replies":[{"embeddable":true,"href":"https:\/\/cozengumruk.net\/fr\/wp-json\/wp\/v2\/comments?post=6352"}],"version-history":[{"count":14,"href":"https:\/\/cozengumruk.net\/fr\/wp-json\/wp\/v2\/pages\/6352\/revisions"}],"predecessor-version":[{"id":7699,"href":"https:\/\/cozengumruk.net\/fr\/wp-json\/wp\/v2\/pages\/6352\/revisions\/7699"}],"wp:featuredmedia":[{"embeddable":true,"href":"https:\/\/cozengumruk.net\/fr\/wp-json\/wp\/v2\/media\/7274"}],"wp:attachment":[{"href":"https:\/\/cozengumruk.net\/fr\/wp-json\/wp\/v2\/media?parent=6352"}],"curies":[{"name":"wp","href":"https:\/\/api.w.org\/{rel}","templated":true}]}}