{"id":7584,"date":"2024-07-26T01:34:54","date_gmt":"2024-07-25T22:34:54","guid":{"rendered":"https:\/\/cozengumruk.net\/?page_id=7584"},"modified":"2024-07-26T12:01:56","modified_gmt":"2024-07-26T09:01:56","slug":"gumrukleme-hizmetleri","status":"publish","type":"page","link":"https:\/\/cozengumruk.net\/fr\/services-de-dedouanement\/","title":{"rendered":"Services de d\u00e9douanement"},"content":{"rendered":"<div data-elementor-type=\"wp-page\" data-elementor-id=\"7584\" class=\"elementor elementor-7584\" data-elementor-post-type=\"page\">\n\t\t\t\t<div class=\"elementor-element elementor-element-a269fe7 e-flex e-con-boxed e-con e-parent\" data-id=\"a269fe7\" data-element_type=\"container\">\n\t\t\t\t\t<div class=\"e-con-inner\">\n\t\t\t\t<div class=\"elementor-element elementor-element-274460c elementor-widget elementor-widget-text-editor\" data-id=\"274460c\" data-element_type=\"widget\" data-widget_type=\"text-editor.default\">\n\t\t\t\t<div class=\"elementor-widget-container\">\n\t\t\t\t\t\t\t<p>Dans notre pays, les douanes sont une institution essentielle qui rel\u00e8ve du minist\u00e8re du commerce. Le service de d\u00e9douanement couvre la conduite des affaires et des transactions avec l'\u00c9tat lors du passage de produits ou de services dans des zones sous douane dans le cadre de transactions commerciales avec un pays \u00e9tranger.<\/p>\n<p>La loi douani\u00e8re n\u00b0 4458, qui est un ensemble de r\u00e8gles \u00e0 suivre lors des transactions de commerce ext\u00e9rieur, est la principale source de droit de la Turquie en mati\u00e8re douani\u00e8re. L'objectif de cette loi est de d\u00e9terminer les r\u00e8gles douani\u00e8res \u00e0 appliquer aux marchandises et aux v\u00e9hicules entrant et sortant du territoire douanier de la R\u00e9publique de Turquie. Selon l'article 5 de la loi douani\u00e8re n\u00b0 4458, toute personne peut d\u00e9signer un repr\u00e9sentant aupr\u00e8s des autorit\u00e9s douani\u00e8res pour effectuer les dispositions et les transactions stipul\u00e9es par la l\u00e9gislation douani\u00e8re. Le repr\u00e9sentant doit \u00eatre un r\u00e9sident du territoire douanier de la Turquie, \u00e0 l'exception des personnes effectuant des transports en transit ou des personnes effectuant des d\u00e9clarations accessoires.<\/p>\n<p>La repr\u00e9sentation peut \u00eatre directe ou indirecte. En cas de repr\u00e9sentation directe, le repr\u00e9sentant agit au nom et pour le compte d'une autre personne, et en cas de repr\u00e9sentation indirecte, il agit en son nom propre mais pour le compte d'une autre personne. Le repr\u00e9sentant est tenu de d\u00e9clarer qu'il agit au nom de la personne repr\u00e9sent\u00e9e, d'indiquer si la repr\u00e9sentation est directe ou indirecte et de pr\u00e9senter le document d'autorisation de repr\u00e9sentation aux autorit\u00e9s douani\u00e8res.<\/p>\n<p>Un commissionnaire en douane est un travailleur ind\u00e9pendant qui suit et finalise tous les types de proc\u00e9dures douani\u00e8res concernant des biens ou des services soumis \u00e0 des proc\u00e9dures douani\u00e8res par le biais d'une repr\u00e9sentation indirecte et qui se voit accorder une licence par le sous-secr\u00e9tariat des douanes. Dans le cadre des services de d\u00e9douanement, les courtiers en douane agissent en leur nom propre mais en tant que repr\u00e9sentant d'une autre personne par le biais de la repr\u00e9sentation indirecte. Les consultants en douane sont tenus de d\u00e9clarer qu'ils agissent au nom de la personne repr\u00e9sent\u00e9e et de pr\u00e9senter aux autorit\u00e9s douani\u00e8res le certificat d'autorisation de repr\u00e9sentation.<\/p>\n<p>Le facteur le plus important auquel les organisations de commerce ext\u00e9rieur doivent pr\u00eater attention lorsqu'elles choisissent un service de d\u00e9douanement est la s\u00e9lection d'une soci\u00e9t\u00e9 de d\u00e9douanement exp\u00e9riment\u00e9e, fiable et agr\u00e9\u00e9e, dot\u00e9e d'une responsabilit\u00e9 ad\u00e9quate en mati\u00e8re d'orientation. Il ne faut pas oublier qu'un mauvais choix et des transactions incorrectes comportent le risque d'\u00eatre facilement \u00e9valu\u00e9s dans le cadre de la contrebande douani\u00e8re et des sanctions, ce qui peut exposer les entreprises de commerce ext\u00e9rieur \u00e0 des co\u00fbts irr\u00e9cup\u00e9rables, \u00e0 des sanctions, \u00e0 des pertes de temps et de prestige.<\/p>\n<p><span style=\"text-decoration: underline;\"><strong>Depuis de nombreuses ann\u00e9es, \u00c7\u00f6zen Customs Consultancy suit et conclut avec succ\u00e8s les proc\u00e9dures douani\u00e8res suivantes pour le compte de ses pr\u00e9cieux clients dans toutes les directions des douanes et du commerce affili\u00e9es au minist\u00e8re du commerce et aux institutions et organisations officielles apparent\u00e9es :<\/strong><\/span><\/p>\n<ul>\n<li>Transactions douani\u00e8res \u00e0 l'importation<\/li>\n<li>Transactions douani\u00e8res \u00e0 l'exportation<\/li>\n<li>Transit Transactions commerciales<\/li>\n<li>Op\u00e9rations de perfectionnement actif<\/li>\n<li>Op\u00e9rations de traitement externe<\/li>\n<li>R\u00e9gime de transformation sous douane<\/li>\n<li>Op\u00e9rations d'entrep\u00f4t<\/li>\n<li>Op\u00e9rations d'importation temporaire<\/li>\n<li>Transactions d'exportation temporaire<\/li>\n<li>Transactions du r\u00e9gime de transit<\/li>\n<li>Transactions douani\u00e8res par courrier<\/li>\n<li>Transactions en zone franche<\/li>\n<li>Op\u00e9rations de r\u00e9exportation<\/li>\n<li>Proc\u00e9dures de destruction<\/li>\n<li>Proc\u00e9dures de d\u00e9douanement<\/li>\n<li>Exon\u00e9ration et exemption des droits de douane<\/li>\n<li>Transactions concernant les biens \u00e0 liquider<\/li>\n<li>Op\u00e9rations de retour de marchandises<\/li>\n<li>Transactions commerciales transfrontali\u00e8res<\/li>\n<\/ul>\n<p><a href=\"https:\/\/cozengumruk.net\/fr\/\">\u00c7\u00f6zen Customs Consultancy<\/a> prendre des mesures s\u00fbres dans le cadre de vos activit\u00e9s commerciales. Avec notre \u00e9quipe d'experts, nous nous engageons \u00e0 rendre vos processus commerciaux plus efficaces et plus fluides en vous accompagnant \u00e0 chaque \u00e9tape.<\/p>\n\t\t\t\t\t\t<\/div>\n\t\t\t\t<\/div>\n\t\t\t\t\t<\/div>\n\t\t\t\t<\/div>\n\t\t\t\t<section class=\"elementor-section elementor-top-section elementor-element elementor-element-fa0a35b elementor-section-boxed elementor-section-height-default elementor-section-height-default\" data-id=\"fa0a35b\" data-element_type=\"section\" data-settings=\"{&quot;background_background&quot;:&quot;classic&quot;}\">\n\t\t\t\t\t\t<div class=\"elementor-container elementor-column-gap-default\">\n\t\t\t\t\t<div class=\"elementor-column elementor-col-100 elementor-top-column elementor-element elementor-element-3962fda\" data-id=\"3962fda\" data-element_type=\"column\">\n\t\t\t<div class=\"elementor-widget-wrap elementor-element-populated\">\n\t\t\t\t\t\t<section class=\"elementor-section elementor-top-section elementor-element elementor-element-957b8b0 elementor-section-boxed elementor-section-height-default elementor-section-height-default\" data-id=\"957b8b0\" data-element_type=\"section\">\n\t\t\t\t\t\t<div class=\"elementor-container elementor-column-gap-default\">\n\t\t\t\t\t<div class=\"elementor-column elementor-col-100 elementor-top-column elementor-element elementor-element-adf2ee9\" data-id=\"adf2ee9\" data-element_type=\"column\">\n\t\t\t<div class=\"elementor-widget-wrap elementor-element-populated\">\n\t\t\t\t\t\t<div class=\"elementor-element elementor-element-ac7c14f elementor-widget elementor-widget-vc_custom_heading\" data-id=\"ac7c14f\" data-element_type=\"widget\" data-widget_type=\"vc_custom_heading.default\">\n\t\t\t\t<div class=\"elementor-widget-container\">\n\t\t\t<div class=\"vc_custom_heading no_stripe consulting_heading_font  text_align_center has_subtitle\" ><h4 style=\"font-size: 35px;color: #000000;text-align: center;line-height: 45px;font-weight:700\" class=\"consulting-custom-title\">Nous sommes \u00e0 vos c\u00f4t\u00e9s pour d\u00e9velopper les solutions les plus adapt\u00e9es \u00e0 vos besoins.\n<span class=\"subtitle\" style=\"color:#2A2A2A\"><br>Afin de r\u00e9pondre au mieux aux besoins de nos pr\u00e9cieux clients, nous sommes pr\u00eats \u00e0 \u00e9couter attentivement vos attentes et vos demandes. <br>Ensemble, nous d\u00e9terminerons les strat\u00e9gies les plus adapt\u00e9es \u00e0 vos besoins gr\u00e2ce \u00e0 nos innovations et \u00e0 nos solutions personnalis\u00e9es.<\/span><\/h4><\/div>\t\t<\/div>\n\t\t\t\t<\/div>\n\t\t\t\t<div class=\"elementor-element elementor-element-4965518 elementor-align-center elementor-widget elementor-widget-button\" data-id=\"4965518\" data-element_type=\"widget\" data-widget_type=\"button.default\">\n\t\t\t\t<div class=\"elementor-widget-container\">\n\t\t\t\t\t\t\t<div class=\"elementor-button-wrapper icon_align_row-reverse\">\n\t\t\t\t\t<a class=\"elementor-button elementor-button-link elementor-size-sm\" href=\"https:\/\/cozengumruk.net\/fr\/communication\/\">\n\t\t\t\t\t\t<span class=\"elementor-button-content-wrapper\">\n\t\t\t\t\t\t<span class=\"elementor-button-icon\">\n\t\t\t\t<i aria-hidden=\"true\" class=\"stm-lnr-arrow-right\"><\/i>\t\t\t<\/span>\n\t\t\t\t\t\t\t\t\t<span class=\"elementor-button-text\">Rencontre avec Solving Customs<\/span>\n\t\t\t\t\t<\/span>\n\t\t\t\t\t<\/a>\n\t\t\t\t<\/div>\n\t\t\t\t\t\t<\/div>\n\t\t\t\t<\/div>\n\t\t\t\t\t<\/div>\n\t\t<\/div>\n\t\t\t\t\t<\/div>\n\t\t<\/section>\n\t\t\t\t\t<\/div>\n\t\t<\/div>\n\t\t\t\t\t<\/div>\n\t\t<\/section>\n\t\t<div class=\"elementor-element elementor-element-ec22a55 e-flex e-con-boxed e-con e-parent\" data-id=\"ec22a55\" data-element_type=\"container\">\n\t\t\t\t\t<div class=\"e-con-inner\">\n\t\t\t\t<div class=\"elementor-element elementor-element-2ecc3a6 elementor-widget elementor-widget-heading\" data-id=\"2ecc3a6\" data-element_type=\"widget\" data-widget_type=\"heading.default\">\n\t\t\t\t<div class=\"elementor-widget-container\">\n\t\t\t<h2 class=\"elementor-heading-title elementor-size-default\">Nos services<\/h2>\t\t<\/div>\n\t\t\t\t<\/div>\n\t\t\t\t\t<\/div>\n\t\t\t\t<\/div>\n\t\t\t\t<section class=\"elementor-section elementor-top-section elementor-element elementor-element-d6d9ce1 elementor-section-boxed elementor-section-height-default elementor-section-height-default\" data-id=\"d6d9ce1\" data-element_type=\"section\" data-settings=\"{&quot;background_background&quot;:&quot;classic&quot;}\">\n\t\t\t\t\t\t<div class=\"elementor-container elementor-column-gap-default\">\n\t\t\t\t\t<div class=\"elementor-column elementor-col-33 elementor-top-column elementor-element elementor-element-5e0a9d2\" data-id=\"5e0a9d2\" data-element_type=\"column\">\n\t\t\t<div class=\"elementor-widget-wrap elementor-element-populated\">\n\t\t\t\t\t\t<div class=\"elementor-element elementor-element-74088b1 elementor-widget elementor-widget-stm_info_box\" data-id=\"74088b1\" data-element_type=\"widget\" data-widget_type=\"stm_info_box.default\">\n\t\t\t\t<div class=\"elementor-widget-container\">\n\t\t\t<div class=\"info_box elementor-consulting-info-box style_10\">\n\t<div class=\"icon\">\n\t\t<i class=\"fas fa-asterisk\"><\/i>\n\t<\/div>\n\t\t\t<div class=\"title\">\n\t\t\t<h4 class=\"no_stripe\">Services de d\u00e9douanement<\/h4>\n\t\t<\/div>\n\t\t<p>\u00c7\u00f6zen Customs Consultancy fournit des services de d\u00e9douanement rapides et fiables pour vos transactions d'importation et d'exportation.<\/p>\n<a class=\"read_more\" target=\"_self\" href=\"https:\/\/cozengumruk.net\/fr\/services-de-dedouanement\/\"><span>en savoir plus<\/span><span class=\"stm_icon\"><i class=\"fa fa-chevron-right\"><\/i><\/span><\/a><\/div>\n\t\t<\/div>\n\t\t\t\t<\/div>\n\t\t\t\t\t<\/div>\n\t\t<\/div>\n\t\t\t\t<div class=\"elementor-column elementor-col-33 elementor-top-column elementor-element elementor-element-a70c7d8\" data-id=\"a70c7d8\" data-element_type=\"column\">\n\t\t\t<div class=\"elementor-widget-wrap elementor-element-populated\">\n\t\t\t\t\t\t<div class=\"elementor-element elementor-element-9d8f074 elementor-widget elementor-widget-stm_info_box\" data-id=\"9d8f074\" data-element_type=\"widget\" data-widget_type=\"stm_info_box.default\">\n\t\t\t\t<div class=\"elementor-widget-container\">\n\t\t\t<div class=\"info_box elementor-consulting-info-box style_10\">\n\t<div class=\"icon\">\n\t\t<i class=\"stm-chart-refresh\"><\/i>\n\t<\/div>\n\t\t\t<div class=\"title\">\n\t\t\t<h4 class=\"no_stripe\">Services de conseil en l\u00e9gislation<\/h4>\n\t\t<\/div>\n\t\t<p>\u00c7\u00f6zen Customs Consultancy fournit des services de conseil d'experts pour vous permettre de vous conformer \u00e0 la l\u00e9gislation commerciale.<\/p>\n<a class=\"read_more\" target=\"_self\" href=\"https:\/\/cozengumruk.net\/fr\/services-legislatifs\/\"><span>en savoir plus<\/span><span class=\"stm_icon\"><i class=\"fa fa-chevron-right\"><\/i><\/span><\/a><\/div>\n\t\t<\/div>\n\t\t\t\t<\/div>\n\t\t\t\t\t<\/div>\n\t\t<\/div>\n\t\t\t\t<div class=\"elementor-column elementor-col-33 elementor-top-column elementor-element elementor-element-aaf345e\" data-id=\"aaf345e\" data-element_type=\"column\">\n\t\t\t<div class=\"elementor-widget-wrap elementor-element-populated\">\n\t\t\t\t\t\t<div class=\"elementor-element elementor-element-6f928cf elementor-widget elementor-widget-stm_info_box\" data-id=\"6f928cf\" data-element_type=\"widget\" data-widget_type=\"stm_info_box.default\">\n\t\t\t\t<div class=\"elementor-widget-container\">\n\t\t\t<div class=\"info_box elementor-consulting-info-box style_10\">\n\t<div class=\"icon\">\n\t\t<i class=\"fas fa-compress\"><\/i>\n\t<\/div>\n\t\t\t<div class=\"title\">\n\t\t\t<h4 class=\"no_stripe\">YYS | AEO Consultancy Services<\/h4>\n\t\t<\/div>\n\t\t<p>\u00c7\u00f6zen Customs Consultancy fournit des services de conseil professionnel dans le cadre des proc\u00e9dures d'obtention des certificats (YYS) et (AEO).<\/p>\n<a class=\"read_more\" target=\"_self\" href=\"https:\/\/cozengumruk.net\/fr\/yys-aeo-services\/\"><span>en savoir plus<\/span><span class=\"stm_icon\"><i class=\"fa fa-chevron-right\"><\/i><\/span><\/a><\/div>\n\t\t<\/div>\n\t\t\t\t<\/div>\n\t\t\t\t\t<\/div>\n\t\t<\/div>\n\t\t\t\t\t<\/div>\n\t\t<\/section>\n\t\t\t\t<section class=\"elementor-section elementor-top-section elementor-element elementor-element-9c1bc9d elementor-section-boxed elementor-section-height-default elementor-section-height-default\" data-id=\"9c1bc9d\" data-element_type=\"section\" data-settings=\"{&quot;background_background&quot;:&quot;classic&quot;}\">\n\t\t\t\t\t\t<div class=\"elementor-container elementor-column-gap-default\">\n\t\t\t\t\t<div class=\"elementor-column elementor-col-33 elementor-top-column elementor-element elementor-element-547bb03\" data-id=\"547bb03\" data-element_type=\"column\">\n\t\t\t<div class=\"elementor-widget-wrap elementor-element-populated\">\n\t\t\t\t\t\t<div class=\"elementor-element elementor-element-a7a0374 elementor-widget elementor-widget-stm_info_box\" data-id=\"a7a0374\" data-element_type=\"widget\" data-widget_type=\"stm_info_box.default\">\n\t\t\t\t<div class=\"elementor-widget-container\">\n\t\t\t<div class=\"info_box elementor-consulting-info-box style_10\">\n\t<div class=\"icon\">\n\t\t<i class=\"stm-ankara-search\"><\/i>\n\t<\/div>\n\t\t\t<div class=\"title\">\n\t\t\t<h4 class=\"no_stripe\">Services de pr\u00e9paration aux inspections douani\u00e8res<\/h4>\n\t\t<\/div>\n\t\t<p>\u00c7\u00f6zen Customs Consultancy vous apporte un soutien complet dans votre processus de pr\u00e9paration aux inspections douani\u00e8res.<\/p>\n<a class=\"read_more\" target=\"_self\" href=\"https:\/\/cozengumruk.net\/fr\/services-de-preparation-des-audits-douaniers\/\"><span>en savoir plus<\/span><span class=\"stm_icon\"><i class=\"fa fa-chevron-right\"><\/i><\/span><\/a><\/div>\n\t\t<\/div>\n\t\t\t\t<\/div>\n\t\t\t\t\t<\/div>\n\t\t<\/div>\n\t\t\t\t<div class=\"elementor-column elementor-col-33 elementor-top-column elementor-element elementor-element-7172248\" data-id=\"7172248\" data-element_type=\"column\">\n\t\t\t<div class=\"elementor-widget-wrap elementor-element-populated\">\n\t\t\t\t\t\t<div class=\"elementor-element elementor-element-806e247 elementor-widget elementor-widget-stm_info_box\" data-id=\"806e247\" data-element_type=\"widget\" data-widget_type=\"stm_info_box.default\">\n\t\t\t\t<div class=\"elementor-widget-container\">\n\t\t\t<div class=\"info_box elementor-consulting-info-box style_10\">\n\t<div class=\"icon\">\n\t\t<i class=\"fas fa-balance-scale\"><\/i>\n\t<\/div>\n\t\t\t<div class=\"title\">\n\t\t\t<h4 class=\"no_stripe\">Services de soutien juridique<\/h4>\n\t\t<\/div>\n\t\t<p>\u00c7\u00f6zen Customs Consultancy fournit un soutien expert dans les processus juridiques li\u00e9s au commerce.<\/p>\n<a class=\"read_more\" target=\"_self\" href=\"https:\/\/cozengumruk.net\/fr\/services-dappui-juridique\/\"><span>en savoir plus<\/span><span class=\"stm_icon\"><i class=\"fa fa-chevron-right\"><\/i><\/span><\/a><\/div>\n\t\t<\/div>\n\t\t\t\t<\/div>\n\t\t\t\t\t<\/div>\n\t\t<\/div>\n\t\t\t\t<div class=\"elementor-column elementor-col-33 elementor-top-column elementor-element elementor-element-d057806\" data-id=\"d057806\" data-element_type=\"column\">\n\t\t\t<div class=\"elementor-widget-wrap elementor-element-populated\">\n\t\t\t\t\t\t<div class=\"elementor-element elementor-element-119d5f2 elementor-widget elementor-widget-stm_info_box\" data-id=\"119d5f2\" data-element_type=\"widget\" data-widget_type=\"stm_info_box.default\">\n\t\t\t\t<div class=\"elementor-widget-container\">\n\t\t\t<div class=\"info_box elementor-consulting-info-box style_10\">\n\t<div class=\"icon\">\n\t\t<i class=\"stm-earth\"><\/i>\n\t<\/div>\n\t\t\t<div class=\"title\">\n\t\t\t<h4 class=\"no_stripe\">Services de conseil en zone franche<\/h4>\n\t\t<\/div>\n\t\t<p>\u00c7\u00f6zen Customs Consultancy fournit des conseils professionnels pour vos transactions en zone franche.<\/p>\n<a class=\"read_more\" target=\"_self\" href=\"https:\/\/cozengumruk.net\/fr\/services-de-conseil-en-matiere-de-zones-franches\/\"><span>en savoir plus<\/span><span class=\"stm_icon\"><i class=\"fa fa-chevron-right\"><\/i><\/span><\/a><\/div>\n\t\t<\/div>\n\t\t\t\t<\/div>\n\t\t\t\t\t<\/div>\n\t\t<\/div>\n\t\t\t\t\t<\/div>\n\t\t<\/section>\n\t\t\t\t<section class=\"elementor-section elementor-top-section elementor-element elementor-element-ed8e50b elementor-section-boxed elementor-section-height-default elementor-section-height-default\" data-id=\"ed8e50b\" data-element_type=\"section\">\n\t\t\t\t\t\t<div class=\"elementor-container elementor-column-gap-default\">\n\t\t\t\t\t<div class=\"elementor-column elementor-col-33 elementor-top-column elementor-element elementor-element-c5a6e2c\" data-id=\"c5a6e2c\" data-element_type=\"column\">\n\t\t\t<div class=\"elementor-widget-wrap elementor-element-populated\">\n\t\t\t\t\t\t<div class=\"elementor-element elementor-element-81f4a5a elementor-widget elementor-widget-stm_info_box\" data-id=\"81f4a5a\" data-element_type=\"widget\" data-widget_type=\"stm_info_box.default\">\n\t\t\t\t<div class=\"elementor-widget-container\">\n\t\t\t<div class=\"info_box elementor-consulting-info-box style_10\">\n\t<div class=\"icon\">\n\t\t<i class=\"fas fa-parachute-box\"><\/i>\n\t<\/div>\n\t\t\t<div class=\"title\">\n\t\t\t<h4 class=\"no_stripe\">Services douaniers interactifs<\/h4>\n\t\t<\/div>\n\t\t<p>\u00c7\u00f6zen Customs Consultancy fournit des services douaniers rapides et efficaces par le biais de plateformes num\u00e9riques.<\/p>\n<a class=\"read_more\" target=\"_self\" href=\"https:\/\/cozengumruk.net\/fr\/services-douaniers-interactifs\/\"><span>en savoir plus<\/span><span class=\"stm_icon\"><i class=\"fa fa-chevron-right\"><\/i><\/span><\/a><\/div>\n\t\t<\/div>\n\t\t\t\t<\/div>\n\t\t\t\t\t<\/div>\n\t\t<\/div>\n\t\t\t\t<div class=\"elementor-column elementor-col-33 elementor-top-column elementor-element elementor-element-5576d95\" data-id=\"5576d95\" data-element_type=\"column\">\n\t\t\t<div class=\"elementor-widget-wrap elementor-element-populated\">\n\t\t\t\t\t\t<div class=\"elementor-element elementor-element-aa624d5 elementor-widget elementor-widget-stm_info_box\" data-id=\"aa624d5\" data-element_type=\"widget\" data-widget_type=\"stm_info_box.default\">\n\t\t\t\t<div class=\"elementor-widget-container\">\n\t\t\t<div class=\"info_box elementor-consulting-info-box style_10\">\n\t<div class=\"icon\">\n\t\t<i class=\"fas fa-pencil-alt\"><\/i>\n\t<\/div>\n\t\t\t<div class=\"title\">\n\t\t\t<h4 class=\"no_stripe\">Services d'\u00e9ducation<\/h4>\n\t\t<\/div>\n\t\t<p>\u00c7\u00f6zen Customs Consultancy propose des formations compl\u00e8tes pour vous sp\u00e9cialiser dans les questions de douane et de commerce ext\u00e9rieur.<\/p>\n<a class=\"read_more\" target=\"_self\" href=\"https:\/\/cozengumruk.net\/fr\/services-deducation\/\"><span>en savoir plus<\/span><span class=\"stm_icon\"><i class=\"fa fa-chevron-right\"><\/i><\/span><\/a><\/div>\n\t\t<\/div>\n\t\t\t\t<\/div>\n\t\t\t\t\t<\/div>\n\t\t<\/div>\n\t\t\t\t<div class=\"elementor-column elementor-col-33 elementor-top-column elementor-element elementor-element-f823632\" data-id=\"f823632\" data-element_type=\"column\">\n\t\t\t<div class=\"elementor-widget-wrap elementor-element-populated\">\n\t\t\t\t\t\t<div class=\"elementor-element elementor-element-f6abd1f elementor-widget elementor-widget-stm_info_box\" data-id=\"f6abd1f\" data-element_type=\"widget\" data-widget_type=\"stm_info_box.default\">\n\t\t\t\t<div class=\"elementor-widget-container\">\n\t\t\t<div class=\"info_box elementor-consulting-info-box style_10\">\n\t<div class=\"icon\">\n\t\t<i class=\"fas fa-grip-horizontal\"><\/i>\n\t<\/div>\n\t\t\t<div class=\"title\">\n\t\t\t<h4 class=\"no_stripe\">Autres services<\/h4>\n\t\t<\/div>\n\t\t<p>\u00c7\u00f6zen Customs Consultancy offre divers services suppl\u00e9mentaires sp\u00e9cifiques \u00e0 vos besoins dans le domaine des douanes et du commerce ext\u00e9rieur.<\/p>\n<div class=\"notranslate\" style=\"all: initial;\">\u00a0<\/div>\n<a class=\"read_more\" target=\"_self\" href=\"https:\/\/cozengumruk.net\/fr\/autres-services-douaniers\/\"><span>en savoir plus<\/span><span class=\"stm_icon\"><i class=\"fa fa-chevron-right\"><\/i><\/span><\/a><\/div>\n\t\t<\/div>\n\t\t\t\t<\/div>\n\t\t\t\t\t<\/div>\n\t\t<\/div>\n\t\t\t\t\t<\/div>\n\t\t<\/section>\n\t\t<div class=\"elementor-element elementor-element-795a419 e-flex e-con-boxed e-con e-parent\" data-id=\"795a419\" data-element_type=\"container\">\n\t\t\t\t\t<div class=\"e-con-inner\">\n\t\t\t\t<div class=\"elementor-element elementor-element-966f1f9 elementor-hidden-mobile elementor-widget elementor-widget-stm_info_box\" data-id=\"966f1f9\" data-element_type=\"widget\" data-widget_type=\"stm_info_box.default\">\n\t\t\t\t<div class=\"elementor-widget-container\">\n\t\t\t<div class=\"info_box elementor-consulting-info-box style_10\">\n\t<div class=\"icon\">\n\t\t<i class=\"stm-worldwide-shipping\"><\/i>\n\t<\/div>\n\t\t\t<div class=\"title\">\n\t\t\t<h4 class=\"no_stripe\">Services logistiques<\/h4>\n\t\t<\/div>\n\t\t<p>\u00c7\u00f6zen Customs Consultancy g\u00e8re tous vos processus logistiques de mani\u00e8re efficace et efficiente. Il acc\u00e9l\u00e8re et facilite votre activit\u00e9 gr\u00e2ce \u00e0 des solutions de transport, de stockage et de distribution.<\/p>\n<a class=\"read_more\" target=\"_self\" href=\"https:\/\/cozengumruk.net\/fr\/services-logistiques\/\"><span>en savoir plus<\/span><span class=\"stm_icon\"><i class=\"fa fa-chevron-right\"><\/i><\/span><\/a><\/div>\n\t\t<\/div>\n\t\t\t\t<\/div>\n\t\t\t\t<div class=\"elementor-element elementor-element-074eb68 elementor-hidden-desktop elementor-hidden-tablet elementor-widget elementor-widget-stm_info_box\" data-id=\"074eb68\" data-element_type=\"widget\" data-widget_type=\"stm_info_box.default\">\n\t\t\t\t<div class=\"elementor-widget-container\">\n\t\t\t<div class=\"info_box elementor-consulting-info-box style_10\">\n\t<div class=\"icon\">\n\t\t<i class=\"stm-worldwide-shipping\"><\/i>\n\t<\/div>\n\t\t\t<div class=\"title\">\n\t\t\t<h4 class=\"no_stripe\">Services logistiques<\/h4>\n\t\t<\/div>\n\t\t<p>\u00c7\u00f6zen Customs Consultancy g\u00e8re tous vos processus logistiques de mani\u00e8re efficace et efficiente. Il acc\u00e9l\u00e8re et facilite votre activit\u00e9 gr\u00e2ce \u00e0 des solutions de transport, de stockage et de distribution.<\/p>\n<a class=\"read_more\" target=\"_self\" href=\"https:\/\/cozengumruk.net\/fr\/services-logistiques\/\"><span>en savoir plus<\/span><span class=\"stm_icon\"><i class=\"fa fa-chevron-right\"><\/i><\/span><\/a><\/div>\n\t\t<\/div>\n\t\t\t\t<\/div>\n\t\t\t\t\t<\/div>\n\t\t\t\t<\/div>\n\t\t\t\t<\/div>","protected":false},"excerpt":{"rendered":"<p>\u00dclkemizde G\u00fcmr\u00fck, Ticaret Bakanl\u0131\u011f\u0131 b\u00fcnyesinde faaliyet g\u00f6steren kritik bir kurumdur. G\u00fcmr\u00fckleme Hizmeti, yabanc\u0131 bir \u00fclke ile ger\u00e7ekle\u015ftirilen d\u0131\u015f ticaret i\u015flemlerinde \u00fcr\u00fcn veya hizmetlerin g\u00fcmr\u00fckl\u00fc sahalardan ge\u00e7i\u015finde devletle olan i\u015f ve i\u015flemleri y\u00fcr\u00fctmeyi kapsar. D\u0131\u015f ticaret i\u015flemleri s\u0131ras\u0131nda uyulmas\u0131 gereken kurallar b\u00fct\u00fcn\u00fc olan 4458 say\u0131l\u0131 G\u00fcmr\u00fck Kanunu, T\u00fcrkiye\u2019nin g\u00fcmr\u00fck konular\u0131nda temel hukuk kayna\u011f\u0131d\u0131r. Bu Kanunun amac\u0131,<\/p>","protected":false},"author":1,"featured_media":0,"parent":0,"menu_order":0,"comment_status":"closed","ping_status":"closed","template":"","meta":{"footnotes":""},"class_list":["post-7584","page","type-page","status-publish","hentry"],"_links":{"self":[{"href":"https:\/\/cozengumruk.net\/fr\/wp-json\/wp\/v2\/pages\/7584","targetHints":{"allow":["GET"]}}],"collection":[{"href":"https:\/\/cozengumruk.net\/fr\/wp-json\/wp\/v2\/pages"}],"about":[{"href":"https:\/\/cozengumruk.net\/fr\/wp-json\/wp\/v2\/types\/page"}],"author":[{"embeddable":true,"href":"https:\/\/cozengumruk.net\/fr\/wp-json\/wp\/v2\/users\/1"}],"replies":[{"embeddable":true,"href":"https:\/\/cozengumruk.net\/fr\/wp-json\/wp\/v2\/comments?post=7584"}],"version-history":[{"count":23,"href":"https:\/\/cozengumruk.net\/fr\/wp-json\/wp\/v2\/pages\/7584\/revisions"}],"predecessor-version":[{"id":7658,"href":"https:\/\/cozengumruk.net\/fr\/wp-json\/wp\/v2\/pages\/7584\/revisions\/7658"}],"wp:attachment":[{"href":"https:\/\/cozengumruk.net\/fr\/wp-json\/wp\/v2\/media?parent=7584"}],"curies":[{"name":"wp","href":"https:\/\/api.w.org\/{rel}","templated":true}]}}