{"id":7597,"date":"2024-07-26T01:43:42","date_gmt":"2024-07-25T22:43:42","guid":{"rendered":"https:\/\/cozengumruk.net\/?page_id=7597"},"modified":"2024-07-26T12:06:35","modified_gmt":"2024-07-26T09:06:35","slug":"mevzuat-hizmetleri","status":"publish","type":"page","link":"https:\/\/cozengumruk.net\/fr\/services-legislatifs\/","title":{"rendered":"Services de conseil en l\u00e9gislation"},"content":{"rendered":"<div data-elementor-type=\"wp-page\" data-elementor-id=\"7597\" class=\"elementor elementor-7597\" data-elementor-post-type=\"page\">\n\t\t\t\t<div class=\"elementor-element elementor-element-a269fe7 e-flex e-con-boxed e-con e-parent\" data-id=\"a269fe7\" data-element_type=\"container\">\n\t\t\t\t\t<div class=\"e-con-inner\">\n\t\t\t\t<div class=\"elementor-element elementor-element-274460c elementor-widget elementor-widget-text-editor\" data-id=\"274460c\" data-element_type=\"widget\" data-widget_type=\"text-editor.default\">\n\t\t\t\t<div class=\"elementor-widget-container\">\n\t\t\t\t\t\t\t<p>Les personnes, institutions et organisations qui b\u00e9n\u00e9ficient des services de d\u00e9douanement de \u00c7\u00f6zen Customs Brokerage disposent d'informations d\u00e9taill\u00e9es non seulement sur les proc\u00e9dures douani\u00e8res, mais aussi sur l'\u00e9volution de la l\u00e9gislation et des pratiques. Elles acqui\u00e8rent un avantage concurrentiel en utilisant ces informations de mani\u00e8re opportune et pr\u00e9cise. Il est clair qu'il n'y aura pas de probl\u00e8mes dans les proc\u00e9dures douani\u00e8res dans un environnement o\u00f9 le partage efficace des informations et la l\u00e9gislation l\u00e9gale sont m\u00e9ticuleusement appliqu\u00e9s.<\/p>\n<p>Outre les services de courtage en douane qu'elle offre \u00e0 ses pr\u00e9cieux clients nationaux et internationaux dans ce domaine, \u00c7\u00f6zen Customs Consultancy les informe constamment sur la l\u00e9gislation en mati\u00e8re de douane et de commerce ext\u00e9rieur. Les personnes et les organisations qui b\u00e9n\u00e9ficient des services d'une soci\u00e9t\u00e9 exp\u00e9riment\u00e9e qui effectue des transactions planifi\u00e9es et rapides conform\u00e9ment aux lois et aux r\u00e8gles, avec les informations et les documents appropri\u00e9s, apportent des contributions significatives en termes d'avantage concurrentiel et d'efficacit\u00e9.<\/p>\n<p>Chaque pays poss\u00e8de sa propre infrastructure juridique et ses pratiques particuli\u00e8res. Les entreprises internationales qui souhaitent investir dans notre pays ont besoin d'analyses de co\u00fbts et de risques ax\u00e9es sur les produits ou les secteurs. Elles veulent avoir une connaissance pr\u00e9alable de la l\u00e9gislation et des pratiques de notre pays, d\u00e9terminer les r\u00e9gimes douaniers qu'elles appliqueront et planifier leurs besoins en infrastructure et en personnel en cons\u00e9quence. C'est \u00e0 ce stade qu'appara\u00eet l'importance des services de conseil en mati\u00e8re de l\u00e9gislation.<\/p>\n<p><span style=\"text-decoration: underline;\"><strong>Les principaux th\u00e8mes abord\u00e9s dans le cadre de nos services de conseil sont les suivants ;<\/strong><\/span><\/p>\n<ul>\n<li>Services de conseil sur la l\u00e9gislation et les pratiques en mati\u00e8re de douanes et de commerce ext\u00e9rieur<\/li>\n<li>Services de conseil en mati\u00e8re de d\u00e9termination et d'application du GTIP<\/li>\n<li>Services de conseil pour les Tareks TSE\/CE et autres proc\u00e9dures d'\u00e9valuation de la conformit\u00e9<\/li>\n<li>Contentieux douanier et proc\u00e9dures administratives de recours Services de conseil<\/li>\n<li>Services de passation de march\u00e9s \u00e0 l'\u00e9tranger Services de conseil en l\u00e9gislation<\/li>\n<li>Services de conseil en l\u00e9gislation conjointe Union europ\u00e9enne-Turquie<\/li>\n<li>Services de conseil en mati\u00e8re de l\u00e9gislation contre la contrebande<\/li>\n<li>Services de conseil en mati\u00e8re de l\u00e9gislation sur le SPT dans le domaine de l'alimentation et de l'agriculture<\/li>\n<li>Minist\u00e8re de la sant\u00e9 TPS Legislation Consultancy Services<\/li>\n<li>Promotion des investissements TPS Consultancy Services<\/li>\n<li>Services de conseil en mati\u00e8re de r\u00e8glement de conciliation<\/li>\n<\/ul>\n<p><a href=\"https:\/\/cozengumruk.net\/fr\/\">\u00c7\u00f6zen Customs Consultancy<\/a> de franchir des \u00e9tapes s\u00fbres et sans probl\u00e8me dans votre m\u00e9tier. Nous vous accompagnons \u00e0 chaque \u00e9tape gr\u00e2ce \u00e0 notre \u00e9quipe d'experts et nous vous fournissons les informations et les services de conseil les plus r\u00e9cents, ce qui vous permet d'avoir une longueur d'avance sur la concurrence.<\/p>\n\t\t\t\t\t\t<\/div>\n\t\t\t\t<\/div>\n\t\t\t\t\t<\/div>\n\t\t\t\t<\/div>\n\t\t\t\t<section class=\"elementor-section elementor-top-section elementor-element elementor-element-fa0a35b elementor-section-boxed elementor-section-height-default elementor-section-height-default\" data-id=\"fa0a35b\" data-element_type=\"section\" data-settings=\"{&quot;background_background&quot;:&quot;classic&quot;}\">\n\t\t\t\t\t\t<div class=\"elementor-container elementor-column-gap-default\">\n\t\t\t\t\t<div class=\"elementor-column elementor-col-100 elementor-top-column elementor-element elementor-element-3962fda\" data-id=\"3962fda\" data-element_type=\"column\">\n\t\t\t<div class=\"elementor-widget-wrap elementor-element-populated\">\n\t\t\t\t\t\t<section class=\"elementor-section elementor-top-section elementor-element elementor-element-957b8b0 elementor-section-boxed elementor-section-height-default elementor-section-height-default\" data-id=\"957b8b0\" data-element_type=\"section\">\n\t\t\t\t\t\t<div class=\"elementor-container elementor-column-gap-default\">\n\t\t\t\t\t<div class=\"elementor-column elementor-col-100 elementor-top-column elementor-element elementor-element-adf2ee9\" data-id=\"adf2ee9\" data-element_type=\"column\">\n\t\t\t<div class=\"elementor-widget-wrap elementor-element-populated\">\n\t\t\t\t\t\t<div class=\"elementor-element elementor-element-ac7c14f elementor-widget elementor-widget-vc_custom_heading\" data-id=\"ac7c14f\" data-element_type=\"widget\" data-widget_type=\"vc_custom_heading.default\">\n\t\t\t\t<div class=\"elementor-widget-container\">\n\t\t\t<div class=\"vc_custom_heading no_stripe consulting_heading_font  text_align_center has_subtitle\" ><h4 style=\"font-size: 35px;color: #000000;text-align: center;line-height: 45px;font-weight:700\" class=\"consulting-custom-title\">Nous sommes \u00e0 vos c\u00f4t\u00e9s pour d\u00e9velopper les solutions les plus adapt\u00e9es \u00e0 vos besoins.\n<span class=\"subtitle\" style=\"color:#2A2A2A\"><br>Afin de r\u00e9pondre au mieux aux besoins de nos pr\u00e9cieux clients, nous sommes pr\u00eats \u00e0 \u00e9couter attentivement vos attentes et vos demandes. <br>Ensemble, nous d\u00e9terminerons les strat\u00e9gies les plus adapt\u00e9es \u00e0 vos besoins gr\u00e2ce \u00e0 nos innovations et \u00e0 nos solutions personnalis\u00e9es.<\/span><\/h4><\/div>\t\t<\/div>\n\t\t\t\t<\/div>\n\t\t\t\t<div class=\"elementor-element elementor-element-4965518 elementor-align-center elementor-widget elementor-widget-button\" data-id=\"4965518\" data-element_type=\"widget\" data-widget_type=\"button.default\">\n\t\t\t\t<div class=\"elementor-widget-container\">\n\t\t\t\t\t\t\t<div class=\"elementor-button-wrapper icon_align_row-reverse\">\n\t\t\t\t\t<a class=\"elementor-button elementor-button-link elementor-size-sm\" href=\"https:\/\/cozengumruk.net\/fr\/communication\/\">\n\t\t\t\t\t\t<span class=\"elementor-button-content-wrapper\">\n\t\t\t\t\t\t<span class=\"elementor-button-icon\">\n\t\t\t\t<i aria-hidden=\"true\" class=\"stm-lnr-arrow-right\"><\/i>\t\t\t<\/span>\n\t\t\t\t\t\t\t\t\t<span class=\"elementor-button-text\">Rencontre avec Solving Customs<\/span>\n\t\t\t\t\t<\/span>\n\t\t\t\t\t<\/a>\n\t\t\t\t<\/div>\n\t\t\t\t\t\t<\/div>\n\t\t\t\t<\/div>\n\t\t\t\t\t<\/div>\n\t\t<\/div>\n\t\t\t\t\t<\/div>\n\t\t<\/section>\n\t\t\t\t\t<\/div>\n\t\t<\/div>\n\t\t\t\t\t<\/div>\n\t\t<\/section>\n\t\t<div class=\"elementor-element elementor-element-560d9ad e-flex e-con-boxed e-con e-parent\" data-id=\"560d9ad\" data-element_type=\"container\">\n\t\t\t\t\t<div class=\"e-con-inner\">\n\t\t\t\t<div class=\"elementor-element elementor-element-2252fe7 elementor-widget elementor-widget-heading\" data-id=\"2252fe7\" data-element_type=\"widget\" data-widget_type=\"heading.default\">\n\t\t\t\t<div class=\"elementor-widget-container\">\n\t\t\t<h2 class=\"elementor-heading-title elementor-size-default\">Nos services<\/h2>\t\t<\/div>\n\t\t\t\t<\/div>\n\t\t\t\t\t<\/div>\n\t\t\t\t<\/div>\n\t\t\t\t<section class=\"elementor-section elementor-top-section elementor-element elementor-element-06ad08e elementor-section-boxed elementor-section-height-default elementor-section-height-default\" data-id=\"06ad08e\" data-element_type=\"section\" data-settings=\"{&quot;background_background&quot;:&quot;classic&quot;}\">\n\t\t\t\t\t\t<div class=\"elementor-container elementor-column-gap-default\">\n\t\t\t\t\t<div class=\"elementor-column elementor-col-33 elementor-top-column elementor-element elementor-element-00ec1d4\" data-id=\"00ec1d4\" data-element_type=\"column\">\n\t\t\t<div class=\"elementor-widget-wrap elementor-element-populated\">\n\t\t\t\t\t\t<div class=\"elementor-element elementor-element-8a6d07b elementor-widget elementor-widget-stm_info_box\" data-id=\"8a6d07b\" data-element_type=\"widget\" data-widget_type=\"stm_info_box.default\">\n\t\t\t\t<div class=\"elementor-widget-container\">\n\t\t\t<div class=\"info_box elementor-consulting-info-box style_10\">\n\t<div class=\"icon\">\n\t\t<i class=\"fas fa-asterisk\"><\/i>\n\t<\/div>\n\t\t\t<div class=\"title\">\n\t\t\t<h4 class=\"no_stripe\">Services de d\u00e9douanement<\/h4>\n\t\t<\/div>\n\t\t<p>\u00c7\u00f6zen Customs Consultancy fournit des services de d\u00e9douanement rapides et fiables pour vos transactions d'importation et d'exportation.<\/p>\n<a class=\"read_more\" target=\"_self\" href=\"https:\/\/cozengumruk.net\/fr\/services-de-dedouanement\/\"><span>en savoir plus<\/span><span class=\"stm_icon\"><i class=\"fa fa-chevron-right\"><\/i><\/span><\/a><\/div>\n\t\t<\/div>\n\t\t\t\t<\/div>\n\t\t\t\t\t<\/div>\n\t\t<\/div>\n\t\t\t\t<div class=\"elementor-column elementor-col-33 elementor-top-column elementor-element elementor-element-a6bc894\" data-id=\"a6bc894\" data-element_type=\"column\">\n\t\t\t<div class=\"elementor-widget-wrap elementor-element-populated\">\n\t\t\t\t\t\t<div class=\"elementor-element elementor-element-36e0f1c elementor-widget elementor-widget-stm_info_box\" data-id=\"36e0f1c\" data-element_type=\"widget\" data-widget_type=\"stm_info_box.default\">\n\t\t\t\t<div class=\"elementor-widget-container\">\n\t\t\t<div class=\"info_box elementor-consulting-info-box style_10\">\n\t<div class=\"icon\">\n\t\t<i class=\"stm-chart-refresh\"><\/i>\n\t<\/div>\n\t\t\t<div class=\"title\">\n\t\t\t<h4 class=\"no_stripe\">Services de conseil en l\u00e9gislation<\/h4>\n\t\t<\/div>\n\t\t<p>\u00c7\u00f6zen Customs Consultancy fournit des services de conseil d'experts pour vous permettre de vous conformer \u00e0 la l\u00e9gislation commerciale.<\/p>\n<a class=\"read_more\" target=\"_self\" href=\"https:\/\/cozengumruk.net\/fr\/services-legislatifs\/\"><span>en savoir plus<\/span><span class=\"stm_icon\"><i class=\"fa fa-chevron-right\"><\/i><\/span><\/a><\/div>\n\t\t<\/div>\n\t\t\t\t<\/div>\n\t\t\t\t\t<\/div>\n\t\t<\/div>\n\t\t\t\t<div class=\"elementor-column elementor-col-33 elementor-top-column elementor-element elementor-element-5a8a4fa\" data-id=\"5a8a4fa\" data-element_type=\"column\">\n\t\t\t<div class=\"elementor-widget-wrap elementor-element-populated\">\n\t\t\t\t\t\t<div class=\"elementor-element elementor-element-fee587e elementor-widget elementor-widget-stm_info_box\" data-id=\"fee587e\" data-element_type=\"widget\" data-widget_type=\"stm_info_box.default\">\n\t\t\t\t<div class=\"elementor-widget-container\">\n\t\t\t<div class=\"info_box elementor-consulting-info-box style_10\">\n\t<div class=\"icon\">\n\t\t<i class=\"fas fa-compress\"><\/i>\n\t<\/div>\n\t\t\t<div class=\"title\">\n\t\t\t<h4 class=\"no_stripe\">YYS | AEO Consultancy Services<\/h4>\n\t\t<\/div>\n\t\t<p>\u00c7\u00f6zen Customs Consultancy fournit des services de conseil professionnel dans le cadre des proc\u00e9dures d'obtention des certificats (YYS) et (AEO).<\/p>\n<a class=\"read_more\" target=\"_self\" href=\"https:\/\/cozengumruk.net\/fr\/yys-aeo-services\/\"><span>en savoir plus<\/span><span class=\"stm_icon\"><i class=\"fa fa-chevron-right\"><\/i><\/span><\/a><\/div>\n\t\t<\/div>\n\t\t\t\t<\/div>\n\t\t\t\t\t<\/div>\n\t\t<\/div>\n\t\t\t\t\t<\/div>\n\t\t<\/section>\n\t\t\t\t<section class=\"elementor-section elementor-top-section elementor-element elementor-element-c7dae88 elementor-section-boxed elementor-section-height-default elementor-section-height-default\" data-id=\"c7dae88\" data-element_type=\"section\" data-settings=\"{&quot;background_background&quot;:&quot;classic&quot;}\">\n\t\t\t\t\t\t<div class=\"elementor-container elementor-column-gap-default\">\n\t\t\t\t\t<div class=\"elementor-column elementor-col-33 elementor-top-column elementor-element elementor-element-c290e5d\" data-id=\"c290e5d\" data-element_type=\"column\">\n\t\t\t<div class=\"elementor-widget-wrap elementor-element-populated\">\n\t\t\t\t\t\t<div class=\"elementor-element elementor-element-b605033 elementor-widget elementor-widget-stm_info_box\" data-id=\"b605033\" data-element_type=\"widget\" data-widget_type=\"stm_info_box.default\">\n\t\t\t\t<div class=\"elementor-widget-container\">\n\t\t\t<div class=\"info_box elementor-consulting-info-box style_10\">\n\t<div class=\"icon\">\n\t\t<i class=\"stm-ankara-search\"><\/i>\n\t<\/div>\n\t\t\t<div class=\"title\">\n\t\t\t<h4 class=\"no_stripe\">Services de pr\u00e9paration aux inspections douani\u00e8res<\/h4>\n\t\t<\/div>\n\t\t<p>\u00c7\u00f6zen Customs Consultancy vous apporte un soutien complet dans votre processus de pr\u00e9paration aux inspections douani\u00e8res.<\/p>\n<a class=\"read_more\" target=\"_self\" href=\"https:\/\/cozengumruk.net\/fr\/services-de-preparation-des-audits-douaniers\/\"><span>en savoir plus<\/span><span class=\"stm_icon\"><i class=\"fa fa-chevron-right\"><\/i><\/span><\/a><\/div>\n\t\t<\/div>\n\t\t\t\t<\/div>\n\t\t\t\t\t<\/div>\n\t\t<\/div>\n\t\t\t\t<div class=\"elementor-column elementor-col-33 elementor-top-column elementor-element elementor-element-e65889f\" data-id=\"e65889f\" data-element_type=\"column\">\n\t\t\t<div class=\"elementor-widget-wrap elementor-element-populated\">\n\t\t\t\t\t\t<div class=\"elementor-element elementor-element-cfdc332 elementor-widget elementor-widget-stm_info_box\" data-id=\"cfdc332\" data-element_type=\"widget\" data-widget_type=\"stm_info_box.default\">\n\t\t\t\t<div class=\"elementor-widget-container\">\n\t\t\t<div class=\"info_box elementor-consulting-info-box style_10\">\n\t<div class=\"icon\">\n\t\t<i class=\"fas fa-balance-scale\"><\/i>\n\t<\/div>\n\t\t\t<div class=\"title\">\n\t\t\t<h4 class=\"no_stripe\">Services de soutien juridique<\/h4>\n\t\t<\/div>\n\t\t<p>\u00c7\u00f6zen Customs Consultancy fournit un soutien expert dans les processus juridiques li\u00e9s au commerce.<\/p>\n<a class=\"read_more\" target=\"_self\" href=\"https:\/\/cozengumruk.net\/fr\/services-dappui-juridique\/\"><span>en savoir plus<\/span><span class=\"stm_icon\"><i class=\"fa fa-chevron-right\"><\/i><\/span><\/a><\/div>\n\t\t<\/div>\n\t\t\t\t<\/div>\n\t\t\t\t\t<\/div>\n\t\t<\/div>\n\t\t\t\t<div class=\"elementor-column elementor-col-33 elementor-top-column elementor-element elementor-element-eb35788\" data-id=\"eb35788\" data-element_type=\"column\">\n\t\t\t<div class=\"elementor-widget-wrap elementor-element-populated\">\n\t\t\t\t\t\t<div class=\"elementor-element elementor-element-6fc6502 elementor-widget elementor-widget-stm_info_box\" data-id=\"6fc6502\" data-element_type=\"widget\" data-widget_type=\"stm_info_box.default\">\n\t\t\t\t<div class=\"elementor-widget-container\">\n\t\t\t<div class=\"info_box elementor-consulting-info-box style_10\">\n\t<div class=\"icon\">\n\t\t<i class=\"stm-earth\"><\/i>\n\t<\/div>\n\t\t\t<div class=\"title\">\n\t\t\t<h4 class=\"no_stripe\">Services de conseil en zone franche<\/h4>\n\t\t<\/div>\n\t\t<p>\u00c7\u00f6zen Customs Consultancy fournit des conseils professionnels pour vos transactions en zone franche.<\/p>\n<a class=\"read_more\" target=\"_self\" href=\"https:\/\/cozengumruk.net\/fr\/services-de-conseil-en-matiere-de-zones-franches\/\"><span>en savoir plus<\/span><span class=\"stm_icon\"><i class=\"fa fa-chevron-right\"><\/i><\/span><\/a><\/div>\n\t\t<\/div>\n\t\t\t\t<\/div>\n\t\t\t\t\t<\/div>\n\t\t<\/div>\n\t\t\t\t\t<\/div>\n\t\t<\/section>\n\t\t\t\t<section class=\"elementor-section elementor-top-section elementor-element elementor-element-c614a4d elementor-section-boxed elementor-section-height-default elementor-section-height-default\" data-id=\"c614a4d\" data-element_type=\"section\">\n\t\t\t\t\t\t<div class=\"elementor-container elementor-column-gap-default\">\n\t\t\t\t\t<div class=\"elementor-column elementor-col-33 elementor-top-column elementor-element elementor-element-7203588\" data-id=\"7203588\" data-element_type=\"column\">\n\t\t\t<div class=\"elementor-widget-wrap elementor-element-populated\">\n\t\t\t\t\t\t<div class=\"elementor-element elementor-element-60c99e0 elementor-widget elementor-widget-stm_info_box\" data-id=\"60c99e0\" data-element_type=\"widget\" data-widget_type=\"stm_info_box.default\">\n\t\t\t\t<div class=\"elementor-widget-container\">\n\t\t\t<div class=\"info_box elementor-consulting-info-box style_10\">\n\t<div class=\"icon\">\n\t\t<i class=\"fas fa-parachute-box\"><\/i>\n\t<\/div>\n\t\t\t<div class=\"title\">\n\t\t\t<h4 class=\"no_stripe\">Services douaniers interactifs<\/h4>\n\t\t<\/div>\n\t\t<p>\u00c7\u00f6zen Customs Consultancy fournit des services douaniers rapides et efficaces par le biais de plateformes num\u00e9riques.<\/p>\n<a class=\"read_more\" target=\"_self\" href=\"https:\/\/cozengumruk.net\/fr\/services-douaniers-interactifs\/\"><span>en savoir plus<\/span><span class=\"stm_icon\"><i class=\"fa fa-chevron-right\"><\/i><\/span><\/a><\/div>\n\t\t<\/div>\n\t\t\t\t<\/div>\n\t\t\t\t\t<\/div>\n\t\t<\/div>\n\t\t\t\t<div class=\"elementor-column elementor-col-33 elementor-top-column elementor-element elementor-element-a7715bb\" data-id=\"a7715bb\" data-element_type=\"column\">\n\t\t\t<div class=\"elementor-widget-wrap elementor-element-populated\">\n\t\t\t\t\t\t<div class=\"elementor-element elementor-element-4531bc4 elementor-widget elementor-widget-stm_info_box\" data-id=\"4531bc4\" data-element_type=\"widget\" data-widget_type=\"stm_info_box.default\">\n\t\t\t\t<div class=\"elementor-widget-container\">\n\t\t\t<div class=\"info_box elementor-consulting-info-box style_10\">\n\t<div class=\"icon\">\n\t\t<i class=\"fas fa-pencil-alt\"><\/i>\n\t<\/div>\n\t\t\t<div class=\"title\">\n\t\t\t<h4 class=\"no_stripe\">Services d'\u00e9ducation<\/h4>\n\t\t<\/div>\n\t\t<p>\u00c7\u00f6zen Customs Consultancy propose des formations compl\u00e8tes pour vous sp\u00e9cialiser dans les questions de douane et de commerce ext\u00e9rieur.<\/p>\n<a class=\"read_more\" target=\"_self\" href=\"https:\/\/cozengumruk.net\/fr\/services-deducation\/\"><span>en savoir plus<\/span><span class=\"stm_icon\"><i class=\"fa fa-chevron-right\"><\/i><\/span><\/a><\/div>\n\t\t<\/div>\n\t\t\t\t<\/div>\n\t\t\t\t\t<\/div>\n\t\t<\/div>\n\t\t\t\t<div class=\"elementor-column elementor-col-33 elementor-top-column elementor-element elementor-element-57a631a\" data-id=\"57a631a\" data-element_type=\"column\">\n\t\t\t<div class=\"elementor-widget-wrap elementor-element-populated\">\n\t\t\t\t\t\t<div class=\"elementor-element elementor-element-f883b5c elementor-widget elementor-widget-stm_info_box\" data-id=\"f883b5c\" data-element_type=\"widget\" data-widget_type=\"stm_info_box.default\">\n\t\t\t\t<div class=\"elementor-widget-container\">\n\t\t\t<div class=\"info_box elementor-consulting-info-box style_10\">\n\t<div class=\"icon\">\n\t\t<i class=\"fas fa-grip-horizontal\"><\/i>\n\t<\/div>\n\t\t\t<div class=\"title\">\n\t\t\t<h4 class=\"no_stripe\">Autres services<\/h4>\n\t\t<\/div>\n\t\t<p>\u00c7\u00f6zen Customs Consultancy offre divers services suppl\u00e9mentaires sp\u00e9cifiques \u00e0 vos besoins dans le domaine des douanes et du commerce ext\u00e9rieur.<\/p>\n<div class=\"notranslate\" style=\"all: initial;\">\u00a0<\/div>\n<a class=\"read_more\" target=\"_self\" href=\"https:\/\/cozengumruk.net\/fr\/autres-services-douaniers\/\"><span>en savoir plus<\/span><span class=\"stm_icon\"><i class=\"fa fa-chevron-right\"><\/i><\/span><\/a><\/div>\n\t\t<\/div>\n\t\t\t\t<\/div>\n\t\t\t\t\t<\/div>\n\t\t<\/div>\n\t\t\t\t\t<\/div>\n\t\t<\/section>\n\t\t<div class=\"elementor-element elementor-element-e92dd4e e-flex e-con-boxed e-con e-parent\" data-id=\"e92dd4e\" data-element_type=\"container\">\n\t\t\t\t\t<div class=\"e-con-inner\">\n\t\t\t\t<div class=\"elementor-element elementor-element-edf9fab elementor-hidden-mobile elementor-widget elementor-widget-stm_info_box\" data-id=\"edf9fab\" data-element_type=\"widget\" data-widget_type=\"stm_info_box.default\">\n\t\t\t\t<div class=\"elementor-widget-container\">\n\t\t\t<div class=\"info_box elementor-consulting-info-box style_10\">\n\t<div class=\"icon\">\n\t\t<i class=\"stm-worldwide-shipping\"><\/i>\n\t<\/div>\n\t\t\t<div class=\"title\">\n\t\t\t<h4 class=\"no_stripe\">Services logistiques<\/h4>\n\t\t<\/div>\n\t\t<p>\u00c7\u00f6zen Customs Consultancy g\u00e8re tous vos processus logistiques de mani\u00e8re efficace et efficiente. Il acc\u00e9l\u00e8re et facilite votre activit\u00e9 gr\u00e2ce \u00e0 des solutions de transport, de stockage et de distribution.<\/p>\n<a class=\"read_more\" target=\"_self\" href=\"https:\/\/cozengumruk.net\/fr\/services-logistiques\/\"><span>en savoir plus<\/span><span class=\"stm_icon\"><i class=\"fa fa-chevron-right\"><\/i><\/span><\/a><\/div>\n\t\t<\/div>\n\t\t\t\t<\/div>\n\t\t\t\t<div class=\"elementor-element elementor-element-9168a9f elementor-hidden-desktop elementor-hidden-tablet elementor-widget elementor-widget-stm_info_box\" data-id=\"9168a9f\" data-element_type=\"widget\" data-widget_type=\"stm_info_box.default\">\n\t\t\t\t<div class=\"elementor-widget-container\">\n\t\t\t<div class=\"info_box elementor-consulting-info-box style_10\">\n\t<div class=\"icon\">\n\t\t<i class=\"stm-worldwide-shipping\"><\/i>\n\t<\/div>\n\t\t\t<div class=\"title\">\n\t\t\t<h4 class=\"no_stripe\">Services logistiques<\/h4>\n\t\t<\/div>\n\t\t<p>\u00c7\u00f6zen Customs Consultancy g\u00e8re tous vos processus logistiques de mani\u00e8re efficace et efficiente. Il acc\u00e9l\u00e8re et facilite votre activit\u00e9 gr\u00e2ce \u00e0 des solutions de transport, de stockage et de distribution.<\/p>\n<a class=\"read_more\" target=\"_self\" href=\"https:\/\/cozengumruk.net\/fr\/services-logistiques\/\"><span>en savoir plus<\/span><span class=\"stm_icon\"><i class=\"fa fa-chevron-right\"><\/i><\/span><\/a><\/div>\n\t\t<\/div>\n\t\t\t\t<\/div>\n\t\t\t\t\t<\/div>\n\t\t\t\t<\/div>\n\t\t\t\t<\/div>","protected":false},"excerpt":{"rendered":"<p>\u00c7\u00f6zen G\u00fcmr\u00fck M\u00fc\u015favirli\u011fi&#8217;nden g\u00fcmr\u00fckleme hizmeti alan ki\u015fi, kurum ve kurulu\u015flar, yaln\u0131zca g\u00fcmr\u00fck i\u015flemlerinde de\u011fil, ayn\u0131 zamanda mevzuat ve uygulamalardaki geli\u015fmeler hakk\u0131nda da detayl\u0131 bilgi sahibi olurlar. Bu bilgileri zaman\u0131nda ve do\u011fru kullanarak rekabet \u00fcst\u00fcnl\u00fc\u011f\u00fc elde ederler. Etkin bilgi payla\u015f\u0131m\u0131 ve yasal mevzuat\u0131n titizlikle uyguland\u0131\u011f\u0131 bir ortamda g\u00fcmr\u00fck i\u015flemlerinde hi\u00e7bir sorun ya\u015fanmayaca\u011f\u0131 a\u00e7\u0131kt\u0131r. \u00c7\u00f6zen G\u00fcmr\u00fck M\u00fc\u015favirli\u011fi,<\/p>","protected":false},"author":1,"featured_media":7274,"parent":0,"menu_order":0,"comment_status":"closed","ping_status":"closed","template":"","meta":{"footnotes":""},"class_list":["post-7597","page","type-page","status-publish","has-post-thumbnail","hentry"],"_links":{"self":[{"href":"https:\/\/cozengumruk.net\/fr\/wp-json\/wp\/v2\/pages\/7597","targetHints":{"allow":["GET"]}}],"collection":[{"href":"https:\/\/cozengumruk.net\/fr\/wp-json\/wp\/v2\/pages"}],"about":[{"href":"https:\/\/cozengumruk.net\/fr\/wp-json\/wp\/v2\/types\/page"}],"author":[{"embeddable":true,"href":"https:\/\/cozengumruk.net\/fr\/wp-json\/wp\/v2\/users\/1"}],"replies":[{"embeddable":true,"href":"https:\/\/cozengumruk.net\/fr\/wp-json\/wp\/v2\/comments?post=7597"}],"version-history":[{"count":8,"href":"https:\/\/cozengumruk.net\/fr\/wp-json\/wp\/v2\/pages\/7597\/revisions"}],"predecessor-version":[{"id":7669,"href":"https:\/\/cozengumruk.net\/fr\/wp-json\/wp\/v2\/pages\/7597\/revisions\/7669"}],"wp:featuredmedia":[{"embeddable":true,"href":"https:\/\/cozengumruk.net\/fr\/wp-json\/wp\/v2\/media\/7274"}],"wp:attachment":[{"href":"https:\/\/cozengumruk.net\/fr\/wp-json\/wp\/v2\/media?parent=7597"}],"curies":[{"name":"wp","href":"https:\/\/api.w.org\/{rel}","templated":true}]}}