{"id":7617,"date":"2024-07-26T10:57:55","date_gmt":"2024-07-26T07:57:55","guid":{"rendered":"https:\/\/cozengumruk.net\/?page_id=7617"},"modified":"2024-07-26T12:09:24","modified_gmt":"2024-07-26T09:09:24","slug":"hukuki-destek-hizmetleri","status":"publish","type":"page","link":"https:\/\/cozengumruk.net\/fr\/services-dappui-juridique\/","title":{"rendered":"Services de soutien juridique"},"content":{"rendered":"<div data-elementor-type=\"wp-page\" data-elementor-id=\"7617\" class=\"elementor elementor-7617\" data-elementor-post-type=\"page\">\n\t\t\t\t<div class=\"elementor-element elementor-element-a269fe7 e-flex e-con-boxed e-con e-parent\" data-id=\"a269fe7\" data-element_type=\"container\">\n\t\t\t\t\t<div class=\"e-con-inner\">\n\t\t\t\t<div class=\"elementor-element elementor-element-274460c elementor-widget elementor-widget-text-editor\" data-id=\"274460c\" data-element_type=\"widget\" data-widget_type=\"text-editor.default\">\n\t\t\t\t<div class=\"elementor-widget-container\">\n\t\t\t\t\t\t\t<div class=\"description\">\n<p>Repr\u00e9senter avec succ\u00e8s des organisations nationales et internationales de valeur li\u00e9es au commerce ext\u00e9rieur aupr\u00e8s des administrations douani\u00e8res et d'autres institutions et organisations publiques connexes. <strong>SOLEN CUSTOMS BROKERAGE<\/strong> et poss\u00e8de un niveau avanc\u00e9 d'exp\u00e9rience et de savoir-faire en mati\u00e8re de recours et de r\u00e9solution\/d\u00e9cision des litiges techniques, administratifs et juridiques qui surviennent entre ces organisations et les administrations douani\u00e8res pendant ou avant\/apr\u00e8s le d\u00e9douanement des marchandises.<\/p>\n<p>\u00c7\u00d6ZEN G\u00dcMR\u00dcK M\u00dc\u015eAV\u0130RL\u0130\u011e\u0130 avec cette exp\u00e9rience et ces connaissances acquises au cours de nombreuses ann\u00e9es ;\u00a0\u00a0<\/p>\n<ul>\n<li>Elle analyse les litiges techniques, administratifs et juridiques avec les administrations douani\u00e8res avec le service de contr\u00f4le des risques qu'elle a mis en place au sein de sa propre structure et proc\u00e8de \u00e0 une \u00e9valuation de la conformit\u00e9 et pr\u00e9pare en cons\u00e9quence un rapport d'\u00e9valuation sur le sujet.<\/li>\n<li>Elle \u00e9value ce rapport d'\u00e9valuation pr\u00e9par\u00e9 en collaboration avec des experts juridiques dans le domaine de la l\u00e9gislation douani\u00e8re et du commerce ext\u00e9rieur, avec lesquels elle travaille depuis de nombreuses ann\u00e9es en tant que partenaire de solution, et effectue le travail n\u00e9cessaire pour r\u00e9soudre ces incompatibilit\u00e9s et les risques qui peuvent survenir pour diverses raisons de la mani\u00e8re la plus rapide, la plus efficace et la plus pr\u00e9cise possible.<\/li>\n<li>Chez \u00c7\u00f6zen Customs Brokerage, une attention maximale est accord\u00e9e au suivi des p\u00e9riodes d'objection administrative et de litige, ces p\u00e9riodes et toutes les autres questions sont enregistr\u00e9es et suivies dans un environnement informatis\u00e9 et toutes les parties concern\u00e9es sont instantan\u00e9ment inform\u00e9es de ces questions et d'autres questions similaires. Les textes juridiques qui garantissent que les actions administratives et judiciaires sont prises en temps voulu sont m\u00e9ticuleusement con\u00e7us et pr\u00e9par\u00e9s conform\u00e9ment \u00e0 la loi, et le travail n\u00e9cessaire \u00e0 leur mise en \u0153uvre est effectu\u00e9 avec le plus grand soin.\u00a0\n<\/li>\n<\/ul>\n<p>Les d\u00e9cisions pr\u00e9c\u00e9dentes - la jurisprudence (rendue par les administrations douani\u00e8res et\/ou les tribunaux), qui sont les preuves vivantes et r\u00e9elles des activit\u00e9s pass\u00e9es, qui \u00e9clairent les avocats, les juges et les procureurs, qui sont les autres \u00e9l\u00e9ments constitutifs du pouvoir judiciaire, en termes d'application de la loi, sont soigneusement archiv\u00e9es \u00e0 la fois dans un environnement traditionnel et \u00e9lectronique en les contr\u00f4lant et en les suivant \u00e0 partir d'un centre unique sur la base de l'entreprise \u00e0 \u00c7\u00f6zen Customs Brokerage. Les \u00e9tudes pr\u00e9liminaires, les rapprochements, les objections administratives, les appels administratifs, les p\u00e9riodes et les proc\u00e9dures de contentieux administratif, etc. concernant les litiges survenant entre les administrations douani\u00e8res et les entreprises auxquelles nous fournissons des services de conseil sont effectu\u00e9s \u00e0 la lumi\u00e8re de ces d\u00e9cisions ant\u00e9rieures archiv\u00e9es (jurisprudence). En outre, gr\u00e2ce au mat\u00e9riel, aux logiciels et aux produits d'infrastructure d\u00e9velopp\u00e9s par notre soci\u00e9t\u00e9, nos clients suivent et contr\u00f4lent personnellement tous les processus juridiques des litiges techniques, administratifs et juridiques avec les administrations douani\u00e8res et d'autres institutions et organisations connexes.\u00a0<\/p>\n<p>Parmi les services d'assistance juridique de \u00c7\u00f6zen Customs Consultancy ;<\/p>\n<ul>\n<li>\u00c9valuer la conformit\u00e9 des transactions \u00e9tablies par les institutions li\u00e9es \u00e0 la l\u00e9gislation sur les douanes et le commerce ext\u00e9rieur avec la l\u00e9gislation sur les douanes, le commerce ext\u00e9rieur et les devises et corriger ou supprimer ces transactions par une d\u00e9cision administrative ou en faire l'objet d'un contentieux administratif,<\/li>\n<li>Demander \u00e0 l'administration des douanes une correction des droits de douane et des fonds demand\u00e9s par l'administration des douanes en faisant valoir qu'ils n'ont jamais \u00e9t\u00e9 pay\u00e9s ou qu'ils ont \u00e9t\u00e9 pay\u00e9s de mani\u00e8re incompl\u00e8te lors de l'importation des marchandises, faire opposition, intenter une action en justice devant les tribunaux fiscaux et faire appel des d\u00e9cisions des tribunaux devant le Conseil d'\u00c9tat,\u00a0<\/li>\n<li>No. 5607 Loi contre la contrebande No. 5607, en effectuant les \u00e9valuations n\u00e9cessaires concernant les plaintes p\u00e9nales d\u00e9pos\u00e9es aupr\u00e8s de nos clients avec l'all\u00e9gation que l'un des actes de contrebande sp\u00e9cifi\u00e9s dans la loi contre la contrebande a \u00e9t\u00e9 commis et en pr\u00e9parant leurs d\u00e9fenses.<\/li>\n<\/ul>\n<p>sont \u00e9galement disponibles.<\/p>\n<p>En bref, il y a d'innombrables avantages en termes de protection des droits des entreprises, d'\u00e9limination de leurs griefs et de minimisation des co\u00fbts \u00e0 b\u00e9n\u00e9ficier des longues ann\u00e9es de connaissance et d'exp\u00e9rience de \u00c7\u00d6ZEN CUSTOMS CONSULTANCY. \u00c7\u00f6zen a le privil\u00e8ge de fournir des services professionnels de courtage en douane et de commerce ext\u00e9rieur \u00e0 ses clients en les guidant correctement dans tous les processus mentionn\u00e9s ci-dessus.<\/p>\n<\/div>\n\t\t\t\t\t\t<\/div>\n\t\t\t\t<\/div>\n\t\t\t\t\t<\/div>\n\t\t\t\t<\/div>\n\t\t\t\t<section class=\"elementor-section elementor-top-section elementor-element elementor-element-fa0a35b elementor-section-boxed elementor-section-height-default elementor-section-height-default\" data-id=\"fa0a35b\" data-element_type=\"section\" data-settings=\"{&quot;background_background&quot;:&quot;classic&quot;}\">\n\t\t\t\t\t\t<div class=\"elementor-container elementor-column-gap-default\">\n\t\t\t\t\t<div class=\"elementor-column elementor-col-100 elementor-top-column elementor-element elementor-element-3962fda\" data-id=\"3962fda\" data-element_type=\"column\">\n\t\t\t<div class=\"elementor-widget-wrap elementor-element-populated\">\n\t\t\t\t\t\t<section class=\"elementor-section elementor-top-section elementor-element elementor-element-957b8b0 elementor-section-boxed elementor-section-height-default elementor-section-height-default\" data-id=\"957b8b0\" data-element_type=\"section\">\n\t\t\t\t\t\t<div class=\"elementor-container elementor-column-gap-default\">\n\t\t\t\t\t<div class=\"elementor-column elementor-col-100 elementor-top-column elementor-element elementor-element-adf2ee9\" data-id=\"adf2ee9\" data-element_type=\"column\">\n\t\t\t<div class=\"elementor-widget-wrap elementor-element-populated\">\n\t\t\t\t\t\t<div class=\"elementor-element elementor-element-ac7c14f elementor-widget elementor-widget-vc_custom_heading\" data-id=\"ac7c14f\" data-element_type=\"widget\" data-widget_type=\"vc_custom_heading.default\">\n\t\t\t\t<div class=\"elementor-widget-container\">\n\t\t\t<div class=\"vc_custom_heading no_stripe consulting_heading_font  text_align_center has_subtitle\" ><h4 style=\"font-size: 35px;color: #000000;text-align: center;line-height: 45px;font-weight:700\" class=\"consulting-custom-title\">Nous sommes \u00e0 vos c\u00f4t\u00e9s pour d\u00e9velopper les solutions les plus adapt\u00e9es \u00e0 vos besoins.\n<span class=\"subtitle\" style=\"color:#2A2A2A\"><br>Afin de r\u00e9pondre au mieux aux besoins de nos pr\u00e9cieux clients, nous sommes pr\u00eats \u00e0 \u00e9couter attentivement vos attentes et vos demandes. <br>Ensemble, nous d\u00e9terminerons les strat\u00e9gies les plus adapt\u00e9es \u00e0 vos besoins gr\u00e2ce \u00e0 nos innovations et \u00e0 nos solutions personnalis\u00e9es.<\/span><\/h4><\/div>\t\t<\/div>\n\t\t\t\t<\/div>\n\t\t\t\t<div class=\"elementor-element elementor-element-4965518 elementor-align-center elementor-widget elementor-widget-button\" data-id=\"4965518\" data-element_type=\"widget\" data-widget_type=\"button.default\">\n\t\t\t\t<div class=\"elementor-widget-container\">\n\t\t\t\t\t\t\t<div class=\"elementor-button-wrapper icon_align_row-reverse\">\n\t\t\t\t\t<a class=\"elementor-button elementor-button-link elementor-size-sm\" href=\"https:\/\/cozengumruk.net\/fr\/communication\/\">\n\t\t\t\t\t\t<span class=\"elementor-button-content-wrapper\">\n\t\t\t\t\t\t<span class=\"elementor-button-icon\">\n\t\t\t\t<i aria-hidden=\"true\" class=\"stm-lnr-arrow-right\"><\/i>\t\t\t<\/span>\n\t\t\t\t\t\t\t\t\t<span class=\"elementor-button-text\">Rencontre avec Solving Customs<\/span>\n\t\t\t\t\t<\/span>\n\t\t\t\t\t<\/a>\n\t\t\t\t<\/div>\n\t\t\t\t\t\t<\/div>\n\t\t\t\t<\/div>\n\t\t\t\t\t<\/div>\n\t\t<\/div>\n\t\t\t\t\t<\/div>\n\t\t<\/section>\n\t\t\t\t\t<\/div>\n\t\t<\/div>\n\t\t\t\t\t<\/div>\n\t\t<\/section>\n\t\t<div class=\"elementor-element elementor-element-e9e23d2 e-flex e-con-boxed e-con e-parent\" data-id=\"e9e23d2\" data-element_type=\"container\">\n\t\t\t\t\t<div class=\"e-con-inner\">\n\t\t\t\t<div class=\"elementor-element elementor-element-0de50e3 elementor-widget elementor-widget-heading\" data-id=\"0de50e3\" data-element_type=\"widget\" data-widget_type=\"heading.default\">\n\t\t\t\t<div class=\"elementor-widget-container\">\n\t\t\t<h2 class=\"elementor-heading-title elementor-size-default\">Nos services<\/h2>\t\t<\/div>\n\t\t\t\t<\/div>\n\t\t\t\t\t<\/div>\n\t\t\t\t<\/div>\n\t\t\t\t<section class=\"elementor-section elementor-top-section elementor-element elementor-element-d422721 elementor-section-boxed elementor-section-height-default elementor-section-height-default\" data-id=\"d422721\" data-element_type=\"section\" data-settings=\"{&quot;background_background&quot;:&quot;classic&quot;}\">\n\t\t\t\t\t\t<div class=\"elementor-container elementor-column-gap-default\">\n\t\t\t\t\t<div class=\"elementor-column elementor-col-33 elementor-top-column elementor-element elementor-element-1200b76\" data-id=\"1200b76\" data-element_type=\"column\">\n\t\t\t<div class=\"elementor-widget-wrap elementor-element-populated\">\n\t\t\t\t\t\t<div class=\"elementor-element elementor-element-2f07a7c elementor-widget elementor-widget-stm_info_box\" data-id=\"2f07a7c\" data-element_type=\"widget\" data-widget_type=\"stm_info_box.default\">\n\t\t\t\t<div class=\"elementor-widget-container\">\n\t\t\t<div class=\"info_box elementor-consulting-info-box style_10\">\n\t<div class=\"icon\">\n\t\t<i class=\"fas fa-asterisk\"><\/i>\n\t<\/div>\n\t\t\t<div class=\"title\">\n\t\t\t<h4 class=\"no_stripe\">Services de d\u00e9douanement<\/h4>\n\t\t<\/div>\n\t\t<p>\u00c7\u00f6zen Customs Consultancy fournit des services de d\u00e9douanement rapides et fiables pour vos transactions d'importation et d'exportation.<\/p>\n<a class=\"read_more\" target=\"_self\" href=\"https:\/\/cozengumruk.net\/fr\/services-de-dedouanement\/\"><span>en savoir plus<\/span><span class=\"stm_icon\"><i class=\"fa fa-chevron-right\"><\/i><\/span><\/a><\/div>\n\t\t<\/div>\n\t\t\t\t<\/div>\n\t\t\t\t\t<\/div>\n\t\t<\/div>\n\t\t\t\t<div class=\"elementor-column elementor-col-33 elementor-top-column elementor-element elementor-element-5008b50\" data-id=\"5008b50\" data-element_type=\"column\">\n\t\t\t<div class=\"elementor-widget-wrap elementor-element-populated\">\n\t\t\t\t\t\t<div class=\"elementor-element elementor-element-3f6301b elementor-widget elementor-widget-stm_info_box\" data-id=\"3f6301b\" data-element_type=\"widget\" data-widget_type=\"stm_info_box.default\">\n\t\t\t\t<div class=\"elementor-widget-container\">\n\t\t\t<div class=\"info_box elementor-consulting-info-box style_10\">\n\t<div class=\"icon\">\n\t\t<i class=\"stm-chart-refresh\"><\/i>\n\t<\/div>\n\t\t\t<div class=\"title\">\n\t\t\t<h4 class=\"no_stripe\">Services de conseil en l\u00e9gislation<\/h4>\n\t\t<\/div>\n\t\t<p>\u00c7\u00f6zen Customs Consultancy fournit des services de conseil d'experts pour vous permettre de vous conformer \u00e0 la l\u00e9gislation commerciale.<\/p>\n<a class=\"read_more\" target=\"_self\" href=\"https:\/\/cozengumruk.net\/fr\/services-legislatifs\/\"><span>en savoir plus<\/span><span class=\"stm_icon\"><i class=\"fa fa-chevron-right\"><\/i><\/span><\/a><\/div>\n\t\t<\/div>\n\t\t\t\t<\/div>\n\t\t\t\t\t<\/div>\n\t\t<\/div>\n\t\t\t\t<div class=\"elementor-column elementor-col-33 elementor-top-column elementor-element elementor-element-69a60f4\" data-id=\"69a60f4\" data-element_type=\"column\">\n\t\t\t<div class=\"elementor-widget-wrap elementor-element-populated\">\n\t\t\t\t\t\t<div class=\"elementor-element elementor-element-4cfac06 elementor-widget elementor-widget-stm_info_box\" data-id=\"4cfac06\" data-element_type=\"widget\" data-widget_type=\"stm_info_box.default\">\n\t\t\t\t<div class=\"elementor-widget-container\">\n\t\t\t<div class=\"info_box elementor-consulting-info-box style_10\">\n\t<div class=\"icon\">\n\t\t<i class=\"fas fa-compress\"><\/i>\n\t<\/div>\n\t\t\t<div class=\"title\">\n\t\t\t<h4 class=\"no_stripe\">YYS | AEO Consultancy Services<\/h4>\n\t\t<\/div>\n\t\t<p>\u00c7\u00f6zen Customs Consultancy fournit des services de conseil professionnel dans le cadre des proc\u00e9dures d'obtention des certificats (YYS) et (AEO).<\/p>\n<a class=\"read_more\" target=\"_self\" href=\"https:\/\/cozengumruk.net\/fr\/yys-aeo-services\/\"><span>en savoir plus<\/span><span class=\"stm_icon\"><i class=\"fa fa-chevron-right\"><\/i><\/span><\/a><\/div>\n\t\t<\/div>\n\t\t\t\t<\/div>\n\t\t\t\t\t<\/div>\n\t\t<\/div>\n\t\t\t\t\t<\/div>\n\t\t<\/section>\n\t\t\t\t<section class=\"elementor-section elementor-top-section elementor-element elementor-element-063a75a elementor-section-boxed elementor-section-height-default elementor-section-height-default\" data-id=\"063a75a\" data-element_type=\"section\" data-settings=\"{&quot;background_background&quot;:&quot;classic&quot;}\">\n\t\t\t\t\t\t<div class=\"elementor-container elementor-column-gap-default\">\n\t\t\t\t\t<div class=\"elementor-column elementor-col-33 elementor-top-column elementor-element elementor-element-43b2b64\" data-id=\"43b2b64\" data-element_type=\"column\">\n\t\t\t<div class=\"elementor-widget-wrap elementor-element-populated\">\n\t\t\t\t\t\t<div class=\"elementor-element elementor-element-667c0c7 elementor-widget elementor-widget-stm_info_box\" data-id=\"667c0c7\" data-element_type=\"widget\" data-widget_type=\"stm_info_box.default\">\n\t\t\t\t<div class=\"elementor-widget-container\">\n\t\t\t<div class=\"info_box elementor-consulting-info-box style_10\">\n\t<div class=\"icon\">\n\t\t<i class=\"stm-ankara-search\"><\/i>\n\t<\/div>\n\t\t\t<div class=\"title\">\n\t\t\t<h4 class=\"no_stripe\">Services de pr\u00e9paration aux inspections douani\u00e8res<\/h4>\n\t\t<\/div>\n\t\t<p>\u00c7\u00f6zen Customs Consultancy vous apporte un soutien complet dans votre processus de pr\u00e9paration aux inspections douani\u00e8res.<\/p>\n<a class=\"read_more\" target=\"_self\" href=\"https:\/\/cozengumruk.net\/fr\/services-de-preparation-des-audits-douaniers\/\"><span>en savoir plus<\/span><span class=\"stm_icon\"><i class=\"fa fa-chevron-right\"><\/i><\/span><\/a><\/div>\n\t\t<\/div>\n\t\t\t\t<\/div>\n\t\t\t\t\t<\/div>\n\t\t<\/div>\n\t\t\t\t<div class=\"elementor-column elementor-col-33 elementor-top-column elementor-element elementor-element-3101268\" data-id=\"3101268\" data-element_type=\"column\">\n\t\t\t<div class=\"elementor-widget-wrap elementor-element-populated\">\n\t\t\t\t\t\t<div class=\"elementor-element elementor-element-0e9a8c4 elementor-widget elementor-widget-stm_info_box\" data-id=\"0e9a8c4\" data-element_type=\"widget\" data-widget_type=\"stm_info_box.default\">\n\t\t\t\t<div class=\"elementor-widget-container\">\n\t\t\t<div class=\"info_box elementor-consulting-info-box style_10\">\n\t<div class=\"icon\">\n\t\t<i class=\"fas fa-balance-scale\"><\/i>\n\t<\/div>\n\t\t\t<div class=\"title\">\n\t\t\t<h4 class=\"no_stripe\">Services de soutien juridique<\/h4>\n\t\t<\/div>\n\t\t<p>\u00c7\u00f6zen Customs Consultancy fournit un soutien expert dans les processus juridiques li\u00e9s au commerce.<\/p>\n<a class=\"read_more\" target=\"_self\" href=\"https:\/\/cozengumruk.net\/fr\/services-dappui-juridique\/\"><span>en savoir plus<\/span><span class=\"stm_icon\"><i class=\"fa fa-chevron-right\"><\/i><\/span><\/a><\/div>\n\t\t<\/div>\n\t\t\t\t<\/div>\n\t\t\t\t\t<\/div>\n\t\t<\/div>\n\t\t\t\t<div class=\"elementor-column elementor-col-33 elementor-top-column elementor-element elementor-element-2289dc5\" data-id=\"2289dc5\" data-element_type=\"column\">\n\t\t\t<div class=\"elementor-widget-wrap elementor-element-populated\">\n\t\t\t\t\t\t<div class=\"elementor-element elementor-element-2fbaf78 elementor-widget elementor-widget-stm_info_box\" data-id=\"2fbaf78\" data-element_type=\"widget\" data-widget_type=\"stm_info_box.default\">\n\t\t\t\t<div class=\"elementor-widget-container\">\n\t\t\t<div class=\"info_box elementor-consulting-info-box style_10\">\n\t<div class=\"icon\">\n\t\t<i class=\"stm-earth\"><\/i>\n\t<\/div>\n\t\t\t<div class=\"title\">\n\t\t\t<h4 class=\"no_stripe\">Services de conseil en zone franche<\/h4>\n\t\t<\/div>\n\t\t<p>\u00c7\u00f6zen Customs Consultancy fournit des conseils professionnels pour vos transactions en zone franche.<\/p>\n<a class=\"read_more\" target=\"_self\" href=\"https:\/\/cozengumruk.net\/fr\/services-de-conseil-en-matiere-de-zones-franches\/\"><span>en savoir plus<\/span><span class=\"stm_icon\"><i class=\"fa fa-chevron-right\"><\/i><\/span><\/a><\/div>\n\t\t<\/div>\n\t\t\t\t<\/div>\n\t\t\t\t\t<\/div>\n\t\t<\/div>\n\t\t\t\t\t<\/div>\n\t\t<\/section>\n\t\t\t\t<section class=\"elementor-section elementor-top-section elementor-element elementor-element-ca6632e elementor-section-boxed elementor-section-height-default elementor-section-height-default\" data-id=\"ca6632e\" data-element_type=\"section\">\n\t\t\t\t\t\t<div class=\"elementor-container elementor-column-gap-default\">\n\t\t\t\t\t<div class=\"elementor-column elementor-col-33 elementor-top-column elementor-element elementor-element-09c1146\" data-id=\"09c1146\" data-element_type=\"column\">\n\t\t\t<div class=\"elementor-widget-wrap elementor-element-populated\">\n\t\t\t\t\t\t<div class=\"elementor-element elementor-element-dbf8ed4 elementor-widget elementor-widget-stm_info_box\" data-id=\"dbf8ed4\" data-element_type=\"widget\" data-widget_type=\"stm_info_box.default\">\n\t\t\t\t<div class=\"elementor-widget-container\">\n\t\t\t<div class=\"info_box elementor-consulting-info-box style_10\">\n\t<div class=\"icon\">\n\t\t<i class=\"fas fa-parachute-box\"><\/i>\n\t<\/div>\n\t\t\t<div class=\"title\">\n\t\t\t<h4 class=\"no_stripe\">Services douaniers interactifs<\/h4>\n\t\t<\/div>\n\t\t<p>\u00c7\u00f6zen Customs Consultancy fournit des services douaniers rapides et efficaces par le biais de plateformes num\u00e9riques.<\/p>\n<a class=\"read_more\" target=\"_self\" href=\"https:\/\/cozengumruk.net\/fr\/services-douaniers-interactifs\/\"><span>en savoir plus<\/span><span class=\"stm_icon\"><i class=\"fa fa-chevron-right\"><\/i><\/span><\/a><\/div>\n\t\t<\/div>\n\t\t\t\t<\/div>\n\t\t\t\t\t<\/div>\n\t\t<\/div>\n\t\t\t\t<div class=\"elementor-column elementor-col-33 elementor-top-column elementor-element elementor-element-0c5c7e1\" data-id=\"0c5c7e1\" data-element_type=\"column\">\n\t\t\t<div class=\"elementor-widget-wrap elementor-element-populated\">\n\t\t\t\t\t\t<div class=\"elementor-element elementor-element-91efa43 elementor-widget elementor-widget-stm_info_box\" data-id=\"91efa43\" data-element_type=\"widget\" data-widget_type=\"stm_info_box.default\">\n\t\t\t\t<div class=\"elementor-widget-container\">\n\t\t\t<div class=\"info_box elementor-consulting-info-box style_10\">\n\t<div class=\"icon\">\n\t\t<i class=\"fas fa-pencil-alt\"><\/i>\n\t<\/div>\n\t\t\t<div class=\"title\">\n\t\t\t<h4 class=\"no_stripe\">Services d'\u00e9ducation<\/h4>\n\t\t<\/div>\n\t\t<p>\u00c7\u00f6zen Customs Consultancy propose des formations compl\u00e8tes pour vous sp\u00e9cialiser dans les questions de douane et de commerce ext\u00e9rieur.<\/p>\n<a class=\"read_more\" target=\"_self\" href=\"https:\/\/cozengumruk.net\/fr\/services-deducation\/\"><span>en savoir plus<\/span><span class=\"stm_icon\"><i class=\"fa fa-chevron-right\"><\/i><\/span><\/a><\/div>\n\t\t<\/div>\n\t\t\t\t<\/div>\n\t\t\t\t\t<\/div>\n\t\t<\/div>\n\t\t\t\t<div class=\"elementor-column elementor-col-33 elementor-top-column elementor-element elementor-element-5c86317\" data-id=\"5c86317\" data-element_type=\"column\">\n\t\t\t<div class=\"elementor-widget-wrap elementor-element-populated\">\n\t\t\t\t\t\t<div class=\"elementor-element elementor-element-edb760b elementor-widget elementor-widget-stm_info_box\" data-id=\"edb760b\" data-element_type=\"widget\" data-widget_type=\"stm_info_box.default\">\n\t\t\t\t<div class=\"elementor-widget-container\">\n\t\t\t<div class=\"info_box elementor-consulting-info-box style_10\">\n\t<div class=\"icon\">\n\t\t<i class=\"fas fa-grip-horizontal\"><\/i>\n\t<\/div>\n\t\t\t<div class=\"title\">\n\t\t\t<h4 class=\"no_stripe\">Autres services<\/h4>\n\t\t<\/div>\n\t\t<p>\u00c7\u00f6zen Customs Consultancy offre divers services suppl\u00e9mentaires sp\u00e9cifiques \u00e0 vos besoins dans le domaine des douanes et du commerce ext\u00e9rieur.<\/p>\n<div class=\"notranslate\" style=\"all: initial;\">\u00a0<\/div>\n<a class=\"read_more\" target=\"_self\" href=\"https:\/\/cozengumruk.net\/fr\/autres-services-douaniers\/\"><span>en savoir plus<\/span><span class=\"stm_icon\"><i class=\"fa fa-chevron-right\"><\/i><\/span><\/a><\/div>\n\t\t<\/div>\n\t\t\t\t<\/div>\n\t\t\t\t\t<\/div>\n\t\t<\/div>\n\t\t\t\t\t<\/div>\n\t\t<\/section>\n\t\t<div class=\"elementor-element elementor-element-2d41ca5 e-flex e-con-boxed e-con e-parent\" data-id=\"2d41ca5\" data-element_type=\"container\">\n\t\t\t\t\t<div class=\"e-con-inner\">\n\t\t\t\t<div class=\"elementor-element elementor-element-92dff63 elementor-hidden-mobile elementor-widget elementor-widget-stm_info_box\" data-id=\"92dff63\" data-element_type=\"widget\" data-widget_type=\"stm_info_box.default\">\n\t\t\t\t<div class=\"elementor-widget-container\">\n\t\t\t<div class=\"info_box elementor-consulting-info-box style_10\">\n\t<div class=\"icon\">\n\t\t<i class=\"stm-worldwide-shipping\"><\/i>\n\t<\/div>\n\t\t\t<div class=\"title\">\n\t\t\t<h4 class=\"no_stripe\">Services logistiques<\/h4>\n\t\t<\/div>\n\t\t<p>\u00c7\u00f6zen Customs Consultancy g\u00e8re tous vos processus logistiques de mani\u00e8re efficace et efficiente. Il acc\u00e9l\u00e8re et facilite votre activit\u00e9 gr\u00e2ce \u00e0 des solutions de transport, de stockage et de distribution.<\/p>\n<a class=\"read_more\" target=\"_self\" href=\"https:\/\/cozengumruk.net\/fr\/services-logistiques\/\"><span>en savoir plus<\/span><span class=\"stm_icon\"><i class=\"fa fa-chevron-right\"><\/i><\/span><\/a><\/div>\n\t\t<\/div>\n\t\t\t\t<\/div>\n\t\t\t\t<div class=\"elementor-element elementor-element-8d3e5fb elementor-hidden-desktop elementor-hidden-tablet elementor-widget elementor-widget-stm_info_box\" data-id=\"8d3e5fb\" data-element_type=\"widget\" data-widget_type=\"stm_info_box.default\">\n\t\t\t\t<div class=\"elementor-widget-container\">\n\t\t\t<div class=\"info_box elementor-consulting-info-box style_10\">\n\t<div class=\"icon\">\n\t\t<i class=\"stm-worldwide-shipping\"><\/i>\n\t<\/div>\n\t\t\t<div class=\"title\">\n\t\t\t<h4 class=\"no_stripe\">Services logistiques<\/h4>\n\t\t<\/div>\n\t\t<p>\u00c7\u00f6zen Customs Consultancy g\u00e8re tous vos processus logistiques de mani\u00e8re efficace et efficiente. Il acc\u00e9l\u00e8re et facilite votre activit\u00e9 gr\u00e2ce \u00e0 des solutions de transport, de stockage et de distribution.<\/p>\n<a class=\"read_more\" target=\"_self\" href=\"https:\/\/cozengumruk.net\/fr\/services-logistiques\/\"><span>en savoir plus<\/span><span class=\"stm_icon\"><i class=\"fa fa-chevron-right\"><\/i><\/span><\/a><\/div>\n\t\t<\/div>\n\t\t\t\t<\/div>\n\t\t\t\t\t<\/div>\n\t\t\t\t<\/div>\n\t\t\t\t<\/div>","protected":false},"excerpt":{"rendered":"<p>D\u0131\u015f Ticaret ile ilgili Ulusal ve Uluslararas\u0131\u00a0 de\u011ferli\u00a0 kurulu\u015flar\u0131\u00a0 g\u00fcmr\u00fck idarelerinde ve ba\u011flant\u0131l\u0131 di\u011fer kamu kurum ve kurulu\u015flar\u0131nda\u00a0 ba\u015far\u0131yla temsil eden \u00c7\u00d6ZEN G\u00dcMR\u00dcK M\u00dc\u015eAV\u0130RL\u0130\u011e\u0130 ve bu kurulu\u015flar ile g\u00fcmr\u00fck idareleri\u00a0 aras\u0131nda e\u015fyan\u0131n g\u00fcmr\u00fck i\u015flemlerinin yerine getirilmesi s\u00fcrecinde veya\u00a0 \u00f6ncesinde\/sonras\u0131nda ortaya \u00e7\u0131kan teknik idari ve hukuki\u00a0 uyu\u015fmazl\u0131klar i\u00e7in itiraz ve bunlar\u0131n \u00e7\u00f6z\u00fcm\u00fcnde\/karara ba\u011flanmas\u0131nda\u00a0 ileri d\u00fczeyde bir<\/p>","protected":false},"author":1,"featured_media":0,"parent":0,"menu_order":0,"comment_status":"closed","ping_status":"closed","template":"","meta":{"footnotes":""},"class_list":["post-7617","page","type-page","status-publish","hentry"],"_links":{"self":[{"href":"https:\/\/cozengumruk.net\/fr\/wp-json\/wp\/v2\/pages\/7617","targetHints":{"allow":["GET"]}}],"collection":[{"href":"https:\/\/cozengumruk.net\/fr\/wp-json\/wp\/v2\/pages"}],"about":[{"href":"https:\/\/cozengumruk.net\/fr\/wp-json\/wp\/v2\/types\/page"}],"author":[{"embeddable":true,"href":"https:\/\/cozengumruk.net\/fr\/wp-json\/wp\/v2\/users\/1"}],"replies":[{"embeddable":true,"href":"https:\/\/cozengumruk.net\/fr\/wp-json\/wp\/v2\/comments?post=7617"}],"version-history":[{"count":7,"href":"https:\/\/cozengumruk.net\/fr\/wp-json\/wp\/v2\/pages\/7617\/revisions"}],"predecessor-version":[{"id":7678,"href":"https:\/\/cozengumruk.net\/fr\/wp-json\/wp\/v2\/pages\/7617\/revisions\/7678"}],"wp:attachment":[{"href":"https:\/\/cozengumruk.net\/fr\/wp-json\/wp\/v2\/media?parent=7617"}],"curies":[{"name":"wp","href":"https:\/\/api.w.org\/{rel}","templated":true}]}}