{"id":7622,"date":"2024-07-26T11:00:07","date_gmt":"2024-07-26T08:00:07","guid":{"rendered":"https:\/\/cozengumruk.net\/?page_id=7622"},"modified":"2024-07-26T12:09:52","modified_gmt":"2024-07-26T09:09:52","slug":"serbest-bolge-danismanlik-hizmetleri","status":"publish","type":"page","link":"https:\/\/cozengumruk.net\/fr\/services-de-conseil-en-matiere-de-zones-franches\/","title":{"rendered":"Services de conseil en zone franche"},"content":{"rendered":"<div data-elementor-type=\"wp-page\" data-elementor-id=\"7622\" class=\"elementor elementor-7622\" data-elementor-post-type=\"page\">\n\t\t\t\t<div class=\"elementor-element elementor-element-a269fe7 e-flex e-con-boxed e-con e-parent\" data-id=\"a269fe7\" data-element_type=\"container\">\n\t\t\t\t\t<div class=\"e-con-inner\">\n\t\t\t\t<div class=\"elementor-element elementor-element-274460c elementor-widget elementor-widget-text-editor\" data-id=\"274460c\" data-element_type=\"widget\" data-widget_type=\"text-editor.default\">\n\t\t\t\t<div class=\"elementor-widget-container\">\n\t\t\t\t\t\t\t<p>Les zones franches sont des zones sp\u00e9ciales situ\u00e9es \u00e0 l'int\u00e9rieur des fronti\u00e8res du pays dans lequel elles se trouvent, mais qui sont consid\u00e9r\u00e9es comme \u00e9tant en dehors de la ligne douani\u00e8re en termes de l\u00e9gislation sur le commerce ext\u00e9rieur, la fiscalit\u00e9 et les douanes. Dans ces zones, des exon\u00e9rations et des incitations plus importantes sont accord\u00e9es aux activit\u00e9s industrielles et commerciales.<\/p>\n<p>Bien que les zones franches en Turquie fassent partie du territoire douanier turc, elles sont consid\u00e9r\u00e9es comme \u00e9tant en dehors du territoire douanier de la Turquie en termes de fiscalit\u00e9 douani\u00e8re, de commerce et de pratiques de change, o\u00f9 les marchandises qui ne sont pas en libre circulation ne sont soumises \u00e0 aucun r\u00e9gime douanier. Les marchandises en libre circulation sont soumises aux dispositions du r\u00e9gime de sortie. Les zones franches peuvent \u00eatre d\u00e9finies comme des lieux o\u00f9 les r\u00e9glementations l\u00e9gales et administratives relatives aux domaines commerciaux, financiers et \u00e9conomiques ne sont pas appliqu\u00e9es ou partiellement appliqu\u00e9es, o\u00f9 des incitations plus importantes sont reconnues pour les activit\u00e9s industrielles et commerciales et qui sont physiquement s\u00e9par\u00e9es des autres parties du pays.<\/p>\n<p>3218 num\u00e9rot\u00e9e Zones franches Loi sur l'\u00e9tablissement et les objectifs op\u00e9rationnels des zones franches :<\/p>\n<ul>\n<li>Encourager les investissements et la production orient\u00e9s vers l'exportation,<\/li>\n<li>Acc\u00e9l\u00e9rer les investissements directs \u00e9trangers et les flux de technologie,<\/li>\n<li>Orienter les entreprises vers l'exportation,<\/li>\n<li>D\u00e9velopper le commerce international.<\/li>\n<\/ul>\n<p>Dans un cadre plus large, les zones franches sont cr\u00e9\u00e9es pour accro\u00eetre les investissements de capitaux \u00e9trangers et le commerce ext\u00e9rieur, pour permettre aux producteurs nationaux d'obtenir des intrants aux prix du march\u00e9 mondial, pour augmenter les exportations en encourageant le d\u00e9veloppement d'industries orient\u00e9es vers l'exportation, pour accro\u00eetre les entr\u00e9es de devises, pour r\u00e9soudre le probl\u00e8me de l'emploi en cr\u00e9ant de nouvelles possibilit\u00e9s d'emploi et pour \u00e9lever les normes \u00e9conomiques en introduisant dans le pays des techniques de production et de gestion de pointe provenant de l'\u00e9tranger.<\/p>\n<p>Les zones franches contribuent de mani\u00e8re significative \u00e0 l'\u00e9conomie des pays dans lesquels elles sont situ\u00e9es gr\u00e2ce aux avantages strat\u00e9giques qu'elles offrent. Gr\u00e2ce \u00e0 leurs structures administratives souples et modernes, elles offrent un environnement d'investissement moderne et avanc\u00e9 aux entreprises qui souhaitent s'engager dans le commerce ext\u00e9rieur. Ces zones, qui sont largement utilis\u00e9es en Turquie depuis de nombreuses ann\u00e9es, servent de centres logistiques importants.<\/p>\n<p>Toutefois, malgr\u00e9 cette importance strat\u00e9gique, il existe des probl\u00e8mes d'unit\u00e9 de pratique dans les relations entre les entreprises turques et les entreprises \u00e9tablies dans les zones franches ou dans les relations entre la succursale de la zone franche et le si\u00e8ge social en Turquie. Par cons\u00e9quent, des pratiques risqu\u00e9es sont observ\u00e9es dans les entreprises qui ach\u00e8tent ou vendent des marchandises par l'interm\u00e9diaire des zones franches.<\/p>\n<p>Gr\u00e2ce \u00e0 son niveau d'expertise \u00e9lev\u00e9 et \u00e0 sa vaste exp\u00e9rience dans le domaine des zones franches, \u00c7\u00f6zen Customs Consultancy informe ses clients en d\u00e9tail sur les transactions appliqu\u00e9es dans les zones franches dans le cadre de la structure existante et des dispositions l\u00e9gislatives :<\/p>\n<ul>\n<li>Pratiques douani\u00e8res en zone franche<\/li>\n<li>Importations de la zone franche vers la Turquie et probl\u00e8mes rencontr\u00e9s<\/li>\n<li>D\u00e9livrance des documents A.TR et EUR.1 dans les zones franches<\/li>\n<li>Fonds collect\u00e9s dans la zone franche<\/li>\n<li>Entreposage en zone franche<\/li>\n<li>Commerce de transit \u00e0 partir d'une zone de libre-\u00e9change<\/li>\n<li>D\u00e9claration des prix et autres d\u00e9penses pour la s\u00e9lection de la zone franche<\/li>\n<li>\u00c9valuation des zones franches en fonction de l'Union europ\u00e9enne et des exportations de ces zones vers l'UE<\/li>\n<\/ul>\n<p>Les services uniques de \u00c7\u00f6zen Customs Consultancy comprennent la pr\u00e9paration de projets pour les entreprises souhaitant op\u00e9rer dans les zones franches, la pr\u00e9sentation de demandes aux institutions et organisations concern\u00e9es, l'obtention de permis et de licences, et la r\u00e9alisation de toutes les proc\u00e9dures li\u00e9es \u00e0 l'\u00e9tablissement de votre entreprise et\/ou de votre succursale dans la zone.<\/p>\n<p><a href=\"https:\/\/cozengumruk.net\/fr\/nos-services\/\">\u00c7\u00f6zen Customs Consultancy<\/a> prenez des mesures s\u00fbres dans les zones franches et augmentez votre avantage concurrentiel. Notre \u00e9quipe d'experts s'engage \u00e0 rendre vos processus commerciaux fluides et efficaces en vous accompagnant \u00e0 chaque \u00e9tape.<\/p>\n\t\t\t\t\t\t<\/div>\n\t\t\t\t<\/div>\n\t\t\t\t\t<\/div>\n\t\t\t\t<\/div>\n\t\t\t\t<section class=\"elementor-section elementor-top-section elementor-element elementor-element-fa0a35b elementor-section-boxed elementor-section-height-default elementor-section-height-default\" data-id=\"fa0a35b\" data-element_type=\"section\" data-settings=\"{&quot;background_background&quot;:&quot;classic&quot;}\">\n\t\t\t\t\t\t<div class=\"elementor-container elementor-column-gap-default\">\n\t\t\t\t\t<div class=\"elementor-column elementor-col-100 elementor-top-column elementor-element elementor-element-3962fda\" data-id=\"3962fda\" data-element_type=\"column\">\n\t\t\t<div class=\"elementor-widget-wrap elementor-element-populated\">\n\t\t\t\t\t\t<section class=\"elementor-section elementor-top-section elementor-element elementor-element-957b8b0 elementor-section-boxed elementor-section-height-default elementor-section-height-default\" data-id=\"957b8b0\" data-element_type=\"section\">\n\t\t\t\t\t\t<div class=\"elementor-container elementor-column-gap-default\">\n\t\t\t\t\t<div class=\"elementor-column elementor-col-100 elementor-top-column elementor-element elementor-element-adf2ee9\" data-id=\"adf2ee9\" data-element_type=\"column\">\n\t\t\t<div class=\"elementor-widget-wrap elementor-element-populated\">\n\t\t\t\t\t\t<div class=\"elementor-element elementor-element-ac7c14f elementor-widget elementor-widget-vc_custom_heading\" data-id=\"ac7c14f\" data-element_type=\"widget\" data-widget_type=\"vc_custom_heading.default\">\n\t\t\t\t<div class=\"elementor-widget-container\">\n\t\t\t<div class=\"vc_custom_heading no_stripe consulting_heading_font  text_align_center has_subtitle\" ><h4 style=\"font-size: 35px;color: #000000;text-align: center;line-height: 45px;font-weight:700\" class=\"consulting-custom-title\">Nous sommes \u00e0 vos c\u00f4t\u00e9s pour d\u00e9velopper les solutions les plus adapt\u00e9es \u00e0 vos besoins.\n<span class=\"subtitle\" style=\"color:#2A2A2A\"><br>Afin de r\u00e9pondre au mieux aux besoins de nos pr\u00e9cieux clients, nous sommes pr\u00eats \u00e0 \u00e9couter attentivement vos attentes et vos demandes. <br>Ensemble, nous d\u00e9terminerons les strat\u00e9gies les plus adapt\u00e9es \u00e0 vos besoins gr\u00e2ce \u00e0 nos innovations et \u00e0 nos solutions personnalis\u00e9es.<\/span><\/h4><\/div>\t\t<\/div>\n\t\t\t\t<\/div>\n\t\t\t\t<div class=\"elementor-element elementor-element-4965518 elementor-align-center elementor-widget elementor-widget-button\" data-id=\"4965518\" data-element_type=\"widget\" data-widget_type=\"button.default\">\n\t\t\t\t<div class=\"elementor-widget-container\">\n\t\t\t\t\t\t\t<div class=\"elementor-button-wrapper icon_align_row-reverse\">\n\t\t\t\t\t<a class=\"elementor-button elementor-button-link elementor-size-sm\" href=\"https:\/\/cozengumruk.net\/fr\/communication\/\">\n\t\t\t\t\t\t<span class=\"elementor-button-content-wrapper\">\n\t\t\t\t\t\t<span class=\"elementor-button-icon\">\n\t\t\t\t<i aria-hidden=\"true\" class=\"stm-lnr-arrow-right\"><\/i>\t\t\t<\/span>\n\t\t\t\t\t\t\t\t\t<span class=\"elementor-button-text\">Rencontre avec Solving Customs<\/span>\n\t\t\t\t\t<\/span>\n\t\t\t\t\t<\/a>\n\t\t\t\t<\/div>\n\t\t\t\t\t\t<\/div>\n\t\t\t\t<\/div>\n\t\t\t\t\t<\/div>\n\t\t<\/div>\n\t\t\t\t\t<\/div>\n\t\t<\/section>\n\t\t\t\t\t<\/div>\n\t\t<\/div>\n\t\t\t\t\t<\/div>\n\t\t<\/section>\n\t\t<div class=\"elementor-element elementor-element-326b8d1 e-flex e-con-boxed e-con e-parent\" data-id=\"326b8d1\" data-element_type=\"container\">\n\t\t\t\t\t<div class=\"e-con-inner\">\n\t\t\t\t<div class=\"elementor-element elementor-element-6840070 elementor-widget elementor-widget-heading\" data-id=\"6840070\" data-element_type=\"widget\" data-widget_type=\"heading.default\">\n\t\t\t\t<div class=\"elementor-widget-container\">\n\t\t\t<h2 class=\"elementor-heading-title elementor-size-default\">Nos services<\/h2>\t\t<\/div>\n\t\t\t\t<\/div>\n\t\t\t\t\t<\/div>\n\t\t\t\t<\/div>\n\t\t\t\t<section class=\"elementor-section elementor-top-section elementor-element elementor-element-d8571b3 elementor-section-boxed elementor-section-height-default elementor-section-height-default\" data-id=\"d8571b3\" data-element_type=\"section\" data-settings=\"{&quot;background_background&quot;:&quot;classic&quot;}\">\n\t\t\t\t\t\t<div class=\"elementor-container elementor-column-gap-default\">\n\t\t\t\t\t<div class=\"elementor-column elementor-col-33 elementor-top-column elementor-element elementor-element-5255d65\" data-id=\"5255d65\" data-element_type=\"column\">\n\t\t\t<div class=\"elementor-widget-wrap elementor-element-populated\">\n\t\t\t\t\t\t<div class=\"elementor-element elementor-element-1712156 elementor-widget elementor-widget-stm_info_box\" data-id=\"1712156\" data-element_type=\"widget\" data-widget_type=\"stm_info_box.default\">\n\t\t\t\t<div class=\"elementor-widget-container\">\n\t\t\t<div class=\"info_box elementor-consulting-info-box style_10\">\n\t<div class=\"icon\">\n\t\t<i class=\"fas fa-asterisk\"><\/i>\n\t<\/div>\n\t\t\t<div class=\"title\">\n\t\t\t<h4 class=\"no_stripe\">Services de d\u00e9douanement<\/h4>\n\t\t<\/div>\n\t\t<p>\u00c7\u00f6zen Customs Consultancy fournit des services de d\u00e9douanement rapides et fiables pour vos transactions d'importation et d'exportation.<\/p>\n<a class=\"read_more\" target=\"_self\" href=\"https:\/\/cozengumruk.net\/fr\/services-de-dedouanement\/\"><span>en savoir plus<\/span><span class=\"stm_icon\"><i class=\"fa fa-chevron-right\"><\/i><\/span><\/a><\/div>\n\t\t<\/div>\n\t\t\t\t<\/div>\n\t\t\t\t\t<\/div>\n\t\t<\/div>\n\t\t\t\t<div class=\"elementor-column elementor-col-33 elementor-top-column elementor-element elementor-element-763bef4\" data-id=\"763bef4\" data-element_type=\"column\">\n\t\t\t<div class=\"elementor-widget-wrap elementor-element-populated\">\n\t\t\t\t\t\t<div class=\"elementor-element elementor-element-a5a6cbd elementor-widget elementor-widget-stm_info_box\" data-id=\"a5a6cbd\" data-element_type=\"widget\" data-widget_type=\"stm_info_box.default\">\n\t\t\t\t<div class=\"elementor-widget-container\">\n\t\t\t<div class=\"info_box elementor-consulting-info-box style_10\">\n\t<div class=\"icon\">\n\t\t<i class=\"stm-chart-refresh\"><\/i>\n\t<\/div>\n\t\t\t<div class=\"title\">\n\t\t\t<h4 class=\"no_stripe\">Services de conseil en l\u00e9gislation<\/h4>\n\t\t<\/div>\n\t\t<p>\u00c7\u00f6zen Customs Consultancy fournit des services de conseil d'experts pour vous permettre de vous conformer \u00e0 la l\u00e9gislation commerciale.<\/p>\n<a class=\"read_more\" target=\"_self\" href=\"https:\/\/cozengumruk.net\/fr\/services-legislatifs\/\"><span>en savoir plus<\/span><span class=\"stm_icon\"><i class=\"fa fa-chevron-right\"><\/i><\/span><\/a><\/div>\n\t\t<\/div>\n\t\t\t\t<\/div>\n\t\t\t\t\t<\/div>\n\t\t<\/div>\n\t\t\t\t<div class=\"elementor-column elementor-col-33 elementor-top-column elementor-element elementor-element-cfb8af9\" data-id=\"cfb8af9\" data-element_type=\"column\">\n\t\t\t<div class=\"elementor-widget-wrap elementor-element-populated\">\n\t\t\t\t\t\t<div class=\"elementor-element elementor-element-1f6bee5 elementor-widget elementor-widget-stm_info_box\" data-id=\"1f6bee5\" data-element_type=\"widget\" data-widget_type=\"stm_info_box.default\">\n\t\t\t\t<div class=\"elementor-widget-container\">\n\t\t\t<div class=\"info_box elementor-consulting-info-box style_10\">\n\t<div class=\"icon\">\n\t\t<i class=\"fas fa-compress\"><\/i>\n\t<\/div>\n\t\t\t<div class=\"title\">\n\t\t\t<h4 class=\"no_stripe\">YYS | AEO Consultancy Services<\/h4>\n\t\t<\/div>\n\t\t<p>\u00c7\u00f6zen Customs Consultancy fournit des services de conseil professionnel dans le cadre des proc\u00e9dures d'obtention des certificats (YYS) et (AEO).<\/p>\n<a class=\"read_more\" target=\"_self\" href=\"https:\/\/cozengumruk.net\/fr\/yys-aeo-services\/\"><span>en savoir plus<\/span><span class=\"stm_icon\"><i class=\"fa fa-chevron-right\"><\/i><\/span><\/a><\/div>\n\t\t<\/div>\n\t\t\t\t<\/div>\n\t\t\t\t\t<\/div>\n\t\t<\/div>\n\t\t\t\t\t<\/div>\n\t\t<\/section>\n\t\t\t\t<section class=\"elementor-section elementor-top-section elementor-element elementor-element-79fee73 elementor-section-boxed elementor-section-height-default elementor-section-height-default\" data-id=\"79fee73\" data-element_type=\"section\" data-settings=\"{&quot;background_background&quot;:&quot;classic&quot;}\">\n\t\t\t\t\t\t<div class=\"elementor-container elementor-column-gap-default\">\n\t\t\t\t\t<div class=\"elementor-column elementor-col-33 elementor-top-column elementor-element elementor-element-8f6f7ab\" data-id=\"8f6f7ab\" data-element_type=\"column\">\n\t\t\t<div class=\"elementor-widget-wrap elementor-element-populated\">\n\t\t\t\t\t\t<div class=\"elementor-element elementor-element-9d7e4c4 elementor-widget elementor-widget-stm_info_box\" data-id=\"9d7e4c4\" data-element_type=\"widget\" data-widget_type=\"stm_info_box.default\">\n\t\t\t\t<div class=\"elementor-widget-container\">\n\t\t\t<div class=\"info_box elementor-consulting-info-box style_10\">\n\t<div class=\"icon\">\n\t\t<i class=\"stm-ankara-search\"><\/i>\n\t<\/div>\n\t\t\t<div class=\"title\">\n\t\t\t<h4 class=\"no_stripe\">Services de pr\u00e9paration aux inspections douani\u00e8res<\/h4>\n\t\t<\/div>\n\t\t<p>\u00c7\u00f6zen Customs Consultancy vous apporte un soutien complet dans votre processus de pr\u00e9paration aux inspections douani\u00e8res.<\/p>\n<a class=\"read_more\" target=\"_self\" href=\"https:\/\/cozengumruk.net\/fr\/services-de-preparation-des-audits-douaniers\/\"><span>en savoir plus<\/span><span class=\"stm_icon\"><i class=\"fa fa-chevron-right\"><\/i><\/span><\/a><\/div>\n\t\t<\/div>\n\t\t\t\t<\/div>\n\t\t\t\t\t<\/div>\n\t\t<\/div>\n\t\t\t\t<div class=\"elementor-column elementor-col-33 elementor-top-column elementor-element elementor-element-b773f0f\" data-id=\"b773f0f\" data-element_type=\"column\">\n\t\t\t<div class=\"elementor-widget-wrap elementor-element-populated\">\n\t\t\t\t\t\t<div class=\"elementor-element elementor-element-757f939 elementor-widget elementor-widget-stm_info_box\" data-id=\"757f939\" data-element_type=\"widget\" data-widget_type=\"stm_info_box.default\">\n\t\t\t\t<div class=\"elementor-widget-container\">\n\t\t\t<div class=\"info_box elementor-consulting-info-box style_10\">\n\t<div class=\"icon\">\n\t\t<i class=\"fas fa-balance-scale\"><\/i>\n\t<\/div>\n\t\t\t<div class=\"title\">\n\t\t\t<h4 class=\"no_stripe\">Services de soutien juridique<\/h4>\n\t\t<\/div>\n\t\t<p>\u00c7\u00f6zen Customs Consultancy fournit un soutien expert dans les processus juridiques li\u00e9s au commerce.<\/p>\n<a class=\"read_more\" target=\"_self\" href=\"https:\/\/cozengumruk.net\/fr\/services-dappui-juridique\/\"><span>en savoir plus<\/span><span class=\"stm_icon\"><i class=\"fa fa-chevron-right\"><\/i><\/span><\/a><\/div>\n\t\t<\/div>\n\t\t\t\t<\/div>\n\t\t\t\t\t<\/div>\n\t\t<\/div>\n\t\t\t\t<div class=\"elementor-column elementor-col-33 elementor-top-column elementor-element elementor-element-38f55b7\" data-id=\"38f55b7\" data-element_type=\"column\">\n\t\t\t<div class=\"elementor-widget-wrap elementor-element-populated\">\n\t\t\t\t\t\t<div class=\"elementor-element elementor-element-7758c16 elementor-widget elementor-widget-stm_info_box\" data-id=\"7758c16\" data-element_type=\"widget\" data-widget_type=\"stm_info_box.default\">\n\t\t\t\t<div class=\"elementor-widget-container\">\n\t\t\t<div class=\"info_box elementor-consulting-info-box style_10\">\n\t<div class=\"icon\">\n\t\t<i class=\"stm-earth\"><\/i>\n\t<\/div>\n\t\t\t<div class=\"title\">\n\t\t\t<h4 class=\"no_stripe\">Services de conseil en zone franche<\/h4>\n\t\t<\/div>\n\t\t<p>\u00c7\u00f6zen Customs Consultancy fournit des conseils professionnels pour vos transactions en zone franche.<\/p>\n<a class=\"read_more\" target=\"_self\" href=\"https:\/\/cozengumruk.net\/fr\/services-de-conseil-en-matiere-de-zones-franches\/\"><span>en savoir plus<\/span><span class=\"stm_icon\"><i class=\"fa fa-chevron-right\"><\/i><\/span><\/a><\/div>\n\t\t<\/div>\n\t\t\t\t<\/div>\n\t\t\t\t\t<\/div>\n\t\t<\/div>\n\t\t\t\t\t<\/div>\n\t\t<\/section>\n\t\t\t\t<section class=\"elementor-section elementor-top-section elementor-element elementor-element-455b79a elementor-section-boxed elementor-section-height-default elementor-section-height-default\" data-id=\"455b79a\" data-element_type=\"section\">\n\t\t\t\t\t\t<div class=\"elementor-container elementor-column-gap-default\">\n\t\t\t\t\t<div class=\"elementor-column elementor-col-33 elementor-top-column elementor-element elementor-element-ac100b4\" data-id=\"ac100b4\" data-element_type=\"column\">\n\t\t\t<div class=\"elementor-widget-wrap elementor-element-populated\">\n\t\t\t\t\t\t<div class=\"elementor-element elementor-element-5be57a6 elementor-widget elementor-widget-stm_info_box\" data-id=\"5be57a6\" data-element_type=\"widget\" data-widget_type=\"stm_info_box.default\">\n\t\t\t\t<div class=\"elementor-widget-container\">\n\t\t\t<div class=\"info_box elementor-consulting-info-box style_10\">\n\t<div class=\"icon\">\n\t\t<i class=\"fas fa-parachute-box\"><\/i>\n\t<\/div>\n\t\t\t<div class=\"title\">\n\t\t\t<h4 class=\"no_stripe\">Services douaniers interactifs<\/h4>\n\t\t<\/div>\n\t\t<p>\u00c7\u00f6zen Customs Consultancy fournit des services douaniers rapides et efficaces par le biais de plateformes num\u00e9riques.<\/p>\n<a class=\"read_more\" target=\"_self\" href=\"https:\/\/cozengumruk.net\/fr\/services-douaniers-interactifs\/\"><span>en savoir plus<\/span><span class=\"stm_icon\"><i class=\"fa fa-chevron-right\"><\/i><\/span><\/a><\/div>\n\t\t<\/div>\n\t\t\t\t<\/div>\n\t\t\t\t\t<\/div>\n\t\t<\/div>\n\t\t\t\t<div class=\"elementor-column elementor-col-33 elementor-top-column elementor-element elementor-element-10ba809\" data-id=\"10ba809\" data-element_type=\"column\">\n\t\t\t<div class=\"elementor-widget-wrap elementor-element-populated\">\n\t\t\t\t\t\t<div class=\"elementor-element elementor-element-7dfd122 elementor-widget elementor-widget-stm_info_box\" data-id=\"7dfd122\" data-element_type=\"widget\" data-widget_type=\"stm_info_box.default\">\n\t\t\t\t<div class=\"elementor-widget-container\">\n\t\t\t<div class=\"info_box elementor-consulting-info-box style_10\">\n\t<div class=\"icon\">\n\t\t<i class=\"fas fa-pencil-alt\"><\/i>\n\t<\/div>\n\t\t\t<div class=\"title\">\n\t\t\t<h4 class=\"no_stripe\">Services d'\u00e9ducation<\/h4>\n\t\t<\/div>\n\t\t<p>\u00c7\u00f6zen Customs Consultancy propose des formations compl\u00e8tes pour vous sp\u00e9cialiser dans les questions de douane et de commerce ext\u00e9rieur.<\/p>\n<a class=\"read_more\" target=\"_self\" href=\"https:\/\/cozengumruk.net\/fr\/services-deducation\/\"><span>en savoir plus<\/span><span class=\"stm_icon\"><i class=\"fa fa-chevron-right\"><\/i><\/span><\/a><\/div>\n\t\t<\/div>\n\t\t\t\t<\/div>\n\t\t\t\t\t<\/div>\n\t\t<\/div>\n\t\t\t\t<div class=\"elementor-column elementor-col-33 elementor-top-column elementor-element elementor-element-22c1387\" data-id=\"22c1387\" data-element_type=\"column\">\n\t\t\t<div class=\"elementor-widget-wrap elementor-element-populated\">\n\t\t\t\t\t\t<div class=\"elementor-element elementor-element-47ac191 elementor-widget elementor-widget-stm_info_box\" data-id=\"47ac191\" data-element_type=\"widget\" data-widget_type=\"stm_info_box.default\">\n\t\t\t\t<div class=\"elementor-widget-container\">\n\t\t\t<div class=\"info_box elementor-consulting-info-box style_10\">\n\t<div class=\"icon\">\n\t\t<i class=\"fas fa-grip-horizontal\"><\/i>\n\t<\/div>\n\t\t\t<div class=\"title\">\n\t\t\t<h4 class=\"no_stripe\">Autres services<\/h4>\n\t\t<\/div>\n\t\t<p>\u00c7\u00f6zen Customs Consultancy offre divers services suppl\u00e9mentaires sp\u00e9cifiques \u00e0 vos besoins dans le domaine des douanes et du commerce ext\u00e9rieur.<\/p>\n<div class=\"notranslate\" style=\"all: initial;\">\u00a0<\/div>\n<a class=\"read_more\" target=\"_self\" href=\"https:\/\/cozengumruk.net\/fr\/autres-services-douaniers\/\"><span>en savoir plus<\/span><span class=\"stm_icon\"><i class=\"fa fa-chevron-right\"><\/i><\/span><\/a><\/div>\n\t\t<\/div>\n\t\t\t\t<\/div>\n\t\t\t\t\t<\/div>\n\t\t<\/div>\n\t\t\t\t\t<\/div>\n\t\t<\/section>\n\t\t<div class=\"elementor-element elementor-element-a7cb7c2 e-flex e-con-boxed e-con e-parent\" data-id=\"a7cb7c2\" data-element_type=\"container\">\n\t\t\t\t\t<div class=\"e-con-inner\">\n\t\t\t\t<div class=\"elementor-element elementor-element-1469ae0 elementor-hidden-mobile elementor-widget elementor-widget-stm_info_box\" data-id=\"1469ae0\" data-element_type=\"widget\" data-widget_type=\"stm_info_box.default\">\n\t\t\t\t<div class=\"elementor-widget-container\">\n\t\t\t<div class=\"info_box elementor-consulting-info-box style_10\">\n\t<div class=\"icon\">\n\t\t<i class=\"stm-worldwide-shipping\"><\/i>\n\t<\/div>\n\t\t\t<div class=\"title\">\n\t\t\t<h4 class=\"no_stripe\">Services logistiques<\/h4>\n\t\t<\/div>\n\t\t<p>\u00c7\u00f6zen Customs Consultancy g\u00e8re tous vos processus logistiques de mani\u00e8re efficace et efficiente. Il acc\u00e9l\u00e8re et facilite votre activit\u00e9 gr\u00e2ce \u00e0 des solutions de transport, de stockage et de distribution.<\/p>\n<a class=\"read_more\" target=\"_self\" href=\"https:\/\/cozengumruk.net\/fr\/services-logistiques\/\"><span>en savoir plus<\/span><span class=\"stm_icon\"><i class=\"fa fa-chevron-right\"><\/i><\/span><\/a><\/div>\n\t\t<\/div>\n\t\t\t\t<\/div>\n\t\t\t\t<div class=\"elementor-element elementor-element-9c59725 elementor-hidden-desktop elementor-hidden-tablet elementor-widget elementor-widget-stm_info_box\" data-id=\"9c59725\" data-element_type=\"widget\" data-widget_type=\"stm_info_box.default\">\n\t\t\t\t<div class=\"elementor-widget-container\">\n\t\t\t<div class=\"info_box elementor-consulting-info-box style_10\">\n\t<div class=\"icon\">\n\t\t<i class=\"stm-worldwide-shipping\"><\/i>\n\t<\/div>\n\t\t\t<div class=\"title\">\n\t\t\t<h4 class=\"no_stripe\">Services logistiques<\/h4>\n\t\t<\/div>\n\t\t<p>\u00c7\u00f6zen Customs Consultancy g\u00e8re tous vos processus logistiques de mani\u00e8re efficace et efficiente. Il acc\u00e9l\u00e8re et facilite votre activit\u00e9 gr\u00e2ce \u00e0 des solutions de transport, de stockage et de distribution.<\/p>\n<a class=\"read_more\" target=\"_self\" href=\"https:\/\/cozengumruk.net\/fr\/services-logistiques\/\"><span>en savoir plus<\/span><span class=\"stm_icon\"><i class=\"fa fa-chevron-right\"><\/i><\/span><\/a><\/div>\n\t\t<\/div>\n\t\t\t\t<\/div>\n\t\t\t\t\t<\/div>\n\t\t\t\t<\/div>\n\t\t\t\t<\/div>","protected":false},"excerpt":{"rendered":"<p>Serbest B\u00f6lgeler, bulunduklar\u0131 \u00fclkenin s\u0131n\u0131rlar\u0131 i\u00e7inde yer alan ancak d\u0131\u015f ticaret, vergi ve g\u00fcmr\u00fck mevzuat\u0131 a\u00e7\u0131s\u0131ndan g\u00fcmr\u00fck hatt\u0131 d\u0131\u015f\u0131nda say\u0131lan \u00f6zel alanlard\u0131r. Bu b\u00f6lgelerde s\u0131nai ve ticari faaliyetler i\u00e7in daha geni\u015f muafiyetler ve te\u015fvikler tan\u0131n\u0131r. T\u00fcrkiye\u2019de serbest b\u00f6lgeler, T\u00fcrkiye G\u00fcmr\u00fck B\u00f6lgesi\u2019nin par\u00e7as\u0131 olmakla birlikte, serbest dola\u015f\u0131mda olmayan e\u015fyan\u0131n herhangi bir g\u00fcmr\u00fck rejimine tabi tutulmad\u0131\u011f\u0131, g\u00fcmr\u00fck<\/p>","protected":false},"author":1,"featured_media":0,"parent":0,"menu_order":0,"comment_status":"closed","ping_status":"closed","template":"","meta":{"footnotes":""},"class_list":["post-7622","page","type-page","status-publish","hentry"],"_links":{"self":[{"href":"https:\/\/cozengumruk.net\/fr\/wp-json\/wp\/v2\/pages\/7622","targetHints":{"allow":["GET"]}}],"collection":[{"href":"https:\/\/cozengumruk.net\/fr\/wp-json\/wp\/v2\/pages"}],"about":[{"href":"https:\/\/cozengumruk.net\/fr\/wp-json\/wp\/v2\/types\/page"}],"author":[{"embeddable":true,"href":"https:\/\/cozengumruk.net\/fr\/wp-json\/wp\/v2\/users\/1"}],"replies":[{"embeddable":true,"href":"https:\/\/cozengumruk.net\/fr\/wp-json\/wp\/v2\/comments?post=7622"}],"version-history":[{"count":7,"href":"https:\/\/cozengumruk.net\/fr\/wp-json\/wp\/v2\/pages\/7622\/revisions"}],"predecessor-version":[{"id":7681,"href":"https:\/\/cozengumruk.net\/fr\/wp-json\/wp\/v2\/pages\/7622\/revisions\/7681"}],"wp:attachment":[{"href":"https:\/\/cozengumruk.net\/fr\/wp-json\/wp\/v2\/media?parent=7622"}],"curies":[{"name":"wp","href":"https:\/\/api.w.org\/{rel}","templated":true}]}}