{"id":7633,"date":"2024-07-26T11:04:47","date_gmt":"2024-07-26T08:04:47","guid":{"rendered":"https:\/\/cozengumruk.net\/?page_id=7633"},"modified":"2024-07-26T12:10:44","modified_gmt":"2024-07-26T09:10:44","slug":"egitim-hizmetleri","status":"publish","type":"page","link":"https:\/\/cozengumruk.net\/fr\/services-deducation\/","title":{"rendered":"Services d'\u00e9ducation"},"content":{"rendered":"<div data-elementor-type=\"wp-page\" data-elementor-id=\"7633\" class=\"elementor elementor-7633\" data-elementor-post-type=\"page\">\n\t\t\t\t<div class=\"elementor-element elementor-element-a269fe7 e-flex e-con-boxed e-con e-parent\" data-id=\"a269fe7\" data-element_type=\"container\">\n\t\t\t\t\t<div class=\"e-con-inner\">\n\t\t\t\t<div class=\"elementor-element elementor-element-274460c elementor-widget elementor-widget-text-editor\" data-id=\"274460c\" data-element_type=\"widget\" data-widget_type=\"text-editor.default\">\n\t\t\t\t<div class=\"elementor-widget-container\">\n\t\t\t\t\t\t\t<p><strong>\u00c7\u00f6zen Customs Consultancy<\/strong> Nous savons que les entreprises doivent utiliser leurs ressources humaines de la mani\u00e8re la plus efficace possible afin de r\u00e9aliser leurs objectifs et d'atteindre leurs buts. Le d\u00e9veloppement, la motivation et l'efficacit\u00e9 de nos employ\u00e9s sont notre plus grande force pour r\u00e9ussir. C'est pourquoi nous mettons en \u0153uvre des syst\u00e8mes et des pratiques qui contribueront au d\u00e9veloppement professionnel de nos employ\u00e9s.<\/p>\n<p>Les soci\u00e9t\u00e9s de notre groupe\u00a0<strong>\u00c7\u00f6zen Customs Consultancy<\/strong> Au fil du temps, nos activit\u00e9s de formation, qui ont \u00e9t\u00e9 mises en place au sein de notre entreprise, se sont transform\u00e9es en organismes de formation p\u00e9riodique en douane et commerce ext\u00e9rieur dont peuvent b\u00e9n\u00e9ficier non seulement nos employ\u00e9s, mais aussi nos clients et les candidats professionnels qui souhaitent participer au secteur.<\/p>\n<p>Ces formations, outre leur contribution significative au d\u00e9veloppement du secteur, renforcent la motivation et les performances de tous nos employ\u00e9s et augmentent consid\u00e9rablement notre efficacit\u00e9 op\u00e9rationnelle.<\/p>\n<p>Les th\u00e8mes des programmes de formation en mati\u00e8re de douane et de commerce ext\u00e9rieur organis\u00e9s par \u00c7\u00f6zen Customs Consultancy sont g\u00e9n\u00e9ralement \u00e9num\u00e9r\u00e9s ci-dessous :<\/p>\n<ul>\n<li>Introduction g\u00e9n\u00e9rale au commerce ext\u00e9rieur<\/li>\n<li>M\u00e9thodes de livraison et de paiement<\/li>\n<li>Pratiques douani\u00e8res de base<\/li>\n<li>L\u00e9gislation et pratiques en mati\u00e8re d'importation<\/li>\n<li>L\u00e9gislation et pratiques en mati\u00e8re d'exportation<\/li>\n<li>L\u00e9gislation douani\u00e8re et processus op\u00e9rationnel<\/li>\n<li>Inspection de la s\u00e9curit\u00e9 des produits Applications CE<\/li>\n<li>R\u00e9gime du perfectionnement actif et du perfectionnement passif<\/li>\n<li>L\u00e9gislation sur les incitations \u00e0 l'investissement<\/li>\n<li>Mesures tarifaires et non tarifaires dans le commerce ext\u00e9rieur<\/li>\n<li>L\u00e9gislation relative \u00e0 l'application du tarif douanier et au classement<\/li>\n<li>Certificats d'origine et de circulation<\/li>\n<li>L\u00e9gislation sur la contrebande<\/li>\n<li>L\u00e9gislation sur les zones franches<\/li>\n<li>L\u00e9gislation sur les changes<\/li>\n<li>L\u00e9gislation sur la TVA et le SCT<\/li>\n<li>L\u00e9gislation YYS et OKS<\/li>\n<li>D\u00e9finition et concepts du contr\u00f4le a posteriori<\/li>\n<li>Responsabilit\u00e9s juridiques et p\u00e9nales en mati\u00e8re douani\u00e8re<\/li>\n<\/ul>\n<p>En plus de ces formations organis\u00e9es au sein de notre entreprise, les formations obligatoires que doivent suivre les entreprises titulaires d'un certificat YYS sont men\u00e9es \u00e0 bien par les formateurs repr\u00e9sentant un niveau d'expertise avanc\u00e9 et une grande exp\u00e9rience dans le domaine de YYS qui travaillent au sein de notre entreprise.<\/p>\n\t\t\t\t\t\t<\/div>\n\t\t\t\t<\/div>\n\t\t\t\t\t<\/div>\n\t\t\t\t<\/div>\n\t\t\t\t<section class=\"elementor-section elementor-top-section elementor-element elementor-element-fa0a35b elementor-section-boxed elementor-section-height-default elementor-section-height-default\" data-id=\"fa0a35b\" data-element_type=\"section\" data-settings=\"{&quot;background_background&quot;:&quot;classic&quot;}\">\n\t\t\t\t\t\t<div class=\"elementor-container elementor-column-gap-default\">\n\t\t\t\t\t<div class=\"elementor-column elementor-col-100 elementor-top-column elementor-element elementor-element-3962fda\" data-id=\"3962fda\" data-element_type=\"column\">\n\t\t\t<div class=\"elementor-widget-wrap elementor-element-populated\">\n\t\t\t\t\t\t<section class=\"elementor-section elementor-top-section elementor-element elementor-element-957b8b0 elementor-section-boxed elementor-section-height-default elementor-section-height-default\" data-id=\"957b8b0\" data-element_type=\"section\">\n\t\t\t\t\t\t<div class=\"elementor-container elementor-column-gap-default\">\n\t\t\t\t\t<div class=\"elementor-column elementor-col-100 elementor-top-column elementor-element elementor-element-adf2ee9\" data-id=\"adf2ee9\" data-element_type=\"column\">\n\t\t\t<div class=\"elementor-widget-wrap elementor-element-populated\">\n\t\t\t\t\t\t<div class=\"elementor-element elementor-element-ac7c14f elementor-widget elementor-widget-vc_custom_heading\" data-id=\"ac7c14f\" data-element_type=\"widget\" data-widget_type=\"vc_custom_heading.default\">\n\t\t\t\t<div class=\"elementor-widget-container\">\n\t\t\t<div class=\"vc_custom_heading no_stripe consulting_heading_font  text_align_center has_subtitle\" ><h4 style=\"font-size: 35px;color: #000000;text-align: center;line-height: 45px;font-weight:700\" class=\"consulting-custom-title\">Nous sommes \u00e0 vos c\u00f4t\u00e9s pour d\u00e9velopper les solutions les plus adapt\u00e9es \u00e0 vos besoins.\n<span class=\"subtitle\" style=\"color:#2A2A2A\"><br>Afin de r\u00e9pondre au mieux aux besoins de nos pr\u00e9cieux clients, nous sommes pr\u00eats \u00e0 \u00e9couter attentivement vos attentes et vos demandes. <br>Ensemble, nous d\u00e9terminerons les strat\u00e9gies les plus adapt\u00e9es \u00e0 vos besoins gr\u00e2ce \u00e0 nos innovations et \u00e0 nos solutions personnalis\u00e9es.<\/span><\/h4><\/div>\t\t<\/div>\n\t\t\t\t<\/div>\n\t\t\t\t<div class=\"elementor-element elementor-element-4965518 elementor-align-center elementor-widget elementor-widget-button\" data-id=\"4965518\" data-element_type=\"widget\" data-widget_type=\"button.default\">\n\t\t\t\t<div class=\"elementor-widget-container\">\n\t\t\t\t\t\t\t<div class=\"elementor-button-wrapper icon_align_row-reverse\">\n\t\t\t\t\t<a class=\"elementor-button elementor-button-link elementor-size-sm\" href=\"https:\/\/cozengumruk.net\/fr\/communication\/\">\n\t\t\t\t\t\t<span class=\"elementor-button-content-wrapper\">\n\t\t\t\t\t\t<span class=\"elementor-button-icon\">\n\t\t\t\t<i aria-hidden=\"true\" class=\"stm-lnr-arrow-right\"><\/i>\t\t\t<\/span>\n\t\t\t\t\t\t\t\t\t<span class=\"elementor-button-text\">Rencontre avec Solving Customs<\/span>\n\t\t\t\t\t<\/span>\n\t\t\t\t\t<\/a>\n\t\t\t\t<\/div>\n\t\t\t\t\t\t<\/div>\n\t\t\t\t<\/div>\n\t\t\t\t\t<\/div>\n\t\t<\/div>\n\t\t\t\t\t<\/div>\n\t\t<\/section>\n\t\t\t\t\t<\/div>\n\t\t<\/div>\n\t\t\t\t\t<\/div>\n\t\t<\/section>\n\t\t<div class=\"elementor-element elementor-element-b27a481 e-flex e-con-boxed e-con e-parent\" data-id=\"b27a481\" data-element_type=\"container\">\n\t\t\t\t\t<div class=\"e-con-inner\">\n\t\t\t\t<div class=\"elementor-element elementor-element-82ec392 elementor-widget elementor-widget-heading\" data-id=\"82ec392\" data-element_type=\"widget\" data-widget_type=\"heading.default\">\n\t\t\t\t<div class=\"elementor-widget-container\">\n\t\t\t<h2 class=\"elementor-heading-title elementor-size-default\">Nos services<\/h2>\t\t<\/div>\n\t\t\t\t<\/div>\n\t\t\t\t\t<\/div>\n\t\t\t\t<\/div>\n\t\t\t\t<section class=\"elementor-section elementor-top-section elementor-element elementor-element-beb6269 elementor-section-boxed elementor-section-height-default elementor-section-height-default\" data-id=\"beb6269\" data-element_type=\"section\" data-settings=\"{&quot;background_background&quot;:&quot;classic&quot;}\">\n\t\t\t\t\t\t<div class=\"elementor-container elementor-column-gap-default\">\n\t\t\t\t\t<div class=\"elementor-column elementor-col-33 elementor-top-column elementor-element elementor-element-fd0bb7b\" data-id=\"fd0bb7b\" data-element_type=\"column\">\n\t\t\t<div class=\"elementor-widget-wrap elementor-element-populated\">\n\t\t\t\t\t\t<div class=\"elementor-element elementor-element-eaba130 elementor-widget elementor-widget-stm_info_box\" data-id=\"eaba130\" data-element_type=\"widget\" data-widget_type=\"stm_info_box.default\">\n\t\t\t\t<div class=\"elementor-widget-container\">\n\t\t\t<div class=\"info_box elementor-consulting-info-box style_10\">\n\t<div class=\"icon\">\n\t\t<i class=\"fas fa-asterisk\"><\/i>\n\t<\/div>\n\t\t\t<div class=\"title\">\n\t\t\t<h4 class=\"no_stripe\">Services de d\u00e9douanement<\/h4>\n\t\t<\/div>\n\t\t<p>\u00c7\u00f6zen Customs Consultancy fournit des services de d\u00e9douanement rapides et fiables pour vos transactions d'importation et d'exportation.<\/p>\n<a class=\"read_more\" target=\"_self\" href=\"https:\/\/cozengumruk.net\/fr\/services-de-dedouanement\/\"><span>en savoir plus<\/span><span class=\"stm_icon\"><i class=\"fa fa-chevron-right\"><\/i><\/span><\/a><\/div>\n\t\t<\/div>\n\t\t\t\t<\/div>\n\t\t\t\t\t<\/div>\n\t\t<\/div>\n\t\t\t\t<div class=\"elementor-column elementor-col-33 elementor-top-column elementor-element elementor-element-0b15870\" data-id=\"0b15870\" data-element_type=\"column\">\n\t\t\t<div class=\"elementor-widget-wrap elementor-element-populated\">\n\t\t\t\t\t\t<div class=\"elementor-element elementor-element-3a1dd1b elementor-widget elementor-widget-stm_info_box\" data-id=\"3a1dd1b\" data-element_type=\"widget\" data-widget_type=\"stm_info_box.default\">\n\t\t\t\t<div class=\"elementor-widget-container\">\n\t\t\t<div class=\"info_box elementor-consulting-info-box style_10\">\n\t<div class=\"icon\">\n\t\t<i class=\"stm-chart-refresh\"><\/i>\n\t<\/div>\n\t\t\t<div class=\"title\">\n\t\t\t<h4 class=\"no_stripe\">Services de conseil en l\u00e9gislation<\/h4>\n\t\t<\/div>\n\t\t<p>\u00c7\u00f6zen Customs Consultancy fournit des services de conseil d'experts pour vous permettre de vous conformer \u00e0 la l\u00e9gislation commerciale.<\/p>\n<a class=\"read_more\" target=\"_self\" href=\"https:\/\/cozengumruk.net\/fr\/services-legislatifs\/\"><span>en savoir plus<\/span><span class=\"stm_icon\"><i class=\"fa fa-chevron-right\"><\/i><\/span><\/a><\/div>\n\t\t<\/div>\n\t\t\t\t<\/div>\n\t\t\t\t\t<\/div>\n\t\t<\/div>\n\t\t\t\t<div class=\"elementor-column elementor-col-33 elementor-top-column elementor-element elementor-element-f513fec\" data-id=\"f513fec\" data-element_type=\"column\">\n\t\t\t<div class=\"elementor-widget-wrap elementor-element-populated\">\n\t\t\t\t\t\t<div class=\"elementor-element elementor-element-d6937a5 elementor-widget elementor-widget-stm_info_box\" data-id=\"d6937a5\" data-element_type=\"widget\" data-widget_type=\"stm_info_box.default\">\n\t\t\t\t<div class=\"elementor-widget-container\">\n\t\t\t<div class=\"info_box elementor-consulting-info-box style_10\">\n\t<div class=\"icon\">\n\t\t<i class=\"fas fa-compress\"><\/i>\n\t<\/div>\n\t\t\t<div class=\"title\">\n\t\t\t<h4 class=\"no_stripe\">YYS | AEO Consultancy Services<\/h4>\n\t\t<\/div>\n\t\t<p>\u00c7\u00f6zen Customs Consultancy fournit des services de conseil professionnel dans le cadre des proc\u00e9dures d'obtention des certificats (YYS) et (AEO).<\/p>\n<a class=\"read_more\" target=\"_self\" href=\"https:\/\/cozengumruk.net\/fr\/yys-aeo-services\/\"><span>en savoir plus<\/span><span class=\"stm_icon\"><i class=\"fa fa-chevron-right\"><\/i><\/span><\/a><\/div>\n\t\t<\/div>\n\t\t\t\t<\/div>\n\t\t\t\t\t<\/div>\n\t\t<\/div>\n\t\t\t\t\t<\/div>\n\t\t<\/section>\n\t\t\t\t<section class=\"elementor-section elementor-top-section elementor-element elementor-element-a396533 elementor-section-boxed elementor-section-height-default elementor-section-height-default\" data-id=\"a396533\" data-element_type=\"section\" data-settings=\"{&quot;background_background&quot;:&quot;classic&quot;}\">\n\t\t\t\t\t\t<div class=\"elementor-container elementor-column-gap-default\">\n\t\t\t\t\t<div class=\"elementor-column elementor-col-33 elementor-top-column elementor-element elementor-element-207afa3\" data-id=\"207afa3\" data-element_type=\"column\">\n\t\t\t<div class=\"elementor-widget-wrap elementor-element-populated\">\n\t\t\t\t\t\t<div class=\"elementor-element elementor-element-188f696 elementor-widget elementor-widget-stm_info_box\" data-id=\"188f696\" data-element_type=\"widget\" data-widget_type=\"stm_info_box.default\">\n\t\t\t\t<div class=\"elementor-widget-container\">\n\t\t\t<div class=\"info_box elementor-consulting-info-box style_10\">\n\t<div class=\"icon\">\n\t\t<i class=\"stm-ankara-search\"><\/i>\n\t<\/div>\n\t\t\t<div class=\"title\">\n\t\t\t<h4 class=\"no_stripe\">Services de pr\u00e9paration aux inspections douani\u00e8res<\/h4>\n\t\t<\/div>\n\t\t<p>\u00c7\u00f6zen Customs Consultancy vous apporte un soutien complet dans votre processus de pr\u00e9paration aux inspections douani\u00e8res.<\/p>\n<a class=\"read_more\" target=\"_self\" href=\"https:\/\/cozengumruk.net\/fr\/services-de-preparation-des-audits-douaniers\/\"><span>en savoir plus<\/span><span class=\"stm_icon\"><i class=\"fa fa-chevron-right\"><\/i><\/span><\/a><\/div>\n\t\t<\/div>\n\t\t\t\t<\/div>\n\t\t\t\t\t<\/div>\n\t\t<\/div>\n\t\t\t\t<div class=\"elementor-column elementor-col-33 elementor-top-column elementor-element elementor-element-1dc71e0\" data-id=\"1dc71e0\" data-element_type=\"column\">\n\t\t\t<div class=\"elementor-widget-wrap elementor-element-populated\">\n\t\t\t\t\t\t<div class=\"elementor-element elementor-element-cff99bd elementor-widget elementor-widget-stm_info_box\" data-id=\"cff99bd\" data-element_type=\"widget\" data-widget_type=\"stm_info_box.default\">\n\t\t\t\t<div class=\"elementor-widget-container\">\n\t\t\t<div class=\"info_box elementor-consulting-info-box style_10\">\n\t<div class=\"icon\">\n\t\t<i class=\"fas fa-balance-scale\"><\/i>\n\t<\/div>\n\t\t\t<div class=\"title\">\n\t\t\t<h4 class=\"no_stripe\">Services de soutien juridique<\/h4>\n\t\t<\/div>\n\t\t<p>\u00c7\u00f6zen Customs Consultancy fournit un soutien expert dans les processus juridiques li\u00e9s au commerce.<\/p>\n<a class=\"read_more\" target=\"_self\" href=\"https:\/\/cozengumruk.net\/fr\/services-dappui-juridique\/\"><span>en savoir plus<\/span><span class=\"stm_icon\"><i class=\"fa fa-chevron-right\"><\/i><\/span><\/a><\/div>\n\t\t<\/div>\n\t\t\t\t<\/div>\n\t\t\t\t\t<\/div>\n\t\t<\/div>\n\t\t\t\t<div class=\"elementor-column elementor-col-33 elementor-top-column elementor-element elementor-element-af1384a\" data-id=\"af1384a\" data-element_type=\"column\">\n\t\t\t<div class=\"elementor-widget-wrap elementor-element-populated\">\n\t\t\t\t\t\t<div class=\"elementor-element elementor-element-d3dc1b1 elementor-widget elementor-widget-stm_info_box\" data-id=\"d3dc1b1\" data-element_type=\"widget\" data-widget_type=\"stm_info_box.default\">\n\t\t\t\t<div class=\"elementor-widget-container\">\n\t\t\t<div class=\"info_box elementor-consulting-info-box style_10\">\n\t<div class=\"icon\">\n\t\t<i class=\"stm-earth\"><\/i>\n\t<\/div>\n\t\t\t<div class=\"title\">\n\t\t\t<h4 class=\"no_stripe\">Services de conseil en zone franche<\/h4>\n\t\t<\/div>\n\t\t<p>\u00c7\u00f6zen Customs Consultancy fournit des conseils professionnels pour vos transactions en zone franche.<\/p>\n<a class=\"read_more\" target=\"_self\" href=\"https:\/\/cozengumruk.net\/fr\/services-de-conseil-en-matiere-de-zones-franches\/\"><span>en savoir plus<\/span><span class=\"stm_icon\"><i class=\"fa fa-chevron-right\"><\/i><\/span><\/a><\/div>\n\t\t<\/div>\n\t\t\t\t<\/div>\n\t\t\t\t\t<\/div>\n\t\t<\/div>\n\t\t\t\t\t<\/div>\n\t\t<\/section>\n\t\t\t\t<section class=\"elementor-section elementor-top-section elementor-element elementor-element-29ac40f elementor-section-boxed elementor-section-height-default elementor-section-height-default\" data-id=\"29ac40f\" data-element_type=\"section\">\n\t\t\t\t\t\t<div class=\"elementor-container elementor-column-gap-default\">\n\t\t\t\t\t<div class=\"elementor-column elementor-col-33 elementor-top-column elementor-element elementor-element-e9db96e\" data-id=\"e9db96e\" data-element_type=\"column\">\n\t\t\t<div class=\"elementor-widget-wrap elementor-element-populated\">\n\t\t\t\t\t\t<div class=\"elementor-element elementor-element-394445f elementor-widget elementor-widget-stm_info_box\" data-id=\"394445f\" data-element_type=\"widget\" data-widget_type=\"stm_info_box.default\">\n\t\t\t\t<div class=\"elementor-widget-container\">\n\t\t\t<div class=\"info_box elementor-consulting-info-box style_10\">\n\t<div class=\"icon\">\n\t\t<i class=\"fas fa-parachute-box\"><\/i>\n\t<\/div>\n\t\t\t<div class=\"title\">\n\t\t\t<h4 class=\"no_stripe\">Services douaniers interactifs<\/h4>\n\t\t<\/div>\n\t\t<p>\u00c7\u00f6zen Customs Consultancy fournit des services douaniers rapides et efficaces par le biais de plateformes num\u00e9riques.<\/p>\n<a class=\"read_more\" target=\"_self\" href=\"https:\/\/cozengumruk.net\/fr\/services-douaniers-interactifs\/\"><span>en savoir plus<\/span><span class=\"stm_icon\"><i class=\"fa fa-chevron-right\"><\/i><\/span><\/a><\/div>\n\t\t<\/div>\n\t\t\t\t<\/div>\n\t\t\t\t\t<\/div>\n\t\t<\/div>\n\t\t\t\t<div class=\"elementor-column elementor-col-33 elementor-top-column elementor-element elementor-element-cdfd6d0\" data-id=\"cdfd6d0\" data-element_type=\"column\">\n\t\t\t<div class=\"elementor-widget-wrap elementor-element-populated\">\n\t\t\t\t\t\t<div class=\"elementor-element elementor-element-963a3ac elementor-widget elementor-widget-stm_info_box\" data-id=\"963a3ac\" data-element_type=\"widget\" data-widget_type=\"stm_info_box.default\">\n\t\t\t\t<div class=\"elementor-widget-container\">\n\t\t\t<div class=\"info_box elementor-consulting-info-box style_10\">\n\t<div class=\"icon\">\n\t\t<i class=\"fas fa-pencil-alt\"><\/i>\n\t<\/div>\n\t\t\t<div class=\"title\">\n\t\t\t<h4 class=\"no_stripe\">Services d'\u00e9ducation<\/h4>\n\t\t<\/div>\n\t\t<p>\u00c7\u00f6zen Customs Consultancy propose des formations compl\u00e8tes pour vous sp\u00e9cialiser dans les questions de douane et de commerce ext\u00e9rieur.<\/p>\n<a class=\"read_more\" target=\"_self\" href=\"https:\/\/cozengumruk.net\/fr\/services-deducation\/\"><span>en savoir plus<\/span><span class=\"stm_icon\"><i class=\"fa fa-chevron-right\"><\/i><\/span><\/a><\/div>\n\t\t<\/div>\n\t\t\t\t<\/div>\n\t\t\t\t\t<\/div>\n\t\t<\/div>\n\t\t\t\t<div class=\"elementor-column elementor-col-33 elementor-top-column elementor-element elementor-element-4dc54f3\" data-id=\"4dc54f3\" data-element_type=\"column\">\n\t\t\t<div class=\"elementor-widget-wrap elementor-element-populated\">\n\t\t\t\t\t\t<div class=\"elementor-element elementor-element-56a9fad elementor-widget elementor-widget-stm_info_box\" data-id=\"56a9fad\" data-element_type=\"widget\" data-widget_type=\"stm_info_box.default\">\n\t\t\t\t<div class=\"elementor-widget-container\">\n\t\t\t<div class=\"info_box elementor-consulting-info-box style_10\">\n\t<div class=\"icon\">\n\t\t<i class=\"fas fa-grip-horizontal\"><\/i>\n\t<\/div>\n\t\t\t<div class=\"title\">\n\t\t\t<h4 class=\"no_stripe\">Autres services<\/h4>\n\t\t<\/div>\n\t\t<p>\u00c7\u00f6zen Customs Consultancy offre divers services suppl\u00e9mentaires sp\u00e9cifiques \u00e0 vos besoins dans le domaine des douanes et du commerce ext\u00e9rieur.<\/p>\n<div class=\"notranslate\" style=\"all: initial;\">\u00a0<\/div>\n<a class=\"read_more\" target=\"_self\" href=\"https:\/\/cozengumruk.net\/fr\/autres-services-douaniers\/\"><span>en savoir plus<\/span><span class=\"stm_icon\"><i class=\"fa fa-chevron-right\"><\/i><\/span><\/a><\/div>\n\t\t<\/div>\n\t\t\t\t<\/div>\n\t\t\t\t\t<\/div>\n\t\t<\/div>\n\t\t\t\t\t<\/div>\n\t\t<\/section>\n\t\t<div class=\"elementor-element elementor-element-127d4ee e-flex e-con-boxed e-con e-parent\" data-id=\"127d4ee\" data-element_type=\"container\">\n\t\t\t\t\t<div class=\"e-con-inner\">\n\t\t\t\t<div class=\"elementor-element elementor-element-eecf112 elementor-hidden-mobile elementor-widget elementor-widget-stm_info_box\" data-id=\"eecf112\" data-element_type=\"widget\" data-widget_type=\"stm_info_box.default\">\n\t\t\t\t<div class=\"elementor-widget-container\">\n\t\t\t<div class=\"info_box elementor-consulting-info-box style_10\">\n\t<div class=\"icon\">\n\t\t<i class=\"stm-worldwide-shipping\"><\/i>\n\t<\/div>\n\t\t\t<div class=\"title\">\n\t\t\t<h4 class=\"no_stripe\">Services logistiques<\/h4>\n\t\t<\/div>\n\t\t<p>\u00c7\u00f6zen Customs Consultancy g\u00e8re tous vos processus logistiques de mani\u00e8re efficace et efficiente. Il acc\u00e9l\u00e8re et facilite votre activit\u00e9 gr\u00e2ce \u00e0 des solutions de transport, de stockage et de distribution.<\/p>\n<a class=\"read_more\" target=\"_self\" href=\"https:\/\/cozengumruk.net\/fr\/services-logistiques\/\"><span>en savoir plus<\/span><span class=\"stm_icon\"><i class=\"fa fa-chevron-right\"><\/i><\/span><\/a><\/div>\n\t\t<\/div>\n\t\t\t\t<\/div>\n\t\t\t\t<div class=\"elementor-element elementor-element-ce4b7f4 elementor-hidden-desktop elementor-hidden-tablet elementor-widget elementor-widget-stm_info_box\" data-id=\"ce4b7f4\" data-element_type=\"widget\" data-widget_type=\"stm_info_box.default\">\n\t\t\t\t<div class=\"elementor-widget-container\">\n\t\t\t<div class=\"info_box elementor-consulting-info-box style_10\">\n\t<div class=\"icon\">\n\t\t<i class=\"stm-worldwide-shipping\"><\/i>\n\t<\/div>\n\t\t\t<div class=\"title\">\n\t\t\t<h4 class=\"no_stripe\">Services logistiques<\/h4>\n\t\t<\/div>\n\t\t<p>\u00c7\u00f6zen Customs Consultancy g\u00e8re tous vos processus logistiques de mani\u00e8re efficace et efficiente. Il acc\u00e9l\u00e8re et facilite votre activit\u00e9 gr\u00e2ce \u00e0 des solutions de transport, de stockage et de distribution.<\/p>\n<a class=\"read_more\" target=\"_self\" href=\"https:\/\/cozengumruk.net\/fr\/services-logistiques\/\"><span>en savoir plus<\/span><span class=\"stm_icon\"><i class=\"fa fa-chevron-right\"><\/i><\/span><\/a><\/div>\n\t\t<\/div>\n\t\t\t\t<\/div>\n\t\t\t\t\t<\/div>\n\t\t\t\t<\/div>\n\t\t\t\t<\/div>","protected":false},"excerpt":{"rendered":"<p>\u00c7\u00f6zen G\u00fcmr\u00fck M\u00fc\u015favirli\u011fi olarak, i\u015fletmelerin ama\u00e7lar\u0131n\u0131 ger\u00e7ekle\u015ftirebilmeleri ve hedeflerine ula\u015fabilmeleri i\u00e7in sahip olduklar\u0131 insan kaynaklar\u0131n\u0131 en verimli \u015fekilde kullanmalar\u0131 gerekti\u011fini biliyoruz. \u00c7al\u0131\u015fanlar\u0131m\u0131z\u0131n geli\u015fimi, motivasyonu ve verimlili\u011fi, ba\u015far\u0131ya ula\u015fmam\u0131zda en b\u00fcy\u00fck g\u00fcc\u00fcm\u00fczd\u00fcr. Bu nedenle, \u00e7al\u0131\u015fanlar\u0131m\u0131z\u0131n mesleki geli\u015fimine katk\u0131 sa\u011flayacak sistem ve uygulamalar\u0131 hayata ge\u00e7irmekteyiz. Grup \u015firketlerimizden\u00a0\u00c7\u00f6zen G\u00fcmr\u00fck M\u00fc\u015favirli\u011fi b\u00fcnyesinde olu\u015fturulan e\u011fitim faaliyetlerimiz, zaman i\u00e7inde sadece \u00e7al\u0131\u015fanlar\u0131m\u0131z\u0131n<\/p>","protected":false},"author":1,"featured_media":0,"parent":0,"menu_order":0,"comment_status":"closed","ping_status":"closed","template":"","meta":{"footnotes":""},"class_list":["post-7633","page","type-page","status-publish","hentry"],"_links":{"self":[{"href":"https:\/\/cozengumruk.net\/fr\/wp-json\/wp\/v2\/pages\/7633","targetHints":{"allow":["GET"]}}],"collection":[{"href":"https:\/\/cozengumruk.net\/fr\/wp-json\/wp\/v2\/pages"}],"about":[{"href":"https:\/\/cozengumruk.net\/fr\/wp-json\/wp\/v2\/types\/page"}],"author":[{"embeddable":true,"href":"https:\/\/cozengumruk.net\/fr\/wp-json\/wp\/v2\/users\/1"}],"replies":[{"embeddable":true,"href":"https:\/\/cozengumruk.net\/fr\/wp-json\/wp\/v2\/comments?post=7633"}],"version-history":[{"count":7,"href":"https:\/\/cozengumruk.net\/fr\/wp-json\/wp\/v2\/pages\/7633\/revisions"}],"predecessor-version":[{"id":7687,"href":"https:\/\/cozengumruk.net\/fr\/wp-json\/wp\/v2\/pages\/7633\/revisions\/7687"}],"wp:attachment":[{"href":"https:\/\/cozengumruk.net\/fr\/wp-json\/wp\/v2\/media?parent=7633"}],"curies":[{"name":"wp","href":"https:\/\/api.w.org\/{rel}","templated":true}]}}