{"id":7710,"date":"2024-07-26T14:11:53","date_gmt":"2024-07-26T11:11:53","guid":{"rendered":"https:\/\/cozengumruk.net\/?page_id=7710"},"modified":"2024-07-26T14:21:00","modified_gmt":"2024-07-26T11:21:00","slug":"erisilebilirlik","status":"publish","type":"page","link":"https:\/\/cozengumruk.net\/fr\/laccessibilite\/","title":{"rendered":"Accessibilit\u00e9"},"content":{"rendered":"<p><strong>\u00c7\u00f6zen Customs Consultancy<\/strong> nous nous engageons \u00e0 faire en sorte que nos services soient accessibles \u00e0 tous. Nous avons pr\u00e9par\u00e9 notre site web conform\u00e9ment aux principes de conception universelle afin que tous les utilisateurs puissent acc\u00e9der facilement aux informations. Nous travaillons constamment \u00e0 fournir une exp\u00e9rience num\u00e9rique conviviale et accessible, en tenant compte des besoins des personnes handicap\u00e9es.<\/p>\n<p><strong>Noms de transport courts de la page (URL propre)<\/strong><\/p>\n<p>Nous avons pr\u00e9par\u00e9 des noms d'acc\u00e8s courts pour toutes les sections du contenu afin de vous permettre d'acc\u00e9der rapidement au contenu de notre page web et d'augmenter la m\u00e9morisation des sections.<\/p>\n<p><strong>Soutien aux appareils mobiles<\/strong><\/p>\n<p>Nous avons restructur\u00e9 notre site web conform\u00e9ment aux principes d'accessibilit\u00e9 au contenu des priorit\u00e9s d'accessibilit\u00e9 au web (WAI) \u00e9tablis par le World Wide Web Consortium (W3C).<\/p>\n<p>Dans certaines parties de notre page web, le javascript (langage logiciel d'application web) est utilis\u00e9. Si les javascripts ne fonctionnent pas, cela n'entra\u00eene pas de d\u00e9ficience directe en termes de fonctionnement. Toutefois, nous vous recommandons d'activer la fonction javascript de votre navigateur afin de visualiser les pages correctement.<\/p>\n<h4>Am\u00e9lioration continue<\/h4>\n<p>Nous mettons constamment \u00e0 jour et am\u00e9liorons les normes d'accessibilit\u00e9. En fonction des r\u00e9actions des utilisateurs, nous apportons r\u00e9guli\u00e8rement des am\u00e9liorations pour rendre notre site web plus accessible. Notre objectif est de fournir une plateforme que tout le monde peut facilement utiliser et acc\u00e9der \u00e0 l'information.<\/p>\n<p>Si vous rencontrez des difficult\u00e9s pour acc\u00e9der \u00e0 notre site web ou si vous avez des suggestions \u00e0 faire, n'h\u00e9sitez pas \u00e0 nous contacter. Vos commentaires sont tr\u00e8s importants pour nous permettre de rendre notre site encore plus accessible.<\/p>\n<p>En tant que \u00c7\u00f6zen Customs Consultancy, nous d\u00e9fendons le droit \u00e0 l'\u00e9galit\u00e9 d'acc\u00e8s pour tous et poursuivons notre travail dans ce sens.<\/p>","protected":false},"excerpt":{"rendered":"<p>\u00c7\u00f6zen G\u00fcmr\u00fck M\u00fc\u015favirli\u011fi olarak, hizmetlerimizin herkes i\u00e7in eri\u015filebilir olmas\u0131n\u0131 sa\u011flamay\u0131 taahh\u00fct ediyoruz. Web sitemizi, t\u00fcm kullan\u0131c\u0131lar\u0131n bilgiye kolayca ula\u015fabilmesi i\u00e7in evrensel tasar\u0131m prensiplerine uygun olarak haz\u0131rlad\u0131k. Engelli bireylerin de ihtiya\u00e7lar\u0131n\u0131 g\u00f6zeterek, kullan\u0131c\u0131 dostu ve eri\u015filebilir bir dijital deneyim sunmak i\u00e7in s\u00fcrekli olarak \u00e7al\u0131\u015f\u0131yoruz. Sayfa K\u0131sa Ula\u015f\u0131m Adlar\u0131 (Clean URL) Web sayfam\u0131z\u0131n i\u00e7eriklerinde k\u0131sa yoldan eri\u015febilmeniz<\/p>","protected":false},"author":1,"featured_media":0,"parent":0,"menu_order":0,"comment_status":"closed","ping_status":"closed","template":"","meta":{"footnotes":""},"class_list":["post-7710","page","type-page","status-publish","hentry"],"_links":{"self":[{"href":"https:\/\/cozengumruk.net\/fr\/wp-json\/wp\/v2\/pages\/7710","targetHints":{"allow":["GET"]}}],"collection":[{"href":"https:\/\/cozengumruk.net\/fr\/wp-json\/wp\/v2\/pages"}],"about":[{"href":"https:\/\/cozengumruk.net\/fr\/wp-json\/wp\/v2\/types\/page"}],"author":[{"embeddable":true,"href":"https:\/\/cozengumruk.net\/fr\/wp-json\/wp\/v2\/users\/1"}],"replies":[{"embeddable":true,"href":"https:\/\/cozengumruk.net\/fr\/wp-json\/wp\/v2\/comments?post=7710"}],"version-history":[{"count":1,"href":"https:\/\/cozengumruk.net\/fr\/wp-json\/wp\/v2\/pages\/7710\/revisions"}],"predecessor-version":[{"id":7711,"href":"https:\/\/cozengumruk.net\/fr\/wp-json\/wp\/v2\/pages\/7710\/revisions\/7711"}],"wp:attachment":[{"href":"https:\/\/cozengumruk.net\/fr\/wp-json\/wp\/v2\/media?parent=7710"}],"curies":[{"name":"wp","href":"https:\/\/api.w.org\/{rel}","templated":true}]}}