{"id":7712,"date":"2024-07-26T14:18:24","date_gmt":"2024-07-26T11:18:24","guid":{"rendered":"https:\/\/cozengumruk.net\/?page_id=7712"},"modified":"2024-07-26T14:20:33","modified_gmt":"2024-07-26T11:20:33","slug":"gizlilik-ve-guvenlik-politikamiz","status":"publish","type":"page","link":"https:\/\/cozengumruk.net\/fr\/notre-politique-de-confidentialite-et-de-securite\/","title":{"rendered":"Politique de confidentialit\u00e9 et de s\u00e9curit\u00e9"},"content":{"rendered":"<p>\u00c7\u00f6zen Customs Brokerage attache une grande importance \u00e0 votre vie priv\u00e9e et \u00e0 la s\u00e9curit\u00e9 de vos informations personnelles. Lorsque vous visitez notre site web, vous avez le droit de savoir comment vos informations personnelles sont collect\u00e9es, utilis\u00e9es et prot\u00e9g\u00e9es. Dans ce contexte, nous vous fournissons des informations d\u00e9taill\u00e9es sur notre politique de confidentialit\u00e9 et de protection des donn\u00e9es :<\/p>\n<h4>Protection de vos donn\u00e9es personnelles<\/h4>\n<p>Les informations personnelles (nom, adresse \u00e9lectronique, adresse professionnelle et personnelle, num\u00e9ro de t\u00e9l\u00e9phone, etc.) que vous fournissez volontairement sur notre site web sont utilis\u00e9es uniquement dans le but de communiquer avec vous et de vous fournir des informations. Ces informations ne sont ni lou\u00e9es, ni vendues, ni partag\u00e9es avec des tiers ou des organisations, sauf en cas d'obligations l\u00e9gales. Nous appliquons les normes les plus strictes en mati\u00e8re de protection des donn\u00e9es afin de respecter votre vie priv\u00e9e et d'assurer votre s\u00e9curit\u00e9.<\/p>\n<h4>Utilisation des informations<\/h4>\n<p>Les informations personnelles que vous nous avez communiqu\u00e9es seront utilis\u00e9es aux fins suivantes :<\/p>\n<ul>\n<li>Pour vous communiquer et vous transf\u00e9rer des informations,<\/li>\n<li>Pour vous tenir inform\u00e9 par le biais de publications imprim\u00e9es, de bulletins d'information \u00e9lectroniques ou d'autres notifications,<\/li>\n<li>Pour \u00e9valuer vos candidatures et les utiliser dans les processus de recrutement.<\/li>\n<\/ul>\n<p>Nous n'utilisons ces informations qu'aux fins indiqu\u00e9es et avec votre consentement. En outre, vous pouvez facilement mettre \u00e0 jour et modifier vos informations personnelles \u00e0 tout moment.<\/p>\n<h4>Suivi des informations sur les visiteurs<\/h4>\n<p>Afin d'am\u00e9liorer les performances de notre site web et l'exp\u00e9rience des visiteurs, nous suivons le nombre de visiteurs et les noms de domaine des fournisseurs d'acc\u00e8s \u00e0 Internet. Ce processus se limite \u00e0 la collecte de donn\u00e9es g\u00e9n\u00e9rales qui n'incluent pas vos informations personnelles et nous n'utilisons ces informations qu'\u00e0 des fins de d\u00e9veloppement et d'analyse du site.<\/p>\n<h4>Liens vers des tiers<\/h4>\n<p>Notre site web peut contenir des liens vers d'autres sites. Les politiques de confidentialit\u00e9 des sites que vous visiterez par le biais de ces liens ne sont pas conformes aux principes de confidentialit\u00e9 de \u00c7\u00f6zen Customs Consultancy. Par cons\u00e9quent, nous vous recommandons d'\u00e9valuer soigneusement leurs politiques de confidentialit\u00e9 avant de visiter ces sites afin de garantir la s\u00e9curit\u00e9 de vos informations personnelles.<\/p>\n<h4>Mise \u00e0 jour de notre politique de confidentialit\u00e9<\/h4>\n<p>Notre politique de confidentialit\u00e9 peut \u00eatre mise \u00e0 jour de temps \u00e0 autre. En cas de modification, nous vous en informerons en publiant les informations mises \u00e0 jour sur notre site web. Nous vous recommandons de consulter r\u00e9guli\u00e8rement cette page pour \u00eatre inform\u00e9 de notre politique actuelle.<\/p>\n<p>\u00c7\u00f6zen Customs Consultancy travaille m\u00e9ticuleusement pour assurer la s\u00e9curit\u00e9 de vos informations personnelles et prot\u00e9ger votre vie priv\u00e9e. Si vous avez des questions ou des inqui\u00e9tudes \u00e0 ce sujet, n'h\u00e9sitez pas \u00e0 nous contacter. Votre s\u00e9curit\u00e9 est notre priorit\u00e9.<\/p>","protected":false},"excerpt":{"rendered":"<p>\u00c7\u00f6zen G\u00fcmr\u00fck M\u00fc\u015favirli\u011fi olarak, sizin gizlili\u011finize ve ki\u015fisel bilgilerinizin g\u00fcvenli\u011fine b\u00fcy\u00fck \u00f6nem veriyoruz. Web sitemizi ziyaret etti\u011finizde, ki\u015fisel bilgilerinizin nas\u0131l topland\u0131\u011f\u0131n\u0131, kullan\u0131ld\u0131\u011f\u0131n\u0131 ve korundu\u011funu bilmek hakk\u0131n\u0131zd\u0131r. \u0130\u015fte bu ba\u011flamda, gizlilik ve veri koruma politikam\u0131z hakk\u0131nda size detayl\u0131 bilgi sunuyoruz: Ki\u015fisel Bilgilerinizin Korunmas\u0131 Web sitemizde sizden g\u00f6n\u00fcll\u00fc olarak verdi\u011finiz ki\u015fisel bilgiler (isim, e-posta adresi, i\u015f ve<\/p>","protected":false},"author":1,"featured_media":0,"parent":0,"menu_order":0,"comment_status":"closed","ping_status":"closed","template":"","meta":{"footnotes":""},"class_list":["post-7712","page","type-page","status-publish","hentry"],"_links":{"self":[{"href":"https:\/\/cozengumruk.net\/fr\/wp-json\/wp\/v2\/pages\/7712","targetHints":{"allow":["GET"]}}],"collection":[{"href":"https:\/\/cozengumruk.net\/fr\/wp-json\/wp\/v2\/pages"}],"about":[{"href":"https:\/\/cozengumruk.net\/fr\/wp-json\/wp\/v2\/types\/page"}],"author":[{"embeddable":true,"href":"https:\/\/cozengumruk.net\/fr\/wp-json\/wp\/v2\/users\/1"}],"replies":[{"embeddable":true,"href":"https:\/\/cozengumruk.net\/fr\/wp-json\/wp\/v2\/comments?post=7712"}],"version-history":[{"count":1,"href":"https:\/\/cozengumruk.net\/fr\/wp-json\/wp\/v2\/pages\/7712\/revisions"}],"predecessor-version":[{"id":7713,"href":"https:\/\/cozengumruk.net\/fr\/wp-json\/wp\/v2\/pages\/7712\/revisions\/7713"}],"wp:attachment":[{"href":"https:\/\/cozengumruk.net\/fr\/wp-json\/wp\/v2\/media?parent=7712"}],"curies":[{"name":"wp","href":"https:\/\/api.w.org\/{rel}","templated":true}]}}