{"id":7715,"date":"2024-07-26T14:21:48","date_gmt":"2024-07-26T11:21:48","guid":{"rendered":"https:\/\/cozengumruk.net\/?page_id=7715"},"modified":"2024-07-26T14:22:58","modified_gmt":"2024-07-26T11:22:58","slug":"sorumluluk-reddi","status":"publish","type":"page","link":"https:\/\/cozengumruk.net\/fr\/clause-de-non-responsabilite\/","title":{"rendered":"Clause de non-responsabilit\u00e9"},"content":{"rendered":"<p><strong>\u00c7\u00f6zen Customs Consultancy<\/strong> Les informations contenues sur le site web sont fournies \u00e0 titre d'information g\u00e9n\u00e9rale et ne remplacent en aucun cas un conseil professionnel ou un avis juridique. Le contenu de notre site web a \u00e9t\u00e9 pr\u00e9par\u00e9 \u00e0 des fins d'information et nous ne pouvons pas garantir qu'il est absolument complet et exact \u00e0 tous \u00e9gards. Il vous incombe donc de v\u00e9rifier l'exactitude, l'actualit\u00e9 et l'ad\u00e9quation des informations contenues sur notre site web.<\/p>\n<p>Avant d'utiliser le site web de \u00c7\u00f6zen G\u00fcmr\u00fck M\u00fc\u015favirli\u011fi, vous reconnaissez avoir lu attentivement et accept\u00e9 les avertissements et d\u00e9clarations figurant sur cette page. \u00c7\u00f6zen G\u00fcmr\u00fck M\u00fc\u015favirli\u011fi, les personnes qui ont pr\u00e9par\u00e9 le contenu de ce site, ses employ\u00e9s et les personnes ou organisations autoris\u00e9es par eux n'assument aucune responsabilit\u00e9 juridique ou p\u00e9nale pour toute demande de dommages-int\u00e9r\u00eats p\u00e9cuniaires et non p\u00e9cuniaires pouvant r\u00e9sulter de la lecture ou de la non-lecture des conditions susmentionn\u00e9es.<\/p>\n<p>En cas de litige, de r\u00e9clamation ou de demande, les d\u00e9clarations contenues sur cette page web et les registres informatiques de \u00c7\u00f6zen Customs Consultancy seront soumis \u00e0 la juridiction des tribunaux d'Istanbul et des bureaux d'ex\u00e9cution et de faillite et seront accept\u00e9s comme seule et v\u00e9ritable preuve exclusive conform\u00e9ment \u00e0 l'article 193 du CCP.<\/p>\n<p>\u00c7\u00f6zen Customs Consultancy a le droit de modifier, de supprimer ou d'arr\u00eater temporairement ou d\u00e9finitivement la publication des informations et des documents sur le site web sans avis pr\u00e9alable.<\/p>\n<h4>Utilisation du contenu et des informations<\/h4>\n<p>Les informations pr\u00e9sent\u00e9es sur notre site web sont fournies \u00e0 des fins d'\u00e9ducation et d'information g\u00e9n\u00e9rales. Elles ne sauraient se substituer \u00e0 un conseil juridique ou professionnel, \u00e0 un encouragement ou \u00e0 une recommandation. Il est important que vous demandiez conseil \u00e0 des experts ou \u00e0 des professionnels avant de prendre des d\u00e9cisions sur des proc\u00e9dures douani\u00e8res, des transactions commerciales ou d'autres questions professionnelles.<\/p>\n<h4>Sites de tiers<\/h4>\n<p>Des liens sur notre site web peuvent conduire \u00e0 des sites de tiers. Ces liens ne sont fournis que pour des raisons de commodit\u00e9 et \u00c7\u00f6zen G\u00fcmr\u00fck M\u00fc\u015favirli\u011fi n'est pas responsable du contenu, des politiques de confidentialit\u00e9 ou des pratiques des sites tiers concern\u00e9s. Avant de visiter des sites tiers, il vous est conseill\u00e9 d'\u00e9valuer soigneusement les politiques de confidentialit\u00e9 et d'utilisation de ces sites.<\/p>\n<h4>Limite de responsabilit\u00e9<\/h4>\n<p>\u00c7\u00f6zen G\u00fcmr\u00fck M\u00fc\u015favirli\u011fi ne peut \u00eatre tenu responsable de tout dommage direct, indirect, sp\u00e9cial ou accessoire pouvant r\u00e9sulter de l'utilisation des informations fournies sur notre site web. Toute perte ou dommage pouvant r\u00e9sulter d'erreurs, d'omissions ou de mises \u00e0 jour de nos informations rel\u00e8ve de la seule responsabilit\u00e9 des utilisateurs.<\/p>\n<h4>Modifications du contenu<\/h4>\n<p>\u00c7\u00f6zen Customs Consultancy se r\u00e9serve le droit de modifier les informations et le contenu du site web \u00e0 tout moment, sans pr\u00e9avis. Le contenu de notre site web entre en vigueur apr\u00e8s toute mise \u00e0 jour ou modification.<\/p>\n<h4>Contact<\/h4>\n<p>Si vous avez des questions concernant cette clause de non-responsabilit\u00e9, n'h\u00e9sitez pas \u00e0 nous contacter. En utilisant notre site web, vous acceptez cette clause de non-responsabilit\u00e9.<\/p>","protected":false},"excerpt":{"rendered":"<p>\u00c7\u00f6zen G\u00fcmr\u00fck M\u00fc\u015favirli\u011fi web sitesinde yer alan bilgiler, genel bilgilendirme ama\u00e7l\u0131 sunulmu\u015ftur ve herhangi bir profesyonel dan\u0131\u015fmanl\u0131k veya hukuki tavsiye yerine ge\u00e7memektedir. Web sitemizdeki i\u00e7erikler, bilgi verme amac\u0131yla haz\u0131rlanm\u0131\u015f olup, herhangi bir konuda kesinlikle eksiksiz ve do\u011fru oldu\u011funu garanti edemeyiz. Bu nedenle, web sitemizde yer alan bilgilerin do\u011frulu\u011funu, g\u00fcncelli\u011fini ve yeterlili\u011fini kontrol etmek sizin sorumlulu\u011funuzdad\u0131r.<\/p>","protected":false},"author":1,"featured_media":0,"parent":0,"menu_order":0,"comment_status":"closed","ping_status":"closed","template":"","meta":{"footnotes":""},"class_list":["post-7715","page","type-page","status-publish","hentry"],"_links":{"self":[{"href":"https:\/\/cozengumruk.net\/fr\/wp-json\/wp\/v2\/pages\/7715","targetHints":{"allow":["GET"]}}],"collection":[{"href":"https:\/\/cozengumruk.net\/fr\/wp-json\/wp\/v2\/pages"}],"about":[{"href":"https:\/\/cozengumruk.net\/fr\/wp-json\/wp\/v2\/types\/page"}],"author":[{"embeddable":true,"href":"https:\/\/cozengumruk.net\/fr\/wp-json\/wp\/v2\/users\/1"}],"replies":[{"embeddable":true,"href":"https:\/\/cozengumruk.net\/fr\/wp-json\/wp\/v2\/comments?post=7715"}],"version-history":[{"count":2,"href":"https:\/\/cozengumruk.net\/fr\/wp-json\/wp\/v2\/pages\/7715\/revisions"}],"predecessor-version":[{"id":7717,"href":"https:\/\/cozengumruk.net\/fr\/wp-json\/wp\/v2\/pages\/7715\/revisions\/7717"}],"wp:attachment":[{"href":"https:\/\/cozengumruk.net\/fr\/wp-json\/wp\/v2\/media?parent=7715"}],"curies":[{"name":"wp","href":"https:\/\/api.w.org\/{rel}","templated":true}]}}