{"id":7720,"date":"2024-07-26T14:23:54","date_gmt":"2024-07-26T11:23:54","guid":{"rendered":"https:\/\/cozengumruk.net\/?page_id=7720"},"modified":"2024-08-18T14:28:10","modified_gmt":"2024-08-18T11:28:10","slug":"kvkk-aydinlatma-metni","status":"publish","type":"page","link":"https:\/\/cozengumruk.net\/fr\/kvkk-texte-de-clarification\/","title":{"rendered":"Texte de clarification du KVKK"},"content":{"rendered":"<p><strong>Texte de clarification sur la protection et le traitement des donn\u00e9es personnelles<\/strong><\/p>\n<p><strong>1. le contr\u00f4leur des donn\u00e9es et ses coordonn\u00e9es<\/strong><\/p>\n<p>En tant que \u00c7\u00f6zen Customs Brokerage, nous attachons une grande importance \u00e0 la protection de vos donn\u00e9es personnelles. Le nom et les coordonn\u00e9es du responsable du traitement des donn\u00e9es sont indiqu\u00e9s ci-dessous :<\/p>\n<p><strong>\u00c7\u00f6zen Customs Consultancy<\/strong> Adresse : <strong>Centre Yenibosna Mah. Kavak Sok. No:11\/10 Business Port Bah\u00e7elievler\/Istanbul<\/strong> Courriel : <strong>info@cozengumruk.com.tr<\/strong> T\u00e9l\u00e9phone : <strong>0212 551 55 42<\/strong><\/p>\n<p><strong>2. les finalit\u00e9s du traitement des donn\u00e9es \u00e0 caract\u00e8re personnel<\/strong><\/p>\n<p>Les donn\u00e9es \u00e0 caract\u00e8re personnel que nous collectons peuvent \u00eatre trait\u00e9es aux fins suivantes :<\/p>\n<ul>\n<li>G\u00e9rer les relations avec les clients et r\u00e9pondre \u00e0 leurs demandes,<\/li>\n<li>Ex\u00e9cution des op\u00e9rations d'importation et d'exportation,<\/li>\n<li>Respect des obligations l\u00e9gales,<\/li>\n<li>mener des activit\u00e9s de communication et d'information,<\/li>\n<li>Am\u00e9liorer notre site web et am\u00e9liorer l'exp\u00e9rience des utilisateurs,<\/li>\n<li>D\u00e9veloppement de processus op\u00e9rationnels et de normes de qualit\u00e9.<\/li>\n<\/ul>\n<p><strong>3. les donn\u00e9es \u00e0 caract\u00e8re personnel trait\u00e9es<\/strong><\/p>\n<p>Les donn\u00e9es personnelles collect\u00e9es peuvent appartenir aux cat\u00e9gories suivantes :<\/p>\n<ul>\n<li>Informations sur l'identit\u00e9 : Nom, pr\u00e9nom, num\u00e9ro d'identification turc, etc.<\/li>\n<li>D\u00e9tails du contact : Adresse \u00e9lectronique, num\u00e9ro de t\u00e9l\u00e9phone, adresse, etc.<\/li>\n<li>Informations sur les transactions : Informations sur les transactions d'import-export, d\u00e9tails des contrats, etc.<\/li>\n<\/ul>\n<p><strong>4. le partage des donn\u00e9es \u00e0 caract\u00e8re personnel<\/strong><\/p>\n<p>Vos donn\u00e9es personnelles peuvent \u00eatre communiqu\u00e9es \u00e0 des tiers dans les cas suivants :<\/p>\n<ul>\n<li>avec les agences gouvernementales et les organismes de r\u00e9glementation afin de remplir les obligations l\u00e9gales,<\/li>\n<li>Dans le but de mener des relations commerciales avec des partenaires commerciaux et des prestataires de services,<\/li>\n<li>Afin d'am\u00e9liorer les processus commerciaux et la qualit\u00e9 des services de \u00c7\u00f6zen Customs Consultancy.<\/li>\n<\/ul>\n<p><strong>5) P\u00e9riode de conservation des donn\u00e9es \u00e0 caract\u00e8re personnel<\/strong><\/p>\n<p>Vos donn\u00e9es personnelles sont conserv\u00e9es pendant la p\u00e9riode requise conform\u00e9ment aux dispositions de la l\u00e9gislation applicable. La p\u00e9riode de conservation est d\u00e9termin\u00e9e en fonction de la finalit\u00e9 du traitement des donn\u00e9es \u00e0 caract\u00e8re personnel et des obligations l\u00e9gales.<\/p>\n<p><strong>6. vos droits<\/strong><\/p>\n<p>Dans le cadre du KVKK, vous disposez des droits suivants concernant vos donn\u00e9es personnelles :<\/p>\n<ul>\n<li>Pour savoir si vos donn\u00e9es personnelles sont trait\u00e9es,<\/li>\n<li>Consultez vos donn\u00e9es personnelles trait\u00e9es,<\/li>\n<li>Pour conna\u00eetre l'objectif du traitement de vos donn\u00e9es personnelles et de leur partage avec des tiers,<\/li>\n<li>Demander la correction ou la suppression de vos donn\u00e9es personnelles,<\/li>\n<li>S'opposer aux activit\u00e9s de traitement et d\u00e9poser une plainte.<\/li>\n<\/ul>\n<p>Contactez-nous pour exercer vos droits <a href=\"mailto:info@cozengumruk.com.tr\"><strong>info@cozengumruk.com.tr<\/strong><\/a> vous pouvez contacter via.<\/p>\n<p><strong>7. les mesures de s\u00e9curit\u00e9<\/strong><\/p>\n<p>Des mesures techniques et administratives appropri\u00e9es sont prises pour assurer la s\u00e9curit\u00e9 de vos donn\u00e9es personnelles. Vous pouvez nous contacter pour obtenir des informations plus d\u00e9taill\u00e9es sur notre politique de s\u00e9curit\u00e9 des donn\u00e9es.<\/p>\n<p><strong>8) Mise \u00e0 jour du texte de clarification<\/strong><\/p>\n<p>Ce texte de clarification peut \u00eatre mis \u00e0 jour de temps \u00e0 autre en fonction de la l\u00e9gislation et des pratiques applicables. Le texte d'information mis \u00e0 jour sera publi\u00e9 sur notre site web.<\/p>\n<p>En utilisant notre site web, vous acceptez le traitement de vos donn\u00e9es personnelles dans les conditions d\u00e9crites ci-dessus.<\/p>","protected":false},"excerpt":{"rendered":"<p>Ki\u015fisel Verilerin Korunmas\u0131 ve \u0130\u015flenmesi Hakk\u0131nda Ayd\u0131nlatma Metni 1. Veri Sorumlusu ve \u0130leti\u015fim Bilgileri \u00c7\u00f6zen G\u00fcmr\u00fck M\u00fc\u015favirli\u011fi olarak, ki\u015fisel verilerinizin korunmas\u0131na b\u00fcy\u00fck \u00f6nem veriyoruz. Veri sorumlusunun ad\u0131 ve ileti\u015fim bilgileri a\u015fa\u011f\u0131da belirtilmi\u015ftir: \u00c7\u00f6zen G\u00fcmr\u00fck M\u00fc\u015favirli\u011fi Adres: Yenibosna Merkez Mah. Kavak Sok. No:11\/10 Business Port Bah\u00e7elievler\/\u0130stanbul E-posta: info@cozengumruk.com.tr Telefon: 0212 551 55 42 2. Ki\u015fisel Verilerin<\/p>","protected":false},"author":1,"featured_media":0,"parent":0,"menu_order":0,"comment_status":"closed","ping_status":"closed","template":"","meta":{"footnotes":""},"class_list":["post-7720","page","type-page","status-publish","hentry"],"_links":{"self":[{"href":"https:\/\/cozengumruk.net\/fr\/wp-json\/wp\/v2\/pages\/7720","targetHints":{"allow":["GET"]}}],"collection":[{"href":"https:\/\/cozengumruk.net\/fr\/wp-json\/wp\/v2\/pages"}],"about":[{"href":"https:\/\/cozengumruk.net\/fr\/wp-json\/wp\/v2\/types\/page"}],"author":[{"embeddable":true,"href":"https:\/\/cozengumruk.net\/fr\/wp-json\/wp\/v2\/users\/1"}],"replies":[{"embeddable":true,"href":"https:\/\/cozengumruk.net\/fr\/wp-json\/wp\/v2\/comments?post=7720"}],"version-history":[{"count":2,"href":"https:\/\/cozengumruk.net\/fr\/wp-json\/wp\/v2\/pages\/7720\/revisions"}],"predecessor-version":[{"id":7735,"href":"https:\/\/cozengumruk.net\/fr\/wp-json\/wp\/v2\/pages\/7720\/revisions\/7735"}],"wp:attachment":[{"href":"https:\/\/cozengumruk.net\/fr\/wp-json\/wp\/v2\/media?parent=7720"}],"curies":[{"name":"wp","href":"https:\/\/api.w.org\/{rel}","templated":true}]}}